{"id":10488,"date":"2025-05-26T18:09:19","date_gmt":"2025-05-26T22:09:19","guid":{"rendered":"https:\/\/cielostays.com\/?post_type=product&#038;p=10488"},"modified":"2025-05-29T08:29:20","modified_gmt":"2025-05-29T12:29:20","slug":"check-out-tardio","status":"publish","type":"product","link":"https:\/\/cielostays.com\/pt\/product\/late-check-out\/","title":{"rendered":"Check-out tardio"},"content":{"rendered":"<p>Se voc\u00ea recebeu uma notifica\u00e7\u00e3o de nossa equipe de que sua propriedade est\u00e1 dispon\u00edvel para check-out tardio, por favor, prossiga com a op\u00e7\u00e3o desejada.<\/p>","protected":false},"excerpt":{"rendered":"<p>Se voc\u00ea recebeu uma notifica\u00e7\u00e3o de nossa equipe de que sua propriedade est\u00e1 dispon\u00edvel para check-out tardio, por favor, prossiga com a op\u00e7\u00e3o desejada.<\/p>","protected":false},"featured_media":10309,"comment_status":"closed","ping_status":"closed","template":"","meta":{"_uag_custom_page_level_css":"","_swt_meta_header_display":false,"_swt_meta_footer_display":false,"_swt_meta_site_title_display":false,"_swt_meta_sticky_header":false,"_swt_meta_transparent_header":false},"product_brand":[153],"product_cat":[151],"product_tag":[],"mwb_booking_cost":[],"mwb_booking_service":[],"class_list":{"0":"post-10488","1":"product","2":"type-product","3":"status-publish","4":"has-post-thumbnail","6":"product_brand-cielo-stays","7":"product_cat-services","9":"first","10":"instock","11":"sale","12":"sold-individually","13":"shipping-taxable","14":"purchasable","15":"product-type-variable","16":"has-default-attributes"},"yoast_head":"<!-- This site is optimized with the Yoast SEO Premium plugin v27.3 (Yoast SEO v27.3) - https:\/\/yoast.com\/product\/yoast-seo-premium-wordpress\/ -->\n<title>Late Check Out - Cielo Stays<\/title>\n<meta name=\"robots\" content=\"index, follow, max-snippet:-1, max-image-preview:large, max-video-preview:-1\" \/>\n<link rel=\"canonical\" href=\"https:\/\/cielostays.com\/pt\/produto\/check-out-tardio\/\" \/>\n<meta property=\"og:locale\" content=\"pt_BR\" \/>\n<meta property=\"og:type\" content=\"article\" \/>\n<meta property=\"og:title\" content=\"Late Check Out\" \/>\n<meta property=\"og:description\" content=\"If you received a notification from our team your property is available for late check out, please proceed with the option you want.\" \/>\n<meta property=\"og:url\" content=\"https:\/\/cielostays.com\/pt\/produto\/check-out-tardio\/\" \/>\n<meta property=\"og:site_name\" content=\"Cielo Stays\" \/>\n<meta property=\"article:publisher\" content=\"https:\/\/facebook.com\/cielostays\" \/>\n<meta property=\"article:modified_time\" content=\"2025-05-29T12:29:20+00:00\" \/>\n<meta property=\"og:image\" content=\"https:\/\/cielostays.com\/wp-content\/uploads\/2025\/05\/zipwp-image-3987.webp\" \/>\n\t<meta property=\"og:image:width\" content=\"1100\" \/>\n\t<meta property=\"og:image:height\" content=\"550\" \/>\n\t<meta property=\"og:image:type\" content=\"image\/webp\" \/>\n<meta name=\"twitter:card\" content=\"summary_large_image\" \/>\n<meta name=\"twitter:site\" content=\"@cielostays\" \/>\n<meta name=\"twitter:label1\" content=\"Est. tempo de leitura\" \/>\n\t<meta name=\"twitter:data1\" content=\"1 minuto\" \/>\n<script type=\"application\/ld+json\" class=\"yoast-schema-graph\">{\"@context\":\"https:\\\/\\\/schema.org\",\"@graph\":[{\"@type\":\"WebPage\",\"@id\":\"https:\\\/\\\/cielostays.com\\\/product\\\/late-check-out\\\/\",\"url\":\"https:\\\/\\\/cielostays.com\\\/product\\\/late-check-out\\\/\",\"name\":\"Late Check Out - Cielo Stays\",\"isPartOf\":{\"@id\":\"https:\\\/\\\/cielostays.com\\\/#website\"},\"primaryImageOfPage\":{\"@id\":\"https:\\\/\\\/cielostays.com\\\/product\\\/late-check-out\\\/#primaryimage\"},\"image\":{\"@id\":\"https:\\\/\\\/cielostays.com\\\/product\\\/late-check-out\\\/#primaryimage\"},\"thumbnailUrl\":\"https:\\\/\\\/cielostays.com\\\/wp-content\\\/uploads\\\/2025\\\/05\\\/zipwp-image-3987.webp\",\"datePublished\":\"2025-05-26T22:09:19+00:00\",\"dateModified\":\"2025-05-29T12:29:20+00:00\",\"breadcrumb\":{\"@id\":\"https:\\\/\\\/cielostays.com\\\/product\\\/late-check-out\\\/#breadcrumb\"},\"inLanguage\":\"pt-BR\",\"potentialAction\":[{\"@type\":\"ReadAction\",\"target\":[\"https:\\\/\\\/cielostays.com\\\/product\\\/late-check-out\\\/\"]}]},{\"@type\":\"ImageObject\",\"inLanguage\":\"pt-BR\",\"@id\":\"https:\\\/\\\/cielostays.com\\\/product\\\/late-check-out\\\/#primaryimage\",\"url\":\"https:\\\/\\\/cielostays.com\\\/wp-content\\\/uploads\\\/2025\\\/05\\\/zipwp-image-3987.webp\",\"contentUrl\":\"https:\\\/\\\/cielostays.com\\\/wp-content\\\/uploads\\\/2025\\\/05\\\/zipwp-image-3987.webp\",\"width\":1100,\"height\":550,\"caption\":\"zipwp-image-3987.jpg\"},{\"@type\":\"BreadcrumbList\",\"@id\":\"https:\\\/\\\/cielostays.com\\\/product\\\/late-check-out\\\/#breadcrumb\",\"itemListElement\":[{\"@type\":\"ListItem\",\"position\":1,\"name\":\"Shop\",\"item\":\"https:\\\/\\\/cielostays.com\\\/shop\\\/\"},{\"@type\":\"ListItem\",\"position\":2,\"name\":\"Late Check Out\"}]},{\"@type\":\"WebSite\",\"@id\":\"https:\\\/\\\/cielostays.com\\\/#website\",\"url\":\"https:\\\/\\\/cielostays.com\\\/\",\"name\":\"Cielo Stays\",\"description\":\"Your Partner In Paradise\",\"publisher\":{\"@id\":\"https:\\\/\\\/cielostays.com\\\/#organization\"},\"potentialAction\":[{\"@type\":\"SearchAction\",\"target\":{\"@type\":\"EntryPoint\",\"urlTemplate\":\"https:\\\/\\\/cielostays.com\\\/?s={search_term_string}\"},\"query-input\":{\"@type\":\"PropertyValueSpecification\",\"valueRequired\":true,\"valueName\":\"search_term_string\"}}],\"inLanguage\":\"pt-BR\"},{\"@type\":\"Organization\",\"@id\":\"https:\\\/\\\/cielostays.com\\\/#organization\",\"name\":\"Cielo Stays\",\"url\":\"https:\\\/\\\/cielostays.com\\\/\",\"logo\":{\"@type\":\"ImageObject\",\"inLanguage\":\"pt-BR\",\"@id\":\"https:\\\/\\\/cielostays.com\\\/#\\\/schema\\\/logo\\\/image\\\/\",\"url\":\"https:\\\/\\\/cielostays.com\\\/wp-content\\\/uploads\\\/2022\\\/05\\\/logoForPage-1-1.webp\",\"contentUrl\":\"https:\\\/\\\/cielostays.com\\\/wp-content\\\/uploads\\\/2022\\\/05\\\/logoForPage-1-1.webp\",\"width\":222,\"height\":55,\"caption\":\"Cielo Stays\"},\"image\":{\"@id\":\"https:\\\/\\\/cielostays.com\\\/#\\\/schema\\\/logo\\\/image\\\/\"},\"sameAs\":[\"https:\\\/\\\/facebook.com\\\/cielostays\",\"https:\\\/\\\/x.com\\\/cielostays\",\"https:\\\/\\\/instagram.com\\\/cielostays\"]}]}<\/script>\n<!-- \/ Yoast SEO Premium plugin. -->","yoast_head_json":{"title":"Late Check Out - Cielo Stays","robots":{"index":"index","follow":"follow","max-snippet":"max-snippet:-1","max-image-preview":"max-image-preview:large","max-video-preview":"max-video-preview:-1"},"canonical":"https:\/\/cielostays.com\/pt\/produto\/check-out-tardio\/","og_locale":"pt_BR","og_type":"article","og_title":"Late Check Out","og_description":"If you received a notification from our team your property is available for late check out, please proceed with the option you want.","og_url":"https:\/\/cielostays.com\/pt\/produto\/check-out-tardio\/","og_site_name":"Cielo Stays","article_publisher":"https:\/\/facebook.com\/cielostays","article_modified_time":"2025-05-29T12:29:20+00:00","og_image":[{"width":1100,"height":550,"url":"https:\/\/cielostays.com\/wp-content\/uploads\/2025\/05\/zipwp-image-3987.webp","type":"image\/webp"}],"twitter_card":"summary_large_image","twitter_site":"@cielostays","twitter_misc":{"Est. tempo de leitura":"1 minuto"},"schema":{"@context":"https:\/\/schema.org","@graph":[{"@type":"WebPage","@id":"https:\/\/cielostays.com\/product\/late-check-out\/","url":"https:\/\/cielostays.com\/product\/late-check-out\/","name":"Late Check Out - Cielo Stays","isPartOf":{"@id":"https:\/\/cielostays.com\/#website"},"primaryImageOfPage":{"@id":"https:\/\/cielostays.com\/product\/late-check-out\/#primaryimage"},"image":{"@id":"https:\/\/cielostays.com\/product\/late-check-out\/#primaryimage"},"thumbnailUrl":"https:\/\/cielostays.com\/wp-content\/uploads\/2025\/05\/zipwp-image-3987.webp","datePublished":"2025-05-26T22:09:19+00:00","dateModified":"2025-05-29T12:29:20+00:00","breadcrumb":{"@id":"https:\/\/cielostays.com\/product\/late-check-out\/#breadcrumb"},"inLanguage":"pt-BR","potentialAction":[{"@type":"ReadAction","target":["https:\/\/cielostays.com\/product\/late-check-out\/"]}]},{"@type":"ImageObject","inLanguage":"pt-BR","@id":"https:\/\/cielostays.com\/product\/late-check-out\/#primaryimage","url":"https:\/\/cielostays.com\/wp-content\/uploads\/2025\/05\/zipwp-image-3987.webp","contentUrl":"https:\/\/cielostays.com\/wp-content\/uploads\/2025\/05\/zipwp-image-3987.webp","width":1100,"height":550,"caption":"zipwp-image-3987.jpg"},{"@type":"BreadcrumbList","@id":"https:\/\/cielostays.com\/product\/late-check-out\/#breadcrumb","itemListElement":[{"@type":"ListItem","position":1,"name":"Shop","item":"https:\/\/cielostays.com\/shop\/"},{"@type":"ListItem","position":2,"name":"Late Check Out"}]},{"@type":"WebSite","@id":"https:\/\/cielostays.com\/#website","url":"https:\/\/cielostays.com\/","name":"Cielo Estadias","description":"Seu parceiro no para\u00edso","publisher":{"@id":"https:\/\/cielostays.com\/#organization"},"potentialAction":[{"@type":"SearchAction","target":{"@type":"EntryPoint","urlTemplate":"https:\/\/cielostays.com\/?s={search_term_string}"},"query-input":{"@type":"PropertyValueSpecification","valueRequired":true,"valueName":"search_term_string"}}],"inLanguage":"pt-BR"},{"@type":"Organization","@id":"https:\/\/cielostays.com\/#organization","name":"Cielo Estadias","url":"https:\/\/cielostays.com\/","logo":{"@type":"ImageObject","inLanguage":"pt-BR","@id":"https:\/\/cielostays.com\/#\/schema\/logo\/image\/","url":"https:\/\/cielostays.com\/wp-content\/uploads\/2022\/05\/logoForPage-1-1.webp","contentUrl":"https:\/\/cielostays.com\/wp-content\/uploads\/2022\/05\/logoForPage-1-1.webp","width":222,"height":55,"caption":"Cielo Stays"},"image":{"@id":"https:\/\/cielostays.com\/#\/schema\/logo\/image\/"},"sameAs":["https:\/\/facebook.com\/cielostays","https:\/\/x.com\/cielostays","https:\/\/instagram.com\/cielostays"]}]}},"spectra_custom_meta":{"total_sales":["48"],"_tax_status":["taxable"],"_tax_class":[""],"_manage_stock":["no"],"_backorders":["no"],"_sold_individually":["yes"],"_virtual":["no"],"_downloadable":["no"],"_download_limit":["-1"],"_download_expiry":["-1"],"_thumbnail_id":["10309"],"_stock":[null],"_stock_status":["instock"],"_wc_average_rating":["0"],"_wc_review_count":["0"],"_product_attributes":["a:1:{s:17:\"pa_departure-time\";a:6:{s:4:\"name\";s:17:\"pa_departure-time\";s:5:\"value\";s:0:\"\";s:8:\"position\";i:1;s:10:\"is_visible\";i:1;s:12:\"is_variation\";i:1;s:11:\"is_taxonomy\";i:1;}}"],"_product_version":["9.8.5"],"_yoast_indexnow_last_ping":["1748276157"],"site-sidebar-layout":["default"],"ast-site-content-layout":["default"],"site-content-style":["default"],"site-sidebar-style":["default"],"theme-transparent-header-meta":["default"],"_yoast_wpseo_primary_product_brand":["153"],"_yoast_wpseo_primary_product_cat":["151"],"_yoast_wpseo_content_score":["90"],"_yoast_wpseo_focuskeywords":[""],"_yoast_wpseo_keywordsynonyms":[""],"_yoast_wpseo_estimated-reading-time-minutes":["1"],"Unit":[""],"_edit_lock":["1749674611:4"],"_edit_last":["4"],"_default_attributes":["a:1:{s:17:\"pa_departure-time\";s:24:\"after-1pm-and-before-3pm\";}"],"_price":["0","80","120"],"Property":[""],"astra-migrate-meta-layouts":["set"]},"uagb_featured_image_src":{"full":["https:\/\/cielostays.com\/wp-content\/uploads\/2025\/05\/zipwp-image-3987.webp",1100,550,false],"thumbnail":["https:\/\/cielostays.com\/wp-content\/uploads\/2025\/05\/zipwp-image-3987-150x150.webp",150,150,true],"medium":["https:\/\/cielostays.com\/wp-content\/uploads\/2025\/05\/zipwp-image-3987-300x150.webp",300,150,true],"medium_large":["https:\/\/cielostays.com\/wp-content\/uploads\/2025\/05\/zipwp-image-3987-768x384.webp",768,384,true],"large":["https:\/\/cielostays.com\/wp-content\/uploads\/2025\/05\/zipwp-image-3987-1024x512.webp",1024,512,true],"1536x1536":["https:\/\/cielostays.com\/wp-content\/uploads\/2025\/05\/zipwp-image-3987.webp",1100,550,false],"2048x2048":["https:\/\/cielostays.com\/wp-content\/uploads\/2025\/05\/zipwp-image-3987.webp",1100,550,false],"trp-custom-language-flag":["https:\/\/cielostays.com\/wp-content\/uploads\/2025\/05\/zipwp-image-3987-18x9.webp",18,9,true],"gamipress-points":["https:\/\/cielostays.com\/wp-content\/uploads\/2025\/05\/zipwp-image-3987-50x25.webp",50,25,true],"gamipress-achievement":["https:\/\/cielostays.com\/wp-content\/uploads\/2025\/05\/zipwp-image-3987-100x50.webp",100,50,true],"gamipress-rank":["https:\/\/cielostays.com\/wp-content\/uploads\/2025\/05\/zipwp-image-3987-100x50.webp",100,50,true],"woocommerce_thumbnail":["https:\/\/cielostays.com\/wp-content\/uploads\/2025\/05\/zipwp-image-3987-200x200.webp",200,200,true],"woocommerce_single":["https:\/\/cielostays.com\/wp-content\/uploads\/2025\/05\/zipwp-image-3987-600x300.webp",600,300,true],"woocommerce_gallery_thumbnail":["https:\/\/cielostays.com\/wp-content\/uploads\/2025\/05\/zipwp-image-3987-100x100.webp",100,100,true]},"uagb_author_info":{"display_name":"Jose Miori","author_link":"https:\/\/cielostays.com\/pt\/author\/"},"uagb_comment_info":0,"uagb_excerpt":"If you received a notification from our team your property is available for late check out, please proceed with the option you want.","_links":{"self":[{"href":"https:\/\/cielostays.com\/pt\/wp-json\/wp\/v2\/product\/10488","targetHints":{"allow":["GET"]}}],"collection":[{"href":"https:\/\/cielostays.com\/pt\/wp-json\/wp\/v2\/product"}],"about":[{"href":"https:\/\/cielostays.com\/pt\/wp-json\/wp\/v2\/types\/product"}],"replies":[{"embeddable":true,"href":"https:\/\/cielostays.com\/pt\/wp-json\/wp\/v2\/comments?post=10488"}],"wp:featuredmedia":[{"embeddable":true,"href":"https:\/\/cielostays.com\/pt\/wp-json\/wp\/v2\/media\/10309"}],"wp:attachment":[{"href":"https:\/\/cielostays.com\/pt\/wp-json\/wp\/v2\/media?parent=10488"}],"wp:term":[{"taxonomy":"product_brand","embeddable":true,"href":"https:\/\/cielostays.com\/pt\/wp-json\/wp\/v2\/product_brand?post=10488"},{"taxonomy":"product_cat","embeddable":true,"href":"https:\/\/cielostays.com\/pt\/wp-json\/wp\/v2\/product_cat?post=10488"},{"taxonomy":"product_tag","embeddable":true,"href":"https:\/\/cielostays.com\/pt\/wp-json\/wp\/v2\/product_tag?post=10488"},{"taxonomy":"mwb_booking_cost","embeddable":true,"href":"https:\/\/cielostays.com\/pt\/wp-json\/wp\/v2\/mwb_booking_cost?post=10488"},{"taxonomy":"mwb_booking_service","embeddable":true,"href":"https:\/\/cielostays.com\/pt\/wp-json\/wp\/v2\/mwb_booking_service?post=10488"}],"curies":[{"name":"wp","href":"https:\/\/api.w.org\/{rel}","templated":true}]}}