{"id":8432,"date":"2024-11-28T12:18:17","date_gmt":"2024-11-28T17:18:17","guid":{"rendered":"https:\/\/cielostays.com\/cart\/"},"modified":"2024-11-28T16:19:01","modified_gmt":"2024-11-28T21:19:01","slug":"carrinho","status":"publish","type":"page","link":"https:\/\/cielostays.com\/pt\/cart\/","title":{"rendered":"Carrinho"},"content":{"rendered":"<div data-block-name=\"woocommerce\/cart\" class=\"wp-block-woocommerce-cart alignwide is-loading\">\n<div data-block-name=\"woocommerce\/filled-cart-block\" class=\"wp-block-woocommerce-filled-cart-block\">\n<div data-block-name=\"woocommerce\/cart-items-block\" class=\"wp-block-woocommerce-cart-items-block\">\n<div data-block-name=\"woocommerce\/cart-line-items-block\" class=\"wp-block-woocommerce-cart-line-items-block\"><\/div>\n\n\n\n<div data-block-name=\"woocommerce\/cart-cross-sells-block\" class=\"wp-block-woocommerce-cart-cross-sells-block\">\n<h2 class=\"wp-block-heading has-large-font-size\">Voc\u00ea pode estar interessado em...<\/h2>\n\n\n\n<div data-block-name=\"woocommerce\/cart-cross-sells-products-block\" class=\"wp-block-woocommerce-cart-cross-sells-products-block\"><\/div>\n<\/div>\n<\/div>\n\n\n\n<div data-block-name=\"woocommerce\/cart-totals-block\" class=\"wp-block-woocommerce-cart-totals-block\">\n<div data-block-name=\"woocommerce\/cart-order-summary-block\" class=\"wp-block-woocommerce-cart-order-summary-block\">\n<div data-block-name=\"woocommerce\/cart-order-summary-heading-block\" class=\"wp-block-woocommerce-cart-order-summary-heading-block\"><\/div><div data-block-name=\"woocommerce\/cart-order-summary-coupon-form-block\" class=\"wp-block-woocommerce-cart-order-summary-coupon-form-block\"><\/div><div data-block-name=\"woocommerce\/cart-order-summary-totals-block\" class=\"wp-block-woocommerce-cart-order-summary-totals-block\">\n<div data-block-name=\"woocommerce\/cart-order-summary-subtotal-block\" class=\"wp-block-woocommerce-cart-order-summary-subtotal-block\"><\/div>\n<div data-block-name=\"woocommerce\/cart-order-summary-discount-block\" class=\"wp-block-woocommerce-cart-order-summary-discount-block\"><\/div>\n<div data-block-name=\"woocommerce\/cart-order-summary-fee-block\" class=\"wp-block-woocommerce-cart-order-summary-fee-block\"><\/div>\n<div data-block-name=\"woocommerce\/cart-order-summary-shipping-block\" class=\"wp-block-woocommerce-cart-order-summary-shipping-block\"><\/div>\n<div data-block-name=\"woocommerce\/cart-order-summary-taxes-block\" class=\"wp-block-woocommerce-cart-order-summary-taxes-block\"><\/div><\/div>\n<\/div>\n\n\n\n<div data-block-name=\"woocommerce\/cart-express-payment-block\" class=\"wp-block-woocommerce-cart-express-payment-block\"><\/div>\n\n\n\n<div data-block-name=\"woocommerce\/proceed-to-checkout-block\" class=\"wp-block-woocommerce-proceed-to-checkout-block\"><\/div>\n\n\n\n<div data-block-name=\"woocommerce\/cart-accepted-payment-methods-block\" class=\"wp-block-woocommerce-cart-accepted-payment-methods-block\"><\/div>\n<\/div>\n<\/div>\n\n\n\n<div data-block-name=\"woocommerce\/empty-cart-block\" class=\"wp-block-woocommerce-empty-cart-block\">\n<h2 class=\"wp-block-heading has-text-align-center with-empty-cart-icon wc-block-cart__empty-cart__title\">Seu carrinho est\u00e1 vazio no momento!<\/h2>\n\n\n\n<hr class=\"wp-block-separator has-alpha-channel-opacity is-style-dots\"\/>\n\n\n\n<h2 class=\"wp-block-heading has-text-align-center\">Novo na loja<\/h2>\n\n\n<div data-block-name=\"woocommerce\/product-new\" data-columns=\"4\" data-rows=\"1\" class=\"wc-block-grid wp-block-product-new wp-block-woocommerce-product-new wc-block-product-new has-4-columns\"><ul class=\"wc-block-grid__products\"><li class=\"wc-block-grid__product\">\n\t\t\t\t<a href=\"https:\/\/cielostays.com\/pt\/product\/cruise-in-elegance-aboard-the-32ft-intrepid-cuddy-cabin\/\" class=\"wc-block-grid__product-link\">\n\t\t\t\t\t\n\t\t\t\t\t<div class=\"wc-block-grid__product-image\"><img loading=\"lazy\" decoding=\"async\" width=\"200\" height=\"200\" src=\"https:\/\/cielostays.com\/wp-content\/uploads\/2025\/08\/ae141e9f-a476-4205-9794-0f883c1c53be-200x200.png\" class=\"attachment-woocommerce_thumbnail size-woocommerce_thumbnail\" alt=\"Cruzeiro com eleg\u00e2ncia a bordo do Intrepid Cuddy Cabin de 32 p\u00e9s \u2728\" srcset=\"https:\/\/cielostays.com\/wp-content\/uploads\/2025\/08\/ae141e9f-a476-4205-9794-0f883c1c53be-200x200.png 200w, https:\/\/cielostays.com\/wp-content\/uploads\/2025\/08\/ae141e9f-a476-4205-9794-0f883c1c53be-150x150.png 150w, https:\/\/cielostays.com\/wp-content\/uploads\/2025\/08\/ae141e9f-a476-4205-9794-0f883c1c53be-100x100.png 100w\" sizes=\"auto, (max-width: 200px) 100vw, 200px\" \/><\/div>\n\t\t\t\t\t<div class=\"wc-block-grid__product-title\">Cruzeiro com eleg\u00e2ncia a bordo do Intrepid Cuddy Cabin de 32 p\u00e9s \u2728<\/div>\n\t\t\t\t<\/a>\n\t\t\t\t<div class=\"wc-block-grid__product-price price\"><span class=\"woocommerce-Price-amount amount\"><span class=\"woocommerce-Price-currencySymbol\">&#036;<\/span>656.00<\/span><\/div>\n\t\t\t\t\n\t\t\t\t<div class=\"wp-block-button wc-block-grid__product-add-to-cart\"><a href=\"https:\/\/www.boatsetter.com\/boats\/ggsmbsr\" aria-label=\"Reserve o barco agora\" data-quantity=\"1\" data-product_id=\"11300\" data-product_sku=\"\" data-price=\"656\" rel=\"nofollow\" class=\"wp-block-button__link wp-element-button add_to_cart_button\">Reserve o barco agora<\/a><\/div>\n\t\t\t<\/li><li class=\"wc-block-grid__product\">\n\t\t\t\t<a href=\"https:\/\/cielostays.com\/pt\/product\/new-beginnings-beach-wedding\/\" class=\"wc-block-grid__product-link\">\n\t\t\t\t\t<div class=\"wc-block-grid__product-onsale\">\n\t\t\t<span aria-hidden=\"true\" data-no-translation=\"\" data-trp-gettext=\"\">Oferta<\/span>\n\t\t\t<span class=\"screen-reader-text\" data-no-translation=\"\" data-trp-gettext=\"\">Produto em promo\u00e7\u00e3o<\/span>\n\t\t<\/div>\n\t\t\t\t\t<div class=\"wc-block-grid__product-image\"><img loading=\"lazy\" decoding=\"async\" width=\"200\" height=\"200\" src=\"https:\/\/cielostays.com\/wp-content\/uploads\/2025\/05\/IMG-20250530-WA0279-200x200.jpg\" class=\"attachment-woocommerce_thumbnail size-woocommerce_thumbnail\" alt=\"Casamento na praia com novos come\u00e7os\" srcset=\"https:\/\/cielostays.com\/wp-content\/uploads\/2025\/05\/IMG-20250530-WA0279-200x200.jpg 200w, https:\/\/cielostays.com\/wp-content\/uploads\/2025\/05\/IMG-20250530-WA0279-300x300.jpg 300w, https:\/\/cielostays.com\/wp-content\/uploads\/2025\/05\/IMG-20250530-WA0279-1024x1024.jpg 1024w, https:\/\/cielostays.com\/wp-content\/uploads\/2025\/05\/IMG-20250530-WA0279-150x150.jpg 150w, https:\/\/cielostays.com\/wp-content\/uploads\/2025\/05\/IMG-20250530-WA0279-768x769.jpg 768w, https:\/\/cielostays.com\/wp-content\/uploads\/2025\/05\/IMG-20250530-WA0279-12x12.jpg 12w, https:\/\/cielostays.com\/wp-content\/uploads\/2025\/05\/IMG-20250530-WA0279-600x601.jpg 600w, https:\/\/cielostays.com\/wp-content\/uploads\/2025\/05\/IMG-20250530-WA0279-100x100.jpg 100w, https:\/\/cielostays.com\/wp-content\/uploads\/2025\/05\/IMG-20250530-WA0279.jpg 1080w\" sizes=\"auto, (max-width: 200px) 100vw, 200px\" \/><\/div>\n\t\t\t\t\t<div class=\"wc-block-grid__product-title\">Casamento na praia com novos come\u00e7os<\/div>\n\t\t\t\t<\/a>\n\t\t\t\t<div class=\"wc-block-grid__product-price price\"><del aria-hidden=\"true\"><span class=\"woocommerce-Price-amount amount\"><span class=\"woocommerce-Price-currencySymbol\">&#036;<\/span>2,400.00<\/span><\/del> <span class=\"screen-reader-text\" data-no-translation=\"\" data-trp-gettext=\"\">O pre\u00e7o original era: &#036;2,400.00.<\/span><ins aria-hidden=\"true\"><span class=\"woocommerce-Price-amount amount\"><span class=\"woocommerce-Price-currencySymbol\">&#036;<\/span>1,999.00<\/span><\/ins><span class=\"screen-reader-text\" data-no-translation=\"\" data-trp-gettext=\"\">O pre\u00e7o atual \u00e9: &#036;1,999.00.<\/span><\/div>\n\t\t\t\t\n\t\t\t\t<div class=\"wp-block-button wc-block-grid__product-add-to-cart\"><a href=\"https:\/\/cielostays.com\/pt\/product\/new-beginnings-beach-wedding\/\" aria-label=\"Livro &quot;New Beginnings Beach Wedding&quot; (Casamento na praia com novos come\u00e7os)\" data-quantity=\"1\" data-product_id=\"10564\" data-product_sku=\"\" data-price=\"1999\" rel=\"nofollow\" class=\"wp-block-button__link wp-element-button add_to_cart_button\">Ver detalhes<\/a><\/div>\n\t\t\t<\/li><li class=\"wc-block-grid__product\">\n\t\t\t\t<a href=\"https:\/\/cielostays.com\/pt\/product\/romantic-getaway\/\" class=\"wc-block-grid__product-link\">\n\t\t\t\t\t<div class=\"wc-block-grid__product-onsale\">\n\t\t\t<span aria-hidden=\"true\" data-no-translation=\"\" data-trp-gettext=\"\">Oferta<\/span>\n\t\t\t<span class=\"screen-reader-text\" data-no-translation=\"\" data-trp-gettext=\"\">Produto em promo\u00e7\u00e3o<\/span>\n\t\t<\/div>\n\t\t\t\t\t<div class=\"wc-block-grid__product-image\"><img loading=\"lazy\" decoding=\"async\" width=\"200\" height=\"200\" src=\"https:\/\/cielostays.com\/wp-content\/uploads\/2025\/05\/WhatsApp-Image-2025-05-31-at-22.15.57-200x200.jpeg\" class=\"attachment-woocommerce_thumbnail size-woocommerce_thumbnail\" alt=\"Romance no quarto\" srcset=\"https:\/\/cielostays.com\/wp-content\/uploads\/2025\/05\/WhatsApp-Image-2025-05-31-at-22.15.57-200x200.jpeg 200w, https:\/\/cielostays.com\/wp-content\/uploads\/2025\/05\/WhatsApp-Image-2025-05-31-at-22.15.57-150x150.jpeg 150w, https:\/\/cielostays.com\/wp-content\/uploads\/2025\/05\/WhatsApp-Image-2025-05-31-at-22.15.57-100x100.jpeg 100w\" sizes=\"auto, (max-width: 200px) 100vw, 200px\" \/><\/div>\n\t\t\t\t\t<div class=\"wc-block-grid__product-title\">Fa\u00e7a de sua estadia um ref\u00fagio rom\u00e2ntico<\/div>\n\t\t\t\t<\/a>\n\t\t\t\t<div class=\"wc-block-grid__product-price price\"><del aria-hidden=\"true\"><span class=\"woocommerce-Price-amount amount\"><span class=\"woocommerce-Price-currencySymbol\">&#036;<\/span>600.00<\/span><\/del> <span class=\"screen-reader-text\" data-no-translation=\"\" data-trp-gettext=\"\">O pre\u00e7o original era: &#036;600.00.<\/span><ins aria-hidden=\"true\"><span class=\"woocommerce-Price-amount amount\"><span class=\"woocommerce-Price-currencySymbol\">&#036;<\/span>499.00<\/span><\/ins><span class=\"screen-reader-text\" data-no-translation=\"\" data-trp-gettext=\"\">O pre\u00e7o atual \u00e9: &#036;499.00.<\/span><\/div>\n\t\t\t\t\n\t\t\t\t<div class=\"wp-block-button wc-block-grid__product-add-to-cart\"><a href=\"https:\/\/cielostays.com\/pt\/product\/romantic-getaway\/\" aria-label=\"Livro &quot;Fa\u00e7a de sua estadia um ref\u00fagio rom\u00e2ntico&quot;\" data-quantity=\"1\" data-product_id=\"10543\" data-product_sku=\"\" data-price=\"499\" rel=\"nofollow\" class=\"wp-block-button__link wp-element-button add_to_cart_button\">Ver detalhes<\/a><\/div>\n\t\t\t<\/li><li class=\"wc-block-grid__product\">\n\t\t\t\t<a href=\"https:\/\/cielostays.com\/pt\/product\/city-of-hollywood-vacation-rental-license\/\" class=\"wc-block-grid__product-link\">\n\t\t\t\t\t<div class=\"wc-block-grid__product-onsale\">\n\t\t\t<span aria-hidden=\"true\" data-no-translation=\"\" data-trp-gettext=\"\">Oferta<\/span>\n\t\t\t<span class=\"screen-reader-text\" data-no-translation=\"\" data-trp-gettext=\"\">Produto em promo\u00e7\u00e3o<\/span>\n\t\t<\/div>\n\t\t\t\t\t<div class=\"wc-block-grid__product-image\"><img loading=\"lazy\" decoding=\"async\" width=\"200\" height=\"200\" src=\"https:\/\/cielostays.com\/wp-content\/uploads\/woocommerce-placeholder-200x200.webp\" class=\"woocommerce-placeholder wp-post-image\" alt=\"\" srcset=\"https:\/\/cielostays.com\/wp-content\/uploads\/woocommerce-placeholder-200x200.webp 200w, https:\/\/cielostays.com\/wp-content\/uploads\/woocommerce-placeholder-100x100.webp 100w, https:\/\/cielostays.com\/wp-content\/uploads\/woocommerce-placeholder-600x600.webp 600w, https:\/\/cielostays.com\/wp-content\/uploads\/woocommerce-placeholder-300x300.webp 300w, https:\/\/cielostays.com\/wp-content\/uploads\/woocommerce-placeholder-1024x1024.webp 1024w, https:\/\/cielostays.com\/wp-content\/uploads\/woocommerce-placeholder-150x150.webp 150w, https:\/\/cielostays.com\/wp-content\/uploads\/woocommerce-placeholder-768x768.webp 768w, https:\/\/cielostays.com\/wp-content\/uploads\/woocommerce-placeholder-12x12.webp 12w, https:\/\/cielostays.com\/wp-content\/uploads\/woocommerce-placeholder-50x50.webp 50w, https:\/\/cielostays.com\/wp-content\/uploads\/woocommerce-placeholder.webp 1200w\" sizes=\"auto, (max-width: 200px) 100vw, 200px\" \/><\/div>\n\t\t\t\t\t<div class=\"wc-block-grid__product-title\">Licen\u00e7a de aluguel para f\u00e9rias na cidade de Hollywood<\/div>\n\t\t\t\t<\/a>\n\t\t\t\t<div class=\"wc-block-grid__product-price price\"><del aria-hidden=\"true\"><span class=\"woocommerce-Price-amount amount\"><span class=\"woocommerce-Price-currencySymbol\">&#036;<\/span>1,600.00<\/span><\/del> <span class=\"screen-reader-text\" data-no-translation=\"\" data-trp-gettext=\"\">O pre\u00e7o original era: &#036;1,600.00.<\/span><ins aria-hidden=\"true\"><span class=\"woocommerce-Price-amount amount\"><span class=\"woocommerce-Price-currencySymbol\">&#036;<\/span>900.00<\/span><\/ins><span class=\"screen-reader-text\" data-no-translation=\"\" data-trp-gettext=\"\">O pre\u00e7o atual \u00e9: &#036;900.00.<\/span><\/div>\n\t\t\t\t\n\t\t\t\t<div class=\"wp-block-button wc-block-grid__product-add-to-cart\"><a href=\"\/pt\/wp-json\/wp\/v2\/pages\/8432?add-to-cart=10001\" aria-label=\"Adicione ao carrinho: \u201cCity of Hollywood Vacation Rental license\u201d\" data-quantity=\"1\" data-product_id=\"10001\" data-product_sku=\"\" data-price=\"900\" rel=\"nofollow\" class=\"wp-block-button__link wp-element-button add_to_cart_button ajax_add_to_cart\" data-no-translation=\"\" data-trp-gettext=\"\" data-no-translation-aria-label=\"\">Adicionar ao carrinho<\/a><\/div>\n\t\t\t<\/li><\/ul><\/div><\/div>\n<\/div>","protected":false},"excerpt":{"rendered":"","protected":false},"author":1,"featured_media":0,"parent":0,"menu_order":0,"comment_status":"closed","ping_status":"closed","template":"","meta":{"_uag_custom_page_level_css":"","_swt_meta_header_display":false,"_swt_meta_footer_display":false,"_swt_meta_site_title_display":false,"_swt_meta_sticky_header":false,"_swt_meta_transparent_header":false,"footnotes":""},"class_list":["post-8432","page","type-page","status-publish","hentry"],"yoast_head":"<!-- This site is optimized with the Yoast SEO Premium plugin v27.3 (Yoast SEO v27.3) - https:\/\/yoast.com\/product\/yoast-seo-premium-wordpress\/ -->\n<title>Cart - Cielo Stays<\/title>\n<meta name=\"robots\" content=\"index, follow, max-snippet:-1, max-image-preview:large, max-video-preview:-1\" \/>\n<link rel=\"canonical\" href=\"https:\/\/cielostays.com\/pt\/carrinho\/\" \/>\n<meta property=\"og:locale\" content=\"pt_BR\" \/>\n<meta property=\"og:type\" content=\"article\" \/>\n<meta property=\"og:title\" content=\"Cart - Cielo Stays\" \/>\n<meta property=\"og:url\" content=\"https:\/\/cielostays.com\/pt\/carrinho\/\" \/>\n<meta property=\"og:site_name\" content=\"Cielo Stays\" \/>\n<meta property=\"article:publisher\" content=\"https:\/\/facebook.com\/cielostays\" \/>\n<meta property=\"article:modified_time\" content=\"2024-11-28T21:19:01+00:00\" \/>\n<meta property=\"og:image\" content=\"https:\/\/cielostays.com\/wp-content\/uploads\/2022\/12\/20221212_094649-1.webp\" \/>\n\t<meta property=\"og:image:width\" content=\"1000\" \/>\n\t<meta property=\"og:image:height\" content=\"750\" \/>\n\t<meta property=\"og:image:type\" content=\"image\/webp\" \/>\n<meta name=\"twitter:card\" content=\"summary_large_image\" \/>\n<meta name=\"twitter:site\" content=\"@cielostays\" \/>\n<script type=\"application\/ld+json\" class=\"yoast-schema-graph\">{\"@context\":\"https:\\\/\\\/schema.org\",\"@graph\":[{\"@type\":\"WebPage\",\"@id\":\"https:\\\/\\\/cielostays.com\\\/cart\\\/\",\"url\":\"https:\\\/\\\/cielostays.com\\\/cart\\\/\",\"name\":\"Cart - Cielo Stays\",\"isPartOf\":{\"@id\":\"https:\\\/\\\/cielostays.com\\\/#website\"},\"datePublished\":\"2024-11-28T17:18:17+00:00\",\"dateModified\":\"2024-11-28T21:19:01+00:00\",\"inLanguage\":\"pt-BR\",\"potentialAction\":[{\"@type\":\"ReadAction\",\"target\":[\"https:\\\/\\\/cielostays.com\\\/cart\\\/\"]}]},{\"@type\":\"WebSite\",\"@id\":\"https:\\\/\\\/cielostays.com\\\/#website\",\"url\":\"https:\\\/\\\/cielostays.com\\\/\",\"name\":\"Cielo Stays\",\"description\":\"Your Partner In Paradise\",\"publisher\":{\"@id\":\"https:\\\/\\\/cielostays.com\\\/#organization\"},\"potentialAction\":[{\"@type\":\"SearchAction\",\"target\":{\"@type\":\"EntryPoint\",\"urlTemplate\":\"https:\\\/\\\/cielostays.com\\\/?s={search_term_string}\"},\"query-input\":{\"@type\":\"PropertyValueSpecification\",\"valueRequired\":true,\"valueName\":\"search_term_string\"}}],\"inLanguage\":\"pt-BR\"},{\"@type\":\"Organization\",\"@id\":\"https:\\\/\\\/cielostays.com\\\/#organization\",\"name\":\"Cielo Stays\",\"url\":\"https:\\\/\\\/cielostays.com\\\/\",\"logo\":{\"@type\":\"ImageObject\",\"inLanguage\":\"pt-BR\",\"@id\":\"https:\\\/\\\/cielostays.com\\\/#\\\/schema\\\/logo\\\/image\\\/\",\"url\":\"https:\\\/\\\/cielostays.com\\\/wp-content\\\/uploads\\\/2022\\\/05\\\/logoForPage-1-1.webp\",\"contentUrl\":\"https:\\\/\\\/cielostays.com\\\/wp-content\\\/uploads\\\/2022\\\/05\\\/logoForPage-1-1.webp\",\"width\":222,\"height\":55,\"caption\":\"Cielo Stays\"},\"image\":{\"@id\":\"https:\\\/\\\/cielostays.com\\\/#\\\/schema\\\/logo\\\/image\\\/\"},\"sameAs\":[\"https:\\\/\\\/facebook.com\\\/cielostays\",\"https:\\\/\\\/x.com\\\/cielostays\",\"https:\\\/\\\/instagram.com\\\/cielostays\"]}]}<\/script>\n<!-- \/ Yoast SEO Premium plugin. -->","yoast_head_json":{"title":"Carrinho - Estadias Cielo","robots":{"index":"index","follow":"follow","max-snippet":"max-snippet:-1","max-image-preview":"max-image-preview:large","max-video-preview":"max-video-preview:-1"},"canonical":"https:\/\/cielostays.com\/pt\/carrinho\/","og_locale":"pt_BR","og_type":"article","og_title":"Cart - Cielo Stays","og_url":"https:\/\/cielostays.com\/pt\/carrinho\/","og_site_name":"Cielo Stays","article_publisher":"https:\/\/facebook.com\/cielostays","article_modified_time":"2024-11-28T21:19:01+00:00","og_image":[{"width":1000,"height":750,"url":"https:\/\/cielostays.com\/wp-content\/uploads\/2022\/12\/20221212_094649-1.webp","type":"image\/webp"}],"twitter_card":"summary_large_image","twitter_site":"@cielostays","schema":{"@context":"https:\/\/schema.org","@graph":[{"@type":"WebPage","@id":"https:\/\/cielostays.com\/cart\/","url":"https:\/\/cielostays.com\/cart\/","name":"Carrinho - Estadias Cielo","isPartOf":{"@id":"https:\/\/cielostays.com\/#website"},"datePublished":"2024-11-28T17:18:17+00:00","dateModified":"2024-11-28T21:19:01+00:00","inLanguage":"pt-BR","potentialAction":[{"@type":"ReadAction","target":["https:\/\/cielostays.com\/cart\/"]}]},{"@type":"WebSite","@id":"https:\/\/cielostays.com\/#website","url":"https:\/\/cielostays.com\/","name":"Cielo Estadias","description":"Seu parceiro no para\u00edso","publisher":{"@id":"https:\/\/cielostays.com\/#organization"},"potentialAction":[{"@type":"SearchAction","target":{"@type":"EntryPoint","urlTemplate":"https:\/\/cielostays.com\/?s={search_term_string}"},"query-input":{"@type":"PropertyValueSpecification","valueRequired":true,"valueName":"search_term_string"}}],"inLanguage":"pt-BR"},{"@type":"Organization","@id":"https:\/\/cielostays.com\/#organization","name":"Cielo Estadias","url":"https:\/\/cielostays.com\/","logo":{"@type":"ImageObject","inLanguage":"pt-BR","@id":"https:\/\/cielostays.com\/#\/schema\/logo\/image\/","url":"https:\/\/cielostays.com\/wp-content\/uploads\/2022\/05\/logoForPage-1-1.webp","contentUrl":"https:\/\/cielostays.com\/wp-content\/uploads\/2022\/05\/logoForPage-1-1.webp","width":222,"height":55,"caption":"Cielo Stays"},"image":{"@id":"https:\/\/cielostays.com\/#\/schema\/logo\/image\/"},"sameAs":["https:\/\/facebook.com\/cielostays","https:\/\/x.com\/cielostays","https:\/\/instagram.com\/cielostays"]}]}},"spectra_custom_meta":{"_yoast_indexnow_last_ping":["1732814297"],"_elementor_page_assets":["a:0:{}"]},"uagb_featured_image_src":{"full":false,"thumbnail":false,"medium":false,"medium_large":false,"large":false,"1536x1536":false,"2048x2048":false,"trp-custom-language-flag":false,"gamipress-points":false,"gamipress-achievement":false,"gamipress-rank":false,"woocommerce_thumbnail":false,"woocommerce_single":false,"woocommerce_gallery_thumbnail":false},"uagb_author_info":{"display_name":"","author_link":"https:\/\/cielostays.com\/pt\/author\/"},"uagb_comment_info":0,"uagb_excerpt":null,"_links":{"self":[{"href":"https:\/\/cielostays.com\/pt\/wp-json\/wp\/v2\/pages\/8432","targetHints":{"allow":["GET"]}}],"collection":[{"href":"https:\/\/cielostays.com\/pt\/wp-json\/wp\/v2\/pages"}],"about":[{"href":"https:\/\/cielostays.com\/pt\/wp-json\/wp\/v2\/types\/page"}],"author":[{"embeddable":true,"href":"https:\/\/cielostays.com\/pt\/wp-json\/wp\/v2\/users\/1"}],"replies":[{"embeddable":true,"href":"https:\/\/cielostays.com\/pt\/wp-json\/wp\/v2\/comments?post=8432"}],"version-history":[{"count":0,"href":"https:\/\/cielostays.com\/pt\/wp-json\/wp\/v2\/pages\/8432\/revisions"}],"wp:attachment":[{"href":"https:\/\/cielostays.com\/pt\/wp-json\/wp\/v2\/media?parent=8432"}],"curies":[{"name":"wp","href":"https:\/\/api.w.org\/{rel}","templated":true}]}}