{"id":8284,"date":"2024-11-09T19:12:45","date_gmt":"2024-11-10T00:12:45","guid":{"rendered":"https:\/\/cielostays.com\/?page_id=8284"},"modified":"2025-05-30T22:20:28","modified_gmt":"2025-05-31T02:20:28","slug":"cielo-stays-oferece","status":"publish","type":"page","link":"https:\/\/cielostays.com\/pt\/cielo-stays-offers\/","title":{"rendered":"Ofertas da Cielo Stays: Obtenha ofertas VIP"},"content":{"rendered":"<div class=\"klaviyo-form-RABsmZ\"><\/div>","protected":false},"excerpt":{"rendered":"<p>Obtenha vantagens privilegiadas que voc\u00ea n\u00e3o encontrar\u00e1 em nenhum outro lugar. Aproveite descontos e ofertas de \u00faltima hora que s\u00f3 est\u00e3o dispon\u00edveis para nossos assinantes VIP. <\/p>","protected":false},"author":4,"featured_media":8292,"parent":0,"menu_order":0,"comment_status":"closed","ping_status":"closed","template":"","meta":{"_uag_custom_page_level_css":"","_swt_meta_header_display":false,"_swt_meta_footer_display":false,"_swt_meta_site_title_display":false,"_swt_meta_sticky_header":false,"_swt_meta_transparent_header":false,"footnotes":""},"class_list":["post-8284","page","type-page","status-publish","has-post-thumbnail","hentry"],"yoast_head":"<!-- This site is optimized with the Yoast SEO Premium plugin v27.3 (Yoast SEO v27.3) - https:\/\/yoast.com\/product\/yoast-seo-premium-wordpress\/ -->\n<title>Cielo Stays Offers: Get VIP Deals - Cielo Stays<\/title>\n<meta name=\"description\" content=\"Get insider perks you won\u2019t find anywhere else. Enjoy discounts and last-minute cielo stays offers only available to our VIP subscribers.\" \/>\n<meta name=\"robots\" content=\"index, follow, max-snippet:-1, max-image-preview:large, max-video-preview:-1\" \/>\n<link rel=\"canonical\" href=\"https:\/\/cielostays.com\/pt\/cielo-stays-oferece\/\" \/>\n<meta property=\"og:locale\" content=\"pt_BR\" \/>\n<meta property=\"og:type\" content=\"article\" \/>\n<meta property=\"og:title\" content=\"Cielo Stays Offers: Get VIP Deals - Cielo Stays\" \/>\n<meta property=\"og:description\" content=\"Get insider perks you won\u2019t find anywhere else. Enjoy discounts and last-minute cielo stays offers only available to our VIP subscribers.\" \/>\n<meta property=\"og:url\" content=\"https:\/\/cielostays.com\/pt\/cielo-stays-oferece\/\" \/>\n<meta property=\"og:site_name\" content=\"Cielo Stays\" \/>\n<meta property=\"article:publisher\" content=\"https:\/\/facebook.com\/cielostays\" \/>\n<meta property=\"article:modified_time\" content=\"2025-05-31T02:20:28+00:00\" \/>\n<meta property=\"og:image\" content=\"https:\/\/cielostays.com\/wp-content\/uploads\/2024\/11\/for-a-_cielo-stays-offers_-page.webp\" \/>\n\t<meta property=\"og:image:width\" content=\"1120\" \/>\n\t<meta property=\"og:image:height\" content=\"1120\" \/>\n\t<meta property=\"og:image:type\" content=\"image\/webp\" \/>\n<meta name=\"twitter:card\" content=\"summary_large_image\" \/>\n<meta name=\"twitter:site\" content=\"@cielostays\" \/>\n<meta name=\"twitter:label1\" content=\"Est. tempo de leitura\" \/>\n\t<meta name=\"twitter:data1\" content=\"2 minutos\" \/>\n<script type=\"application\/ld+json\" class=\"yoast-schema-graph\">{\"@context\":\"https:\\\/\\\/schema.org\",\"@graph\":[{\"@type\":\"WebPage\",\"@id\":\"https:\\\/\\\/cielostays.com\\\/cielo-stays-offers\\\/\",\"url\":\"https:\\\/\\\/cielostays.com\\\/cielo-stays-offers\\\/\",\"name\":\"Cielo Stays Offers: Get VIP Deals - Cielo Stays\",\"isPartOf\":{\"@id\":\"https:\\\/\\\/cielostays.com\\\/#website\"},\"primaryImageOfPage\":{\"@id\":\"https:\\\/\\\/cielostays.com\\\/cielo-stays-offers\\\/#primaryimage\"},\"image\":{\"@id\":\"https:\\\/\\\/cielostays.com\\\/cielo-stays-offers\\\/#primaryimage\"},\"thumbnailUrl\":\"https:\\\/\\\/cielostays.com\\\/wp-content\\\/uploads\\\/2024\\\/11\\\/for-a-_cielo-stays-offers_-page.webp\",\"datePublished\":\"2024-11-10T00:12:45+00:00\",\"dateModified\":\"2025-05-31T02:20:28+00:00\",\"description\":\"Get insider perks you won\u2019t find anywhere else. Enjoy discounts and last-minute cielo stays offers only available to our VIP subscribers.\",\"inLanguage\":\"pt-BR\",\"potentialAction\":[{\"@type\":\"ReadAction\",\"target\":[\"https:\\\/\\\/cielostays.com\\\/cielo-stays-offers\\\/\"]}]},{\"@type\":\"ImageObject\",\"inLanguage\":\"pt-BR\",\"@id\":\"https:\\\/\\\/cielostays.com\\\/cielo-stays-offers\\\/#primaryimage\",\"url\":\"https:\\\/\\\/cielostays.com\\\/wp-content\\\/uploads\\\/2024\\\/11\\\/for-a-_cielo-stays-offers_-page.webp\",\"contentUrl\":\"https:\\\/\\\/cielostays.com\\\/wp-content\\\/uploads\\\/2024\\\/11\\\/for-a-_cielo-stays-offers_-page.webp\",\"width\":1120,\"height\":1120,\"caption\":\"Cielo Stays Offers - book now pay later\"},{\"@type\":\"WebSite\",\"@id\":\"https:\\\/\\\/cielostays.com\\\/#website\",\"url\":\"https:\\\/\\\/cielostays.com\\\/\",\"name\":\"Cielo Stays\",\"description\":\"Your Partner In Paradise\",\"publisher\":{\"@id\":\"https:\\\/\\\/cielostays.com\\\/#organization\"},\"potentialAction\":[{\"@type\":\"SearchAction\",\"target\":{\"@type\":\"EntryPoint\",\"urlTemplate\":\"https:\\\/\\\/cielostays.com\\\/?s={search_term_string}\"},\"query-input\":{\"@type\":\"PropertyValueSpecification\",\"valueRequired\":true,\"valueName\":\"search_term_string\"}}],\"inLanguage\":\"pt-BR\"},{\"@type\":\"Organization\",\"@id\":\"https:\\\/\\\/cielostays.com\\\/#organization\",\"name\":\"Cielo Stays\",\"url\":\"https:\\\/\\\/cielostays.com\\\/\",\"logo\":{\"@type\":\"ImageObject\",\"inLanguage\":\"pt-BR\",\"@id\":\"https:\\\/\\\/cielostays.com\\\/#\\\/schema\\\/logo\\\/image\\\/\",\"url\":\"https:\\\/\\\/cielostays.com\\\/wp-content\\\/uploads\\\/2022\\\/05\\\/logoForPage-1-1.webp\",\"contentUrl\":\"https:\\\/\\\/cielostays.com\\\/wp-content\\\/uploads\\\/2022\\\/05\\\/logoForPage-1-1.webp\",\"width\":222,\"height\":55,\"caption\":\"Cielo Stays\"},\"image\":{\"@id\":\"https:\\\/\\\/cielostays.com\\\/#\\\/schema\\\/logo\\\/image\\\/\"},\"sameAs\":[\"https:\\\/\\\/facebook.com\\\/cielostays\",\"https:\\\/\\\/x.com\\\/cielostays\",\"https:\\\/\\\/instagram.com\\\/cielostays\"]}]}<\/script>\n<!-- \/ Yoast SEO Premium plugin. -->","yoast_head_json":{"title":"Ofertas da Cielo Stays: Obtenha ofertas VIP - Cielo Stays","description":"Obtenha vantagens privilegiadas que voc\u00ea n\u00e3o encontrar\u00e1 em nenhum outro lugar. Aproveite os descontos e as ofertas de \u00faltima hora do cielo stays dispon\u00edveis apenas para nossos assinantes VIP.","robots":{"index":"index","follow":"follow","max-snippet":"max-snippet:-1","max-image-preview":"max-image-preview:large","max-video-preview":"max-video-preview:-1"},"canonical":"https:\/\/cielostays.com\/pt\/cielo-stays-oferece\/","og_locale":"pt_BR","og_type":"article","og_title":"Cielo Stays Offers: Get VIP Deals - Cielo Stays","og_description":"Get insider perks you won\u2019t find anywhere else. Enjoy discounts and last-minute cielo stays offers only available to our VIP subscribers.","og_url":"https:\/\/cielostays.com\/pt\/cielo-stays-oferece\/","og_site_name":"Cielo Stays","article_publisher":"https:\/\/facebook.com\/cielostays","article_modified_time":"2025-05-31T02:20:28+00:00","og_image":[{"width":1120,"height":1120,"url":"https:\/\/cielostays.com\/wp-content\/uploads\/2024\/11\/for-a-_cielo-stays-offers_-page.webp","type":"image\/webp"}],"twitter_card":"summary_large_image","twitter_site":"@cielostays","twitter_misc":{"Est. tempo de leitura":"2 minutos"},"schema":{"@context":"https:\/\/schema.org","@graph":[{"@type":"WebPage","@id":"https:\/\/cielostays.com\/cielo-stays-offers\/","url":"https:\/\/cielostays.com\/cielo-stays-offers\/","name":"Ofertas da Cielo Stays: Obtenha ofertas VIP - Cielo Stays","isPartOf":{"@id":"https:\/\/cielostays.com\/#website"},"primaryImageOfPage":{"@id":"https:\/\/cielostays.com\/cielo-stays-offers\/#primaryimage"},"image":{"@id":"https:\/\/cielostays.com\/cielo-stays-offers\/#primaryimage"},"thumbnailUrl":"https:\/\/cielostays.com\/wp-content\/uploads\/2024\/11\/for-a-_cielo-stays-offers_-page.webp","datePublished":"2024-11-10T00:12:45+00:00","dateModified":"2025-05-31T02:20:28+00:00","description":"Obtenha vantagens privilegiadas que voc\u00ea n\u00e3o encontrar\u00e1 em nenhum outro lugar. Aproveite os descontos e as ofertas de \u00faltima hora do cielo stays dispon\u00edveis apenas para nossos assinantes VIP.","inLanguage":"pt-BR","potentialAction":[{"@type":"ReadAction","target":["https:\/\/cielostays.com\/cielo-stays-offers\/"]}]},{"@type":"ImageObject","inLanguage":"pt-BR","@id":"https:\/\/cielostays.com\/cielo-stays-offers\/#primaryimage","url":"https:\/\/cielostays.com\/wp-content\/uploads\/2024\/11\/for-a-_cielo-stays-offers_-page.webp","contentUrl":"https:\/\/cielostays.com\/wp-content\/uploads\/2024\/11\/for-a-_cielo-stays-offers_-page.webp","width":1120,"height":1120,"caption":"Cielo Stays Offers - book now pay later"},{"@type":"WebSite","@id":"https:\/\/cielostays.com\/#website","url":"https:\/\/cielostays.com\/","name":"Cielo Estadias","description":"Seu parceiro no para\u00edso","publisher":{"@id":"https:\/\/cielostays.com\/#organization"},"potentialAction":[{"@type":"SearchAction","target":{"@type":"EntryPoint","urlTemplate":"https:\/\/cielostays.com\/?s={search_term_string}"},"query-input":{"@type":"PropertyValueSpecification","valueRequired":true,"valueName":"search_term_string"}}],"inLanguage":"pt-BR"},{"@type":"Organization","@id":"https:\/\/cielostays.com\/#organization","name":"Cielo Estadias","url":"https:\/\/cielostays.com\/","logo":{"@type":"ImageObject","inLanguage":"pt-BR","@id":"https:\/\/cielostays.com\/#\/schema\/logo\/image\/","url":"https:\/\/cielostays.com\/wp-content\/uploads\/2022\/05\/logoForPage-1-1.webp","contentUrl":"https:\/\/cielostays.com\/wp-content\/uploads\/2022\/05\/logoForPage-1-1.webp","width":222,"height":55,"caption":"Cielo Stays"},"image":{"@id":"https:\/\/cielostays.com\/#\/schema\/logo\/image\/"},"sameAs":["https:\/\/facebook.com\/cielostays","https:\/\/x.com\/cielostays","https:\/\/instagram.com\/cielostays"]}]}},"spectra_custom_meta":{"_edit_lock":["1748658035:4"],"_edit_last":["4"],"_yoast_indexnow_last_ping":["1731250472"],"hefo_before":["0"],"hefo_after":["0"],"use_as_listing":[""],"_yoast_wpseo_focuskeywords":[""],"_yoast_wpseo_keywordsynonyms":["[\"vip offers\"]"],"_yoast_wpseo_estimated-reading-time-minutes":["2"],"_yoast_post_redirect_info":["a:4:{s:6:\"origin\";s:20:\"be-the-first-to-know\";s:6:\"target\";s:18:\"cielo-stays-offers\";s:4:\"type\";i:301;s:6:\"format\";s:5:\"plain\";}"],"_wp_page_template":["default"],"_yoast_wpseo_focuskw":["Cielo Stays Offers"],"_yoast_wpseo_linkdex":["57"],"_yoast_wpseo_content_score":["90"],"_yoast_wpseo_metadesc":["Get insider perks you won\u2019t find anywhere else. Enjoy discounts and last-minute cielo stays offers only available to our VIP subscribers."],"_thumbnail_id":["8292"],"gutentor_dynamic_css":[""],"gutentor_css_info":["a:4:{s:7:\"version\";s:5:\"3.3.9\";s:13:\"saved_version\";i:28;s:6:\"is_rtl\";b:0;s:6:\"blocks\";a:0:{}}"],"_elementor_edit_mode":["builder"],"_elementor_template_type":["wp-page"],"_elementor_version":["3.25.4"],"_elementor_pro_version":["3.25.2"],"_elementor_data":["[{\"id\":\"6c1814a9\",\"elType\":\"section\",\"settings\":[],\"elements\":[{\"id\":\"6d5e4688\",\"elType\":\"column\",\"settings\":{\"_column_size\":100},\"elements\":[{\"id\":\"556f4ab7\",\"elType\":\"widget\",\"settings\":{\"editor\":\"<p><!-- wp:paragraph --><\\\/p>\\n<p><strong>Sign Up for Exclusive Cielo Stays Offers!<\\\/strong><\\\/p>\\n<p><!-- \\\/wp:paragraph --><!-- wp:paragraph --><\\\/p>\\n<p>Want the best deals on amazing vacation rentals? Don\\u2019t miss out! Join the Cielo Stays family by signing up for SMS and email alerts. It\\u2019s fast, easy, and totally free!<\\\/p>\\n<p><!-- \\\/wp:paragraph --><!-- wp:paragraph --><\\\/p>\\n<p><strong>Why Sign Up?<\\\/strong><\\\/p>\\n<p><!-- \\\/wp:paragraph --><!-- wp:paragraph --><\\\/p>\\n<p>When you sign up, you get instant access to exclusive offers and early bird specials. Be the first to hear about limited-time discounts, flash sales, and special promotions. With so many stunning properties to choose from, our deals go fast. But with SMS and email alerts, you\\u2019ll be ahead of the game!<\\\/p>\\n<p><!-- \\\/wp:paragraph --><!-- wp:paragraph --><\\\/p>\\n<p><strong>Here\\u2019s What You Get:<\\\/strong><span style=\\\"background-color: var( --e-global-color-ea9195b ); color: var( --e-global-color-text ); font-family: var( --e-global-typography-text-font-family ), Sans-serif; font-size: var( --e-global-typography-text-font-size ); font-weight: var( --e-global-typography-text-font-weight ); text-transform: var( --e-global-typography-text-text-transform );\\\">\\u00a0<\\\/span><\\\/p>\\n<p><!-- \\\/wp:html --><\\\/p>\"},\"elements\":[],\"widgetType\":\"text-editor\"},{\"id\":\"fb8beb7\",\"elType\":\"section\",\"settings\":{\"structure\":\"20\"},\"elements\":[{\"id\":\"a42c7b2\",\"elType\":\"column\",\"settings\":{\"_column_size\":50,\"_inline_size\":29.643},\"elements\":[{\"id\":\"2a37eac\",\"elType\":\"widget\",\"settings\":{\"image_size\":\"medium\",\"_margin\":{\"unit\":\"px\",\"top\":\"20\",\"right\":\"20\",\"bottom\":\"20\",\"left\":\"20\",\"isLinked\":true},\"_element_width\":\"initial\",\"_element_custom_width\":{\"unit\":\"%\",\"size\":107.222},\"__dynamic__\":{\"image\":\"[elementor-tag id=\\\"1c16953\\\" name=\\\"post-featured-image\\\" settings=\\\"%7B%7D\\\"]\"}},\"elements\":[],\"widgetType\":\"image\"}],\"isInner\":true},{\"id\":\"29a1c69\",\"elType\":\"column\",\"settings\":{\"_column_size\":50,\"_inline_size\":70.357},\"elements\":[{\"id\":\"42e073e\",\"elType\":\"widget\",\"settings\":{\"editor\":\"<p><strong>Exclusive Discounts<\\\/strong> \\u2013 Enjoy offers you won\\u2019t find anywhere else.<\\\/p>\\n<p><strong style=\\\"background-color: transparent; color: var( --e-global-color-text ); font-family: var( --e-global-typography-text-font-family ), Sans-serif; text-transform: var( --e-global-typography-text-text-transform );\\\">Early Access<\\\/strong><span style=\\\"background-color: transparent; color: var( --e-global-color-text ); font-family: var( --e-global-typography-text-font-family ), Sans-serif; font-weight: var( --e-global-typography-text-font-weight ); text-transform: var( --e-global-typography-text-text-transform );\\\"> \\u2013 Be the first to know when new properties are available.<\\\/span><\\\/p>\\n<p><strong style=\\\"background-color: transparent; color: var( --e-global-color-text ); font-family: var( --e-global-typography-text-font-family ), Sans-serif; text-transform: var( --e-global-typography-text-text-transform );\\\">Special Packages<\\\/strong><span style=\\\"background-color: transparent; color: var( --e-global-color-text ); font-family: var( --e-global-typography-text-font-family ), Sans-serif; font-weight: var( --e-global-typography-text-font-weight ); text-transform: var( --e-global-typography-text-text-transform );\\\"> \\u2013 Receive alerts for seasonal deals and holiday packages.<\\\/span><\\\/p>\\n<p><strong style=\\\"background-color: transparent; color: var( --e-global-color-text ); font-family: var( --e-global-typography-text-font-family ), Sans-serif; text-transform: var( --e-global-typography-text-text-transform );\\\">Surprise Perks<\\\/strong><span style=\\\"background-color: transparent; color: var( --e-global-color-text ); font-family: var( --e-global-typography-text-font-family ), Sans-serif; font-weight: var( --e-global-typography-text-font-weight ); text-transform: var( --e-global-typography-text-text-transform );\\\"> \\u2013 Get invited to unique events and enjoy extra perks only for subscribers.<\\\/span><\\\/p>\\n<p><strong style=\\\"background-color: transparent; color: var( --e-global-color-text ); font-family: var( --e-global-typography-text-font-family ), Sans-serif; text-transform: var( --e-global-typography-text-text-transform );\\\">Sign Up for Exclusive Cielo Stays Offers!<\\\/strong><\\\/p>\\n<p><span style=\\\"background-color: transparent; color: var( --e-global-color-text ); font-family: var( --e-global-typography-text-font-family ), Sans-serif; font-weight: var( --e-global-typography-text-font-weight ); text-transform: var( --e-global-typography-text-text-transform );\\\">Want the best deals on amazing vacation rentals? Don\\u2019t miss out! Join the Cielo Stays family by signing up for SMS and email alerts. It\\u2019s fast, easy, and totally free!<\\\/span><\\\/p>\",\"_margin\":{\"unit\":\"px\",\"top\":\"40\",\"right\":\"40\",\"bottom\":\"40\",\"left\":\"40\",\"isLinked\":true}},\"elements\":[],\"widgetType\":\"text-editor\"}],\"isInner\":true}],\"isInner\":true},{\"id\":\"69f3d7e\",\"elType\":\"widget\",\"settings\":{\"editor\":\"<p>\\u00a0<\\\/p>\\n<p><!-- \\\/wp:paragraph --><!-- wp:paragraph --><\\\/p>\\n<p><strong style=\\\"background-color: var( --e-global-color-ea9195b ); color: var( --e-global-color-text ); font-family: var( --e-global-typography-text-font-family ), Sans-serif; font-size: var( --e-global-typography-text-font-size ); text-transform: var( --e-global-typography-text-text-transform );\\\">Stay Connected and Save More<\\\/strong><\\\/p>\\n<p><!-- \\\/wp:paragraph --><!-- wp:paragraph --><\\\/p>\\n<p>Don\\u2019t miss out on savings for your next getaway! Whether you\\u2019re planning a weekend escape or a family vacation, our exclusive Cielo Stays Offers help you find the perfect stay at the best price. So, why wait? Join thousands of other smart travelers and make the most of every trip with Cielo Stays. Booking direct and saving everytime.<\\\/p>\\n<p><!-- \\\/wp:paragraph --><!-- wp:paragraph --><\\\/p>\\n<p>Sign up now! We can\\u2019t wait to welcome you to our VIP list.<\\\/p>\"},\"elements\":[],\"widgetType\":\"text-editor\"},{\"id\":\"f1a9e59\",\"elType\":\"widget\",\"settings\":{\"html\":\"<div class=\\\"klaviyo-form-RABsmZ\\\"><\\\/div>\"},\"elements\":[],\"widgetType\":\"html\"}],\"isInner\":false}],\"isInner\":false}]"],"_elementor_controls_usage":["a:5:{s:11:\"text-editor\";a:3:{s:5:\"count\";i:3;s:15:\"control_percent\";i:0;s:8:\"controls\";a:2:{s:7:\"content\";a:1:{s:14:\"section_editor\";a:1:{s:6:\"editor\";i:3;}}s:8:\"advanced\";a:1:{s:14:\"_section_style\";a:1:{s:7:\"_margin\";i:1;}}}}s:5:\"image\";a:3:{s:5:\"count\";i:1;s:15:\"control_percent\";i:1;s:8:\"controls\";a:3:{s:7:\"general\";a:1:{s:11:\"__dynamic__\";a:1:{s:5:\"count\";i:1;}}s:7:\"content\";a:1:{s:13:\"section_image\";a:2:{s:10:\"image_size\";i:1;s:5:\"image\";i:1;}}s:8:\"advanced\";a:1:{s:14:\"_section_style\";a:3:{s:7:\"_margin\";i:1;s:14:\"_element_width\";i:1;s:21:\"_element_custom_width\";i:1;}}}}s:6:\"column\";a:3:{s:5:\"count\";i:3;s:15:\"control_percent\";i:0;s:8:\"controls\";a:1:{s:6:\"layout\";a:1:{s:6:\"layout\";a:1:{s:12:\"_inline_size\";i:2;}}}}s:7:\"section\";a:3:{s:5:\"count\";i:2;s:15:\"control_percent\";i:0;s:8:\"controls\";a:1:{s:6:\"layout\";a:1:{s:17:\"section_structure\";a:1:{s:9:\"structure\";i:1;}}}}s:4:\"html\";a:3:{s:5:\"count\";i:1;s:15:\"control_percent\";i:0;s:8:\"controls\";a:1:{s:7:\"content\";a:1:{s:13:\"section_title\";a:1:{s:4:\"html\";i:1;}}}}}"],"_elementor_page_assets":["a:1:{s:6:\"styles\";a:1:{i:0;s:12:\"widget-image\";}}"],"um_content_restriction":["a:8:{s:26:\"_um_custom_access_settings\";b:0;s:14:\"_um_accessible\";i:0;s:28:\"_um_access_hide_from_queries\";b:0;s:19:\"_um_noaccess_action\";i:0;s:30:\"_um_restrict_by_custom_message\";i:0;s:27:\"_um_restrict_custom_message\";s:0:\"\";s:19:\"_um_access_redirect\";i:0;s:23:\"_um_access_redirect_url\";s:0:\"\";}"]},"uagb_featured_image_src":{"full":["https:\/\/cielostays.com\/wp-content\/uploads\/2024\/11\/for-a-_cielo-stays-offers_-page.webp",1120,1120,false],"thumbnail":["https:\/\/cielostays.com\/wp-content\/uploads\/2024\/11\/for-a-_cielo-stays-offers_-page-150x150.webp",150,150,true],"medium":["https:\/\/cielostays.com\/wp-content\/uploads\/2024\/11\/for-a-_cielo-stays-offers_-page-300x300.webp",300,300,true],"medium_large":["https:\/\/cielostays.com\/wp-content\/uploads\/2024\/11\/for-a-_cielo-stays-offers_-page-768x768.webp",768,768,true],"large":["https:\/\/cielostays.com\/wp-content\/uploads\/2024\/11\/for-a-_cielo-stays-offers_-page-1024x1024.webp",1024,1024,true],"1536x1536":["https:\/\/cielostays.com\/wp-content\/uploads\/2024\/11\/for-a-_cielo-stays-offers_-page.webp",1120,1120,false],"2048x2048":["https:\/\/cielostays.com\/wp-content\/uploads\/2024\/11\/for-a-_cielo-stays-offers_-page.webp",1120,1120,false],"trp-custom-language-flag":["https:\/\/cielostays.com\/wp-content\/uploads\/2024\/11\/for-a-_cielo-stays-offers_-page-12x12.webp",12,12,true],"gamipress-points":["https:\/\/cielostays.com\/wp-content\/uploads\/2024\/11\/for-a-_cielo-stays-offers_-page-50x50.webp",50,50,true],"gamipress-achievement":["https:\/\/cielostays.com\/wp-content\/uploads\/2024\/11\/for-a-_cielo-stays-offers_-page-100x100.webp",100,100,true],"gamipress-rank":["https:\/\/cielostays.com\/wp-content\/uploads\/2024\/11\/for-a-_cielo-stays-offers_-page-100x100.webp",100,100,true],"woocommerce_thumbnail":["https:\/\/cielostays.com\/wp-content\/uploads\/2024\/11\/for-a-_cielo-stays-offers_-page-200x200.webp",200,200,true],"woocommerce_single":["https:\/\/cielostays.com\/wp-content\/uploads\/2024\/11\/for-a-_cielo-stays-offers_-page-600x600.webp",600,600,true],"woocommerce_gallery_thumbnail":["https:\/\/cielostays.com\/wp-content\/uploads\/2024\/11\/for-a-_cielo-stays-offers_-page-100x100.webp",100,100,true]},"uagb_author_info":{"display_name":"Jose Miori","author_link":"https:\/\/cielostays.com\/pt\/author\/josemiori\/"},"uagb_comment_info":0,"uagb_excerpt":"Get insider perks you won\u2019t find anywhere else. Enjoy discounts and last-minute deals that are only available to our VIP subscribers.","_links":{"self":[{"href":"https:\/\/cielostays.com\/pt\/wp-json\/wp\/v2\/pages\/8284","targetHints":{"allow":["GET"]}}],"collection":[{"href":"https:\/\/cielostays.com\/pt\/wp-json\/wp\/v2\/pages"}],"about":[{"href":"https:\/\/cielostays.com\/pt\/wp-json\/wp\/v2\/types\/page"}],"author":[{"embeddable":true,"href":"https:\/\/cielostays.com\/pt\/wp-json\/wp\/v2\/users\/4"}],"replies":[{"embeddable":true,"href":"https:\/\/cielostays.com\/pt\/wp-json\/wp\/v2\/comments?post=8284"}],"version-history":[{"count":1,"href":"https:\/\/cielostays.com\/pt\/wp-json\/wp\/v2\/pages\/8284\/revisions"}],"predecessor-version":[{"id":10638,"href":"https:\/\/cielostays.com\/pt\/wp-json\/wp\/v2\/pages\/8284\/revisions\/10638"}],"wp:featuredmedia":[{"embeddable":true,"href":"https:\/\/cielostays.com\/pt\/wp-json\/wp\/v2\/media\/8292"}],"wp:attachment":[{"href":"https:\/\/cielostays.com\/pt\/wp-json\/wp\/v2\/media?parent=8284"}],"curies":[{"name":"wp","href":"https:\/\/api.w.org\/{rel}","templated":true}]}}