{"id":6351,"date":"2024-04-19T02:22:19","date_gmt":"2024-04-19T06:22:19","guid":{"rendered":"https:\/\/cielostays.com\/?page_id=6351"},"modified":"2025-05-30T22:15:12","modified_gmt":"2025-05-31T02:15:12","slug":"ch-condominios-de-luxo-estudios-na-praia","status":"publish","type":"page","link":"https:\/\/cielostays.com\/pt\/ch-luxury-condos-studios-on-the-beach\/","title":{"rendered":"Condom\u00ednios e est\u00fadios de luxo CH na praia"},"content":{"rendered":"<p>CH Luxury Condos &amp; Studios On The Beach \u00e9 o nome que utilizamos para apresentar os im\u00f3veis que gerimos no <a href=\"https:\/\/cielostays.com\/pt\/2022\/12\/costa-hollywood-resort\/\">Costa Hollywood Beach Resort<\/a>. A Cielo Stays oferece aluguel de condom\u00ednios e est\u00fadios para temporada desde o final de 2017. H\u00e1 tamb\u00e9m um hotel no pr\u00e9dio. O hotel passou por 3 operadoras hoteleiras, enquanto a Cielo Stays ofereceu atendimento cont\u00ednuo aos nossos fi\u00e9is h\u00f3spedes.  <\/p>\n\n\n\n<h2 class=\"wp-block-heading has-medium-font-size\">Facilidades<\/h2>\n\n\n\n<p>Oferecemos diversas comodidades aos nossos h\u00f3spedes do CH Luxury Condos &amp; Studios On The Beach:<\/p>\n\n\n\n<ol class=\"wp-block-list\">\n<li>Academia de \u00faltima gera\u00e7\u00e3o<\/li>\n\n\n\n<li>Piscina e bar na cobertura<\/li>\n\n\n\n<li>Aulas de ioga<\/li>\n\n\n\n<li>Espregui\u00e7adeiras na cobertura<\/li>\n\n\n\n<li>Duas cadeiras de praia de cortesia<\/li>\n<\/ol>\n\n\n\n<figure class=\"wp-block-image size-large is-style-rounded\"><img loading=\"lazy\" decoding=\"async\" width=\"1024\" height=\"683\" src=\"https:\/\/cielostays.com\/wp-content\/uploads\/2024\/03\/CH-Bcom-1024x683.webp\" alt=\"CH Luxury Condos &amp; Studios na praia\" class=\"wp-image-6291\" srcset=\"https:\/\/cielostays.com\/wp-content\/uploads\/2024\/03\/CH-Bcom-1024x683.webp 1024w, https:\/\/cielostays.com\/wp-content\/uploads\/2024\/03\/CH-Bcom-600x400.webp 600w, https:\/\/cielostays.com\/wp-content\/uploads\/2024\/03\/CH-Bcom-300x200.webp 300w, https:\/\/cielostays.com\/wp-content\/uploads\/2024\/03\/CH-Bcom-768x512.webp 768w, https:\/\/cielostays.com\/wp-content\/uploads\/2024\/03\/CH-Bcom-1536x1024.webp 1536w, https:\/\/cielostays.com\/wp-content\/uploads\/2024\/03\/CH-Bcom.webp 1920w, https:\/\/cielostays.com\/wp-content\/uploads\/2024\/03\/CH-Bcom-18x12.webp 18w\" sizes=\"auto, (max-width: 1024px) 100vw, 1024px\" \/><\/figure>\n\n\n\n<p>No Costa Hollywood Beach Resort a limpeza \u00e9 feita pela atual operadora do hotel devido a restri\u00e7\u00f5es prediais. A Cielo Stays \u00e9 a \u00fanica operadora do pr\u00e9dio com fiscais no local. Nosso inspetor que supervisiona a limpeza de qualidade limitada fornecida pela operadora do hotel.  <\/p>\n\n\n\n<p>Nossas tarifas no Costa Hollywood Beach Resort n\u00e3o incluem limpeza di\u00e1ria. Voc\u00ea pode entrar em contato com nossa equipe para providenciar a limpeza durante sua estadia por um custo acess\u00edvel.<\/p>\n\n\n\n<p>Entre em contato com nosso <a href=\"tel:+18508124356\">n\u00famero de atendimento ao cliente<\/a>r se voc\u00ea precisar de servi\u00e7o.  <\/p>\n\n\n\n<p>Esteja ciente de que existem algumas taxas que n\u00e3o est\u00e3o inclu\u00eddas na tarifa que voc\u00ea pagar\u00e1. Verifique as taxas atuais para CH Luxury Condos &amp; Studios On The Beach e Costa Hollywood Beach Resort <a href=\"https:\/\/kb.cielostays.com\">aqui<\/a><\/p>\n\n\n\n<p>O pessoal da recep\u00e7\u00e3o \u00e9 do hotel e n\u00e3o pode ajudar.<\/p>\n\n\n\n<p>Voc\u00ea pode reservar diretamente e economizar no seu <a href=\"https:\/\/cielostays.com\/pt\/categoria\/resorts\/costa-hollywood\/\" data-type=\"category\" data-id=\"42\">Quarto CH Luxury Condos &amp; Studios On The Beach em cielostays.com<\/a>. Porque n\u00e3o cobramos comiss\u00f5es ou taxas.<\/p>\n\n\n\n<h2 class=\"wp-block-heading\">Detalhes de condom\u00ednios e est\u00fadios de luxo CH<\/h2>\n\n\n\n<p><strong>Localiza\u00e7\u00e3o:<\/strong> Situados ao longo da pitoresca costa, oferecemos uma experi\u00eancia de vida incompar\u00e1vel \u00e0 beira-mar.<\/p>\n\n\n\n<p><strong>Projeto:<\/strong> Os condom\u00ednios e est\u00fadios s\u00e3o meticulosamente projetados com uma mistura de arquitetura moderna e est\u00e9tica costeira, com janelas amplas que emolduram vistas deslumbrantes do oceano.<\/p>\n\n\n\n<p><strong>Facilidades:<\/strong> Os residentes podem desfrutar de uma variedade de comodidades de luxo, como acesso \u00e0 praia, piscina na cobertura com vista para o mar, academia bem equipada e jardins paisag\u00edsticos.<\/p>\n\n\n\n<p><strong>Interior:<\/strong> Os interiores s\u00e3o trabalhados com materiais de alta qualidade e acabamentos de design, criando um ambiente de luxo e conforto. Os layouts em plano aberto maximizam o espa\u00e7o e a luz natural, enquanto as varandas ou terra\u00e7os privados na maioria das unidades oferecem espa\u00e7os serenos ao ar livre.<\/p>\n\n\n\n<p><strong>Comunidade:<\/strong> CH Luxury Condos &amp; Studios promovem uma atmosfera comunit\u00e1ria vibrante, com espa\u00e7os sociais como lounges, \u00e1reas para churrasco e espa\u00e7os para eventos para reuni\u00f5es e entretenimento.<\/p>\n\n\n\n<p>O resort est\u00e1 localizado a poucos passos do Hollywood Broadwalk, na Fl\u00f3rida. \u00c9 uma \u00e1rea costeira vibrante e ic\u00f4nica, conhecida por sua atmosfera descontra\u00edda, beleza c\u00eanica e op\u00e7\u00f5es de entretenimento animadas. Aqui est\u00e1 uma descri\u00e7\u00e3o para lhe dar uma boa no\u00e7\u00e3o de como \u00e9: <\/p>\n\n\n\n<h2 class=\"wp-block-heading\">CH Luxury Condos &amp; Studios fica no cal\u00e7ad\u00e3o<\/h2>\n\n\n\n<figure class=\"wp-block-image size-large\"><img loading=\"lazy\" decoding=\"async\" width=\"1024\" height=\"683\" src=\"https:\/\/cielostays.com\/wp-content\/uploads\/2024\/04\/B27I0929-1024x683.webp\" alt=\"A Cal\u00e7ada de Hollywood\" class=\"wp-image-6354\" srcset=\"https:\/\/cielostays.com\/wp-content\/uploads\/2024\/04\/B27I0929-1024x683.webp 1024w, https:\/\/cielostays.com\/wp-content\/uploads\/2024\/04\/B27I0929-scaled-600x400.webp 600w, https:\/\/cielostays.com\/wp-content\/uploads\/2024\/04\/B27I0929-300x200.webp 300w, https:\/\/cielostays.com\/wp-content\/uploads\/2024\/04\/B27I0929-768x512.webp 768w, https:\/\/cielostays.com\/wp-content\/uploads\/2024\/04\/B27I0929-1536x1024.webp 1536w, https:\/\/cielostays.com\/wp-content\/uploads\/2024\/04\/B27I0929-scaled.webp 1920w, https:\/\/cielostays.com\/wp-content\/uploads\/2024\/04\/B27I0929-18x12.webp 18w\" sizes=\"auto, (max-width: 1024px) 100vw, 1024px\" \/><\/figure>\n\n\n\n<p> \u00e9 um pitoresco passeio mar\u00edtimo de 4 km ao longo da costa atl\u00e2ntica.<\/p>\n\n\n\n<p><strong>Beleza c\u00eanica:<\/strong> O Broadwalk \u00e9 conhecido por suas praias de areia cristalina, \u00e1guas azuis cristalinas e vistas deslumbrantes do oceano. Palmeiras margeiam a passarela, proporcionando sombra e um ambiente tropical.<\/p>\n\n\n\n<p><strong>Atividades:<\/strong> O bairro oferece uma infinidade de atividades para moradores e visitantes. Voc\u00ea pode desfrutar de passeios tranquilos ou de bicicleta ao longo do cal\u00e7ad\u00e3o, dar um mergulho refrescante no oceano ou simplesmente relaxar nas praias arenosas.<\/p>\n\n\n\n<p><strong>Jantar:<\/strong> Um dos destaques do Hollywood Broadwalk \u00e9 sua cena culin\u00e1ria diversificada. Voc\u00ea encontrar\u00e1 uma grande variedade de restaurantes, caf\u00e9s e bares que oferecem de tudo, desde frutos do mar frescos e culin\u00e1ria internacional at\u00e9 lanches casuais \u00e0 beira-mar e bebidas refrescantes.<\/p>\n\n\n\n<p><strong>Entretenimento:<\/strong> O Broadwalk est\u00e1 repleto de op\u00e7\u00f5es de entretenimento. Apresenta\u00e7\u00f5es de m\u00fasica ao vivo, artistas de rua e eventos culturais acontecem frequentemente, criando uma atmosfera animada e festiva. Voc\u00ea tamb\u00e9m pode encontrar lojas que vendem roupas de praia, souvenirs e artesanato local exclusivo.<\/p>\n\n\n\n<p><strong>Amig\u00e1vel para a fam\u00edlia:<\/strong> O bairro \u00e9 ideal para fam\u00edlias, com playgrounds, \u00e1reas para piquenique e \u00e1reas designadas para nata\u00e7\u00e3o garantindo que todos, inclusive as crian\u00e7as, possam se divertir na praia.<\/p>\n\n\n\n<p><strong>Eventos da comunidade:<\/strong> Ao longo do ano, o Hollywood Broadwalk acolhe v\u00e1rios eventos, como concertos, festivais de arte e noites de cinema \u00e0 beira-mar, promovendo um sentimento de comunidade e camaradagem entre residentes e visitantes.<\/p>\n\n\n\n<h2 class=\"wp-block-heading has-medium-font-size\">Chegando aqui:<\/h2>\n\n\n\n<p>Quando se trata de voar para Hollywood, Fl\u00f3rida, voc\u00ea tem algumas op\u00e7\u00f5es excelentes dependendo de sua localiza\u00e7\u00e3o, or\u00e7amento e companhias a\u00e9reas preferidas. Aqui est\u00e3o algumas das melhores op\u00e7\u00f5es:<\/p>\n\n\n\n<ol class=\"wp-block-list\">\n<li><strong>Aeroporto Internacional de Fort Lauderdale-Hollywood (FLL):<\/strong> Este aeroporto \u00e9 o aeroporto mais pr\u00f3ximo de Hollywood, Fl\u00f3rida, localizado a uma curta dist\u00e2ncia de carro. Oferece uma ampla variedade de voos dom\u00e9sticos e internacionais, o que o torna uma escolha conveniente para os viajantes. Companhias a\u00e9reas como Southwest, JetBlue, Delta, American Airlines e Spirit Airlines operam voos frequentes de e para FLL.<\/li>\n\n\n\n<li><strong>Aeroporto Internacional de Miami (MIA):<\/strong> Embora n\u00e3o seja t\u00e3o pr\u00f3ximo de Hollywood quanto a FLL, o Aeroporto Internacional de Miami \u00e9 um importante centro com amplas op\u00e7\u00f5es de voos dom\u00e9sticos e internacionais. Fica a cerca de 30-40 minutos de carro de Hollywood, dependendo do tr\u00e2nsito. Muitas das principais companhias a\u00e9reas, incluindo American Airlines, Delta, United e transportadoras internacionais, atendem a MIA.<\/li>\n\n\n\n<li><strong>Aeroporto Internacional de Palm Beach (PBI):<\/strong> Localizado ao norte de Hollywood, o Aeroporto Internacional de Palm Beach \u00e9 outra op\u00e7\u00e3o para os viajantes. Atende diversas companhias a\u00e9reas, como American Airlines, Delta, JetBlue, Southwest e United Airlines, oferecendo voos dom\u00e9sticos e alguns voos internacionais.<\/li>\n<\/ol>\n\n\n\n<p><strong>Chegue com estilo e conforto com o servi\u00e7o de coleta de limusine do Larry&#039;s no aeroporto!<\/strong><\/p>\n\n\n\n<p>Voc\u00ea est\u00e1 procurando uma experi\u00eancia de embarque no aeroporto luxuosa e sem complica\u00e7\u00f5es? N\u00e3o procure mais, nossa parceria exclusiva com a Larry&#039;s Limo, conhecida por seus servi\u00e7os de transporte de alto n\u00edvel. Entre em contato com nossa equipe para agendar sua retirada por um pre\u00e7o exclusivo e meet &amp; greet interno.<\/p>\n\n\n\n<p><strong>Por que escolher a limusine de Larry?<\/strong><\/p>\n\n\n\n<ol class=\"wp-block-list\">\n<li><strong>Profissionalismo:<\/strong> A Larry&#039;s Limo conta com uma equipe de motoristas profissionais e experientes que priorizam sua seguran\u00e7a, conforto e pontualidade.<\/li>\n\n\n\n<li><strong>Frota Luxuosa:<\/strong> Viaje com estilo com a impressionante frota de ve\u00edculos de luxo de Larry, incluindo sed\u00e3s elegantes, SUVs espa\u00e7osos e limusines elegantes, garantindo uma viagem confort\u00e1vel e elegante.<\/li>\n\n\n\n<li><strong>Efici\u00eancia:<\/strong> Diga adeus \u00e0 espera em longas filas de t\u00e1xi ou aos atrasos no transporte compartilhado. A Larry&#039;s Limo oferece servi\u00e7os de traslado do aeroporto r\u00e1pidos e eficientes, adaptados ao seu hor\u00e1rio de voo.<\/li>\n\n\n\n<li><strong>Servi\u00e7o personalizado:<\/strong> Experimente aten\u00e7\u00e3o personalizada e tratamento VIP da equipe Larry&#039;s Limo, atendendo \u00e0s suas prefer\u00eancias e necessidades espec\u00edficas.<\/li>\n<\/ol>","protected":false},"excerpt":{"rendered":"<p>CH Luxury Condos &amp; Studios On The Beach is the name we use to present the properties we manage at the Costa Hollywood Beach Resort. Cielo Stays operates offer vacation rental condos and studios since late 2017. There is also a hotel on the building. The hotel passed through 3 hotel operators, while Cielo Stays [&hellip;]<\/p>\n","protected":false},"author":4,"featured_media":6291,"parent":0,"menu_order":0,"comment_status":"closed","ping_status":"closed","template":"","meta":{"_uag_custom_page_level_css":"","_swt_meta_header_display":false,"_swt_meta_footer_display":false,"_swt_meta_site_title_display":false,"_swt_meta_sticky_header":false,"_swt_meta_transparent_header":false,"footnotes":""},"class_list":["post-6351","page","type-page","status-publish","has-post-thumbnail","hentry"],"yoast_head":"<!-- This site is optimized with the Yoast SEO Premium plugin v27.3 (Yoast SEO v27.3) - https:\/\/yoast.com\/product\/yoast-seo-premium-wordpress\/ -->\n<title>CH Luxury Condos &amp; Studios On The Beach - Cielo Stays<\/title>\n<meta name=\"description\" content=\"Get into the exclusive world of the Costa Hollywood Beach Resort with Cielo Stays. Our brand name CH Luxury Condos &amp; Studios On The Beach\" \/>\n<meta name=\"robots\" content=\"index, follow, max-snippet:-1, max-image-preview:large, max-video-preview:-1\" \/>\n<link rel=\"canonical\" href=\"https:\/\/cielostays.com\/pt\/ch-condominios-de-luxo-estudios-na-praia\/\" \/>\n<meta property=\"og:locale\" content=\"pt_BR\" \/>\n<meta property=\"og:type\" content=\"article\" \/>\n<meta property=\"og:title\" content=\"CH Luxury Condos &amp; Studios On The Beach - Cielo Stays\" \/>\n<meta property=\"og:description\" content=\"Get into the exclusive world of the Costa Hollywood Beach Resort with Cielo Stays. Our brand name CH Luxury Condos &amp; Studios On The Beach\" \/>\n<meta property=\"og:url\" content=\"https:\/\/cielostays.com\/pt\/ch-condominios-de-luxo-estudios-na-praia\/\" \/>\n<meta property=\"og:site_name\" content=\"Cielo Stays\" \/>\n<meta property=\"article:publisher\" content=\"https:\/\/facebook.com\/cielostays\" \/>\n<meta property=\"article:modified_time\" content=\"2025-05-31T02:15:12+00:00\" \/>\n<meta property=\"og:image\" content=\"https:\/\/cielostays.com\/wp-content\/uploads\/2024\/03\/CH-Bcom.webp\" \/>\n\t<meta property=\"og:image:width\" content=\"1920\" \/>\n\t<meta property=\"og:image:height\" content=\"1280\" \/>\n\t<meta property=\"og:image:type\" content=\"image\/webp\" \/>\n<meta name=\"twitter:card\" content=\"summary_large_image\" \/>\n<meta name=\"twitter:site\" content=\"@cielostays\" \/>\n<meta name=\"twitter:label1\" content=\"Est. tempo de leitura\" \/>\n\t<meta name=\"twitter:data1\" content=\"5 minutos\" \/>\n<script type=\"application\/ld+json\" class=\"yoast-schema-graph\">{\"@context\":\"https:\\\/\\\/schema.org\",\"@graph\":[{\"@type\":\"WebPage\",\"@id\":\"https:\\\/\\\/cielostays.com\\\/ch-luxury-condos-studios-on-the-beach\\\/\",\"url\":\"https:\\\/\\\/cielostays.com\\\/ch-luxury-condos-studios-on-the-beach\\\/\",\"name\":\"CH Luxury Condos &amp; Studios On The Beach - Cielo Stays\",\"isPartOf\":{\"@id\":\"https:\\\/\\\/cielostays.com\\\/#website\"},\"primaryImageOfPage\":{\"@id\":\"https:\\\/\\\/cielostays.com\\\/ch-luxury-condos-studios-on-the-beach\\\/#primaryimage\"},\"image\":{\"@id\":\"https:\\\/\\\/cielostays.com\\\/ch-luxury-condos-studios-on-the-beach\\\/#primaryimage\"},\"thumbnailUrl\":\"https:\\\/\\\/cielostays.com\\\/wp-content\\\/uploads\\\/2024\\\/03\\\/CH-Bcom.webp\",\"datePublished\":\"2024-04-19T06:22:19+00:00\",\"dateModified\":\"2025-05-31T02:15:12+00:00\",\"description\":\"Get into the exclusive world of the Costa Hollywood Beach Resort with Cielo Stays. Our brand name CH Luxury Condos & Studios On The Beach\",\"inLanguage\":\"pt-BR\",\"potentialAction\":[{\"@type\":\"ReadAction\",\"target\":[\"https:\\\/\\\/cielostays.com\\\/ch-luxury-condos-studios-on-the-beach\\\/\"]}]},{\"@type\":\"ImageObject\",\"inLanguage\":\"pt-BR\",\"@id\":\"https:\\\/\\\/cielostays.com\\\/ch-luxury-condos-studios-on-the-beach\\\/#primaryimage\",\"url\":\"https:\\\/\\\/cielostays.com\\\/wp-content\\\/uploads\\\/2024\\\/03\\\/CH-Bcom.webp\",\"contentUrl\":\"https:\\\/\\\/cielostays.com\\\/wp-content\\\/uploads\\\/2024\\\/03\\\/CH-Bcom.webp\",\"width\":1920,\"height\":1280,\"caption\":\"CH Luxury Condos & Studios on the beach\"},{\"@type\":\"WebSite\",\"@id\":\"https:\\\/\\\/cielostays.com\\\/#website\",\"url\":\"https:\\\/\\\/cielostays.com\\\/\",\"name\":\"Cielo Stays\",\"description\":\"Your Partner In Paradise\",\"publisher\":{\"@id\":\"https:\\\/\\\/cielostays.com\\\/#organization\"},\"potentialAction\":[{\"@type\":\"SearchAction\",\"target\":{\"@type\":\"EntryPoint\",\"urlTemplate\":\"https:\\\/\\\/cielostays.com\\\/?s={search_term_string}\"},\"query-input\":{\"@type\":\"PropertyValueSpecification\",\"valueRequired\":true,\"valueName\":\"search_term_string\"}}],\"inLanguage\":\"pt-BR\"},{\"@type\":\"Organization\",\"@id\":\"https:\\\/\\\/cielostays.com\\\/#organization\",\"name\":\"Cielo Stays\",\"url\":\"https:\\\/\\\/cielostays.com\\\/\",\"logo\":{\"@type\":\"ImageObject\",\"inLanguage\":\"pt-BR\",\"@id\":\"https:\\\/\\\/cielostays.com\\\/#\\\/schema\\\/logo\\\/image\\\/\",\"url\":\"https:\\\/\\\/cielostays.com\\\/wp-content\\\/uploads\\\/2022\\\/05\\\/logoForPage-1-1.webp\",\"contentUrl\":\"https:\\\/\\\/cielostays.com\\\/wp-content\\\/uploads\\\/2022\\\/05\\\/logoForPage-1-1.webp\",\"width\":222,\"height\":55,\"caption\":\"Cielo Stays\"},\"image\":{\"@id\":\"https:\\\/\\\/cielostays.com\\\/#\\\/schema\\\/logo\\\/image\\\/\"},\"sameAs\":[\"https:\\\/\\\/facebook.com\\\/cielostays\",\"https:\\\/\\\/x.com\\\/cielostays\",\"https:\\\/\\\/instagram.com\\\/cielostays\"]}]}<\/script>\n<!-- \/ Yoast SEO Premium plugin. -->","yoast_head_json":{"title":"CH Luxury Condos &amp; Studios On The Beach - Cielo Stays","description":"Entre no mundo exclusivo do Costa Hollywood Beach Resort com a Cielo Stays. Nossa marca CH Luxury Condos &amp; Studios On The Beach","robots":{"index":"index","follow":"follow","max-snippet":"max-snippet:-1","max-image-preview":"max-image-preview:large","max-video-preview":"max-video-preview:-1"},"canonical":"https:\/\/cielostays.com\/pt\/ch-condominios-de-luxo-estudios-na-praia\/","og_locale":"pt_BR","og_type":"article","og_title":"CH Luxury Condos &amp; Studios On The Beach - Cielo Stays","og_description":"Get into the exclusive world of the Costa Hollywood Beach Resort with Cielo Stays. Our brand name CH Luxury Condos & Studios On The Beach","og_url":"https:\/\/cielostays.com\/pt\/ch-condominios-de-luxo-estudios-na-praia\/","og_site_name":"Cielo Stays","article_publisher":"https:\/\/facebook.com\/cielostays","article_modified_time":"2025-05-31T02:15:12+00:00","og_image":[{"width":1920,"height":1280,"url":"https:\/\/cielostays.com\/wp-content\/uploads\/2024\/03\/CH-Bcom.webp","type":"image\/webp"}],"twitter_card":"summary_large_image","twitter_site":"@cielostays","twitter_misc":{"Est. tempo de leitura":"5 minutos"},"schema":{"@context":"https:\/\/schema.org","@graph":[{"@type":"WebPage","@id":"https:\/\/cielostays.com\/ch-luxury-condos-studios-on-the-beach\/","url":"https:\/\/cielostays.com\/ch-luxury-condos-studios-on-the-beach\/","name":"CH Luxury Condos &amp; Studios On The Beach - Cielo Stays","isPartOf":{"@id":"https:\/\/cielostays.com\/#website"},"primaryImageOfPage":{"@id":"https:\/\/cielostays.com\/ch-luxury-condos-studios-on-the-beach\/#primaryimage"},"image":{"@id":"https:\/\/cielostays.com\/ch-luxury-condos-studios-on-the-beach\/#primaryimage"},"thumbnailUrl":"https:\/\/cielostays.com\/wp-content\/uploads\/2024\/03\/CH-Bcom.webp","datePublished":"2024-04-19T06:22:19+00:00","dateModified":"2025-05-31T02:15:12+00:00","description":"Entre no mundo exclusivo do Costa Hollywood Beach Resort com a Cielo Stays. Nossa marca CH Luxury Condos &amp; Studios On The Beach","inLanguage":"pt-BR","potentialAction":[{"@type":"ReadAction","target":["https:\/\/cielostays.com\/ch-luxury-condos-studios-on-the-beach\/"]}]},{"@type":"ImageObject","inLanguage":"pt-BR","@id":"https:\/\/cielostays.com\/ch-luxury-condos-studios-on-the-beach\/#primaryimage","url":"https:\/\/cielostays.com\/wp-content\/uploads\/2024\/03\/CH-Bcom.webp","contentUrl":"https:\/\/cielostays.com\/wp-content\/uploads\/2024\/03\/CH-Bcom.webp","width":1920,"height":1280,"caption":"CH Luxury Condos & Studios on the beach"},{"@type":"WebSite","@id":"https:\/\/cielostays.com\/#website","url":"https:\/\/cielostays.com\/","name":"Cielo Estadias","description":"Seu parceiro no para\u00edso","publisher":{"@id":"https:\/\/cielostays.com\/#organization"},"potentialAction":[{"@type":"SearchAction","target":{"@type":"EntryPoint","urlTemplate":"https:\/\/cielostays.com\/?s={search_term_string}"},"query-input":{"@type":"PropertyValueSpecification","valueRequired":true,"valueName":"search_term_string"}}],"inLanguage":"pt-BR"},{"@type":"Organization","@id":"https:\/\/cielostays.com\/#organization","name":"Cielo Estadias","url":"https:\/\/cielostays.com\/","logo":{"@type":"ImageObject","inLanguage":"pt-BR","@id":"https:\/\/cielostays.com\/#\/schema\/logo\/image\/","url":"https:\/\/cielostays.com\/wp-content\/uploads\/2022\/05\/logoForPage-1-1.webp","contentUrl":"https:\/\/cielostays.com\/wp-content\/uploads\/2022\/05\/logoForPage-1-1.webp","width":222,"height":55,"caption":"Cielo Stays"},"image":{"@id":"https:\/\/cielostays.com\/#\/schema\/logo\/image\/"},"sameAs":["https:\/\/facebook.com\/cielostays","https:\/\/x.com\/cielostays","https:\/\/instagram.com\/cielostays"]}]}},"spectra_custom_meta":{"_edit_lock":["1748657714:4"],"_edit_last":["4"],"hefo_before":["0"],"hefo_after":["0"],"use_as_listing":[""],"_yoast_wpseo_focuskw":["CH Luxury Condos & Studios"],"_yoast_wpseo_metadesc":["Get into the exclusive world of the Costa Hollywood Beach Resort with Cielo Stays. Our brand name CH Luxury Condos & Studios On The Beach"],"_yoast_wpseo_linkdex":["83"],"_yoast_wpseo_content_score":["60"],"_yoast_wpseo_is_cornerstone":["1"],"_yoast_wpseo_estimated-reading-time-minutes":["5"],"_yoast_wpseo_wordproof_timestamp":[""],"_thumbnail_id":["6291"],"rank_math_internal_links_processed":["1"],"_trp_automatically_translated_slug_es_AR":["ch-condominios-de-lujo-estudios-en-la-playa"],"_trp_automatically_translated_slug_fr_CA":["ch-condos-de-luxe-studios-sur-la-plage"],"_trp_automatically_translated_slug_de_DE":["ch-luxus-eigentumswohnungen-studios-am-strand"],"_trp_automatically_translated_slug_nl_NL":["ch-luxe-appartementen-studios-aan-het-strand"],"_yoast_indexnow_last_ping":["1741608182"],"_elementor_page_assets":["a:0:{}"],"um_content_restriction":["a:8:{s:26:\"_um_custom_access_settings\";b:0;s:14:\"_um_accessible\";i:0;s:28:\"_um_access_hide_from_queries\";b:0;s:19:\"_um_noaccess_action\";i:0;s:30:\"_um_restrict_by_custom_message\";i:0;s:27:\"_um_restrict_custom_message\";s:0:\"\";s:19:\"_um_access_redirect\";i:0;s:23:\"_um_access_redirect_url\";s:0:\"\";}"]},"uagb_featured_image_src":{"full":["https:\/\/cielostays.com\/wp-content\/uploads\/2024\/03\/CH-Bcom.webp",1920,1280,false],"thumbnail":["https:\/\/cielostays.com\/wp-content\/uploads\/2024\/03\/CH-Bcom-150x150.webp",150,150,true],"medium":["https:\/\/cielostays.com\/wp-content\/uploads\/2024\/03\/CH-Bcom-300x200.webp",300,200,true],"medium_large":["https:\/\/cielostays.com\/wp-content\/uploads\/2024\/03\/CH-Bcom-768x512.webp",768,512,true],"large":["https:\/\/cielostays.com\/wp-content\/uploads\/2024\/03\/CH-Bcom-1024x683.webp",1024,683,true],"1536x1536":["https:\/\/cielostays.com\/wp-content\/uploads\/2024\/03\/CH-Bcom-1536x1024.webp",1536,1024,true],"2048x2048":["https:\/\/cielostays.com\/wp-content\/uploads\/2024\/03\/CH-Bcom-2048x1365.webp",1920,1280,true],"trp-custom-language-flag":["https:\/\/cielostays.com\/wp-content\/uploads\/2024\/03\/CH-Bcom-18x12.webp",18,12,true],"gamipress-points":["https:\/\/cielostays.com\/wp-content\/uploads\/2024\/03\/CH-Bcom.webp",100,67,false],"gamipress-achievement":["https:\/\/cielostays.com\/wp-content\/uploads\/2024\/03\/CH-Bcom.webp",100,67,false],"gamipress-rank":["https:\/\/cielostays.com\/wp-content\/uploads\/2024\/03\/CH-Bcom.webp",100,67,false],"woocommerce_thumbnail":["https:\/\/cielostays.com\/wp-content\/uploads\/2024\/03\/CH-Bcom-200x200.webp",200,200,true],"woocommerce_single":["https:\/\/cielostays.com\/wp-content\/uploads\/2024\/03\/CH-Bcom-600x400.webp",600,400,true],"woocommerce_gallery_thumbnail":["https:\/\/cielostays.com\/wp-content\/uploads\/2024\/03\/CH-Bcom-100x100.webp",100,100,true]},"uagb_author_info":{"display_name":"Jose Miori","author_link":"https:\/\/cielostays.com\/pt\/author\/josemiori\/"},"uagb_comment_info":0,"uagb_excerpt":"CH Luxury Condos &amp; Studios On The Beach is the name we use to present the properties we manage at the Costa Hollywood Beach Resort. Cielo Stays operates offer vacation rental condos and studios since late 2017. There is also a hotel on the building. The hotel passed through 3 hotel operators, while Cielo Stays&hellip;","_links":{"self":[{"href":"https:\/\/cielostays.com\/pt\/wp-json\/wp\/v2\/pages\/6351","targetHints":{"allow":["GET"]}}],"collection":[{"href":"https:\/\/cielostays.com\/pt\/wp-json\/wp\/v2\/pages"}],"about":[{"href":"https:\/\/cielostays.com\/pt\/wp-json\/wp\/v2\/types\/page"}],"author":[{"embeddable":true,"href":"https:\/\/cielostays.com\/pt\/wp-json\/wp\/v2\/users\/4"}],"replies":[{"embeddable":true,"href":"https:\/\/cielostays.com\/pt\/wp-json\/wp\/v2\/comments?post=6351"}],"version-history":[{"count":3,"href":"https:\/\/cielostays.com\/pt\/wp-json\/wp\/v2\/pages\/6351\/revisions"}],"predecessor-version":[{"id":10634,"href":"https:\/\/cielostays.com\/pt\/wp-json\/wp\/v2\/pages\/6351\/revisions\/10634"}],"wp:featuredmedia":[{"embeddable":true,"href":"https:\/\/cielostays.com\/pt\/wp-json\/wp\/v2\/media\/6291"}],"wp:attachment":[{"href":"https:\/\/cielostays.com\/pt\/wp-json\/wp\/v2\/media?parent=6351"}],"curies":[{"name":"wp","href":"https:\/\/api.w.org\/{rel}","templated":true}]}}