{"id":10711,"date":"2025-06-01T09:35:23","date_gmt":"2025-06-01T13:35:23","guid":{"rendered":"https:\/\/cielostays.com\/?page_id=10711"},"modified":"2025-06-01T10:00:02","modified_gmt":"2025-06-01T14:00:02","slug":"meu-status-no-cielo-stars","status":"publish","type":"page","link":"https:\/\/cielostays.com\/pt\/my-cielo-stars-status\/","title":{"rendered":"Registre-se para ver sua \u00e1rea de convidados."},"content":{"rendered":"<p>Essa \u00e1rea \u00e9 exclusiva para nossos h\u00f3spedes.<\/p>","protected":false},"excerpt":{"rendered":"","protected":false},"author":4,"featured_media":0,"parent":0,"menu_order":0,"comment_status":"closed","ping_status":"closed","template":"","meta":{"_uag_custom_page_level_css":"","_swt_meta_header_display":false,"_swt_meta_footer_display":false,"_swt_meta_site_title_display":false,"_swt_meta_sticky_header":false,"_swt_meta_transparent_header":false,"footnotes":""},"class_list":["post-10711","page","type-page","status-publish","hentry"],"yoast_head":"<!-- This site is optimized with the Yoast SEO Premium plugin v27.3 (Yoast SEO v27.3) - https:\/\/yoast.com\/product\/yoast-seo-premium-wordpress\/ -->\n<title>My Cielo Stars Status - Cielo Stays<\/title>\n<meta name=\"robots\" content=\"index, follow, max-snippet:-1, max-image-preview:large, max-video-preview:-1\" \/>\n<link rel=\"canonical\" href=\"https:\/\/cielostays.com\/pt\/meu-status-no-cielo-stars\/\" \/>\n<meta property=\"og:locale\" content=\"pt_BR\" \/>\n<meta property=\"og:type\" content=\"article\" \/>\n<meta property=\"og:title\" content=\"My Cielo Stars Status - Cielo Stays\" \/>\n<meta property=\"og:url\" content=\"https:\/\/cielostays.com\/pt\/meu-status-no-cielo-stars\/\" \/>\n<meta property=\"og:site_name\" content=\"Cielo Stays\" \/>\n<meta property=\"article:publisher\" content=\"https:\/\/facebook.com\/cielostays\" \/>\n<meta property=\"article:modified_time\" content=\"2025-06-01T14:00:02+00:00\" \/>\n<meta property=\"og:image\" content=\"https:\/\/cielostays.com\/wp-content\/uploads\/2022\/12\/20221212_094649-1.webp\" \/>\n\t<meta property=\"og:image:width\" content=\"1000\" \/>\n\t<meta property=\"og:image:height\" content=\"750\" \/>\n\t<meta property=\"og:image:type\" content=\"image\/webp\" \/>\n<meta name=\"twitter:card\" content=\"summary_large_image\" \/>\n<meta name=\"twitter:site\" content=\"@cielostays\" \/>\n<script type=\"application\/ld+json\" class=\"yoast-schema-graph\">{\"@context\":\"https:\\\/\\\/schema.org\",\"@graph\":[{\"@type\":\"WebPage\",\"@id\":\"https:\\\/\\\/cielostays.com\\\/my-cielo-stars-status\\\/\",\"url\":\"https:\\\/\\\/cielostays.com\\\/my-cielo-stars-status\\\/\",\"name\":\"My Cielo Stars Status - Cielo Stays\",\"isPartOf\":{\"@id\":\"https:\\\/\\\/cielostays.com\\\/#website\"},\"datePublished\":\"2025-06-01T13:35:23+00:00\",\"dateModified\":\"2025-06-01T14:00:02+00:00\",\"inLanguage\":\"pt-BR\",\"potentialAction\":[{\"@type\":\"ReadAction\",\"target\":[\"https:\\\/\\\/cielostays.com\\\/my-cielo-stars-status\\\/\"]}]},{\"@type\":\"WebSite\",\"@id\":\"https:\\\/\\\/cielostays.com\\\/#website\",\"url\":\"https:\\\/\\\/cielostays.com\\\/\",\"name\":\"Cielo Stays\",\"description\":\"Your Partner In Paradise\",\"publisher\":{\"@id\":\"https:\\\/\\\/cielostays.com\\\/#organization\"},\"potentialAction\":[{\"@type\":\"SearchAction\",\"target\":{\"@type\":\"EntryPoint\",\"urlTemplate\":\"https:\\\/\\\/cielostays.com\\\/?s={search_term_string}\"},\"query-input\":{\"@type\":\"PropertyValueSpecification\",\"valueRequired\":true,\"valueName\":\"search_term_string\"}}],\"inLanguage\":\"pt-BR\"},{\"@type\":\"Organization\",\"@id\":\"https:\\\/\\\/cielostays.com\\\/#organization\",\"name\":\"Cielo Stays\",\"url\":\"https:\\\/\\\/cielostays.com\\\/\",\"logo\":{\"@type\":\"ImageObject\",\"inLanguage\":\"pt-BR\",\"@id\":\"https:\\\/\\\/cielostays.com\\\/#\\\/schema\\\/logo\\\/image\\\/\",\"url\":\"https:\\\/\\\/cielostays.com\\\/wp-content\\\/uploads\\\/2022\\\/05\\\/logoForPage-1-1.webp\",\"contentUrl\":\"https:\\\/\\\/cielostays.com\\\/wp-content\\\/uploads\\\/2022\\\/05\\\/logoForPage-1-1.webp\",\"width\":222,\"height\":55,\"caption\":\"Cielo Stays\"},\"image\":{\"@id\":\"https:\\\/\\\/cielostays.com\\\/#\\\/schema\\\/logo\\\/image\\\/\"},\"sameAs\":[\"https:\\\/\\\/facebook.com\\\/cielostays\",\"https:\\\/\\\/x.com\\\/cielostays\",\"https:\\\/\\\/instagram.com\\\/cielostays\"]}]}<\/script>\n<!-- \/ Yoast SEO Premium plugin. -->","yoast_head_json":{"title":"Status da minha Cielo Stars - A Cielo permanece","robots":{"index":"index","follow":"follow","max-snippet":"max-snippet:-1","max-image-preview":"max-image-preview:large","max-video-preview":"max-video-preview:-1"},"canonical":"https:\/\/cielostays.com\/pt\/meu-status-no-cielo-stars\/","og_locale":"pt_BR","og_type":"article","og_title":"My Cielo Stars Status - Cielo Stays","og_url":"https:\/\/cielostays.com\/pt\/meu-status-no-cielo-stars\/","og_site_name":"Cielo Stays","article_publisher":"https:\/\/facebook.com\/cielostays","article_modified_time":"2025-06-01T14:00:02+00:00","og_image":[{"width":1000,"height":750,"url":"https:\/\/cielostays.com\/wp-content\/uploads\/2022\/12\/20221212_094649-1.webp","type":"image\/webp"}],"twitter_card":"summary_large_image","twitter_site":"@cielostays","schema":{"@context":"https:\/\/schema.org","@graph":[{"@type":"WebPage","@id":"https:\/\/cielostays.com\/my-cielo-stars-status\/","url":"https:\/\/cielostays.com\/my-cielo-stars-status\/","name":"Status da minha Cielo Stars - A Cielo permanece","isPartOf":{"@id":"https:\/\/cielostays.com\/#website"},"datePublished":"2025-06-01T13:35:23+00:00","dateModified":"2025-06-01T14:00:02+00:00","inLanguage":"pt-BR","potentialAction":[{"@type":"ReadAction","target":["https:\/\/cielostays.com\/my-cielo-stars-status\/"]}]},{"@type":"WebSite","@id":"https:\/\/cielostays.com\/#website","url":"https:\/\/cielostays.com\/","name":"Cielo Estadias","description":"Seu parceiro no para\u00edso","publisher":{"@id":"https:\/\/cielostays.com\/#organization"},"potentialAction":[{"@type":"SearchAction","target":{"@type":"EntryPoint","urlTemplate":"https:\/\/cielostays.com\/?s={search_term_string}"},"query-input":{"@type":"PropertyValueSpecification","valueRequired":true,"valueName":"search_term_string"}}],"inLanguage":"pt-BR"},{"@type":"Organization","@id":"https:\/\/cielostays.com\/#organization","name":"Cielo Estadias","url":"https:\/\/cielostays.com\/","logo":{"@type":"ImageObject","inLanguage":"pt-BR","@id":"https:\/\/cielostays.com\/#\/schema\/logo\/image\/","url":"https:\/\/cielostays.com\/wp-content\/uploads\/2022\/05\/logoForPage-1-1.webp","contentUrl":"https:\/\/cielostays.com\/wp-content\/uploads\/2022\/05\/logoForPage-1-1.webp","width":222,"height":55,"caption":"Cielo Stays"},"image":{"@id":"https:\/\/cielostays.com\/#\/schema\/logo\/image\/"},"sameAs":["https:\/\/facebook.com\/cielostays","https:\/\/x.com\/cielostays","https:\/\/instagram.com\/cielostays"]}]}},"spectra_custom_meta":{"_edit_lock":["1748788180:4"],"_edit_last":["4"],"_yoast_indexnow_last_ping":["1748786403"],"hefo_before":["0"],"hefo_after":["0"],"use_as_listing":[""],"um_content_restriction":["a:9:{s:26:\"_um_custom_access_settings\";b:1;s:14:\"_um_accessible\";i:2;s:16:\"_um_access_roles\";a:2:{s:13:\"administrator\";s:1:\"1\";s:8:\"um_guest\";s:1:\"1\";}s:28:\"_um_access_hide_from_queries\";b:0;s:19:\"_um_noaccess_action\";i:0;s:30:\"_um_restrict_by_custom_message\";i:0;s:27:\"_um_restrict_custom_message\";s:0:\"\";s:19:\"_um_access_redirect\";i:0;s:23:\"_um_access_redirect_url\";s:0:\"\";}"],"_yoast_wpseo_content_score":["90"],"_yoast_wpseo_focuskeywords":[""],"_yoast_wpseo_keywordsynonyms":[""],"_yoast_wpseo_estimated-reading-time-minutes":["0"]},"uagb_featured_image_src":{"full":false,"thumbnail":false,"medium":false,"medium_large":false,"large":false,"1536x1536":false,"2048x2048":false,"trp-custom-language-flag":false,"gamipress-points":false,"gamipress-achievement":false,"gamipress-rank":false,"woocommerce_thumbnail":false,"woocommerce_single":false,"woocommerce_gallery_thumbnail":false},"uagb_author_info":{"display_name":"Jose Miori","author_link":"https:\/\/cielostays.com\/pt\/author\/josemiori\/"},"uagb_comment_info":0,"uagb_excerpt":null,"_links":{"self":[{"href":"https:\/\/cielostays.com\/pt\/wp-json\/wp\/v2\/pages\/10711","targetHints":{"allow":["GET"]}}],"collection":[{"href":"https:\/\/cielostays.com\/pt\/wp-json\/wp\/v2\/pages"}],"about":[{"href":"https:\/\/cielostays.com\/pt\/wp-json\/wp\/v2\/types\/page"}],"author":[{"embeddable":true,"href":"https:\/\/cielostays.com\/pt\/wp-json\/wp\/v2\/users\/4"}],"replies":[{"embeddable":true,"href":"https:\/\/cielostays.com\/pt\/wp-json\/wp\/v2\/comments?post=10711"}],"version-history":[{"count":4,"href":"https:\/\/cielostays.com\/pt\/wp-json\/wp\/v2\/pages\/10711\/revisions"}],"predecessor-version":[{"id":10730,"href":"https:\/\/cielostays.com\/pt\/wp-json\/wp\/v2\/pages\/10711\/revisions\/10730"}],"wp:attachment":[{"href":"https:\/\/cielostays.com\/pt\/wp-json\/wp\/v2\/media?parent=10711"}],"curies":[{"name":"wp","href":"https:\/\/api.w.org\/{rel}","templated":true}]}}