{"id":7040,"date":"2024-06-24T15:44:00","date_gmt":"2024-06-24T19:44:00","guid":{"rendered":"https:\/\/cielostays.com\/?page_id=7040"},"modified":"2024-11-07T14:30:09","modified_gmt":"2024-11-07T19:30:09","slug":"obtenez-une-estimation-de-votre-revenu-airbnb-des-aujourdhui","status":"publish","type":"page","link":"https:\/\/cielostays.com\/fr\/get-your-airbnb-revenue-estimate-today\/","title":{"rendered":"Obtenez votre estimation de revenus Airbnb aujourd&#039;hui"},"content":{"rendered":"<h3 class=\"wp-block-heading\" id=\"h-book-your-property-revenue-strategy-call-below-to-get-your-results\">R\u00e9servez votre <mark style=\"background-color:rgba(0, 0, 0, 0)\" class=\"has-inline-color has-ast-global-color-0-color\"><em><strong>Appel \u00e0 une strat\u00e9gie relative aux revenus immobiliers<\/strong><\/em> <\/mark>ci-dessous pour obtenir vos r\u00e9sultats\u00a0:<\/h3>\n\n\n\n<!-- Google Calendar Appointment Scheduling begin -->\n<iframe loading=\"lazy\" src=\"https:\/\/calendar.google.com\/calendar\/appointments\/schedules\/AcZssZ3Q3GjPrUxWgUgaxyKU2scapN17DiAjZC8eFHXAtBiqmG5jXw6fmVbm1rO4FIr5dODxCp41VYOd?gv=true\" style=\"border: 0\" width=\"100%\" height=\"700\" frameborder=\"0\"><\/iframe>\n<!-- end Google Calendar Appointment Scheduling -->\n\n\n\n<figure class=\"wp-block-image size-full\"><a href=\"https:\/\/wa.me\/13867425326?text=I%20am%20waiting%20my%20revenue%20estimation\"><img loading=\"lazy\" decoding=\"async\" width=\"320\" height=\"72\" src=\"https:\/\/cielostays.com\/wp-content\/uploads\/2024\/06\/WhatsAppButtonGreenSmall.png\" alt=\"\" class=\"wp-image-7044\" srcset=\"https:\/\/cielostays.com\/wp-content\/uploads\/2024\/06\/WhatsAppButtonGreenSmall.png 320w, https:\/\/cielostays.com\/wp-content\/uploads\/2024\/06\/WhatsAppButtonGreenSmall-200x45.png 200w, https:\/\/cielostays.com\/wp-content\/uploads\/2024\/06\/WhatsAppButtonGreenSmall-300x68.webp 300w, https:\/\/cielostays.com\/wp-content\/uploads\/2024\/06\/WhatsAppButtonGreenSmall-18x4.webp 18w\" sizes=\"auto, (max-width: 320px) 100vw, 320px\" \/><\/a><\/figure>","protected":false},"excerpt":{"rendered":"<p>R\u00e9servez votre appel de strat\u00e9gie de revenus immobiliers ci-dessous pour obtenir vos r\u00e9sultats :<\/p>","protected":false},"author":4,"featured_media":7060,"parent":0,"menu_order":0,"comment_status":"closed","ping_status":"closed","template":"elementor_theme","meta":{"_uag_custom_page_level_css":"","_swt_meta_header_display":false,"_swt_meta_footer_display":false,"_swt_meta_site_title_display":false,"_swt_meta_sticky_header":false,"_swt_meta_transparent_header":false,"footnotes":""},"class_list":["post-7040","page","type-page","status-publish","has-post-thumbnail","hentry"],"yoast_head":"<!-- This site is optimized with the Yoast SEO Premium plugin v27.3 (Yoast SEO v27.3) - https:\/\/yoast.com\/product\/yoast-seo-premium-wordpress\/ -->\n<title>Get Your Airbnb Revenue Estimate Today - Cielo Stays<\/title>\n<meta name=\"robots\" content=\"index, nofollow, max-snippet:-1, max-image-preview:large, max-video-preview:-1\" \/>\n<link rel=\"canonical\" href=\"https:\/\/cielostays.com\/fr\/obtenez-une-estimation-de-votre-revenu-airbnb-des-aujourdhui\/\" \/>\n<meta property=\"og:locale\" content=\"fr_CA\" \/>\n<meta property=\"og:type\" content=\"article\" \/>\n<meta property=\"og:title\" content=\"Get Your Airbnb Revenue Estimate Today - Cielo Stays\" \/>\n<meta property=\"og:description\" content=\"Book Your Property Revenue Strategy Call below to get your results:\" \/>\n<meta property=\"og:url\" content=\"https:\/\/cielostays.com\/fr\/obtenez-une-estimation-de-votre-revenu-airbnb-des-aujourdhui\/\" \/>\n<meta property=\"og:site_name\" content=\"Cielo Stays\" \/>\n<meta property=\"article:publisher\" content=\"https:\/\/facebook.com\/cielostays\" \/>\n<meta property=\"article:modified_time\" content=\"2024-11-07T19:30:09+00:00\" \/>\n<meta property=\"og:image\" content=\"https:\/\/cielostays.com\/wp-content\/uploads\/2024\/06\/image-1.webp\" \/>\n\t<meta property=\"og:image:width\" content=\"513\" \/>\n\t<meta property=\"og:image:height\" content=\"213\" \/>\n\t<meta property=\"og:image:type\" content=\"image\/webp\" \/>\n<meta name=\"twitter:card\" content=\"summary_large_image\" \/>\n<meta name=\"twitter:site\" content=\"@cielostays\" \/>\n<meta name=\"twitter:label1\" content=\"Estimation du temps de lecture\" \/>\n\t<meta name=\"twitter:data1\" content=\"1 minute\" \/>\n<script type=\"application\/ld+json\" class=\"yoast-schema-graph\">{\"@context\":\"https:\\\/\\\/schema.org\",\"@graph\":[{\"@type\":\"WebPage\",\"@id\":\"https:\\\/\\\/cielostays.com\\\/get-your-airbnb-revenue-estimate-today\\\/\",\"url\":\"https:\\\/\\\/cielostays.com\\\/get-your-airbnb-revenue-estimate-today\\\/\",\"name\":\"Get Your Airbnb Revenue Estimate Today - Cielo Stays\",\"isPartOf\":{\"@id\":\"https:\\\/\\\/cielostays.com\\\/#website\"},\"primaryImageOfPage\":{\"@id\":\"https:\\\/\\\/cielostays.com\\\/get-your-airbnb-revenue-estimate-today\\\/#primaryimage\"},\"image\":{\"@id\":\"https:\\\/\\\/cielostays.com\\\/get-your-airbnb-revenue-estimate-today\\\/#primaryimage\"},\"thumbnailUrl\":\"https:\\\/\\\/cielostays.com\\\/wp-content\\\/uploads\\\/2024\\\/06\\\/image-1.webp\",\"datePublished\":\"2024-06-24T19:44:00+00:00\",\"dateModified\":\"2024-11-07T19:30:09+00:00\",\"inLanguage\":\"fr-CA\",\"potentialAction\":[{\"@type\":\"ReadAction\",\"target\":[\"https:\\\/\\\/cielostays.com\\\/get-your-airbnb-revenue-estimate-today\\\/\"]}]},{\"@type\":\"ImageObject\",\"inLanguage\":\"fr-CA\",\"@id\":\"https:\\\/\\\/cielostays.com\\\/get-your-airbnb-revenue-estimate-today\\\/#primaryimage\",\"url\":\"https:\\\/\\\/cielostays.com\\\/wp-content\\\/uploads\\\/2024\\\/06\\\/image-1.webp\",\"contentUrl\":\"https:\\\/\\\/cielostays.com\\\/wp-content\\\/uploads\\\/2024\\\/06\\\/image-1.webp\",\"width\":513,\"height\":213,\"caption\":\"Airbnb Revenue Estimate\"},{\"@type\":\"WebSite\",\"@id\":\"https:\\\/\\\/cielostays.com\\\/#website\",\"url\":\"https:\\\/\\\/cielostays.com\\\/\",\"name\":\"Cielo Stays\",\"description\":\"Your Partner In Paradise\",\"publisher\":{\"@id\":\"https:\\\/\\\/cielostays.com\\\/#organization\"},\"potentialAction\":[{\"@type\":\"SearchAction\",\"target\":{\"@type\":\"EntryPoint\",\"urlTemplate\":\"https:\\\/\\\/cielostays.com\\\/?s={search_term_string}\"},\"query-input\":{\"@type\":\"PropertyValueSpecification\",\"valueRequired\":true,\"valueName\":\"search_term_string\"}}],\"inLanguage\":\"fr-CA\"},{\"@type\":\"Organization\",\"@id\":\"https:\\\/\\\/cielostays.com\\\/#organization\",\"name\":\"Cielo Stays\",\"url\":\"https:\\\/\\\/cielostays.com\\\/\",\"logo\":{\"@type\":\"ImageObject\",\"inLanguage\":\"fr-CA\",\"@id\":\"https:\\\/\\\/cielostays.com\\\/#\\\/schema\\\/logo\\\/image\\\/\",\"url\":\"https:\\\/\\\/cielostays.com\\\/wp-content\\\/uploads\\\/2022\\\/05\\\/logoForPage-1-1.webp\",\"contentUrl\":\"https:\\\/\\\/cielostays.com\\\/wp-content\\\/uploads\\\/2022\\\/05\\\/logoForPage-1-1.webp\",\"width\":222,\"height\":55,\"caption\":\"Cielo Stays\"},\"image\":{\"@id\":\"https:\\\/\\\/cielostays.com\\\/#\\\/schema\\\/logo\\\/image\\\/\"},\"sameAs\":[\"https:\\\/\\\/facebook.com\\\/cielostays\",\"https:\\\/\\\/x.com\\\/cielostays\",\"https:\\\/\\\/instagram.com\\\/cielostays\"]}]}<\/script>\n<!-- \/ Yoast SEO Premium plugin. -->","yoast_head_json":{"title":"Obtenez votre estimation de revenus Airbnb d\u00e8s aujourd'hui - Cielo Stays","robots":{"index":"index","follow":"nofollow","max-snippet":"max-snippet:-1","max-image-preview":"max-image-preview:large","max-video-preview":"max-video-preview:-1"},"canonical":"https:\/\/cielostays.com\/fr\/obtenez-une-estimation-de-votre-revenu-airbnb-des-aujourdhui\/","og_locale":"fr_CA","og_type":"article","og_title":"Get Your Airbnb Revenue Estimate Today - Cielo Stays","og_description":"Book Your Property Revenue Strategy Call below to get your results:","og_url":"https:\/\/cielostays.com\/fr\/obtenez-une-estimation-de-votre-revenu-airbnb-des-aujourdhui\/","og_site_name":"Cielo Stays","article_publisher":"https:\/\/facebook.com\/cielostays","article_modified_time":"2024-11-07T19:30:09+00:00","og_image":[{"width":513,"height":213,"url":"https:\/\/cielostays.com\/wp-content\/uploads\/2024\/06\/image-1.webp","type":"image\/webp"}],"twitter_card":"summary_large_image","twitter_site":"@cielostays","twitter_misc":{"Estimation du temps de lecture":"1 minute"},"schema":{"@context":"https:\/\/schema.org","@graph":[{"@type":"WebPage","@id":"https:\/\/cielostays.com\/get-your-airbnb-revenue-estimate-today\/","url":"https:\/\/cielostays.com\/get-your-airbnb-revenue-estimate-today\/","name":"Obtenez votre estimation de revenus Airbnb d\u00e8s aujourd'hui - Cielo Stays","isPartOf":{"@id":"https:\/\/cielostays.com\/#website"},"primaryImageOfPage":{"@id":"https:\/\/cielostays.com\/get-your-airbnb-revenue-estimate-today\/#primaryimage"},"image":{"@id":"https:\/\/cielostays.com\/get-your-airbnb-revenue-estimate-today\/#primaryimage"},"thumbnailUrl":"https:\/\/cielostays.com\/wp-content\/uploads\/2024\/06\/image-1.webp","datePublished":"2024-06-24T19:44:00+00:00","dateModified":"2024-11-07T19:30:09+00:00","inLanguage":"fr-CA","potentialAction":[{"@type":"ReadAction","target":["https:\/\/cielostays.com\/get-your-airbnb-revenue-estimate-today\/"]}]},{"@type":"ImageObject","inLanguage":"fr-CA","@id":"https:\/\/cielostays.com\/get-your-airbnb-revenue-estimate-today\/#primaryimage","url":"https:\/\/cielostays.com\/wp-content\/uploads\/2024\/06\/image-1.webp","contentUrl":"https:\/\/cielostays.com\/wp-content\/uploads\/2024\/06\/image-1.webp","width":513,"height":213,"caption":"Airbnb Revenue Estimate"},{"@type":"WebSite","@id":"https:\/\/cielostays.com\/#website","url":"https:\/\/cielostays.com\/","name":"S\u00e9jours Cielo","description":"Votre partenaire au paradis","publisher":{"@id":"https:\/\/cielostays.com\/#organization"},"potentialAction":[{"@type":"SearchAction","target":{"@type":"EntryPoint","urlTemplate":"https:\/\/cielostays.com\/?s={search_term_string}"},"query-input":{"@type":"PropertyValueSpecification","valueRequired":true,"valueName":"search_term_string"}}],"inLanguage":"fr-CA"},{"@type":"Organization","@id":"https:\/\/cielostays.com\/#organization","name":"S\u00e9jours Cielo","url":"https:\/\/cielostays.com\/","logo":{"@type":"ImageObject","inLanguage":"fr-CA","@id":"https:\/\/cielostays.com\/#\/schema\/logo\/image\/","url":"https:\/\/cielostays.com\/wp-content\/uploads\/2022\/05\/logoForPage-1-1.webp","contentUrl":"https:\/\/cielostays.com\/wp-content\/uploads\/2022\/05\/logoForPage-1-1.webp","width":222,"height":55,"caption":"Cielo Stays"},"image":{"@id":"https:\/\/cielostays.com\/#\/schema\/logo\/image\/"},"sameAs":["https:\/\/facebook.com\/cielostays","https:\/\/x.com\/cielostays","https:\/\/instagram.com\/cielostays"]}]}},"spectra_custom_meta":{"_edit_lock":["1731007860:4"],"_edit_last":["4"],"_yoast_indexnow_last_ping":["1731007809"],"hefo_before":["0"],"hefo_after":["0"],"use_as_listing":[""],"_yoast_wpseo_focuskeywords":["[]"],"_yoast_wpseo_keywordsynonyms":["[\"\"]"],"_yoast_wpseo_estimated-reading-time-minutes":["1"],"_yoast_wpseo_meta-robots-nofollow":["1"],"_yoast_wpseo_wordproof_timestamp":[""],"_yoast_wpseo_content_score":["90"],"_yoast_post_redirect_info":["a:4:{s:6:\"origin\";s:46:\"we-are-working-on-your-airbnb-revenue-estimate\";s:6:\"target\";s:38:\"get-your-airbnb-revenue-estimate-today\";s:4:\"type\";i:301;s:6:\"format\";s:5:\"plain\";}"],"_thumbnail_id":["7060"],"_wp_page_template":["elementor_theme"],"gutentor_dynamic_css":[""],"gutentor_css_info":["a:4:{s:7:\"version\";s:5:\"3.3.9\";s:13:\"saved_version\";i:14;s:6:\"is_rtl\";b:0;s:6:\"blocks\";a:0:{}}"],"_elementor_page_assets":["a:0:{}"],"_uag_page_assets":["a:9:{s:3:\"css\";s:10803:\" .uagb-block-1615ac48.uagb-icon-wrapper{text-align: center;} .uagb-block-1615ac48.uagb-icon-wrapper .uagb-svg-wrapper a{display: contents;} .uagb-block-1615ac48.uagb-icon-wrapper svg{width: 40px;height: 40px;transform: rotate(0deg);box-sizing: content-box;fill: #333;filter: drop-shadow( 0px 0px 0px #00000070 );} .uagb-block-1615ac48.uagb-icon-wrapper .uagb-svg-wrapper{display: inline-flex;padding-top: 5px;padding-right: 5px;padding-bottom: 5px;padding-left: 5px;border-style: default;box-shadow: 0px 0px 0 #00000070 ;} .uagb-block-1615ac48.uagb-icon-wrapper .uagb-svg-wrapper:hover{box-shadow: 0px 0px 0 #00000070 ;} .uagb-block-1615ac48.uagb-icon-wrapper .uagb-svg-wrapper:focus-visible{box-shadow: 0px 0px 0 #00000070 ;}@media only screen and (max-width: 976px) { .uagb-block-1615ac48.uagb-icon-wrapper .uagb-svg-wrapper{display: inline-flex;}}@media only screen and (max-width: 767px) { .uagb-block-1615ac48.uagb-icon-wrapper .uagb-svg-wrapper{display: inline-flex;}}.wp-block-uagb-advanced-heading.uagb-block-b8f9d690.wp-block-uagb-advanced-heading .uagb-desc-text{margin-bottom: 15px;}.wp-block-uagb-advanced-heading.uagb-block-b8f9d690.wp-block-uagb-advanced-heading .uagb-highlight{font-style: normal;font-weight: Default;background: #007cba;color: #fff;-webkit-text-fill-color: #fff;}.wp-block-uagb-advanced-heading.uagb-block-b8f9d690.wp-block-uagb-advanced-heading .uagb-highlight::-moz-selection{color: #fff;background: #007cba;-webkit-text-fill-color: #fff;}.wp-block-uagb-advanced-heading.uagb-block-b8f9d690.wp-block-uagb-advanced-heading .uagb-highlight::selection{color: #fff;background: #007cba;-webkit-text-fill-color: #fff;}.wp-block-uagb-advanced-heading.uagb-block-9ad0b20f.wp-block-uagb-advanced-heading .uagb-heading-text{color: var(--ast-global-color-3);}.wp-block-uagb-advanced-heading.uagb-block-9ad0b20f.wp-block-uagb-advanced-heading .uagb-desc-text{margin-bottom: 15px;}.wp-block-uagb-advanced-heading.uagb-block-9ad0b20f.wp-block-uagb-advanced-heading .uagb-highlight{font-style: normal;font-weight: Default;background: #007cba;color: #fff;-webkit-text-fill-color: #fff;}.wp-block-uagb-advanced-heading.uagb-block-9ad0b20f.wp-block-uagb-advanced-heading .uagb-highlight::-moz-selection{color: #fff;background: #007cba;-webkit-text-fill-color: #fff;}.wp-block-uagb-advanced-heading.uagb-block-9ad0b20f.wp-block-uagb-advanced-heading .uagb-highlight::selection{color: #fff;background: #007cba;-webkit-text-fill-color: #fff;}.wp-block-uagb-icon-list.uagb-block-94ee0b40 .uagb-icon-list__source-image{width: 16px;}.wp-block-uagb-icon-list.uagb-block-94ee0b40 .wp-block-uagb-icon-list-child .uagb-icon-list__source-wrap svg{width: 16px;height: 16px;font-size: 16px;}.wp-block-uagb-icon-list.uagb-block-94ee0b40 .wp-block-uagb-icon-list-child .uagb-icon-list__source-wrap{padding: 0px;border-radius: 0px;border-width: 0px;align-self: center;}.wp-block-uagb-icon-list.uagb-block-94ee0b40 .wp-block-uagb-icon-list-child .uagb-icon-list__label{text-decoration: !important;line-height: em;}.wp-block-uagb-icon-list.uagb-block-94ee0b40 .uagb-icon-list__wrap{display: flex;flex-direction: column;justify-content: center;-webkit-box-pack: center;-ms-flex-pack: center;-webkit-box-align: flex-start;-ms-flex-align: flex-start;align-items: flex-start;}.wp-block-uagb-icon-list.uagb-block-94ee0b40 .uagb-icon-list__label{text-align: left;}.wp-block-uagb-icon-list.uagb-block-94ee0b40 .wp-block-uagb-icon-list-child{text-decoration: !important;line-height: em;}.wp-block-uagb-icon-list.uagb-block-94ee0b40.wp-block-uagb-icon-list .wp-block-uagb-icon-list-child{margin-left: 0;margin-right: 0;margin-bottom: 10px;}.wp-block-uagb-icon-list.uagb-block-94ee0b40 .uagb-icon-list__source-wrap{margin-right: 15px;}.uagb-block-863cc552.wp-block-uagb-icon-list-child .uagb-icon-list__source-wrap{background:  !important;border-color:  !important;}.uagb-block-863cc552.wp-block-uagb-icon-list-child:hover .uagb-icon-list__source-wrap{background:  !important;border-color:  !important;}.uagb-block-46258b1d.wp-block-uagb-icon-list-child .uagb-icon-list__source-wrap{background:  !important;border-color:  !important;}.uagb-block-46258b1d.wp-block-uagb-icon-list-child:hover .uagb-icon-list__source-wrap{background:  !important;border-color:  !important;}.uagb-block-3e04fbad.wp-block-uagb-icon-list-child .uagb-icon-list__source-wrap{background:  !important;border-color:  !important;}.uagb-block-3e04fbad.wp-block-uagb-icon-list-child:hover .uagb-icon-list__source-wrap{background:  !important;border-color:  !important;}@media only screen and (max-width: 976px) {.wp-block-uagb-icon-list.uagb-block-94ee0b40 .uagb-icon-list__source-image{width: 16px;}.wp-block-uagb-icon-list.uagb-block-94ee0b40 .wp-block-uagb-icon-list-child .uagb-icon-list__source-wrap svg{width: 16px;height: 16px;font-size: 16px;}.wp-block-uagb-icon-list.uagb-block-94ee0b40 .wp-block-uagb-icon-list-child .uagb-icon-list__source-wrap {padding: 0px;border-width: 0px;align-self: center;}.wp-block-uagb-icon-list.uagb-block-94ee0b40 .uagb-icon-list__wrap{display: flex;flex-direction: column;justify-content: center;-webkit-box-pack: center;-ms-flex-pack: center;-webkit-box-align: flex-start;-ms-flex-align: flex-start;align-items: flex-start;}.wp-block-uagb-icon-list.uagb-block-94ee0b40.wp-block-uagb-icon-list .wp-block-uagb-icon-list-child{margin-left: 0;margin-right: 0;margin-bottom: 10px;}}@media only screen and (max-width: 767px) {.wp-block-uagb-icon-list.uagb-block-94ee0b40 .uagb-icon-list__source-image{width: 16px;}.wp-block-uagb-icon-list.uagb-block-94ee0b40 .wp-block-uagb-icon-list-child .uagb-icon-list__source-wrap svg{width: 16px;height: 16px;font-size: 16px;}.wp-block-uagb-icon-list.uagb-block-94ee0b40 .wp-block-uagb-icon-list-child .uagb-icon-list__source-wrap{padding: 0px;border-width: 0px;align-self: center;}.wp-block-uagb-icon-list.uagb-block-94ee0b40 .uagb-icon-list__wrap{display: flex;flex-direction: column;justify-content: center;-webkit-box-pack: center;-ms-flex-pack: center;-webkit-box-align: flex-start;-ms-flex-align: flex-start;align-items: flex-start;}.wp-block-uagb-icon-list.uagb-block-94ee0b40.wp-block-uagb-icon-list .wp-block-uagb-icon-list-child{margin-left: 0;margin-right: 0;margin-bottom: 10px;}}.wp-block-uagb-advanced-heading.uagb-block-747f1001.wp-block-uagb-advanced-heading .uagb-heading-text{color: var(--ast-global-color-2);}.wp-block-uagb-advanced-heading.uagb-block-747f1001.wp-block-uagb-advanced-heading .uagb-desc-text{margin-bottom: 15px;}.wp-block-uagb-advanced-heading.uagb-block-747f1001.wp-block-uagb-advanced-heading .uagb-highlight{font-style: normal;font-weight: Default;background: #007cba;color: #fff;-webkit-text-fill-color: #fff;}.wp-block-uagb-advanced-heading.uagb-block-747f1001.wp-block-uagb-advanced-heading .uagb-highlight::-moz-selection{color: #fff;background: #007cba;-webkit-text-fill-color: #fff;}.wp-block-uagb-advanced-heading.uagb-block-747f1001.wp-block-uagb-advanced-heading .uagb-highlight::selection{color: #fff;background: #007cba;-webkit-text-fill-color: #fff;}.wp-block-uagb-icon-list.uagb-block-29e7c130 .uagb-icon-list__source-image{width: 16px;}.wp-block-uagb-icon-list.uagb-block-29e7c130 .wp-block-uagb-icon-list-child .uagb-icon-list__source-wrap svg{width: 16px;height: 16px;font-size: 16px;}.wp-block-uagb-icon-list.uagb-block-29e7c130 .wp-block-uagb-icon-list-child .uagb-icon-list__source-wrap{padding: 0px;border-radius: 0px;border-width: 0px;align-self: center;}.wp-block-uagb-icon-list.uagb-block-29e7c130 .wp-block-uagb-icon-list-child .uagb-icon-list__label{text-decoration: !important;line-height: em;}.wp-block-uagb-icon-list.uagb-block-29e7c130 .uagb-icon-list__wrap{display: flex;flex-direction: column;justify-content: center;-webkit-box-pack: center;-ms-flex-pack: center;-webkit-box-align: flex-start;-ms-flex-align: flex-start;align-items: flex-start;}.wp-block-uagb-icon-list.uagb-block-29e7c130 .uagb-icon-list__label{text-align: left;}.wp-block-uagb-icon-list.uagb-block-29e7c130 .wp-block-uagb-icon-list-child{text-decoration: !important;line-height: em;}.wp-block-uagb-icon-list.uagb-block-29e7c130.wp-block-uagb-icon-list .wp-block-uagb-icon-list-child{margin-left: 0;margin-right: 0;margin-bottom: 10px;}.wp-block-uagb-icon-list.uagb-block-29e7c130 .uagb-icon-list__source-wrap{margin-right: 15px;}.uagb-block-b6f72567.wp-block-uagb-icon-list-child .uagb-icon-list__source-wrap{background:  !important;border-color:  !important;}.uagb-block-b6f72567.wp-block-uagb-icon-list-child:hover .uagb-icon-list__source-wrap{background:  !important;border-color:  !important;}.uagb-block-7590fb3c.wp-block-uagb-icon-list-child .uagb-icon-list__source-wrap{background:  !important;border-color:  !important;}.uagb-block-7590fb3c.wp-block-uagb-icon-list-child:hover .uagb-icon-list__source-wrap{background:  !important;border-color:  !important;}.uagb-block-57ff6161.wp-block-uagb-icon-list-child .uagb-icon-list__source-wrap{background:  !important;border-color:  !important;}.uagb-block-57ff6161.wp-block-uagb-icon-list-child:hover .uagb-icon-list__source-wrap{background:  !important;border-color:  !important;}@media only screen and (max-width: 976px) {.wp-block-uagb-icon-list.uagb-block-29e7c130 .uagb-icon-list__source-image{width: 16px;}.wp-block-uagb-icon-list.uagb-block-29e7c130 .wp-block-uagb-icon-list-child .uagb-icon-list__source-wrap svg{width: 16px;height: 16px;font-size: 16px;}.wp-block-uagb-icon-list.uagb-block-29e7c130 .wp-block-uagb-icon-list-child .uagb-icon-list__source-wrap {padding: 0px;border-width: 0px;align-self: center;}.wp-block-uagb-icon-list.uagb-block-29e7c130 .uagb-icon-list__wrap{display: flex;flex-direction: column;justify-content: center;-webkit-box-pack: center;-ms-flex-pack: center;-webkit-box-align: flex-start;-ms-flex-align: flex-start;align-items: flex-start;}.wp-block-uagb-icon-list.uagb-block-29e7c130.wp-block-uagb-icon-list .wp-block-uagb-icon-list-child{margin-left: 0;margin-right: 0;margin-bottom: 10px;}}@media only screen and (max-width: 767px) {.wp-block-uagb-icon-list.uagb-block-29e7c130 .uagb-icon-list__source-image{width: 16px;}.wp-block-uagb-icon-list.uagb-block-29e7c130 .wp-block-uagb-icon-list-child .uagb-icon-list__source-wrap svg{width: 16px;height: 16px;font-size: 16px;}.wp-block-uagb-icon-list.uagb-block-29e7c130 .wp-block-uagb-icon-list-child .uagb-icon-list__source-wrap{padding: 0px;border-width: 0px;align-self: center;}.wp-block-uagb-icon-list.uagb-block-29e7c130 .uagb-icon-list__wrap{display: flex;flex-direction: column;justify-content: center;-webkit-box-pack: center;-ms-flex-pack: center;-webkit-box-align: flex-start;-ms-flex-align: flex-start;align-items: flex-start;}.wp-block-uagb-icon-list.uagb-block-29e7c130.wp-block-uagb-icon-list .wp-block-uagb-icon-list-child{margin-left: 0;margin-right: 0;margin-bottom: 10px;}}\";s:2:\"js\";s:575:\"document.addEventListener(\"DOMContentLoaded\", function(){ \t\t\t\twindow.addEventListener( 'DOMContentLoaded', () => {\n\t\t\t\t\tconst blockScope = document.querySelector( '.uagb-block-1615ac48' );\n\t\t\t\t\tif ( ! blockScope ) {\n\t\t\t\t\t\treturn;\n\t\t\t\t\t}\n\n\t\t\t\t\tconst anchorElement = blockScope.querySelector('a');\n\t\t\t\t\tif (!anchorElement) {\n\t\t\t\t\t\treturn;\n\t\t\t\t\t} \n\n\t\t\t\t\t \n\t\t\t\t\tblockScope.addEventListener('keydown', (event) => {\n\t\t\t\t\t\tif ( 13 === event.keyCode || 32 === event.keyCode ) {\n\t\t\t\t\t\t\tevent.preventDefault();\n\t\t\t\t\t\t\t \n\t\t\t\t\t\t\tanchorElement.click();\t\n\t\t\t\t\t\t}\n\t\t\t\t\t} );\n\t\t\t\t} );\n\t\t\t });\";s:18:\"current_block_list\";a:22:{i:0;s:12:\"core\/heading\";i:1;s:9:\"core\/html\";i:2;s:10:\"core\/image\";i:3;s:11:\"core\/search\";i:4;s:10:\"core\/group\";i:5;s:17:\"core\/latest-posts\";i:6;s:20:\"core\/latest-comments\";i:7;s:13:\"core\/archives\";i:8;s:15:\"core\/categories\";i:9;s:14:\"core\/paragraph\";i:10;s:17:\"core\/social-links\";i:11;s:16:\"core\/social-link\";i:12;s:12:\"core\/columns\";i:13;s:11:\"core\/column\";i:14;s:14:\"core\/separator\";i:15;s:21:\"trp\/language-switcher\";i:18;s:9:\"uagb\/icon\";i:19;s:21:\"uagb\/advanced-heading\";i:20;s:9:\"core\/list\";i:21;s:14:\"core\/list-item\";i:22;s:14:\"uagb\/icon-list\";i:23;s:20:\"uagb\/icon-list-child\";}s:8:\"uag_flag\";b:1;s:11:\"uag_version\";s:10:\"1777704414\";s:6:\"gfonts\";a:0:{}s:10:\"gfonts_url\";s:0:\"\";s:12:\"gfonts_files\";a:0:{}s:14:\"uag_faq_layout\";b:0;}"]},"uagb_featured_image_src":{"full":["https:\/\/cielostays.com\/wp-content\/uploads\/2024\/06\/image-1.webp",513,213,false],"thumbnail":["https:\/\/cielostays.com\/wp-content\/uploads\/2024\/06\/image-1.webp",150,62,false],"medium":["https:\/\/cielostays.com\/wp-content\/uploads\/2024\/06\/image-1.webp",300,125,false],"medium_large":["https:\/\/cielostays.com\/wp-content\/uploads\/2024\/06\/image-1.webp",513,213,false],"large":["https:\/\/cielostays.com\/wp-content\/uploads\/2024\/06\/image-1.webp",513,213,false],"1536x1536":["https:\/\/cielostays.com\/wp-content\/uploads\/2024\/06\/image-1.webp",513,213,false],"2048x2048":["https:\/\/cielostays.com\/wp-content\/uploads\/2024\/06\/image-1.webp",513,213,false],"trp-custom-language-flag":["https:\/\/cielostays.com\/wp-content\/uploads\/2024\/06\/image-1.webp",18,7,false],"gamipress-points":["https:\/\/cielostays.com\/wp-content\/uploads\/2024\/06\/image-1.webp",100,42,false],"gamipress-achievement":["https:\/\/cielostays.com\/wp-content\/uploads\/2024\/06\/image-1.webp",100,42,false],"gamipress-rank":["https:\/\/cielostays.com\/wp-content\/uploads\/2024\/06\/image-1.webp",100,42,false],"woocommerce_thumbnail":["https:\/\/cielostays.com\/wp-content\/uploads\/2024\/06\/image-1-200x200.webp",200,200,true],"woocommerce_single":["https:\/\/cielostays.com\/wp-content\/uploads\/2024\/06\/image-1.webp",513,213,false],"woocommerce_gallery_thumbnail":["https:\/\/cielostays.com\/wp-content\/uploads\/2024\/06\/image-1-100x100.webp",100,100,true]},"uagb_author_info":{"display_name":"Jose Miori","author_link":"https:\/\/cielostays.com\/fr\/author\/josemiori\/"},"uagb_comment_info":0,"uagb_excerpt":"Book Your Property Revenue Strategy Call below to get your results:","_links":{"self":[{"href":"https:\/\/cielostays.com\/fr\/wp-json\/wp\/v2\/pages\/7040","targetHints":{"allow":["GET"]}}],"collection":[{"href":"https:\/\/cielostays.com\/fr\/wp-json\/wp\/v2\/pages"}],"about":[{"href":"https:\/\/cielostays.com\/fr\/wp-json\/wp\/v2\/types\/page"}],"author":[{"embeddable":true,"href":"https:\/\/cielostays.com\/fr\/wp-json\/wp\/v2\/users\/4"}],"replies":[{"embeddable":true,"href":"https:\/\/cielostays.com\/fr\/wp-json\/wp\/v2\/comments?post=7040"}],"version-history":[{"count":0,"href":"https:\/\/cielostays.com\/fr\/wp-json\/wp\/v2\/pages\/7040\/revisions"}],"wp:featuredmedia":[{"embeddable":true,"href":"https:\/\/cielostays.com\/fr\/wp-json\/wp\/v2\/media\/7060"}],"wp:attachment":[{"href":"https:\/\/cielostays.com\/fr\/wp-json\/wp\/v2\/media?parent=7040"}],"curies":[{"name":"wp","href":"https:\/\/api.w.org\/{rel}","templated":true}]}}