{"id":6358,"date":"2024-04-20T09:07:53","date_gmt":"2024-04-20T13:07:53","guid":{"rendered":"https:\/\/cielostays.com\/?page_id=6358"},"modified":"2025-03-10T08:28:14","modified_gmt":"2025-03-10T12:28:14","slug":"licence-airbnb-hollywood-floride","status":"publish","type":"page","link":"https:\/\/cielostays.com\/fr\/airbnb-license-hollywood-florida\/","title":{"rendered":"Obtenez votre licence Airbnb Hollywood Florida ou obtenez 1 \u00e9norme amende."},"content":{"rendered":"<pre class=\"wp-block-verse\">Vous poss\u00e9dez une propri\u00e9t\u00e9 \u00e0 Hollywood en Floride et vous souhaitez commencer \u00e0 louer sur Airbnb ? Lisez ci-dessous pour comprendre les r\u00e8gles de location \u00e0 court terme<\/pre>\n\n\n\n<p>Avant d&#039;aller sur Airbnb, de prendre des photos et de publier votre propri\u00e9t\u00e9, vous devez obtenir votre licence Airbnb Hollywood Florida.<\/p>\n\n\n\n<p>Hollywood est tr\u00e8s pr\u00e9occup\u00e9 par les locations de vacances, en particulier dans les zones r\u00e9sidentielles, en raison des probl\u00e8mes pass\u00e9s li\u00e9s aux f\u00eates sauvages dans les propri\u00e9t\u00e9s Airbnb.<\/p>\n\n\n\n<p>La ville s&#039;efforce d&#039;am\u00e9liorer la qualit\u00e9 de vie des r\u00e9sidents et des touristes en mettant en \u0153uvre une r\u00e9glementation sur les locations \u00e0 court terme. Ils se concentrent sur la cr\u00e9ation d\u2019un environnement s\u00fbr pour les vacances dans notre belle ville et nos plages. Cette initiative vise \u00e0 attirer davantage de visiteurs et \u00e0 garantir que chacun puisse profiter de son s\u00e9jour ici. L&#039;objectif est de faire de la ville une destination pris\u00e9e tant pour les habitants que pour les touristes gr\u00e2ce aux locations \u00e0 court terme d&#039;Hollywood.<\/p>\n\n\n\n<div class=\"wp-block-columns is-layout-flex wp-container-core-columns-is-layout-28f84493 wp-block-columns-is-layout-flex\">\n<div class=\"wp-block-column is-layout-flow wp-block-column-is-layout-flow\" style=\"flex-basis:33.33%\">\n<figure class=\"wp-block-image size-large\"><img loading=\"lazy\" decoding=\"async\" width=\"1024\" height=\"576\" src=\"https:\/\/cielostays.com\/wp-content\/uploads\/2024\/04\/DJI_0012-1024x576.webp\" alt=\"Obtenez votre licence Airbnb Hollywood Florida ou recevez une \u00e9norme amende.\" class=\"wp-image-6361\" srcset=\"https:\/\/cielostays.com\/wp-content\/uploads\/2024\/04\/DJI_0012-1024x576.webp 1024w, https:\/\/cielostays.com\/wp-content\/uploads\/2024\/04\/DJI_0012-scaled-600x338.webp 600w, https:\/\/cielostays.com\/wp-content\/uploads\/2024\/04\/DJI_0012-300x169.webp 300w, https:\/\/cielostays.com\/wp-content\/uploads\/2024\/04\/DJI_0012-768x432.webp 768w, https:\/\/cielostays.com\/wp-content\/uploads\/2024\/04\/DJI_0012-1536x864.webp 1536w, https:\/\/cielostays.com\/wp-content\/uploads\/2024\/04\/DJI_0012-scaled.webp 1920w, https:\/\/cielostays.com\/wp-content\/uploads\/2024\/04\/DJI_0012-18x10.webp 18w\" sizes=\"auto, (max-width: 1024px) 100vw, 1024px\" \/><\/figure>\n<\/div>\n\n\n\n<div class=\"wp-block-column is-layout-flow wp-block-column-is-layout-flow\" style=\"flex-basis:66.66%\">\n<h2 class=\"wp-block-heading has-medium-font-size\">Qui a besoin d\u2019une licence Airbnb Hollywood Florida de la ville d\u2019Hollywood\u00a0?<\/h2>\n\n\n\n<p>Tout propri\u00e9taire annon\u00e7ant une propri\u00e9t\u00e9 unifamiliale ou un condo \u00e0 louer pour des p\u00e9riodes de moins de trente (30) jours ou d&#039;un (1) mois civil.<\/p>\n\n\n\n<p>La ville impose de lourdes amendes aux propri\u00e9t\u00e9s exploit\u00e9es sans permis. <\/p>\n<\/div>\n<\/div>\n\n\n\n<h3 class=\"wp-block-heading has-medium-font-size\">Que faut-il d&#039;autre pour obtenir votre licence Airbnb \u00e0 Hollywood en Floride\u00a0?<\/h3>\n\n\n\n<p>Depuis la ville, vous aurez \u00e9galement besoin d&#039;un Local <a href=\"https:\/\/www.hollywoodfl.org\/218\/Local-Business-Tax\" target=\"_blank\" rel=\"noreferrer noopener nofollow\"><strong><em>Re\u00e7u fiscal pour les entreprises<\/em><\/strong>.<\/a><\/p>\n\n\n\n<p>Plusieurs agences municipales, \u00e9tatiques et d\u00e9partementales r\u00e9glementent les march\u00e9s de la location de vacances et de location \u00e0 court terme. Vous trouverez ci-dessous les r\u00e8gles de location \u00e0 court terme pour Hollywood FL.<\/p>\n\n\n\n<p>Pour l&#039;\u00c9tat de Floride, vous devez obtenir une licence de location de vacances aupr\u00e8s du <a href=\"https:\/\/www.myfloridalicense.com\/intentions2.asp?chBoard=true&amp;SID=&amp;boardid=200&amp;professionid=2007\" target=\"_blank\" rel=\"noreferrer noopener nofollow\"><strong><em>DPBR<\/em><\/strong><\/a>.<\/p>\n\n\n\n<p>Si vous envisagez de proposer votre propri\u00e9t\u00e9 sur d&#039;autres sites comme Booking ou VRBO, il est important de vous assurer que vous respectez toutes les exigences fiscales n\u00e9cessaires. <\/p>\n\n\n\n<p>Cela inclut l&#039;inscription \u00e0 un<a href=\"https:\/\/floridarevenue.com\/taxes\/taxesfees\/Pages\/sales_tax.aspx\" target=\"_blank\" rel=\"noreferrer noopener nofollow\"> Taxe de vente et d&#039;utilisation<\/a> re\u00e7u, ainsi que l&#039;obtention d&#039;une taxe de d\u00e9veloppement touristique et d&#039;un re\u00e7u fiscal du comt\u00e9 pour le comt\u00e9 de Broward.<\/p>\n\n\n\n<p> Le re\u00e7u fiscal de vente et d&#039;usage est n\u00e9cessaire pour percevoir et verser les taxes sur les revenus locatifs de votre propri\u00e9t\u00e9. Cette taxe est g\u00e9n\u00e9ralement factur\u00e9e sur le montant de la location et doit \u00eatre d\u00e9clar\u00e9e et pay\u00e9e aux autorit\u00e9s fiscales comp\u00e9tentes. <\/p>\n\n\n\n<p>Le <a href=\"https:\/\/www.broward.org\/RecordsTaxesTreasury\/TaxesFees\/Pages\/TouristDevelopmentTaxes.aspx#:~:text=Taxes%20And%20Fees%20Tourist%20Development%20Tax&amp;text=%E2%80%8B%E2%80%8BThe%20Tourist%20Development,Tax%20Rate%20is%206%20percent.\" target=\"_blank\" rel=\"noreferrer noopener nofollow\">Taxe de d\u00e9veloppement touristique<\/a> est une taxe impos\u00e9e sur les locations de logements pour une dur\u00e9e de six mois ou moins. Cette taxe est utilis\u00e9e pour soutenir les activit\u00e9s et les infrastructures li\u00e9es au tourisme dans le comt\u00e9 de Broward. <\/p>\n\n\n\n<p>Il est important de collecter et de reverser cette taxe conform\u00e9ment \u00e0 la r\u00e9glementation du comt\u00e9. De plus, l&#039;obtention d&#039;un <a href=\"https:\/\/broward.county-taxes.com\/btexpress\" target=\"_blank\" rel=\"noreferrer noopener nofollow\">Re\u00e7u fiscal du comt\u00e9<\/a> est n\u00e9cessaire pour exploiter un immeuble locatif dans le comt\u00e9 de Broward. <\/p>\n\n\n\n<h3 class=\"wp-block-heading\">Id\u00e9e fausse courante sur la taxe de vente, d&#039;utilisation et de d\u00e9veloppement touristique<\/h3>\n\n\n\n<p>Plusieurs agents immobiliers s&#039;adressant aux locataires snowbirds \u00e0 court terme pour des s\u00e9jours de 2 \u00e0 3 mois n\u00e9gligent souvent de collecter et de remettre les taxes de vente et d&#039;utilisation et de d\u00e9veloppement touristique. <\/p>\n\n\n\n<p>Il est crucial pour les propri\u00e9taires qui confient leur gestion \u00e0 des agents moins exp\u00e9riment\u00e9s de s&#039;assurer que ces agents g\u00e8rent avec diligence leurs obligations fiscales. <\/p>\n\n\n\n<p>Le fait de ne pas collecter et payer ces taxes peut potentiellement rendre les propri\u00e9taires responsables des sommes impay\u00e9es. Pour vous prot\u00e9ger en tant que propri\u00e9taire, vous devez rester inform\u00e9 et vous assurer que votre agent est au courant de ses responsabilit\u00e9s fiscales.<\/p>\n\n\n\n<p>Voir ci-dessous les r\u00e9f\u00e9rences aux sources appropri\u00e9es dans l&#039;\u00c9tat de Floride et le comt\u00e9 de Broward.<\/p>\n\n\n\n<figure class=\"wp-block-image size-large is-resized\"><img loading=\"lazy\" decoding=\"async\" width=\"1024\" height=\"330\" src=\"https:\/\/cielostays.com\/wp-content\/uploads\/2024\/04\/image-1024x330.webp\" alt=\"Taxe de d\u00e9veloppement touristique de Broward\" class=\"wp-image-6363\" style=\"width:580px;height:auto\" srcset=\"https:\/\/cielostays.com\/wp-content\/uploads\/2024\/04\/image-1024x330.webp 1024w, https:\/\/cielostays.com\/wp-content\/uploads\/2024\/04\/image-600x193.webp 600w, https:\/\/cielostays.com\/wp-content\/uploads\/2024\/04\/image-300x97.webp 300w, https:\/\/cielostays.com\/wp-content\/uploads\/2024\/04\/image-768x247.webp 768w, https:\/\/cielostays.com\/wp-content\/uploads\/2024\/04\/image-18x6.webp 18w, https:\/\/cielostays.com\/wp-content\/uploads\/2024\/04\/image.webp 1205w\" sizes=\"auto, (max-width: 1024px) 100vw, 1024px\" \/><\/figure>\n\n\n\n<blockquote class=\"wp-block-quote is-layout-flow wp-block-quote-is-layout-flow\">\n<p><strong>Qu\u2019est-ce qui est imposable ?<br><\/strong>La taxe de vente de l&#039;\u00c9tat 6% de Floride, plus toute surtaxe de vente discr\u00e9tionnaire applicable, s&#039;applique aux frais de location ou<br>tarifs des chambres pay\u00e9s pour le droit d&#039;utiliser ou d&#039;occuper des locaux d&#039;habitation ou de couchage ou de m\u00e9nage<br>des logements pour <em><strong>p\u00e9riodes de location de six mois ou moins,<\/strong><\/em> souvent appel\u00e9 \u00ab logements locatifs temporaires \u00bb<br>ou \u00ab\u00a0locations transitoires\u00a0\u00bb.<\/p>\n<cite>D\u00e9partement du Revenu de Floride<\/cite><\/blockquote>\n\n\n\n<h3 class=\"wp-block-heading\">Qui peut faire la licence Airbnb Hollywood Florida pour moi\u00a0?<\/h3>\n\n\n\n<p><strong><a href=\"https:\/\/cielostays.com\/fr\/maximize-your-propertys-potential-with-cielo-stays\/\">S\u00e9jours Cielo<\/a><\/strong>, la division location saisonni\u00e8re de <a href=\"https:\/\/www.urbanselectrealty.com\">Urban Select Realty Inc<\/a> est un service complet <a href=\"https:\/\/cielostays.com\/fr\/maximize-your-propertys-potential-with-cielo-stays\/\">Soci\u00e9t\u00e9 de gestion immobili\u00e8re Airbnb <\/a>bas\u00e9 \u00e0 Dania Beach, en Floride.<\/p>\n\n\n\n<p>\u00c0 Hollywood, en Floride, nous sommes en charge de la gestion de plus de 50 propri\u00e9t\u00e9s, chacune disposant de son propre ensemble de licences n\u00e9cessaires \u00e0 l&#039;exploitation. <\/p>\n\n\n\n<p>Nos services complets incluent la gestion de l\u2019ensemble du processus de licence sans frais pour nos propri\u00e9taires. <\/p>\n\n\n\n<p>Nous r\u00e9percutons uniquement les frais directement payables \u00e0 la ville, garantissant ainsi une approche transparente et rentable en mati\u00e8re de conformit\u00e9 des licences avec votre licence Airbnb Hollywood Florida.<\/p>\n\n\n\n<p>Pour plus d&#039;informations <a href=\"https:\/\/cielostays.com\/fr\/maximize-your-propertys-potential-with-cielo-stays\/\">Contactez-nous<\/a> <\/p>\n\n\n\n<pre class=\"wp-block-verse\"><em>NOTE<\/em>: Nous ne sommes ni avocats ni comptables, vous devez toujours demander conseil \u00e0 un professionnel pour les questions fiscales ou juridiques.<\/pre>\n\n\n\n<p><\/p>","protected":false},"excerpt":{"rendered":"<p>Do you own a property in Hollywood Florida and you want to start renting on Airbnb? Read below to understand the shortterm rental regulations Before you go to Airbnb, take pictures and publish your property, you need to get your Airbnb License Hollywood Florida. Hollywood is very concerned about vacation rentals, especially in residential areas, [&hellip;]<\/p>\n","protected":false},"author":4,"featured_media":6359,"parent":0,"menu_order":0,"comment_status":"closed","ping_status":"closed","template":"","meta":{"_uag_custom_page_level_css":"","_swt_meta_header_display":false,"_swt_meta_footer_display":false,"_swt_meta_site_title_display":false,"_swt_meta_sticky_header":false,"_swt_meta_transparent_header":false,"footnotes":""},"class_list":["post-6358","page","type-page","status-publish","has-post-thumbnail","hentry"],"yoast_head":"<!-- This site is optimized with the Yoast SEO Premium plugin v27.3 (Yoast SEO v27.3) - https:\/\/yoast.com\/product\/yoast-seo-premium-wordpress\/ -->\n<title>Get Your Airbnb License Hollywood Florida or Get 1 Huge Fine. - Cielo Stays<\/title>\n<meta name=\"robots\" content=\"index, follow, max-snippet:-1, max-image-preview:large, max-video-preview:-1\" \/>\n<link rel=\"canonical\" href=\"https:\/\/cielostays.com\/fr\/licence-airbnb-hollywood-floride\/\" \/>\n<meta property=\"og:locale\" content=\"fr_CA\" \/>\n<meta property=\"og:type\" content=\"article\" \/>\n<meta property=\"og:title\" content=\"Get Your Airbnb License Hollywood Florida or Get 1 Huge Fine. - Cielo Stays\" \/>\n<meta property=\"og:description\" content=\"Do you own a property in Hollywood Florida and you want to start renting on Airbnb? Read below to understand the shortterm rental regulations Before you go to Airbnb, take pictures and publish your property, you need to get your Airbnb License Hollywood Florida. Hollywood is very concerned about vacation rentals, especially in residential areas, [&hellip;]\" \/>\n<meta property=\"og:url\" content=\"https:\/\/cielostays.com\/fr\/licence-airbnb-hollywood-floride\/\" \/>\n<meta property=\"og:site_name\" content=\"Cielo Stays\" \/>\n<meta property=\"article:publisher\" content=\"https:\/\/facebook.com\/cielostays\" \/>\n<meta property=\"article:modified_time\" content=\"2025-03-10T12:28:14+00:00\" \/>\n<meta property=\"og:image\" content=\"https:\/\/cielostays.com\/wp-content\/uploads\/2024\/04\/Vacation-Rental-License-_-Hollywood-FL-Official-Website.webp\" \/>\n\t<meta property=\"og:image:width\" content=\"1133\" \/>\n\t<meta property=\"og:image:height\" content=\"795\" \/>\n\t<meta property=\"og:image:type\" content=\"image\/webp\" \/>\n<meta name=\"twitter:card\" content=\"summary_large_image\" \/>\n<meta name=\"twitter:site\" content=\"@cielostays\" \/>\n<meta name=\"twitter:label1\" content=\"Estimation du temps de lecture\" \/>\n\t<meta name=\"twitter:data1\" content=\"1 minute\" \/>\n<script type=\"application\/ld+json\" class=\"yoast-schema-graph\">{\"@context\":\"https:\\\/\\\/schema.org\",\"@graph\":[{\"@type\":\"WebPage\",\"@id\":\"https:\\\/\\\/cielostays.com\\\/airbnb-license-hollywood-florida\\\/\",\"url\":\"https:\\\/\\\/cielostays.com\\\/airbnb-license-hollywood-florida\\\/\",\"name\":\"Get Your Airbnb License Hollywood Florida or Get 1 Huge Fine. - Cielo Stays\",\"isPartOf\":{\"@id\":\"https:\\\/\\\/cielostays.com\\\/#website\"},\"primaryImageOfPage\":{\"@id\":\"https:\\\/\\\/cielostays.com\\\/airbnb-license-hollywood-florida\\\/#primaryimage\"},\"image\":{\"@id\":\"https:\\\/\\\/cielostays.com\\\/airbnb-license-hollywood-florida\\\/#primaryimage\"},\"thumbnailUrl\":\"https:\\\/\\\/cielostays.com\\\/wp-content\\\/uploads\\\/2024\\\/04\\\/Vacation-Rental-License-_-Hollywood-FL-Official-Website.webp\",\"datePublished\":\"2024-04-20T13:07:53+00:00\",\"dateModified\":\"2025-03-10T12:28:14+00:00\",\"inLanguage\":\"fr-CA\",\"potentialAction\":[{\"@type\":\"ReadAction\",\"target\":[\"https:\\\/\\\/cielostays.com\\\/airbnb-license-hollywood-florida\\\/\"]}]},{\"@type\":\"ImageObject\",\"inLanguage\":\"fr-CA\",\"@id\":\"https:\\\/\\\/cielostays.com\\\/airbnb-license-hollywood-florida\\\/#primaryimage\",\"url\":\"https:\\\/\\\/cielostays.com\\\/wp-content\\\/uploads\\\/2024\\\/04\\\/Vacation-Rental-License-_-Hollywood-FL-Official-Website.webp\",\"contentUrl\":\"https:\\\/\\\/cielostays.com\\\/wp-content\\\/uploads\\\/2024\\\/04\\\/Vacation-Rental-License-_-Hollywood-FL-Official-Website.webp\",\"width\":1133,\"height\":795,\"caption\":\"Airbnb License in Hollywood Florida\"},{\"@type\":\"WebSite\",\"@id\":\"https:\\\/\\\/cielostays.com\\\/#website\",\"url\":\"https:\\\/\\\/cielostays.com\\\/\",\"name\":\"Cielo Stays\",\"description\":\"Your Partner In Paradise\",\"publisher\":{\"@id\":\"https:\\\/\\\/cielostays.com\\\/#organization\"},\"potentialAction\":[{\"@type\":\"SearchAction\",\"target\":{\"@type\":\"EntryPoint\",\"urlTemplate\":\"https:\\\/\\\/cielostays.com\\\/?s={search_term_string}\"},\"query-input\":{\"@type\":\"PropertyValueSpecification\",\"valueRequired\":true,\"valueName\":\"search_term_string\"}}],\"inLanguage\":\"fr-CA\"},{\"@type\":\"Organization\",\"@id\":\"https:\\\/\\\/cielostays.com\\\/#organization\",\"name\":\"Cielo Stays\",\"url\":\"https:\\\/\\\/cielostays.com\\\/\",\"logo\":{\"@type\":\"ImageObject\",\"inLanguage\":\"fr-CA\",\"@id\":\"https:\\\/\\\/cielostays.com\\\/#\\\/schema\\\/logo\\\/image\\\/\",\"url\":\"https:\\\/\\\/cielostays.com\\\/wp-content\\\/uploads\\\/2022\\\/05\\\/logoForPage-1-1.webp\",\"contentUrl\":\"https:\\\/\\\/cielostays.com\\\/wp-content\\\/uploads\\\/2022\\\/05\\\/logoForPage-1-1.webp\",\"width\":222,\"height\":55,\"caption\":\"Cielo Stays\"},\"image\":{\"@id\":\"https:\\\/\\\/cielostays.com\\\/#\\\/schema\\\/logo\\\/image\\\/\"},\"sameAs\":[\"https:\\\/\\\/facebook.com\\\/cielostays\",\"https:\\\/\\\/x.com\\\/cielostays\",\"https:\\\/\\\/instagram.com\\\/cielostays\"]}]}<\/script>\n<!-- \/ Yoast SEO Premium plugin. -->","yoast_head_json":{"title":"Obtenez votre licence Airbnb \u00e0 Hollywood en Floride ou recevez une \u00e9norme amende. - Cielo Stays","robots":{"index":"index","follow":"follow","max-snippet":"max-snippet:-1","max-image-preview":"max-image-preview:large","max-video-preview":"max-video-preview:-1"},"canonical":"https:\/\/cielostays.com\/fr\/licence-airbnb-hollywood-floride\/","og_locale":"fr_CA","og_type":"article","og_title":"Get Your Airbnb License Hollywood Florida or Get 1 Huge Fine. - Cielo Stays","og_description":"Do you own a property in Hollywood Florida and you want to start renting on Airbnb? Read below to understand the shortterm rental regulations Before you go to Airbnb, take pictures and publish your property, you need to get your Airbnb License Hollywood Florida. Hollywood is very concerned about vacation rentals, especially in residential areas, [&hellip;]","og_url":"https:\/\/cielostays.com\/fr\/licence-airbnb-hollywood-floride\/","og_site_name":"Cielo Stays","article_publisher":"https:\/\/facebook.com\/cielostays","article_modified_time":"2025-03-10T12:28:14+00:00","og_image":[{"width":1133,"height":795,"url":"https:\/\/cielostays.com\/wp-content\/uploads\/2024\/04\/Vacation-Rental-License-_-Hollywood-FL-Official-Website.webp","type":"image\/webp"}],"twitter_card":"summary_large_image","twitter_site":"@cielostays","twitter_misc":{"Estimation du temps de lecture":"1 minute"},"schema":{"@context":"https:\/\/schema.org","@graph":[{"@type":"WebPage","@id":"https:\/\/cielostays.com\/airbnb-license-hollywood-florida\/","url":"https:\/\/cielostays.com\/airbnb-license-hollywood-florida\/","name":"Obtenez votre licence Airbnb \u00e0 Hollywood en Floride ou recevez une \u00e9norme amende. - Cielo Stays","isPartOf":{"@id":"https:\/\/cielostays.com\/#website"},"primaryImageOfPage":{"@id":"https:\/\/cielostays.com\/airbnb-license-hollywood-florida\/#primaryimage"},"image":{"@id":"https:\/\/cielostays.com\/airbnb-license-hollywood-florida\/#primaryimage"},"thumbnailUrl":"https:\/\/cielostays.com\/wp-content\/uploads\/2024\/04\/Vacation-Rental-License-_-Hollywood-FL-Official-Website.webp","datePublished":"2024-04-20T13:07:53+00:00","dateModified":"2025-03-10T12:28:14+00:00","inLanguage":"fr-CA","potentialAction":[{"@type":"ReadAction","target":["https:\/\/cielostays.com\/airbnb-license-hollywood-florida\/"]}]},{"@type":"ImageObject","inLanguage":"fr-CA","@id":"https:\/\/cielostays.com\/airbnb-license-hollywood-florida\/#primaryimage","url":"https:\/\/cielostays.com\/wp-content\/uploads\/2024\/04\/Vacation-Rental-License-_-Hollywood-FL-Official-Website.webp","contentUrl":"https:\/\/cielostays.com\/wp-content\/uploads\/2024\/04\/Vacation-Rental-License-_-Hollywood-FL-Official-Website.webp","width":1133,"height":795,"caption":"Airbnb License in Hollywood Florida"},{"@type":"WebSite","@id":"https:\/\/cielostays.com\/#website","url":"https:\/\/cielostays.com\/","name":"S\u00e9jours Cielo","description":"Votre partenaire au paradis","publisher":{"@id":"https:\/\/cielostays.com\/#organization"},"potentialAction":[{"@type":"SearchAction","target":{"@type":"EntryPoint","urlTemplate":"https:\/\/cielostays.com\/?s={search_term_string}"},"query-input":{"@type":"PropertyValueSpecification","valueRequired":true,"valueName":"search_term_string"}}],"inLanguage":"fr-CA"},{"@type":"Organization","@id":"https:\/\/cielostays.com\/#organization","name":"S\u00e9jours Cielo","url":"https:\/\/cielostays.com\/","logo":{"@type":"ImageObject","inLanguage":"fr-CA","@id":"https:\/\/cielostays.com\/#\/schema\/logo\/image\/","url":"https:\/\/cielostays.com\/wp-content\/uploads\/2022\/05\/logoForPage-1-1.webp","contentUrl":"https:\/\/cielostays.com\/wp-content\/uploads\/2022\/05\/logoForPage-1-1.webp","width":222,"height":55,"caption":"Cielo Stays"},"image":{"@id":"https:\/\/cielostays.com\/#\/schema\/logo\/image\/"},"sameAs":["https:\/\/facebook.com\/cielostays","https:\/\/x.com\/cielostays","https:\/\/instagram.com\/cielostays"]}]}},"spectra_custom_meta":{"_edit_lock":["1713784218:4"],"_thumbnail_id":["6359"],"_edit_last":["4"],"hefo_before":["0"],"hefo_after":["0"],"use_as_listing":[""],"_yoast_wpseo_estimated-reading-time-minutes":["1"],"_yoast_wpseo_wordproof_timestamp":[""],"_elementor_template_type":["wp-page"],"_elementor_version":["3.21.1"],"_elementor_pro_version":["3.21.0"],"rank_math_ca_keyword":["a:2:{s:7:\"keyword\";s:32:\"airbnb license hollywood florida\";s:7:\"country\";s:3:\"all\";}"],"rank_math_seo_score":["92"],"rank_math_focus_keyword":["airbnb license hollywood florida,short term rental regulations,airbnb property management company"],"rank_math_pillar_content":["on"],"rank_math_description":["Before you go to Airbnb and publish your property, you need to get several licenses and permits.  Learn how to get Your Airbnb License Hollywood Florida"],"rank_math_facebook_enable_image_overlay":["on"],"rank_math_contentai_score":["a:5:{s:9:\"wordCount\";s:3:\"100\";s:9:\"linkCount\";s:1:\"0\";s:12:\"headingCount\";s:2:\"64\";s:10:\"mediaCount\";s:1:\"0\";s:8:\"keywords\";s:5:\"42.11\";}"],"rank_math_auto_redirect":["a:1:{i:0;i:10;}"],"rank_math_internal_links_processed":["1"],"_trp_automatically_translated_slug_es_AR":["licencia-de-airbnb-en-hollywood-florida"],"_trp_automatically_translated_slug_nl_NL":["airbnb-licentie-hollywood-florida"],"_trp_automatically_translated_slug_pt_BR":["licenca-airbnb-hollywood-florida"],"_trp_automatically_translated_slug_fr_CA":["licence-airbnb-hollywood-floride"],"_trp_automatically_translated_slug_de_DE":["airbnb-lizenz-hollywood-florida"],"_yoast_indexnow_last_ping":["1741609695"],"_elementor_page_assets":["a:0:{}"]},"uagb_featured_image_src":{"full":["https:\/\/cielostays.com\/wp-content\/uploads\/2024\/04\/Vacation-Rental-License-_-Hollywood-FL-Official-Website.webp",1133,795,false],"thumbnail":["https:\/\/cielostays.com\/wp-content\/uploads\/2024\/04\/Vacation-Rental-License-_-Hollywood-FL-Official-Website-150x150.webp",150,150,true],"medium":["https:\/\/cielostays.com\/wp-content\/uploads\/2024\/04\/Vacation-Rental-License-_-Hollywood-FL-Official-Website-300x211.webp",300,211,true],"medium_large":["https:\/\/cielostays.com\/wp-content\/uploads\/2024\/04\/Vacation-Rental-License-_-Hollywood-FL-Official-Website-768x539.webp",768,539,true],"large":["https:\/\/cielostays.com\/wp-content\/uploads\/2024\/04\/Vacation-Rental-License-_-Hollywood-FL-Official-Website-1024x719.webp",1024,719,true],"1536x1536":["https:\/\/cielostays.com\/wp-content\/uploads\/2024\/04\/Vacation-Rental-License-_-Hollywood-FL-Official-Website.webp",1133,795,false],"2048x2048":["https:\/\/cielostays.com\/wp-content\/uploads\/2024\/04\/Vacation-Rental-License-_-Hollywood-FL-Official-Website.webp",1133,795,false],"trp-custom-language-flag":["https:\/\/cielostays.com\/wp-content\/uploads\/2024\/04\/Vacation-Rental-License-_-Hollywood-FL-Official-Website-18x12.webp",18,12,true],"gamipress-points":["https:\/\/cielostays.com\/wp-content\/uploads\/2024\/04\/Vacation-Rental-License-_-Hollywood-FL-Official-Website.webp",100,70,false],"gamipress-achievement":["https:\/\/cielostays.com\/wp-content\/uploads\/2024\/04\/Vacation-Rental-License-_-Hollywood-FL-Official-Website.webp",100,70,false],"gamipress-rank":["https:\/\/cielostays.com\/wp-content\/uploads\/2024\/04\/Vacation-Rental-License-_-Hollywood-FL-Official-Website.webp",100,70,false],"woocommerce_thumbnail":["https:\/\/cielostays.com\/wp-content\/uploads\/2024\/04\/Vacation-Rental-License-_-Hollywood-FL-Official-Website-200x200.webp",200,200,true],"woocommerce_single":["https:\/\/cielostays.com\/wp-content\/uploads\/2024\/04\/Vacation-Rental-License-_-Hollywood-FL-Official-Website-600x421.webp",600,421,true],"woocommerce_gallery_thumbnail":["https:\/\/cielostays.com\/wp-content\/uploads\/2024\/04\/Vacation-Rental-License-_-Hollywood-FL-Official-Website-100x100.webp",100,100,true]},"uagb_author_info":{"display_name":"Jose Miori","author_link":"https:\/\/cielostays.com\/fr\/author\/josemiori\/"},"uagb_comment_info":0,"uagb_excerpt":"Do you own a property in Hollywood Florida and you want to start renting on Airbnb? Read below to understand the shortterm rental regulations Before you go to Airbnb, take pictures and publish your property, you need to get your Airbnb License Hollywood Florida. Hollywood is very concerned about vacation rentals, especially in residential areas,&hellip;","_links":{"self":[{"href":"https:\/\/cielostays.com\/fr\/wp-json\/wp\/v2\/pages\/6358","targetHints":{"allow":["GET"]}}],"collection":[{"href":"https:\/\/cielostays.com\/fr\/wp-json\/wp\/v2\/pages"}],"about":[{"href":"https:\/\/cielostays.com\/fr\/wp-json\/wp\/v2\/types\/page"}],"author":[{"embeddable":true,"href":"https:\/\/cielostays.com\/fr\/wp-json\/wp\/v2\/users\/4"}],"replies":[{"embeddable":true,"href":"https:\/\/cielostays.com\/fr\/wp-json\/wp\/v2\/comments?post=6358"}],"version-history":[{"count":2,"href":"https:\/\/cielostays.com\/fr\/wp-json\/wp\/v2\/pages\/6358\/revisions"}],"predecessor-version":[{"id":9837,"href":"https:\/\/cielostays.com\/fr\/wp-json\/wp\/v2\/pages\/6358\/revisions\/9837"}],"wp:featuredmedia":[{"embeddable":true,"href":"https:\/\/cielostays.com\/fr\/wp-json\/wp\/v2\/media\/6359"}],"wp:attachment":[{"href":"https:\/\/cielostays.com\/fr\/wp-json\/wp\/v2\/media?parent=6358"}],"curies":[{"name":"wp","href":"https:\/\/api.w.org\/{rel}","templated":true}]}}