{"id":6351,"date":"2024-04-19T02:22:19","date_gmt":"2024-04-19T06:22:19","guid":{"rendered":"https:\/\/cielostays.com\/?page_id=6351"},"modified":"2025-05-30T22:15:12","modified_gmt":"2025-05-31T02:15:12","slug":"ch-condos-de-luxe-studios-sur-la-plage","status":"publish","type":"page","link":"https:\/\/cielostays.com\/fr\/ch-luxury-condos-studios-on-the-beach\/","title":{"rendered":"CH Condos et studios de luxe sur la plage"},"content":{"rendered":"<p>CH Luxury Condos &amp; Studios On The Beach est le nom que nous utilisons pour pr\u00e9senter les propri\u00e9t\u00e9s que nous g\u00e9rons au <a href=\"https:\/\/cielostays.com\/fr\/2022\/12\/costa-hollywood-resort\/\">Costa Hollywood Beach Resort<\/a>. Cielo Stays propose des condos et des studios en location de vacances depuis fin 2017. Il y a \u00e9galement un h\u00f4tel sur le b\u00e2timent. L&#039;h\u00f4tel est pass\u00e9 par 3 op\u00e9rateurs h\u00f4teliers, tandis que Cielo Stays offrait un service continu \u00e0 nos clients fid\u00e8les.  <\/p>\n\n\n\n<h2 class=\"wp-block-heading has-medium-font-size\">Agr\u00e9ments<\/h2>\n\n\n\n<p>Nous offrons plusieurs commodit\u00e9s \u00e0 nos clients CH Luxury Condos &amp; Studios On The Beach\u00a0:<\/p>\n\n\n\n<ol class=\"wp-block-list\">\n<li>Salle de sport ultramoderne<\/li>\n\n\n\n<li>Piscine et bar sur le toit<\/li>\n\n\n\n<li>Cours de yoga<\/li>\n\n\n\n<li>Chaises longues sur le toit<\/li>\n\n\n\n<li>Deux chaises de plage gratuites<\/li>\n<\/ol>\n\n\n\n<figure class=\"wp-block-image size-large is-style-rounded\"><img loading=\"lazy\" decoding=\"async\" width=\"1024\" height=\"683\" src=\"https:\/\/cielostays.com\/wp-content\/uploads\/2024\/03\/CH-Bcom-1024x683.webp\" alt=\"CH Condos et studios de luxe sur la plage\" class=\"wp-image-6291\" srcset=\"https:\/\/cielostays.com\/wp-content\/uploads\/2024\/03\/CH-Bcom-1024x683.webp 1024w, https:\/\/cielostays.com\/wp-content\/uploads\/2024\/03\/CH-Bcom-600x400.webp 600w, https:\/\/cielostays.com\/wp-content\/uploads\/2024\/03\/CH-Bcom-300x200.webp 300w, https:\/\/cielostays.com\/wp-content\/uploads\/2024\/03\/CH-Bcom-768x512.webp 768w, https:\/\/cielostays.com\/wp-content\/uploads\/2024\/03\/CH-Bcom-1536x1024.webp 1536w, https:\/\/cielostays.com\/wp-content\/uploads\/2024\/03\/CH-Bcom.webp 1920w, https:\/\/cielostays.com\/wp-content\/uploads\/2024\/03\/CH-Bcom-18x12.webp 18w\" sizes=\"auto, (max-width: 1024px) 100vw, 1024px\" \/><\/figure>\n\n\n\n<p>Au Costa Hollywood Beach Resort, le m\u00e9nage est effectu\u00e9 par l&#039;exploitant actuel de l&#039;h\u00f4tel en raison de restrictions de construction. Cielo Stays est le seul op\u00e9rateur du b\u00e2timent avec des inspecteurs sur place. Notre inspecteur qui supervise le nettoyage de qualit\u00e9 limit\u00e9e fourni par l&#039;exploitant de l&#039;h\u00f4tel.  <\/p>\n\n\n\n<p>Nos tarifs au Costa Hollywood Beach Resort n&#039;incluent pas le m\u00e9nage quotidien. Vous pouvez contacter notre \u00e9quipe pour organiser le m\u00e9nage pendant votre s\u00e9jour \u00e0 un co\u00fbt abordable.<\/p>\n\n\n\n<p>Veuillez contacter notre <a href=\"tel:+18508124356\">num\u00e9ro du service client<\/a>r si vous avez besoin de service.  <\/p>\n\n\n\n<p>Veuillez noter que certains frais ne sont pas inclus dans le tarif que vous paierez. V\u00e9rifiez les frais actuels pour CH Luxury Condos &amp; Studios On The Beach et le Costa Hollywood Beach Resort. <a href=\"https:\/\/kb.cielostays.com\">ici<\/a><\/p>\n\n\n\n<p>Le personnel de la r\u00e9ception vient de l&#039;h\u00f4tel et n&#039;est pas en mesure de vous aider.<\/p>\n\n\n\n<p>Vous pouvez r\u00e9server directement et \u00e9conomiser sur votre <a href=\"https:\/\/cielostays.com\/fr\/categorie\/centres-de-villegiature\/costa-hollywood\/\" data-type=\"category\" data-id=\"42\">Chambre CH Luxury Condos &amp; Studios On The Beach sur cielostays.com<\/a>. En effet, nous ne facturons pas de commissions ou de frais.<\/p>\n\n\n\n<h2 class=\"wp-block-heading\">CH Luxury Condos &amp; Studios D\u00e9tails<\/h2>\n\n\n\n<p><strong>Emplacement:<\/strong> Nich\u00e9s le long du littoral pittoresque, nous offrons une exp\u00e9rience de vie in\u00e9gal\u00e9e en bord de mer.<\/p>\n\n\n\n<p><strong>Conception:<\/strong> Les condos et studios sont m\u00e9ticuleusement con\u00e7us avec un m\u00e9lange d&#039;architecture moderne et d&#039;esth\u00e9tique c\u00f4ti\u00e8re, avec de grandes fen\u00eatres offrant une vue imprenable sur l&#039;oc\u00e9an.<\/p>\n\n\n\n<p><strong>Agr\u00e9ments:<\/strong> Les r\u00e9sidents peuvent profiter d&#039;une gamme d&#039;\u00e9quipements haut de gamme tels qu&#039;un acc\u00e8s \u00e0 la plage, une piscine sur le toit avec vue sur la mer, un centre de remise en forme bien \u00e9quip\u00e9 et de magnifiques jardins paysagers.<\/p>\n\n\n\n<p><strong>Int\u00e9rieur:<\/strong> Les int\u00e9rieurs sont con\u00e7us avec des mat\u00e9riaux de haute qualit\u00e9 et des finitions design, cr\u00e9ant une ambiance de luxe et de confort. Les am\u00e9nagements ouverts maximisent l&#039;espace et la lumi\u00e8re naturelle, tandis que les balcons ou terrasses priv\u00e9s de la plupart des unit\u00e9s offrent des espaces de vie ext\u00e9rieurs sereins.<\/p>\n\n\n\n<p><strong>Communaut\u00e9:<\/strong> CH Luxury Condos &amp; Studios favorisent une atmosph\u00e8re communautaire dynamique, avec des espaces sociaux comme des salons, des espaces barbecue et des espaces \u00e9v\u00e9nementiels pour les rassemblements et les divertissements.<\/p>\n\n\n\n<p>Le complexe est situ\u00e9 \u00e0 quelques pas du Hollywood Broadwalk en Floride. Il s&#039;agit d&#039;une zone c\u00f4ti\u00e8re dynamique et embl\u00e9matique connue pour son atmosph\u00e8re d\u00e9contract\u00e9e, la beaut\u00e9 de ses paysages et ses options de divertissement anim\u00e9es. Voici une description pour vous donner une bonne id\u00e9e de ce \u00e0 quoi cela ressemble\u00a0: <\/p>\n\n\n\n<h2 class=\"wp-block-heading\">CH Luxury Condos &amp; Studios est sur The Broadwalk<\/h2>\n\n\n\n<figure class=\"wp-block-image size-large\"><img loading=\"lazy\" decoding=\"async\" width=\"1024\" height=\"683\" src=\"https:\/\/cielostays.com\/wp-content\/uploads\/2024\/04\/B27I0929-1024x683.webp\" alt=\"Le Hollywood Broadwalk\" class=\"wp-image-6354\" srcset=\"https:\/\/cielostays.com\/wp-content\/uploads\/2024\/04\/B27I0929-1024x683.webp 1024w, https:\/\/cielostays.com\/wp-content\/uploads\/2024\/04\/B27I0929-scaled-600x400.webp 600w, https:\/\/cielostays.com\/wp-content\/uploads\/2024\/04\/B27I0929-300x200.webp 300w, https:\/\/cielostays.com\/wp-content\/uploads\/2024\/04\/B27I0929-768x512.webp 768w, https:\/\/cielostays.com\/wp-content\/uploads\/2024\/04\/B27I0929-1536x1024.webp 1536w, https:\/\/cielostays.com\/wp-content\/uploads\/2024\/04\/B27I0929-scaled.webp 1920w, https:\/\/cielostays.com\/wp-content\/uploads\/2024\/04\/B27I0929-18x12.webp 18w\" sizes=\"auto, (max-width: 1024px) 100vw, 1024px\" \/><\/figure>\n\n\n\n<p> est une promenade pittoresque en bord de mer de 2,5 miles le long de la c\u00f4te atlantique.<\/p>\n\n\n\n<p><strong>Beaut\u00e9 du paysage\u00a0:<\/strong> Le Broadwalk est r\u00e9put\u00e9 pour ses plages de sable immacul\u00e9es, ses eaux bleues claires et sa vue imprenable sur l&#039;oc\u00e9an. Des palmiers bordent l&#039;all\u00e9e, offrant de l&#039;ombre et une ambiance tropicale.<\/p>\n\n\n\n<p><strong>Activit\u00e9s:<\/strong> Le quartier offre une multitude d&#039;activit\u00e9s aux r\u00e9sidents et aux visiteurs. Vous pouvez profiter de promenades tranquilles ou de balades \u00e0 v\u00e9lo le long du Broadwalk, vous rafra\u00eechir dans l&#039;oc\u00e9an ou simplement vous d\u00e9tendre sur les plages de sable fin.<\/p>\n\n\n\n<p><strong>\u00c0 manger:<\/strong> L&#039;un des points forts du Hollywood Broadwalk est sa sc\u00e8ne culinaire diversifi\u00e9e. Vous trouverez un large \u00e9ventail de restaurants, caf\u00e9s et bars proposant de tout, des fruits de mer frais et une cuisine internationale aux collations d\u00e9contract\u00e9es en bord de plage et aux boissons rafra\u00eechissantes.<\/p>\n\n\n\n<p><strong>Divertissement:<\/strong> Le Broadwalk regorge d\u2019options de divertissement. Des spectacles musicaux live, des artistes de rue et des \u00e9v\u00e9nements culturels ont souvent lieu, cr\u00e9ant une atmosph\u00e8re anim\u00e9e et festive. Vous pouvez \u00e9galement trouver des boutiques vendant des v\u00eatements de plage, des souvenirs et des objets artisanaux locaux uniques.<\/p>\n\n\n\n<p><strong>Conviviale et familiale:<\/strong> Le quartier est familial, avec des aires de jeux, des aires de pique-nique et des zones de baignade d\u00e9sign\u00e9es garantissant que tout le monde, y compris les enfants, puisse passer un bon moment au bord de la plage.<\/p>\n\n\n\n<p><strong>\u00c9v\u00e9nements communautaires\u00a0:<\/strong> Tout au long de l&#039;ann\u00e9e, le Hollywood Broadwalk accueille divers \u00e9v\u00e9nements tels que des concerts, des festivals d&#039;art et des soir\u00e9es cin\u00e9ma en bord de mer, favorisant un sentiment de communaut\u00e9 et de camaraderie entre les r\u00e9sidents et les visiteurs.<\/p>\n\n\n\n<h2 class=\"wp-block-heading has-medium-font-size\">Arriver ici:<\/h2>\n\n\n\n<p>Lorsqu&#039;il s&#039;agit de voler \u00e0 destination de Hollywood, en Floride, vous disposez d&#039;excellentes options en fonction de votre emplacement, de votre budget et de vos compagnies a\u00e9riennes pr\u00e9f\u00e9r\u00e9es. Voici quelques-unes des meilleures options\u00a0:<\/p>\n\n\n\n<ol class=\"wp-block-list\">\n<li><strong>A\u00e9roport international de Fort Lauderdale-Hollywood (FLL)\u00a0:<\/strong> Cet a\u00e9roport est l&#039;a\u00e9roport majeur le plus proche d&#039;Hollywood, en Floride, situ\u00e9 \u00e0 quelques minutes en voiture. Elle propose une large gamme de vols nationaux et internationaux, ce qui en fait un choix pratique pour les voyageurs. Des compagnies a\u00e9riennes comme Southwest, JetBlue, Delta, American Airlines et Spirit Airlines op\u00e8rent des vols fr\u00e9quents \u00e0 destination et en provenance de FLL.<\/li>\n\n\n\n<li><strong>A\u00e9roport international de Miami (MIA)\u00a0:<\/strong> Bien qu&#039;il ne soit pas aussi proche d&#039;Hollywood que FLL, l&#039;a\u00e9roport international de Miami est une plaque tournante majeure offrant de nombreuses options de vols nationaux et internationaux. C&#039;est \u00e0 environ 30-40 minutes en voiture d&#039;Hollywood en fonction de la circulation. De nombreuses grandes compagnies a\u00e9riennes, dont American Airlines, Delta, United et des transporteurs internationaux, desservent MIA.<\/li>\n\n\n\n<li><strong>A\u00e9roport international de Palm Beach (PBI)\u00a0:<\/strong> Situ\u00e9 au nord d\u2019Hollywood, l\u2019a\u00e9roport international de Palm Beach est une autre option pour les voyageurs. Elle dessert plusieurs compagnies a\u00e9riennes telles que American Airlines, Delta, JetBlue, Southwest et United Airlines, proposant des vols int\u00e9rieurs et certains vols internationaux.<\/li>\n<\/ol>\n\n\n\n<p><strong>Arrivez avec style et confort avec le service de prise en charge \u00e0 l&#039;a\u00e9roport de Larry&#039;s Limo\u00a0!<\/strong><\/p>\n\n\n\n<p>\u00cates-vous \u00e0 la recherche d\u2019une exp\u00e9rience de prise en charge \u00e0 l\u2019a\u00e9roport luxueuse et sans tracas\u00a0? Ne cherchez pas plus loin que notre partenariat exclusif avec Larry&#039;s Limo, r\u00e9put\u00e9 pour ses services de transport haut de gamme. Contactez notre \u00e9quipe pour planifier votre prise en charge \u00e0 un prix exclusif et une rencontre \u00e0 l&#039;int\u00e9rieur.<\/p>\n\n\n\n<p><strong>Pourquoi choisir la limousine de Larry\u00a0?<\/strong><\/p>\n\n\n\n<ol class=\"wp-block-list\">\n<li><strong>Professionnalisme:<\/strong> Larry&#039;s Limo dispose d&#039;une \u00e9quipe de chauffeurs professionnels et exp\u00e9riment\u00e9s qui donnent la priorit\u00e9 \u00e0 votre s\u00e9curit\u00e9, votre confort et votre ponctualit\u00e9.<\/li>\n\n\n\n<li><strong>Flotte luxueuse\u00a0:<\/strong> Voyagez avec style gr\u00e2ce \u00e0 l&#039;impressionnante flotte de v\u00e9hicules de luxe de Larry, comprenant des berlines \u00e9l\u00e9gantes, des SUV spacieux et des limousines \u00e9l\u00e9gantes, garantissant un voyage confortable et \u00e9l\u00e9gant.<\/li>\n\n\n\n<li><strong>Efficacit\u00e9:<\/strong> Dites adieu aux longues files d&#039;attente de taxi ou aux retards de covoiturage. Larry&#039;s Limo fournit des services de prise en charge \u00e0 l&#039;a\u00e9roport rapides et efficaces, adapt\u00e9s \u00e0 votre horaire de vol.<\/li>\n\n\n\n<li><strong>Service personnalis\u00e9:<\/strong> B\u00e9n\u00e9ficiez d&#039;une attention personnalis\u00e9e et d&#039;un traitement VIP de la part de l&#039;\u00e9quipe de Larry&#039;s Limo, r\u00e9pondant \u00e0 vos pr\u00e9f\u00e9rences et besoins sp\u00e9cifiques.<\/li>\n<\/ol>","protected":false},"excerpt":{"rendered":"<p>CH Luxury Condos &amp; Studios On The Beach is the name we use to present the properties we manage at the Costa Hollywood Beach Resort. Cielo Stays operates offer vacation rental condos and studios since late 2017. There is also a hotel on the building. The hotel passed through 3 hotel operators, while Cielo Stays [&hellip;]<\/p>\n","protected":false},"author":4,"featured_media":6291,"parent":0,"menu_order":0,"comment_status":"closed","ping_status":"closed","template":"","meta":{"_uag_custom_page_level_css":"","_swt_meta_header_display":false,"_swt_meta_footer_display":false,"_swt_meta_site_title_display":false,"_swt_meta_sticky_header":false,"_swt_meta_transparent_header":false,"footnotes":""},"class_list":["post-6351","page","type-page","status-publish","has-post-thumbnail","hentry"],"yoast_head":"<!-- This site is optimized with the Yoast SEO Premium plugin v27.3 (Yoast SEO v27.3) - https:\/\/yoast.com\/product\/yoast-seo-premium-wordpress\/ -->\n<title>CH Luxury Condos &amp; Studios On The Beach - Cielo Stays<\/title>\n<meta name=\"description\" content=\"Get into the exclusive world of the Costa Hollywood Beach Resort with Cielo Stays. Our brand name CH Luxury Condos &amp; Studios On The Beach\" \/>\n<meta name=\"robots\" content=\"index, follow, max-snippet:-1, max-image-preview:large, max-video-preview:-1\" \/>\n<link rel=\"canonical\" href=\"https:\/\/cielostays.com\/fr\/ch-condos-de-luxe-studios-sur-la-plage\/\" \/>\n<meta property=\"og:locale\" content=\"fr_CA\" \/>\n<meta property=\"og:type\" content=\"article\" \/>\n<meta property=\"og:title\" content=\"CH Luxury Condos &amp; Studios On The Beach - Cielo Stays\" \/>\n<meta property=\"og:description\" content=\"Get into the exclusive world of the Costa Hollywood Beach Resort with Cielo Stays. Our brand name CH Luxury Condos &amp; Studios On The Beach\" \/>\n<meta property=\"og:url\" content=\"https:\/\/cielostays.com\/fr\/ch-condos-de-luxe-studios-sur-la-plage\/\" \/>\n<meta property=\"og:site_name\" content=\"Cielo Stays\" \/>\n<meta property=\"article:publisher\" content=\"https:\/\/facebook.com\/cielostays\" \/>\n<meta property=\"article:modified_time\" content=\"2025-05-31T02:15:12+00:00\" \/>\n<meta property=\"og:image\" content=\"https:\/\/cielostays.com\/wp-content\/uploads\/2024\/03\/CH-Bcom.webp\" \/>\n\t<meta property=\"og:image:width\" content=\"1920\" \/>\n\t<meta property=\"og:image:height\" content=\"1280\" \/>\n\t<meta property=\"og:image:type\" content=\"image\/webp\" \/>\n<meta name=\"twitter:card\" content=\"summary_large_image\" \/>\n<meta name=\"twitter:site\" content=\"@cielostays\" \/>\n<meta name=\"twitter:label1\" content=\"Estimation du temps de lecture\" \/>\n\t<meta name=\"twitter:data1\" content=\"5 minutes\" \/>\n<script type=\"application\/ld+json\" class=\"yoast-schema-graph\">{\"@context\":\"https:\\\/\\\/schema.org\",\"@graph\":[{\"@type\":\"WebPage\",\"@id\":\"https:\\\/\\\/cielostays.com\\\/ch-luxury-condos-studios-on-the-beach\\\/\",\"url\":\"https:\\\/\\\/cielostays.com\\\/ch-luxury-condos-studios-on-the-beach\\\/\",\"name\":\"CH Luxury Condos &amp; Studios On The Beach - Cielo Stays\",\"isPartOf\":{\"@id\":\"https:\\\/\\\/cielostays.com\\\/#website\"},\"primaryImageOfPage\":{\"@id\":\"https:\\\/\\\/cielostays.com\\\/ch-luxury-condos-studios-on-the-beach\\\/#primaryimage\"},\"image\":{\"@id\":\"https:\\\/\\\/cielostays.com\\\/ch-luxury-condos-studios-on-the-beach\\\/#primaryimage\"},\"thumbnailUrl\":\"https:\\\/\\\/cielostays.com\\\/wp-content\\\/uploads\\\/2024\\\/03\\\/CH-Bcom.webp\",\"datePublished\":\"2024-04-19T06:22:19+00:00\",\"dateModified\":\"2025-05-31T02:15:12+00:00\",\"description\":\"Get into the exclusive world of the Costa Hollywood Beach Resort with Cielo Stays. Our brand name CH Luxury Condos & Studios On The Beach\",\"inLanguage\":\"fr-CA\",\"potentialAction\":[{\"@type\":\"ReadAction\",\"target\":[\"https:\\\/\\\/cielostays.com\\\/ch-luxury-condos-studios-on-the-beach\\\/\"]}]},{\"@type\":\"ImageObject\",\"inLanguage\":\"fr-CA\",\"@id\":\"https:\\\/\\\/cielostays.com\\\/ch-luxury-condos-studios-on-the-beach\\\/#primaryimage\",\"url\":\"https:\\\/\\\/cielostays.com\\\/wp-content\\\/uploads\\\/2024\\\/03\\\/CH-Bcom.webp\",\"contentUrl\":\"https:\\\/\\\/cielostays.com\\\/wp-content\\\/uploads\\\/2024\\\/03\\\/CH-Bcom.webp\",\"width\":1920,\"height\":1280,\"caption\":\"CH Luxury Condos & Studios on the beach\"},{\"@type\":\"WebSite\",\"@id\":\"https:\\\/\\\/cielostays.com\\\/#website\",\"url\":\"https:\\\/\\\/cielostays.com\\\/\",\"name\":\"Cielo Stays\",\"description\":\"Your Partner In Paradise\",\"publisher\":{\"@id\":\"https:\\\/\\\/cielostays.com\\\/#organization\"},\"potentialAction\":[{\"@type\":\"SearchAction\",\"target\":{\"@type\":\"EntryPoint\",\"urlTemplate\":\"https:\\\/\\\/cielostays.com\\\/?s={search_term_string}\"},\"query-input\":{\"@type\":\"PropertyValueSpecification\",\"valueRequired\":true,\"valueName\":\"search_term_string\"}}],\"inLanguage\":\"fr-CA\"},{\"@type\":\"Organization\",\"@id\":\"https:\\\/\\\/cielostays.com\\\/#organization\",\"name\":\"Cielo Stays\",\"url\":\"https:\\\/\\\/cielostays.com\\\/\",\"logo\":{\"@type\":\"ImageObject\",\"inLanguage\":\"fr-CA\",\"@id\":\"https:\\\/\\\/cielostays.com\\\/#\\\/schema\\\/logo\\\/image\\\/\",\"url\":\"https:\\\/\\\/cielostays.com\\\/wp-content\\\/uploads\\\/2022\\\/05\\\/logoForPage-1-1.webp\",\"contentUrl\":\"https:\\\/\\\/cielostays.com\\\/wp-content\\\/uploads\\\/2022\\\/05\\\/logoForPage-1-1.webp\",\"width\":222,\"height\":55,\"caption\":\"Cielo Stays\"},\"image\":{\"@id\":\"https:\\\/\\\/cielostays.com\\\/#\\\/schema\\\/logo\\\/image\\\/\"},\"sameAs\":[\"https:\\\/\\\/facebook.com\\\/cielostays\",\"https:\\\/\\\/x.com\\\/cielostays\",\"https:\\\/\\\/instagram.com\\\/cielostays\"]}]}<\/script>\n<!-- \/ Yoast SEO Premium plugin. -->","yoast_head_json":{"title":"Condos et studios de luxe CH sur la plage - Cielo Stays","description":"Entrez dans le monde exclusif du Costa Hollywood Beach Resort avec Cielo Stays. Notre marque CH Luxury Condos &amp; Studios On The Beach","robots":{"index":"index","follow":"follow","max-snippet":"max-snippet:-1","max-image-preview":"max-image-preview:large","max-video-preview":"max-video-preview:-1"},"canonical":"https:\/\/cielostays.com\/fr\/ch-condos-de-luxe-studios-sur-la-plage\/","og_locale":"fr_CA","og_type":"article","og_title":"CH Luxury Condos &amp; Studios On The Beach - Cielo Stays","og_description":"Get into the exclusive world of the Costa Hollywood Beach Resort with Cielo Stays. Our brand name CH Luxury Condos & Studios On The Beach","og_url":"https:\/\/cielostays.com\/fr\/ch-condos-de-luxe-studios-sur-la-plage\/","og_site_name":"Cielo Stays","article_publisher":"https:\/\/facebook.com\/cielostays","article_modified_time":"2025-05-31T02:15:12+00:00","og_image":[{"width":1920,"height":1280,"url":"https:\/\/cielostays.com\/wp-content\/uploads\/2024\/03\/CH-Bcom.webp","type":"image\/webp"}],"twitter_card":"summary_large_image","twitter_site":"@cielostays","twitter_misc":{"Estimation du temps de lecture":"5 minutes"},"schema":{"@context":"https:\/\/schema.org","@graph":[{"@type":"WebPage","@id":"https:\/\/cielostays.com\/ch-luxury-condos-studios-on-the-beach\/","url":"https:\/\/cielostays.com\/ch-luxury-condos-studios-on-the-beach\/","name":"Condos et studios de luxe CH sur la plage - Cielo Stays","isPartOf":{"@id":"https:\/\/cielostays.com\/#website"},"primaryImageOfPage":{"@id":"https:\/\/cielostays.com\/ch-luxury-condos-studios-on-the-beach\/#primaryimage"},"image":{"@id":"https:\/\/cielostays.com\/ch-luxury-condos-studios-on-the-beach\/#primaryimage"},"thumbnailUrl":"https:\/\/cielostays.com\/wp-content\/uploads\/2024\/03\/CH-Bcom.webp","datePublished":"2024-04-19T06:22:19+00:00","dateModified":"2025-05-31T02:15:12+00:00","description":"Entrez dans le monde exclusif du Costa Hollywood Beach Resort avec Cielo Stays. Notre marque CH Luxury Condos &amp; Studios On The Beach","inLanguage":"fr-CA","potentialAction":[{"@type":"ReadAction","target":["https:\/\/cielostays.com\/ch-luxury-condos-studios-on-the-beach\/"]}]},{"@type":"ImageObject","inLanguage":"fr-CA","@id":"https:\/\/cielostays.com\/ch-luxury-condos-studios-on-the-beach\/#primaryimage","url":"https:\/\/cielostays.com\/wp-content\/uploads\/2024\/03\/CH-Bcom.webp","contentUrl":"https:\/\/cielostays.com\/wp-content\/uploads\/2024\/03\/CH-Bcom.webp","width":1920,"height":1280,"caption":"CH Luxury Condos & Studios on the beach"},{"@type":"WebSite","@id":"https:\/\/cielostays.com\/#website","url":"https:\/\/cielostays.com\/","name":"S\u00e9jours Cielo","description":"Votre partenaire au paradis","publisher":{"@id":"https:\/\/cielostays.com\/#organization"},"potentialAction":[{"@type":"SearchAction","target":{"@type":"EntryPoint","urlTemplate":"https:\/\/cielostays.com\/?s={search_term_string}"},"query-input":{"@type":"PropertyValueSpecification","valueRequired":true,"valueName":"search_term_string"}}],"inLanguage":"fr-CA"},{"@type":"Organization","@id":"https:\/\/cielostays.com\/#organization","name":"S\u00e9jours Cielo","url":"https:\/\/cielostays.com\/","logo":{"@type":"ImageObject","inLanguage":"fr-CA","@id":"https:\/\/cielostays.com\/#\/schema\/logo\/image\/","url":"https:\/\/cielostays.com\/wp-content\/uploads\/2022\/05\/logoForPage-1-1.webp","contentUrl":"https:\/\/cielostays.com\/wp-content\/uploads\/2022\/05\/logoForPage-1-1.webp","width":222,"height":55,"caption":"Cielo Stays"},"image":{"@id":"https:\/\/cielostays.com\/#\/schema\/logo\/image\/"},"sameAs":["https:\/\/facebook.com\/cielostays","https:\/\/x.com\/cielostays","https:\/\/instagram.com\/cielostays"]}]}},"spectra_custom_meta":{"_edit_lock":["1748657714:4"],"_edit_last":["4"],"hefo_before":["0"],"hefo_after":["0"],"use_as_listing":[""],"_yoast_wpseo_focuskw":["CH Luxury Condos & Studios"],"_yoast_wpseo_metadesc":["Get into the exclusive world of the Costa Hollywood Beach Resort with Cielo Stays. Our brand name CH Luxury Condos & Studios On The Beach"],"_yoast_wpseo_linkdex":["83"],"_yoast_wpseo_content_score":["60"],"_yoast_wpseo_is_cornerstone":["1"],"_yoast_wpseo_estimated-reading-time-minutes":["5"],"_yoast_wpseo_wordproof_timestamp":[""],"_thumbnail_id":["6291"],"rank_math_internal_links_processed":["1"],"_trp_automatically_translated_slug_es_AR":["ch-condominios-de-lujo-estudios-en-la-playa"],"_trp_automatically_translated_slug_fr_CA":["ch-condos-de-luxe-studios-sur-la-plage"],"_trp_automatically_translated_slug_de_DE":["ch-luxus-eigentumswohnungen-studios-am-strand"],"_trp_automatically_translated_slug_nl_NL":["ch-luxe-appartementen-studios-aan-het-strand"],"_yoast_indexnow_last_ping":["1741608182"],"_elementor_page_assets":["a:0:{}"],"um_content_restriction":["a:8:{s:26:\"_um_custom_access_settings\";b:0;s:14:\"_um_accessible\";i:0;s:28:\"_um_access_hide_from_queries\";b:0;s:19:\"_um_noaccess_action\";i:0;s:30:\"_um_restrict_by_custom_message\";i:0;s:27:\"_um_restrict_custom_message\";s:0:\"\";s:19:\"_um_access_redirect\";i:0;s:23:\"_um_access_redirect_url\";s:0:\"\";}"]},"uagb_featured_image_src":{"full":["https:\/\/cielostays.com\/wp-content\/uploads\/2024\/03\/CH-Bcom.webp",1920,1280,false],"thumbnail":["https:\/\/cielostays.com\/wp-content\/uploads\/2024\/03\/CH-Bcom-150x150.webp",150,150,true],"medium":["https:\/\/cielostays.com\/wp-content\/uploads\/2024\/03\/CH-Bcom-300x200.webp",300,200,true],"medium_large":["https:\/\/cielostays.com\/wp-content\/uploads\/2024\/03\/CH-Bcom-768x512.webp",768,512,true],"large":["https:\/\/cielostays.com\/wp-content\/uploads\/2024\/03\/CH-Bcom-1024x683.webp",1024,683,true],"1536x1536":["https:\/\/cielostays.com\/wp-content\/uploads\/2024\/03\/CH-Bcom-1536x1024.webp",1536,1024,true],"2048x2048":["https:\/\/cielostays.com\/wp-content\/uploads\/2024\/03\/CH-Bcom-2048x1365.webp",1920,1280,true],"trp-custom-language-flag":["https:\/\/cielostays.com\/wp-content\/uploads\/2024\/03\/CH-Bcom-18x12.webp",18,12,true],"gamipress-points":["https:\/\/cielostays.com\/wp-content\/uploads\/2024\/03\/CH-Bcom.webp",100,67,false],"gamipress-achievement":["https:\/\/cielostays.com\/wp-content\/uploads\/2024\/03\/CH-Bcom.webp",100,67,false],"gamipress-rank":["https:\/\/cielostays.com\/wp-content\/uploads\/2024\/03\/CH-Bcom.webp",100,67,false],"woocommerce_thumbnail":["https:\/\/cielostays.com\/wp-content\/uploads\/2024\/03\/CH-Bcom-200x200.webp",200,200,true],"woocommerce_single":["https:\/\/cielostays.com\/wp-content\/uploads\/2024\/03\/CH-Bcom-600x400.webp",600,400,true],"woocommerce_gallery_thumbnail":["https:\/\/cielostays.com\/wp-content\/uploads\/2024\/03\/CH-Bcom-100x100.webp",100,100,true]},"uagb_author_info":{"display_name":"Jose Miori","author_link":"https:\/\/cielostays.com\/fr\/author\/josemiori\/"},"uagb_comment_info":0,"uagb_excerpt":"CH Luxury Condos &amp; Studios On The Beach is the name we use to present the properties we manage at the Costa Hollywood Beach Resort. Cielo Stays operates offer vacation rental condos and studios since late 2017. There is also a hotel on the building. The hotel passed through 3 hotel operators, while Cielo Stays&hellip;","_links":{"self":[{"href":"https:\/\/cielostays.com\/fr\/wp-json\/wp\/v2\/pages\/6351","targetHints":{"allow":["GET"]}}],"collection":[{"href":"https:\/\/cielostays.com\/fr\/wp-json\/wp\/v2\/pages"}],"about":[{"href":"https:\/\/cielostays.com\/fr\/wp-json\/wp\/v2\/types\/page"}],"author":[{"embeddable":true,"href":"https:\/\/cielostays.com\/fr\/wp-json\/wp\/v2\/users\/4"}],"replies":[{"embeddable":true,"href":"https:\/\/cielostays.com\/fr\/wp-json\/wp\/v2\/comments?post=6351"}],"version-history":[{"count":3,"href":"https:\/\/cielostays.com\/fr\/wp-json\/wp\/v2\/pages\/6351\/revisions"}],"predecessor-version":[{"id":10634,"href":"https:\/\/cielostays.com\/fr\/wp-json\/wp\/v2\/pages\/6351\/revisions\/10634"}],"wp:featuredmedia":[{"embeddable":true,"href":"https:\/\/cielostays.com\/fr\/wp-json\/wp\/v2\/media\/6291"}],"wp:attachment":[{"href":"https:\/\/cielostays.com\/fr\/wp-json\/wp\/v2\/media?parent=6351"}],"curies":[{"name":"wp","href":"https:\/\/api.w.org\/{rel}","templated":true}]}}