{"id":5728,"date":"2024-01-28T07:29:38","date_gmt":"2024-01-28T12:29:38","guid":{"rendered":"https:\/\/cielostays.com\/?page_id=5728"},"modified":"2024-01-28T07:29:40","modified_gmt":"2024-01-28T12:29:40","slug":"aaa-discount-in-hollywood-for-members","status":"publish","type":"page","link":"https:\/\/cielostays.com\/fr\/aaa-discount-in-hollywood-for-members\/","title":{"rendered":"Offrez-vous une r\u00e9duction AAA dans votre h\u00f4tel\u00a0?"},"content":{"rendered":"<p>Bien que nous ne soyons ni affili\u00e9s ni certifi\u00e9s par <a href=\"https:\/\/www.acg.aaa.com\/\" data-type=\"link\" data-id=\"https:\/\/www.acg.aaa.com\/\" target=\"_blank\" rel=\"noreferrer noopener nofollow\">AAA<\/a>, nous sommes heureux d&#039;offrir une r\u00e9duction \u00e0 leurs membres.<\/p>\n\n\n\n<p>Offrez-vous du luxe et des \u00e9conomies avec Cielo Stays Properties, o\u00f9 notre r\u00e9duction AAA ouvre la porte \u00e0 une exp\u00e9rience de vacances \u00e9lev\u00e9e. Con\u00e7ue pour les voyageurs exigeants recherchant \u00e0 la fois l&#039;opulence et le rapport qualit\u00e9-prix, notre r\u00e9duction AAA exclusive garantit que votre s\u00e9jour chez nous soit non seulement inoubliable, mais \u00e9galement \u00e9conomique.<\/p>\n\n\n\n<p>Chez Cielo Stays Properties, nous pensons que chaque escapade doit \u00eatre un m\u00e9lange harmonieux de confort, de sophistication et de prix abordable. Notre remise AAA t\u00e9moigne de cet engagement, offrant aux membres des \u00e9conomies in\u00e9gal\u00e9es sur nos propri\u00e9t\u00e9s exquises, chacune soigneusement s\u00e9lectionn\u00e9e pour d\u00e9passer vos attentes.<\/p>\n\n\n\n<p>Imaginez-vous entrer dans un monde d&#039;\u00e9l\u00e9gance raffin\u00e9e et d&#039;\u00e9quipements modernes, o\u00f9 chaque d\u00e9tail est m\u00e9ticuleusement con\u00e7u pour am\u00e9liorer votre s\u00e9jour. Que vous planifiiez une escapade romantique, des vacances en famille ou une aventure en solo, notre portefeuille diversifi\u00e9 de propri\u00e9t\u00e9s r\u00e9pond \u00e0 toutes les pr\u00e9f\u00e9rences. Des condos en bord de mer offrant une vue imprenable sur le coucher de soleil aux luxueux appartements en ville offrant une vue panoramique sur les toits, Cielo Stays Properties garantit une vari\u00e9t\u00e9 d&#039;options adapt\u00e9es \u00e0 vos go\u00fbts.<\/p>\n\n\n\n<p>En tant que membre AAA, votre voyage avec nous commence par un accueil chaleureux et une r\u00e9duction sp\u00e9ciale qui ajoute une couche suppl\u00e9mentaire de plaisir \u00e0 votre r\u00e9servation. Notre engagement \u00e0 offrir une valeur exceptionnelle se refl\u00e8te dans les \u00e9conomies exclusives disponibles uniquement aux membres AAA, faisant de vos vacances de r\u00eave non seulement une r\u00e9alit\u00e9 mais aussi un plaisir abordable.<\/p>\n\n\n\n<p>Imaginez-vous vous d\u00e9tendre dans une suite spacieuse orn\u00e9e d&#039;un mobilier somptueux et d&#039;\u00e9quipements ultramodernes. Nos propri\u00e9t\u00e9s sont con\u00e7ues pour \u00eatre votre chez-soi, offrant un sanctuaire o\u00f9 la d\u00e9tente est primordiale. Avec la r\u00e9duction AAA, vous pouvez profiter de ce luxe \u00e0 un prix qui correspond \u00e0 votre budget de voyage, garantissant que votre escapade soit aussi gratifiante financi\u00e8rement que rajeunissante.<\/p>\n\n\n\n<p>Cielo Stays Properties est fier de son engagement envers l&#039;excellence, et notre r\u00e9duction AAA est un gage d&#039;appr\u00e9ciation pour nos pr\u00e9cieux clients. Que vous soyez attir\u00e9 par la s\u00e9r\u00e9nit\u00e9 d&#039;une retraite sur la plage ou par l&#039;\u00e9nergie vibrante d&#039;une oasis urbaine, nos propri\u00e9t\u00e9s r\u00e9pondent \u00e0 diverses pr\u00e9f\u00e9rences, garantissant que chaque membre de votre groupe trouve son refuge id\u00e9al.<\/p>\n\n\n\n<p>En plus des avantages financiers de la r\u00e9duction AAA, nos propri\u00e9t\u00e9s disposent d&#039;une gamme d&#039;\u00e9quipements et de services qui rehausseront votre s\u00e9jour. Plongez dans la tranquillit\u00e9 d&#039;une journ\u00e9e au spa, plongez dans nos piscines rafra\u00eechissantes ou savourez une cuisine exquise dans nos restaurants sur place. La r\u00e9duction AAA s&#039;\u00e9tend au-del\u00e0 du tarif de la chambre, vous offrant la possibilit\u00e9 de profiter de toute la gamme d&#039;exp\u00e9riences de luxe au sein de nos propri\u00e9t\u00e9s.<\/p>\n\n\n\n<p>R\u00e9server avec Cielo Stays Properties et utiliser la r\u00e9duction AAA ouvre non seulement la porte \u00e0 un s\u00e9jour extraordinaire, mais d\u00e9bloque \u00e9galement des avantages suppl\u00e9mentaires tels que l&#039;enregistrement prioritaire et des services personnalis\u00e9s. Nous comprenons que nos clients recherchent plus qu&#039;un simple h\u00e9bergement ; ils souhaitent vivre une exp\u00e9rience de voyage immersive et enrichissante, et notre r\u00e9duction AAA est la cl\u00e9 pour lib\u00e9rer tout le potentiel de vos vacances.<\/p>\n\n\n\n<p>En conclusion, Cielo Stays Properties invite les membres AAA \u00e0 am\u00e9liorer leurs exp\u00e9riences de voyage gr\u00e2ce \u00e0 notre r\u00e9duction exclusive. Nous nous effor\u00e7ons de red\u00e9finir le voyage de luxe en le rendant accessible \u00e0 ceux qui appr\u00e9cient la valeur. Votre voyage avec nous n&#039;est pas seulement un s\u00e9jour ; c&#039;est une exp\u00e9rience organis\u00e9e qui refl\u00e8te notre engagement \u00e0 faire en sorte que chaque instant de votre escapade soit extraordinaire. R\u00e9servez votre prochaine escapade avec Cielo Stays Properties et d\u00e9couvrez la synergie parfaite entre luxe, \u00e9conomies et hospitalit\u00e9 in\u00e9gal\u00e9e.<\/p>\n\n\n\n<p><strong><em>Contactez notre \u00e9quipe pour obtenir le dernier coupon pour les membres AAA.<\/em><\/strong><\/p>","protected":false},"excerpt":{"rendered":"<p>While we are not affiliated or certified by AAA, we are happy to extend a discount to their members. Indulge in luxury and savings with Cielo Stays Properties, where our AAA discount opens the door to an elevated vacation experience. Designed for discerning travelers seeking both opulence and value, our exclusive AAA discount ensures that [&hellip;]<\/p>\n","protected":false},"author":4,"featured_media":4182,"parent":0,"menu_order":0,"comment_status":"closed","ping_status":"closed","template":"","meta":{"_uag_custom_page_level_css":"","_swt_meta_header_display":false,"_swt_meta_footer_display":false,"_swt_meta_site_title_display":false,"_swt_meta_sticky_header":false,"_swt_meta_transparent_header":false,"footnotes":""},"class_list":["post-5728","page","type-page","status-publish","has-post-thumbnail","hentry"],"yoast_head":"<!-- This site is optimized with the Yoast SEO Premium plugin v27.3 (Yoast SEO v27.3) - https:\/\/yoast.com\/product\/yoast-seo-premium-wordpress\/ -->\n<title>Do You Offer a AAA Discount at your Hotel? - Cielo Stays<\/title>\n<meta name=\"robots\" content=\"index, follow, max-snippet:-1, max-image-preview:large, max-video-preview:-1\" \/>\n<link rel=\"canonical\" href=\"https:\/\/cielostays.com\/fr\/aaa-discount-in-hollywood-for-members\/\" \/>\n<meta property=\"og:locale\" content=\"fr_CA\" \/>\n<meta property=\"og:type\" content=\"article\" \/>\n<meta property=\"og:title\" content=\"Do You Offer a AAA Discount at your Hotel? - Cielo Stays\" \/>\n<meta property=\"og:description\" content=\"While we are not affiliated or certified by AAA, we are happy to extend a discount to their members. Indulge in luxury and savings with Cielo Stays Properties, where our AAA discount opens the door to an elevated vacation experience. Designed for discerning travelers seeking both opulence and value, our exclusive AAA discount ensures that [&hellip;]\" \/>\n<meta property=\"og:url\" content=\"https:\/\/cielostays.com\/fr\/aaa-discount-in-hollywood-for-members\/\" \/>\n<meta property=\"og:site_name\" content=\"Cielo Stays\" \/>\n<meta property=\"article:publisher\" content=\"https:\/\/facebook.com\/cielostays\" \/>\n<meta property=\"article:modified_time\" content=\"2024-01-28T12:29:40+00:00\" \/>\n<meta property=\"og:image\" content=\"https:\/\/cielostays.com\/wp-content\/uploads\/2022\/04\/3-Hollywood-FL-attractions-2-2.webp\" \/>\n\t<meta property=\"og:image:width\" content=\"1100\" \/>\n\t<meta property=\"og:image:height\" content=\"550\" \/>\n\t<meta property=\"og:image:type\" content=\"image\/webp\" \/>\n<meta name=\"twitter:card\" content=\"summary_large_image\" \/>\n<meta name=\"twitter:site\" content=\"@cielostays\" \/>\n<meta name=\"twitter:label1\" content=\"Estimation du temps de lecture\" \/>\n\t<meta name=\"twitter:data1\" content=\"3 minutes\" \/>\n<script type=\"application\/ld+json\" class=\"yoast-schema-graph\">{\"@context\":\"https:\\\/\\\/schema.org\",\"@graph\":[{\"@type\":\"WebPage\",\"@id\":\"https:\\\/\\\/cielostays.com\\\/aaa-discount-in-hollywood-for-members\\\/\",\"url\":\"https:\\\/\\\/cielostays.com\\\/aaa-discount-in-hollywood-for-members\\\/\",\"name\":\"Do You Offer a AAA Discount at your Hotel? - Cielo Stays\",\"isPartOf\":{\"@id\":\"https:\\\/\\\/cielostays.com\\\/#website\"},\"primaryImageOfPage\":{\"@id\":\"https:\\\/\\\/cielostays.com\\\/aaa-discount-in-hollywood-for-members\\\/#primaryimage\"},\"image\":{\"@id\":\"https:\\\/\\\/cielostays.com\\\/aaa-discount-in-hollywood-for-members\\\/#primaryimage\"},\"thumbnailUrl\":\"https:\\\/\\\/cielostays.com\\\/wp-content\\\/uploads\\\/2022\\\/04\\\/3-Hollywood-FL-attractions-2-2.webp\",\"datePublished\":\"2024-01-28T12:29:38+00:00\",\"dateModified\":\"2024-01-28T12:29:40+00:00\",\"inLanguage\":\"fr-CA\",\"potentialAction\":[{\"@type\":\"ReadAction\",\"target\":[\"https:\\\/\\\/cielostays.com\\\/aaa-discount-in-hollywood-for-members\\\/\"]}]},{\"@type\":\"ImageObject\",\"inLanguage\":\"fr-CA\",\"@id\":\"https:\\\/\\\/cielostays.com\\\/aaa-discount-in-hollywood-for-members\\\/#primaryimage\",\"url\":\"https:\\\/\\\/cielostays.com\\\/wp-content\\\/uploads\\\/2022\\\/04\\\/3-Hollywood-FL-attractions-2-2.webp\",\"contentUrl\":\"https:\\\/\\\/cielostays.com\\\/wp-content\\\/uploads\\\/2022\\\/04\\\/3-Hollywood-FL-attractions-2-2.webp\",\"width\":1100,\"height\":550,\"caption\":\"AAA discount\"},{\"@type\":\"WebSite\",\"@id\":\"https:\\\/\\\/cielostays.com\\\/#website\",\"url\":\"https:\\\/\\\/cielostays.com\\\/\",\"name\":\"Cielo Stays\",\"description\":\"Your Partner In Paradise\",\"publisher\":{\"@id\":\"https:\\\/\\\/cielostays.com\\\/#organization\"},\"potentialAction\":[{\"@type\":\"SearchAction\",\"target\":{\"@type\":\"EntryPoint\",\"urlTemplate\":\"https:\\\/\\\/cielostays.com\\\/?s={search_term_string}\"},\"query-input\":{\"@type\":\"PropertyValueSpecification\",\"valueRequired\":true,\"valueName\":\"search_term_string\"}}],\"inLanguage\":\"fr-CA\"},{\"@type\":\"Organization\",\"@id\":\"https:\\\/\\\/cielostays.com\\\/#organization\",\"name\":\"Cielo Stays\",\"url\":\"https:\\\/\\\/cielostays.com\\\/\",\"logo\":{\"@type\":\"ImageObject\",\"inLanguage\":\"fr-CA\",\"@id\":\"https:\\\/\\\/cielostays.com\\\/#\\\/schema\\\/logo\\\/image\\\/\",\"url\":\"https:\\\/\\\/cielostays.com\\\/wp-content\\\/uploads\\\/2022\\\/05\\\/logoForPage-1-1.webp\",\"contentUrl\":\"https:\\\/\\\/cielostays.com\\\/wp-content\\\/uploads\\\/2022\\\/05\\\/logoForPage-1-1.webp\",\"width\":222,\"height\":55,\"caption\":\"Cielo Stays\"},\"image\":{\"@id\":\"https:\\\/\\\/cielostays.com\\\/#\\\/schema\\\/logo\\\/image\\\/\"},\"sameAs\":[\"https:\\\/\\\/facebook.com\\\/cielostays\",\"https:\\\/\\\/x.com\\\/cielostays\",\"https:\\\/\\\/instagram.com\\\/cielostays\"]}]}<\/script>\n<!-- \/ Yoast SEO Premium plugin. -->","yoast_head_json":{"title":"Offrez-vous une r\u00e9duction AAA dans votre h\u00f4tel ? - Cielo Stays","robots":{"index":"index","follow":"follow","max-snippet":"max-snippet:-1","max-image-preview":"max-image-preview:large","max-video-preview":"max-video-preview:-1"},"canonical":"https:\/\/cielostays.com\/fr\/aaa-discount-in-hollywood-for-members\/","og_locale":"fr_CA","og_type":"article","og_title":"Do You Offer a AAA Discount at your Hotel? - Cielo Stays","og_description":"While we are not affiliated or certified by AAA, we are happy to extend a discount to their members. Indulge in luxury and savings with Cielo Stays Properties, where our AAA discount opens the door to an elevated vacation experience. Designed for discerning travelers seeking both opulence and value, our exclusive AAA discount ensures that [&hellip;]","og_url":"https:\/\/cielostays.com\/fr\/aaa-discount-in-hollywood-for-members\/","og_site_name":"Cielo Stays","article_publisher":"https:\/\/facebook.com\/cielostays","article_modified_time":"2024-01-28T12:29:40+00:00","og_image":[{"width":1100,"height":550,"url":"https:\/\/cielostays.com\/wp-content\/uploads\/2022\/04\/3-Hollywood-FL-attractions-2-2.webp","type":"image\/webp"}],"twitter_card":"summary_large_image","twitter_site":"@cielostays","twitter_misc":{"Estimation du temps de lecture":"3 minutes"},"schema":{"@context":"https:\/\/schema.org","@graph":[{"@type":"WebPage","@id":"https:\/\/cielostays.com\/aaa-discount-in-hollywood-for-members\/","url":"https:\/\/cielostays.com\/aaa-discount-in-hollywood-for-members\/","name":"Offrez-vous une r\u00e9duction AAA dans votre h\u00f4tel ? - Cielo Stays","isPartOf":{"@id":"https:\/\/cielostays.com\/#website"},"primaryImageOfPage":{"@id":"https:\/\/cielostays.com\/aaa-discount-in-hollywood-for-members\/#primaryimage"},"image":{"@id":"https:\/\/cielostays.com\/aaa-discount-in-hollywood-for-members\/#primaryimage"},"thumbnailUrl":"https:\/\/cielostays.com\/wp-content\/uploads\/2022\/04\/3-Hollywood-FL-attractions-2-2.webp","datePublished":"2024-01-28T12:29:38+00:00","dateModified":"2024-01-28T12:29:40+00:00","inLanguage":"fr-CA","potentialAction":[{"@type":"ReadAction","target":["https:\/\/cielostays.com\/aaa-discount-in-hollywood-for-members\/"]}]},{"@type":"ImageObject","inLanguage":"fr-CA","@id":"https:\/\/cielostays.com\/aaa-discount-in-hollywood-for-members\/#primaryimage","url":"https:\/\/cielostays.com\/wp-content\/uploads\/2022\/04\/3-Hollywood-FL-attractions-2-2.webp","contentUrl":"https:\/\/cielostays.com\/wp-content\/uploads\/2022\/04\/3-Hollywood-FL-attractions-2-2.webp","width":1100,"height":550,"caption":"AAA discount"},{"@type":"WebSite","@id":"https:\/\/cielostays.com\/#website","url":"https:\/\/cielostays.com\/","name":"S\u00e9jours Cielo","description":"Votre partenaire au paradis","publisher":{"@id":"https:\/\/cielostays.com\/#organization"},"potentialAction":[{"@type":"SearchAction","target":{"@type":"EntryPoint","urlTemplate":"https:\/\/cielostays.com\/?s={search_term_string}"},"query-input":{"@type":"PropertyValueSpecification","valueRequired":true,"valueName":"search_term_string"}}],"inLanguage":"fr-CA"},{"@type":"Organization","@id":"https:\/\/cielostays.com\/#organization","name":"S\u00e9jours Cielo","url":"https:\/\/cielostays.com\/","logo":{"@type":"ImageObject","inLanguage":"fr-CA","@id":"https:\/\/cielostays.com\/#\/schema\/logo\/image\/","url":"https:\/\/cielostays.com\/wp-content\/uploads\/2022\/05\/logoForPage-1-1.webp","contentUrl":"https:\/\/cielostays.com\/wp-content\/uploads\/2022\/05\/logoForPage-1-1.webp","width":222,"height":55,"caption":"Cielo Stays"},"image":{"@id":"https:\/\/cielostays.com\/#\/schema\/logo\/image\/"},"sameAs":["https:\/\/facebook.com\/cielostays","https:\/\/x.com\/cielostays","https:\/\/instagram.com\/cielostays"]}]}},"spectra_custom_meta":{"_edit_lock":["1706445233:20"],"rank_math_internal_links_processed":["1"],"rank_math_seo_score":["70"],"rank_math_focus_keyword":["AAA Discount"],"rank_math_description":["While we are not affiliated with AAA,  we are happy to extend a discount to their members. Indulge in luxury and savings with Cielo Stays Properties"],"_edit_last":["20"],"hefo_before":["0"],"hefo_after":["0"],"use_as_listing":[""],"_thumbnail_id":["4182"],"_uag_css_file_name":["uag-css-5728.css"],"_elementor_page_assets":["a:0:{}"]},"uagb_featured_image_src":{"full":["https:\/\/cielostays.com\/wp-content\/uploads\/2022\/04\/3-Hollywood-FL-attractions-2-2.webp",1100,550,false],"thumbnail":["https:\/\/cielostays.com\/wp-content\/uploads\/2022\/04\/3-Hollywood-FL-attractions-2-2-150x150.webp",150,150,true],"medium":["https:\/\/cielostays.com\/wp-content\/uploads\/2022\/04\/3-Hollywood-FL-attractions-2-2-300x150.webp",300,150,true],"medium_large":["https:\/\/cielostays.com\/wp-content\/uploads\/2022\/04\/3-Hollywood-FL-attractions-2-2-768x384.webp",768,384,true],"large":["https:\/\/cielostays.com\/wp-content\/uploads\/2022\/04\/3-Hollywood-FL-attractions-2-2-1024x512.webp",1024,512,true],"1536x1536":["https:\/\/cielostays.com\/wp-content\/uploads\/2022\/04\/3-Hollywood-FL-attractions-2-2.webp",1100,550,false],"2048x2048":["https:\/\/cielostays.com\/wp-content\/uploads\/2022\/04\/3-Hollywood-FL-attractions-2-2.webp",1100,550,false],"trp-custom-language-flag":["https:\/\/cielostays.com\/wp-content\/uploads\/2022\/04\/3-Hollywood-FL-attractions-2-2-18x9.webp",18,9,true],"gamipress-points":["https:\/\/cielostays.com\/wp-content\/uploads\/2022\/04\/3-Hollywood-FL-attractions-2-2.webp",100,50,false],"gamipress-achievement":["https:\/\/cielostays.com\/wp-content\/uploads\/2022\/04\/3-Hollywood-FL-attractions-2-2.webp",100,50,false],"gamipress-rank":["https:\/\/cielostays.com\/wp-content\/uploads\/2022\/04\/3-Hollywood-FL-attractions-2-2.webp",100,50,false],"woocommerce_thumbnail":["https:\/\/cielostays.com\/wp-content\/uploads\/2022\/04\/3-Hollywood-FL-attractions-2-2-200x200.webp",200,200,true],"woocommerce_single":["https:\/\/cielostays.com\/wp-content\/uploads\/2022\/04\/3-Hollywood-FL-attractions-2-2-600x300.webp",600,300,true],"woocommerce_gallery_thumbnail":["https:\/\/cielostays.com\/wp-content\/uploads\/2022\/04\/3-Hollywood-FL-attractions-2-2-100x100.webp",100,100,true]},"uagb_author_info":{"display_name":"Jose Miori","author_link":"https:\/\/cielostays.com\/fr\/author\/josemiori\/"},"uagb_comment_info":0,"uagb_excerpt":"While we are not affiliated or certified by AAA, we are happy to extend a discount to their members. Indulge in luxury and savings with Cielo Stays Properties, where our AAA discount opens the door to an elevated vacation experience. Designed for discerning travelers seeking both opulence and value, our exclusive AAA discount ensures that&hellip;","_links":{"self":[{"href":"https:\/\/cielostays.com\/fr\/wp-json\/wp\/v2\/pages\/5728","targetHints":{"allow":["GET"]}}],"collection":[{"href":"https:\/\/cielostays.com\/fr\/wp-json\/wp\/v2\/pages"}],"about":[{"href":"https:\/\/cielostays.com\/fr\/wp-json\/wp\/v2\/types\/page"}],"author":[{"embeddable":true,"href":"https:\/\/cielostays.com\/fr\/wp-json\/wp\/v2\/users\/4"}],"replies":[{"embeddable":true,"href":"https:\/\/cielostays.com\/fr\/wp-json\/wp\/v2\/comments?post=5728"}],"version-history":[{"count":0,"href":"https:\/\/cielostays.com\/fr\/wp-json\/wp\/v2\/pages\/5728\/revisions"}],"wp:featuredmedia":[{"embeddable":true,"href":"https:\/\/cielostays.com\/fr\/wp-json\/wp\/v2\/media\/4182"}],"wp:attachment":[{"href":"https:\/\/cielostays.com\/fr\/wp-json\/wp\/v2\/media?parent=5728"}],"curies":[{"name":"wp","href":"https:\/\/api.w.org\/{rel}","templated":true}]}}