{"id":10543,"date":"2025-05-30T11:23:11","date_gmt":"2025-05-30T15:23:11","guid":{"rendered":"https:\/\/cielostays.com\/?post_type=product&#038;p=10543"},"modified":"2025-07-21T11:31:57","modified_gmt":"2025-07-21T15:31:57","slug":"escapada-romantica","status":"publish","type":"product","link":"https:\/\/cielostays.com\/es\/product\/romantic-getaway\/","title":{"rendered":"Haga de su estancia una escapada rom\u00e1ntica"},"content":{"rendered":"<div><span style=\"font-size: large;\">A su llegada, flores frescas, velas, p\u00e9talos de rosa y otros peque\u00f1os detalles realzar\u00e1n todos sus sentidos. Una mesa elegantemente puesta, una botella de vino fr\u00edo y un delicioso aperitivo, preseleccionado por usted, le estar\u00e1n esperando. A continuaci\u00f3n, prep\u00e1rese para 3 platos m\u00e1s, creados por nuestro chef de talla mundial, de nuestro extenso men\u00fa, calientes del horno a la mesa. Y no pod\u00edamos dejar de lado el postre, nuestro surtido de fresas cubiertas de chocolate ser\u00e1 la guinda perfecta. <\/span><\/div>\n<div><span style=\"font-size: large;\">El resto del romance se lo dejamos a usted.\u00a0<\/span><\/div>\n<div><\/div>\n<div><span style=\"font-size: large;\">A la ma\u00f1ana siguiente, a la hora acordada, volveremos y limpiaremos.<\/span><\/div>\n<div><\/div>\n<blockquote>\n<div><span style=\"font-size: large;\">Esta es la escapada rom\u00e1ntica que recordar\u00e1 toda la vida.<\/span><\/div>\n<\/blockquote>\n<div>Este es un producto adicional a su reserva.  Tambi\u00e9n puede reservar esta experiencia aunque su reserva no sea con Cielo Stays.<\/div>","protected":false},"excerpt":{"rendered":"<p class=\"ai-optimize-20\"><span style=\"font-size: large;\">Disfrute con su pareja de un fin de semana rom\u00e1ntico con Cielo Stays.<\/span><\/p>","protected":false},"featured_media":11244,"comment_status":"closed","ping_status":"closed","template":"","meta":{"_uag_custom_page_level_css":"","_swt_meta_header_display":false,"_swt_meta_footer_display":false,"_swt_meta_site_title_display":false,"_swt_meta_sticky_header":false,"_swt_meta_transparent_header":false},"product_brand":[154],"product_cat":[166,152,151],"product_tag":[],"mwb_booking_cost":[],"mwb_booking_service":[],"class_list":{"0":"post-10543","1":"product","2":"type-product","3":"status-publish","4":"has-post-thumbnail","6":"product_brand-beach-buddies","7":"product_cat-booking","8":"product_cat-experiences","9":"product_cat-services","11":"first","12":"instock","13":"sale","14":"virtual","15":"purchasable","16":"product-type-mwb_booking"},"yoast_head":"<!-- This site is optimized with the Yoast SEO Premium plugin v27.3 (Yoast SEO v27.3) - https:\/\/yoast.com\/product\/yoast-seo-premium-wordpress\/ -->\n<title>Make Your Stay a Romantic Getaway - Cielo Stays<\/title>\n<meta name=\"robots\" content=\"index, follow, max-snippet:-1, max-image-preview:large, max-video-preview:-1\" \/>\n<link rel=\"canonical\" href=\"https:\/\/cielostays.com\/es\/producto\/escapada-romantica\/\" \/>\n<meta property=\"og:locale\" content=\"es_ES\" \/>\n<meta property=\"og:type\" content=\"article\" \/>\n<meta property=\"og:title\" content=\"Make Your Stay a Romantic Getaway\" \/>\n<meta property=\"og:description\" content=\"Indulge yourself and your love in a Romantic Weekend with Cielo Stays.\" \/>\n<meta property=\"og:url\" content=\"https:\/\/cielostays.com\/es\/producto\/escapada-romantica\/\" \/>\n<meta property=\"og:site_name\" content=\"Cielo Stays\" \/>\n<meta property=\"article:publisher\" content=\"https:\/\/facebook.com\/cielostays\" \/>\n<meta property=\"article:modified_time\" content=\"2025-07-21T15:31:57+00:00\" \/>\n<meta property=\"og:image\" content=\"https:\/\/cielostays.com\/wp-content\/uploads\/2025\/05\/WhatsApp-Image-2025-05-31-at-22.15.57.jpeg\" \/>\n\t<meta property=\"og:image:width\" content=\"1600\" \/>\n\t<meta property=\"og:image:height\" content=\"1200\" \/>\n\t<meta property=\"og:image:type\" content=\"image\/jpeg\" \/>\n<meta name=\"twitter:card\" content=\"summary_large_image\" \/>\n<meta name=\"twitter:site\" content=\"@cielostays\" \/>\n<meta name=\"twitter:label1\" content=\"Tiempo de lectura\" \/>\n\t<meta name=\"twitter:data1\" content=\"1 minuto\" \/>\n<script type=\"application\/ld+json\" class=\"yoast-schema-graph\">{\"@context\":\"https:\\\/\\\/schema.org\",\"@graph\":[{\"@type\":\"WebPage\",\"@id\":\"https:\\\/\\\/cielostays.com\\\/product\\\/romantic-getaway\\\/\",\"url\":\"https:\\\/\\\/cielostays.com\\\/product\\\/romantic-getaway\\\/\",\"name\":\"Make Your Stay a Romantic Getaway - Cielo Stays\",\"isPartOf\":{\"@id\":\"https:\\\/\\\/cielostays.com\\\/#website\"},\"primaryImageOfPage\":{\"@id\":\"https:\\\/\\\/cielostays.com\\\/product\\\/romantic-getaway\\\/#primaryimage\"},\"image\":{\"@id\":\"https:\\\/\\\/cielostays.com\\\/product\\\/romantic-getaway\\\/#primaryimage\"},\"thumbnailUrl\":\"https:\\\/\\\/cielostays.com\\\/wp-content\\\/uploads\\\/2025\\\/05\\\/WhatsApp-Image-2025-05-31-at-22.15.57.jpeg\",\"datePublished\":\"2025-05-30T15:23:11+00:00\",\"dateModified\":\"2025-07-21T15:31:57+00:00\",\"breadcrumb\":{\"@id\":\"https:\\\/\\\/cielostays.com\\\/product\\\/romantic-getaway\\\/#breadcrumb\"},\"inLanguage\":\"es-AR\",\"potentialAction\":[{\"@type\":\"ReadAction\",\"target\":[\"https:\\\/\\\/cielostays.com\\\/product\\\/romantic-getaway\\\/\"]}]},{\"@type\":\"ImageObject\",\"inLanguage\":\"es-AR\",\"@id\":\"https:\\\/\\\/cielostays.com\\\/product\\\/romantic-getaway\\\/#primaryimage\",\"url\":\"https:\\\/\\\/cielostays.com\\\/wp-content\\\/uploads\\\/2025\\\/05\\\/WhatsApp-Image-2025-05-31-at-22.15.57.jpeg\",\"contentUrl\":\"https:\\\/\\\/cielostays.com\\\/wp-content\\\/uploads\\\/2025\\\/05\\\/WhatsApp-Image-2025-05-31-at-22.15.57.jpeg\",\"width\":1600,\"height\":1200,\"caption\":\"In room romance\"},{\"@type\":\"BreadcrumbList\",\"@id\":\"https:\\\/\\\/cielostays.com\\\/product\\\/romantic-getaway\\\/#breadcrumb\",\"itemListElement\":[{\"@type\":\"ListItem\",\"position\":1,\"name\":\"Shop\",\"item\":\"https:\\\/\\\/cielostays.com\\\/shop\\\/\"},{\"@type\":\"ListItem\",\"position\":2,\"name\":\"Make Your Stay a Romantic Getaway\"}]},{\"@type\":\"WebSite\",\"@id\":\"https:\\\/\\\/cielostays.com\\\/#website\",\"url\":\"https:\\\/\\\/cielostays.com\\\/\",\"name\":\"Cielo Stays\",\"description\":\"Your Partner In Paradise\",\"publisher\":{\"@id\":\"https:\\\/\\\/cielostays.com\\\/#organization\"},\"potentialAction\":[{\"@type\":\"SearchAction\",\"target\":{\"@type\":\"EntryPoint\",\"urlTemplate\":\"https:\\\/\\\/cielostays.com\\\/?s={search_term_string}\"},\"query-input\":{\"@type\":\"PropertyValueSpecification\",\"valueRequired\":true,\"valueName\":\"search_term_string\"}}],\"inLanguage\":\"es-AR\"},{\"@type\":\"Organization\",\"@id\":\"https:\\\/\\\/cielostays.com\\\/#organization\",\"name\":\"Cielo Stays\",\"url\":\"https:\\\/\\\/cielostays.com\\\/\",\"logo\":{\"@type\":\"ImageObject\",\"inLanguage\":\"es-AR\",\"@id\":\"https:\\\/\\\/cielostays.com\\\/#\\\/schema\\\/logo\\\/image\\\/\",\"url\":\"https:\\\/\\\/cielostays.com\\\/wp-content\\\/uploads\\\/2022\\\/05\\\/logoForPage-1-1.webp\",\"contentUrl\":\"https:\\\/\\\/cielostays.com\\\/wp-content\\\/uploads\\\/2022\\\/05\\\/logoForPage-1-1.webp\",\"width\":222,\"height\":55,\"caption\":\"Cielo Stays\"},\"image\":{\"@id\":\"https:\\\/\\\/cielostays.com\\\/#\\\/schema\\\/logo\\\/image\\\/\"},\"sameAs\":[\"https:\\\/\\\/facebook.com\\\/cielostays\",\"https:\\\/\\\/x.com\\\/cielostays\",\"https:\\\/\\\/instagram.com\\\/cielostays\"]}]}<\/script>\n<!-- \/ Yoast SEO Premium plugin. -->","yoast_head_json":{"title":"Haga de su estancia una escapada rom\u00e1ntica - Cielo Stays","robots":{"index":"index","follow":"follow","max-snippet":"max-snippet:-1","max-image-preview":"max-image-preview:large","max-video-preview":"max-video-preview:-1"},"canonical":"https:\/\/cielostays.com\/es\/producto\/escapada-romantica\/","og_locale":"es_ES","og_type":"article","og_title":"Make Your Stay a Romantic Getaway","og_description":"Indulge yourself and your love in a Romantic Weekend with Cielo Stays.","og_url":"https:\/\/cielostays.com\/es\/producto\/escapada-romantica\/","og_site_name":"Cielo Stays","article_publisher":"https:\/\/facebook.com\/cielostays","article_modified_time":"2025-07-21T15:31:57+00:00","og_image":[{"width":1600,"height":1200,"url":"https:\/\/cielostays.com\/wp-content\/uploads\/2025\/05\/WhatsApp-Image-2025-05-31-at-22.15.57.jpeg","type":"image\/jpeg"}],"twitter_card":"summary_large_image","twitter_site":"@cielostays","twitter_misc":{"Tiempo de lectura":"1 minuto"},"schema":{"@context":"https:\/\/schema.org","@graph":[{"@type":"WebPage","@id":"https:\/\/cielostays.com\/product\/romantic-getaway\/","url":"https:\/\/cielostays.com\/product\/romantic-getaway\/","name":"Haga de su estancia una escapada rom\u00e1ntica - Cielo Stays","isPartOf":{"@id":"https:\/\/cielostays.com\/#website"},"primaryImageOfPage":{"@id":"https:\/\/cielostays.com\/product\/romantic-getaway\/#primaryimage"},"image":{"@id":"https:\/\/cielostays.com\/product\/romantic-getaway\/#primaryimage"},"thumbnailUrl":"https:\/\/cielostays.com\/wp-content\/uploads\/2025\/05\/WhatsApp-Image-2025-05-31-at-22.15.57.jpeg","datePublished":"2025-05-30T15:23:11+00:00","dateModified":"2025-07-21T15:31:57+00:00","breadcrumb":{"@id":"https:\/\/cielostays.com\/product\/romantic-getaway\/#breadcrumb"},"inLanguage":"es-AR","potentialAction":[{"@type":"ReadAction","target":["https:\/\/cielostays.com\/product\/romantic-getaway\/"]}]},{"@type":"ImageObject","inLanguage":"es-AR","@id":"https:\/\/cielostays.com\/product\/romantic-getaway\/#primaryimage","url":"https:\/\/cielostays.com\/wp-content\/uploads\/2025\/05\/WhatsApp-Image-2025-05-31-at-22.15.57.jpeg","contentUrl":"https:\/\/cielostays.com\/wp-content\/uploads\/2025\/05\/WhatsApp-Image-2025-05-31-at-22.15.57.jpeg","width":1600,"height":1200,"caption":"In room romance"},{"@type":"BreadcrumbList","@id":"https:\/\/cielostays.com\/product\/romantic-getaway\/#breadcrumb","itemListElement":[{"@type":"ListItem","position":1,"name":"Shop","item":"https:\/\/cielostays.com\/shop\/"},{"@type":"ListItem","position":2,"name":"Make Your Stay a Romantic Getaway"}]},{"@type":"WebSite","@id":"https:\/\/cielostays.com\/#website","url":"https:\/\/cielostays.com\/","name":"Cielo Estancias","description":"Tu socio en el para\u00edso","publisher":{"@id":"https:\/\/cielostays.com\/#organization"},"potentialAction":[{"@type":"SearchAction","target":{"@type":"EntryPoint","urlTemplate":"https:\/\/cielostays.com\/?s={search_term_string}"},"query-input":{"@type":"PropertyValueSpecification","valueRequired":true,"valueName":"search_term_string"}}],"inLanguage":"es-AR"},{"@type":"Organization","@id":"https:\/\/cielostays.com\/#organization","name":"Cielo Estancias","url":"https:\/\/cielostays.com\/","logo":{"@type":"ImageObject","inLanguage":"es-AR","@id":"https:\/\/cielostays.com\/#\/schema\/logo\/image\/","url":"https:\/\/cielostays.com\/wp-content\/uploads\/2022\/05\/logoForPage-1-1.webp","contentUrl":"https:\/\/cielostays.com\/wp-content\/uploads\/2022\/05\/logoForPage-1-1.webp","width":222,"height":55,"caption":"Cielo Stays"},"image":{"@id":"https:\/\/cielostays.com\/#\/schema\/logo\/image\/"},"sameAs":["https:\/\/facebook.com\/cielostays","https:\/\/x.com\/cielostays","https:\/\/instagram.com\/cielostays"]}]}},"spectra_custom_meta":{"_edit_last":["4"],"total_sales":["0"],"_tax_status":["taxable"],"_tax_class":[""],"_manage_stock":[""],"_backorders":["no"],"_sold_individually":["no"],"_virtual":["yes"],"_downloadable":["no"],"_download_limit":["-1"],"_download_expiry":["-1"],"_stock":["1"],"_stock_status":["instock"],"_wc_average_rating":["0"],"_wc_review_count":["0"],"_product_version":["10.0.2"],"_edit_lock":["1753111793:4"],"site-sidebar-layout":["default"],"ast-site-content-layout":["default"],"site-content-style":["default"],"site-sidebar-style":["default"],"theme-transparent-header-meta":["default"],"_thumbnail_id":["11244"],"_product_image_gallery":["10554,10548,10550,10551,10553,10547,11244"],"_regular_price":["600"],"_sale_price":["499"],"_price":["499"],"_yoast_indexnow_last_ping":["1753111917"],"mwb_mbfw_booking_criteria":["fixed_unit"],"wps_mbfw_booking_type":["single_cal"],"mwb_mbfw_booking_count":["1"],"mwb_mbfw_booking_unit":["day"],"mwb_mbfw_enable_calendar":[""],"mwb_mbfw_enable_time_picker":[""],"mwb_mbfw_max_bookings":[""],"mwb_mbfw_show_date_with_time":[""],"mwb_mbfw_admin_confirmation":["yes"],"mwb_mbfw_cancellation_allowed":["yes"],"mwb_mbfw_booking_unit_cost":["499"],"mwb_mbfw_is_booking_unit_cost_per_people":[""],"mwb_mbfw_booking_base_cost":["499"],"mwb_mbfw_booking_base_cost_hide":["yes"],"mwb_mbfw_booking_general_cost_hide":["yes"],"mwb_mbfw_is_booking_base_cost_per_people":[""],"mwb_mbfw_is_people_option":[""],"mwb_mbfw_minimum_people_per_booking":[""],"mwb_mbfw_minimum_no_days_booking":[""],"mwb_mbfw_maximum_people_per_booking":[""],"mwb_mbfw_is_add_extra_services":[""],"mwb_mbfw_maximum_booking_per_unit":[""],"mwb_bfwp_order_statuses_to_cancel":["a:3:{i:0;s:10:\"wc-pending\";i:1;s:13:\"wc-processing\";i:2;s:10:\"wc-on-hold\";}"],"mwb_mbfw_daily_calendar_start_time":["16:00"],"mwb_mbfw_daily_calendar_end_time":["20:00"],"mwb_mbfw_choose_holiday":[""],"wps_mbfw_set_availability":[""],"wps_mbfw_set_availability_upto":[""],"wps_mbfw_time_slots":["a:1:{i:0;a:2:{s:5:\"_from\";s:4:\"9:00\";s:3:\"_to\";s:5:\"10:00\";}}"],"_original_stock":["1"],"_low_stock_amount":[""],"_sku":[""],"wps_mbfw_night_slots_enabled":[""],"mwb_mbfw_booking_time_fromat":["twelve_hour"],"wps_mbfw_day_and_days_upto_togather_enabled":[""],"mwb_mbfw_booking_hide_or_diable_slot":["hide_slot"],"_gamipress_wc_award_points":["on"],"_gamipress_wc_points":["499"],"_yoast_wpseo_primary_product_brand":[""],"_yoast_wpseo_primary_product_cat":[""],"_yoast_wpseo_content_score":["90"],"_yoast_wpseo_focuskeywords":[""],"_yoast_wpseo_keywordsynonyms":[""],"_yoast_wpseo_estimated-reading-time-minutes":["1"],"_yoast_wpseo_focuskw":["Romantic Getaway"],"_yoast_wpseo_linkdex":["57"],"astra-migrate-meta-layouts":["set"]},"uagb_featured_image_src":{"full":["https:\/\/cielostays.com\/wp-content\/uploads\/2025\/05\/WhatsApp-Image-2025-05-31-at-22.15.57.jpeg",1600,1200,false],"thumbnail":["https:\/\/cielostays.com\/wp-content\/uploads\/2025\/05\/WhatsApp-Image-2025-05-31-at-22.15.57-150x150.jpeg",150,150,true],"medium":["https:\/\/cielostays.com\/wp-content\/uploads\/2025\/05\/WhatsApp-Image-2025-05-31-at-22.15.57-300x225.jpeg",300,225,true],"medium_large":["https:\/\/cielostays.com\/wp-content\/uploads\/2025\/05\/WhatsApp-Image-2025-05-31-at-22.15.57-768x576.jpeg",768,576,true],"large":["https:\/\/cielostays.com\/wp-content\/uploads\/2025\/05\/WhatsApp-Image-2025-05-31-at-22.15.57-1024x768.jpeg",1024,768,true],"1536x1536":["https:\/\/cielostays.com\/wp-content\/uploads\/2025\/05\/WhatsApp-Image-2025-05-31-at-22.15.57-1536x1152.jpeg",1536,1152,true],"2048x2048":["https:\/\/cielostays.com\/wp-content\/uploads\/2025\/05\/WhatsApp-Image-2025-05-31-at-22.15.57.jpeg",1600,1200,false],"trp-custom-language-flag":["https:\/\/cielostays.com\/wp-content\/uploads\/2025\/05\/WhatsApp-Image-2025-05-31-at-22.15.57-16x12.jpeg",16,12,true],"gamipress-points":["https:\/\/cielostays.com\/wp-content\/uploads\/2025\/05\/WhatsApp-Image-2025-05-31-at-22.15.57-100x75.jpeg",100,75,true],"gamipress-achievement":["https:\/\/cielostays.com\/wp-content\/uploads\/2025\/05\/WhatsApp-Image-2025-05-31-at-22.15.57-100x75.jpeg",100,75,true],"gamipress-rank":["https:\/\/cielostays.com\/wp-content\/uploads\/2025\/05\/WhatsApp-Image-2025-05-31-at-22.15.57-100x75.jpeg",100,75,true],"woocommerce_thumbnail":["https:\/\/cielostays.com\/wp-content\/uploads\/2025\/05\/WhatsApp-Image-2025-05-31-at-22.15.57-200x200.jpeg",200,200,true],"woocommerce_single":["https:\/\/cielostays.com\/wp-content\/uploads\/2025\/05\/WhatsApp-Image-2025-05-31-at-22.15.57-600x450.jpeg",600,450,true],"woocommerce_gallery_thumbnail":["https:\/\/cielostays.com\/wp-content\/uploads\/2025\/05\/WhatsApp-Image-2025-05-31-at-22.15.57-100x100.jpeg",100,100,true]},"uagb_author_info":{"display_name":"Jose Miori","author_link":"https:\/\/cielostays.com\/es\/author\/"},"uagb_comment_info":0,"uagb_excerpt":"Indulge yourself and your love in a Romantic Weekend with Cielo Stays.","_links":{"self":[{"href":"https:\/\/cielostays.com\/es\/wp-json\/wp\/v2\/product\/10543","targetHints":{"allow":["GET"]}}],"collection":[{"href":"https:\/\/cielostays.com\/es\/wp-json\/wp\/v2\/product"}],"about":[{"href":"https:\/\/cielostays.com\/es\/wp-json\/wp\/v2\/types\/product"}],"replies":[{"embeddable":true,"href":"https:\/\/cielostays.com\/es\/wp-json\/wp\/v2\/comments?post=10543"}],"wp:featuredmedia":[{"embeddable":true,"href":"https:\/\/cielostays.com\/es\/wp-json\/wp\/v2\/media\/11244"}],"wp:attachment":[{"href":"https:\/\/cielostays.com\/es\/wp-json\/wp\/v2\/media?parent=10543"}],"wp:term":[{"taxonomy":"product_brand","embeddable":true,"href":"https:\/\/cielostays.com\/es\/wp-json\/wp\/v2\/product_brand?post=10543"},{"taxonomy":"product_cat","embeddable":true,"href":"https:\/\/cielostays.com\/es\/wp-json\/wp\/v2\/product_cat?post=10543"},{"taxonomy":"product_tag","embeddable":true,"href":"https:\/\/cielostays.com\/es\/wp-json\/wp\/v2\/product_tag?post=10543"},{"taxonomy":"mwb_booking_cost","embeddable":true,"href":"https:\/\/cielostays.com\/es\/wp-json\/wp\/v2\/mwb_booking_cost?post=10543"},{"taxonomy":"mwb_booking_service","embeddable":true,"href":"https:\/\/cielostays.com\/es\/wp-json\/wp\/v2\/mwb_booking_service?post=10543"}],"curies":[{"name":"wp","href":"https:\/\/api.w.org\/{rel}","templated":true}]}}