{"id":6432,"date":"2024-06-08T18:42:13","date_gmt":"2024-06-08T22:42:13","guid":{"rendered":"https:\/\/cielostays.com\/?page_id=6432"},"modified":"2026-02-01T10:11:37","modified_gmt":"2026-02-01T15:11:37","slug":"ofertas","status":"publish","type":"page","link":"https:\/\/cielostays.com\/es\/offers\/","title":{"rendered":"Ofertas exclusivas para ti"},"content":{"rendered":"<div class=\"wp-block-uagb-container uagb-block-4f676931 alignwide uagb-is-root-container\">\n<p>Nuestros c\u00f3digos de cup\u00f3n le ofrecen el m\u00e1ximo valor, permiti\u00e9ndole disfrutar de todas las comodidades del hogar mientras explora emocionantes destinos en todo el mundo. Simplemente aplique el c\u00f3digo al finalizar la compra para disfrutar de descuentos exclusivos en su reserva. En Cielo Stays, su satisfacci\u00f3n es nuestra m\u00e1xima prioridad. Por eso actualizamos constantemente nuestros c\u00f3digos de cup\u00f3n para ofrecerle las mejores ofertas posibles. Aseg\u00farese de visitar nuestra p\u00e1gina con regularidad para conocer los \u00faltimos descuentos y promociones, y aproveche al m\u00e1ximo su presupuesto para vacaciones.<\/p>\n\n\n\n<iframe\n    src=\"https:\/\/lk.miori.net\/widget\/form\/ufK6sKFVoPbtnqL9FsvU\"\n    style=\"width:100%;height:794px;border:none;border-radius:3px\"\n    id=\"inline-ufK6sKFVoPbtnqL9FsvU\" \n    data-layout=\"{'id':'INLINE'}\"\n    data-trigger-type=\"alwaysShow\"\n    data-activation-type=\"alwaysActivated\"\n    data-deactivation-type=\"neverDeactivate\"\n    data-form-name=\"Offers opt in\"\n    data-height=\"800\"\n    data-layout-iframe-id=\"inline-ufK6sKFVoPbtnqL9FsvU\"\n    data-form-id=\"ufK6sKFVoPbtnqL9FsvU\"\n    title=\"Offers opt in\"\n    align=\"center\"\n        >\n<\/iframe>\n<script src=\"https:\/\/lk.miori.net\/js\/form_embed.js\"><\/script>\n\n\n\n<p class=\"has-text-align-center has-x-small-font-size\">Al utilizar un c\u00f3digo de descuento su reserva no ser\u00e1 reembolsable.<br>El descuento se aplica \u00fanicamente a la tarifa de alojamiento.<\/p>\n\n\n\n<p class=\"has-text-align-center has-x-small-font-size\">Se aplican condiciones, fechas de reserva y de viaje.<\/p>\n\n\n\n<p><\/p>\n<\/div>","protected":false},"excerpt":{"rendered":"<p>Our coupon codes provide you with maximum value, allowing you to enjoy all the comforts of home while exploring exciting destinations around the world. Simply apply the code at checkout to enjoy exclusive savings on your booking. ith Cielo Stays, your satisfaction is our top priority. That&#8217;s why we&#8217;re constantly updating our coupon codes to [&hellip;]<\/p>\n","protected":false},"author":4,"featured_media":5875,"parent":0,"menu_order":0,"comment_status":"closed","ping_status":"closed","template":"","meta":{"_uag_custom_page_level_css":"","_swt_meta_header_display":false,"_swt_meta_footer_display":false,"_swt_meta_site_title_display":false,"_swt_meta_sticky_header":false,"_swt_meta_transparent_header":false,"footnotes":""},"class_list":["post-6432","page","type-page","status-publish","has-post-thumbnail","hentry"],"yoast_head":"<!-- This site is optimized with the Yoast SEO Premium plugin v27.3 (Yoast SEO v27.3) - https:\/\/yoast.com\/product\/yoast-seo-premium-wordpress\/ -->\n<title>Exclusive Offers For You - Cielo Stays<\/title>\n<meta name=\"robots\" content=\"index, nofollow, max-snippet:-1, max-image-preview:large, max-video-preview:-1\" \/>\n<link rel=\"canonical\" href=\"https:\/\/cielostays.com\/es\/ofertas\/\" \/>\n<meta property=\"og:locale\" content=\"es_ES\" \/>\n<meta property=\"og:type\" content=\"article\" \/>\n<meta property=\"og:title\" content=\"Exclusive Offers For You - Cielo Stays\" \/>\n<meta property=\"og:description\" content=\"Our coupon codes provide you with maximum value, allowing you to enjoy all the comforts of home while exploring exciting destinations around the world. Simply apply the code at checkout to enjoy exclusive savings on your booking. ith Cielo Stays, your satisfaction is our top priority. That&#8217;s why we&#8217;re constantly updating our coupon codes to [&hellip;]\" \/>\n<meta property=\"og:url\" content=\"https:\/\/cielostays.com\/es\/ofertas\/\" \/>\n<meta property=\"og:site_name\" content=\"Cielo Stays\" \/>\n<meta property=\"article:publisher\" content=\"https:\/\/facebook.com\/cielostays\" \/>\n<meta property=\"article:modified_time\" content=\"2026-02-01T15:11:37+00:00\" \/>\n<meta property=\"og:image\" content=\"https:\/\/cielostays.com\/wp-content\/uploads\/2024\/02\/portrait-of-a-confident-young-businesswoman-workin-2022-09-14-04-03-26-utc.webp\" \/>\n\t<meta property=\"og:image:width\" content=\"809\" \/>\n\t<meta property=\"og:image:height\" content=\"809\" \/>\n\t<meta property=\"og:image:type\" content=\"image\/webp\" \/>\n<meta name=\"twitter:card\" content=\"summary_large_image\" \/>\n<meta name=\"twitter:site\" content=\"@cielostays\" \/>\n<meta name=\"twitter:label1\" content=\"Tiempo de lectura\" \/>\n\t<meta name=\"twitter:data1\" content=\"1 minuto\" \/>\n<script type=\"application\/ld+json\" class=\"yoast-schema-graph\">{\"@context\":\"https:\\\/\\\/schema.org\",\"@graph\":[{\"@type\":\"WebPage\",\"@id\":\"https:\\\/\\\/cielostays.com\\\/offers\\\/\",\"url\":\"https:\\\/\\\/cielostays.com\\\/offers\\\/\",\"name\":\"Exclusive Offers For You - Cielo Stays\",\"isPartOf\":{\"@id\":\"https:\\\/\\\/cielostays.com\\\/#website\"},\"primaryImageOfPage\":{\"@id\":\"https:\\\/\\\/cielostays.com\\\/offers\\\/#primaryimage\"},\"image\":{\"@id\":\"https:\\\/\\\/cielostays.com\\\/offers\\\/#primaryimage\"},\"thumbnailUrl\":\"https:\\\/\\\/cielostays.com\\\/wp-content\\\/uploads\\\/2024\\\/02\\\/portrait-of-a-confident-young-businesswoman-workin-2022-09-14-04-03-26-utc.webp\",\"datePublished\":\"2024-06-08T22:42:13+00:00\",\"dateModified\":\"2026-02-01T15:11:37+00:00\",\"inLanguage\":\"es-AR\",\"potentialAction\":[{\"@type\":\"ReadAction\",\"target\":[\"https:\\\/\\\/cielostays.com\\\/offers\\\/\"]}]},{\"@type\":\"ImageObject\",\"inLanguage\":\"es-AR\",\"@id\":\"https:\\\/\\\/cielostays.com\\\/offers\\\/#primaryimage\",\"url\":\"https:\\\/\\\/cielostays.com\\\/wp-content\\\/uploads\\\/2024\\\/02\\\/portrait-of-a-confident-young-businesswoman-workin-2022-09-14-04-03-26-utc.webp\",\"contentUrl\":\"https:\\\/\\\/cielostays.com\\\/wp-content\\\/uploads\\\/2024\\\/02\\\/portrait-of-a-confident-young-businesswoman-workin-2022-09-14-04-03-26-utc.webp\",\"width\":809,\"height\":809},{\"@type\":\"WebSite\",\"@id\":\"https:\\\/\\\/cielostays.com\\\/#website\",\"url\":\"https:\\\/\\\/cielostays.com\\\/\",\"name\":\"Cielo Stays\",\"description\":\"Your Partner In Paradise\",\"publisher\":{\"@id\":\"https:\\\/\\\/cielostays.com\\\/#organization\"},\"potentialAction\":[{\"@type\":\"SearchAction\",\"target\":{\"@type\":\"EntryPoint\",\"urlTemplate\":\"https:\\\/\\\/cielostays.com\\\/?s={search_term_string}\"},\"query-input\":{\"@type\":\"PropertyValueSpecification\",\"valueRequired\":true,\"valueName\":\"search_term_string\"}}],\"inLanguage\":\"es-AR\"},{\"@type\":\"Organization\",\"@id\":\"https:\\\/\\\/cielostays.com\\\/#organization\",\"name\":\"Cielo Stays\",\"url\":\"https:\\\/\\\/cielostays.com\\\/\",\"logo\":{\"@type\":\"ImageObject\",\"inLanguage\":\"es-AR\",\"@id\":\"https:\\\/\\\/cielostays.com\\\/#\\\/schema\\\/logo\\\/image\\\/\",\"url\":\"https:\\\/\\\/cielostays.com\\\/wp-content\\\/uploads\\\/2022\\\/05\\\/logoForPage-1-1.webp\",\"contentUrl\":\"https:\\\/\\\/cielostays.com\\\/wp-content\\\/uploads\\\/2022\\\/05\\\/logoForPage-1-1.webp\",\"width\":222,\"height\":55,\"caption\":\"Cielo Stays\"},\"image\":{\"@id\":\"https:\\\/\\\/cielostays.com\\\/#\\\/schema\\\/logo\\\/image\\\/\"},\"sameAs\":[\"https:\\\/\\\/facebook.com\\\/cielostays\",\"https:\\\/\\\/x.com\\\/cielostays\",\"https:\\\/\\\/instagram.com\\\/cielostays\"]}]}<\/script>\n<!-- \/ Yoast SEO Premium plugin. -->","yoast_head_json":{"title":"Ofertas exclusivas para ti - Cielo Stays","robots":{"index":"index","follow":"nofollow","max-snippet":"max-snippet:-1","max-image-preview":"max-image-preview:large","max-video-preview":"max-video-preview:-1"},"canonical":"https:\/\/cielostays.com\/es\/ofertas\/","og_locale":"es_ES","og_type":"article","og_title":"Exclusive Offers For You - Cielo Stays","og_description":"Our coupon codes provide you with maximum value, allowing you to enjoy all the comforts of home while exploring exciting destinations around the world. Simply apply the code at checkout to enjoy exclusive savings on your booking. ith Cielo Stays, your satisfaction is our top priority. That&#8217;s why we&#8217;re constantly updating our coupon codes to [&hellip;]","og_url":"https:\/\/cielostays.com\/es\/ofertas\/","og_site_name":"Cielo Stays","article_publisher":"https:\/\/facebook.com\/cielostays","article_modified_time":"2026-02-01T15:11:37+00:00","og_image":[{"width":809,"height":809,"url":"https:\/\/cielostays.com\/wp-content\/uploads\/2024\/02\/portrait-of-a-confident-young-businesswoman-workin-2022-09-14-04-03-26-utc.webp","type":"image\/webp"}],"twitter_card":"summary_large_image","twitter_site":"@cielostays","twitter_misc":{"Tiempo de lectura":"1 minuto"},"schema":{"@context":"https:\/\/schema.org","@graph":[{"@type":"WebPage","@id":"https:\/\/cielostays.com\/offers\/","url":"https:\/\/cielostays.com\/offers\/","name":"Ofertas exclusivas para ti - Cielo Stays","isPartOf":{"@id":"https:\/\/cielostays.com\/#website"},"primaryImageOfPage":{"@id":"https:\/\/cielostays.com\/offers\/#primaryimage"},"image":{"@id":"https:\/\/cielostays.com\/offers\/#primaryimage"},"thumbnailUrl":"https:\/\/cielostays.com\/wp-content\/uploads\/2024\/02\/portrait-of-a-confident-young-businesswoman-workin-2022-09-14-04-03-26-utc.webp","datePublished":"2024-06-08T22:42:13+00:00","dateModified":"2026-02-01T15:11:37+00:00","inLanguage":"es-AR","potentialAction":[{"@type":"ReadAction","target":["https:\/\/cielostays.com\/offers\/"]}]},{"@type":"ImageObject","inLanguage":"es-AR","@id":"https:\/\/cielostays.com\/offers\/#primaryimage","url":"https:\/\/cielostays.com\/wp-content\/uploads\/2024\/02\/portrait-of-a-confident-young-businesswoman-workin-2022-09-14-04-03-26-utc.webp","contentUrl":"https:\/\/cielostays.com\/wp-content\/uploads\/2024\/02\/portrait-of-a-confident-young-businesswoman-workin-2022-09-14-04-03-26-utc.webp","width":809,"height":809},{"@type":"WebSite","@id":"https:\/\/cielostays.com\/#website","url":"https:\/\/cielostays.com\/","name":"Cielo Estancias","description":"Tu socio en el para\u00edso","publisher":{"@id":"https:\/\/cielostays.com\/#organization"},"potentialAction":[{"@type":"SearchAction","target":{"@type":"EntryPoint","urlTemplate":"https:\/\/cielostays.com\/?s={search_term_string}"},"query-input":{"@type":"PropertyValueSpecification","valueRequired":true,"valueName":"search_term_string"}}],"inLanguage":"es-AR"},{"@type":"Organization","@id":"https:\/\/cielostays.com\/#organization","name":"Cielo Estancias","url":"https:\/\/cielostays.com\/","logo":{"@type":"ImageObject","inLanguage":"es-AR","@id":"https:\/\/cielostays.com\/#\/schema\/logo\/image\/","url":"https:\/\/cielostays.com\/wp-content\/uploads\/2022\/05\/logoForPage-1-1.webp","contentUrl":"https:\/\/cielostays.com\/wp-content\/uploads\/2022\/05\/logoForPage-1-1.webp","width":222,"height":55,"caption":"Cielo Stays"},"image":{"@id":"https:\/\/cielostays.com\/#\/schema\/logo\/image\/"},"sameAs":["https:\/\/facebook.com\/cielostays","https:\/\/x.com\/cielostays","https:\/\/instagram.com\/cielostays"]}]}},"spectra_custom_meta":{"_edit_lock":["1769962823:4"],"_edit_last":["4"],"_yoast_indexnow_last_ping":["1769958698"],"hefo_before":["0"],"hefo_after":["0"],"use_as_listing":[""],"_yoast_wpseo_content_score":["30"],"_yoast_wpseo_focuskeywords":["[]"],"_yoast_wpseo_keywordsynonyms":["[\"\"]"],"_yoast_wpseo_estimated-reading-time-minutes":["1"],"_yoast_wpseo_wordproof_timestamp":[""],"_yoast_wpseo_focuskw":["Exclusive Offers"],"_yoast_wpseo_linkdex":["57"],"_thumbnail_id":["5875"],"_trp_automatically_translated_slug_fr_CA":["offres"],"_trp_automatically_translated_slug_ru_RU":["\u043f\u0440\u0435\u0434\u043b\u043e\u0436\u0435\u043d\u0438\u044f"],"_trp_automatically_translated_slug_es_AR":["ofertas"],"_trp_automatically_translated_slug_nl_NL":["aanbiedingen"],"_trp_automatically_translated_slug_de_DE":["angebote"],"_trp_automatically_translated_slug_pt_BR":["ofertas"],"um_content_restriction":["a:8:{s:26:\"_um_custom_access_settings\";b:0;s:14:\"_um_accessible\";i:0;s:28:\"_um_access_hide_from_queries\";b:0;s:19:\"_um_noaccess_action\";i:0;s:30:\"_um_restrict_by_custom_message\";i:0;s:27:\"_um_restrict_custom_message\";s:0:\"\";s:19:\"_um_access_redirect\";i:0;s:23:\"_um_access_redirect_url\";s:0:\"\";}"],"_yoast_wpseo_meta-robots-nofollow":["1"],"gutentor_dynamic_css":[""],"gutentor_css_info":["a:4:{s:7:\"version\";s:5:\"3.4.0\";s:13:\"saved_version\";i:29;s:6:\"is_rtl\";b:0;s:6:\"blocks\";a:0:{}}"],"_elementor_edit_mode":["builder"],"_elementor_template_type":["wp-page"],"_elementor_version":["3.26.4"],"_elementor_pro_version":["3.26.3"],"_wp_page_template":["default"],"_elementor_data":["[{\"id\":\"70fdb4b3\",\"elType\":\"section\",\"settings\":[],\"elements\":[{\"id\":\"19893103\",\"elType\":\"column\",\"settings\":{\"_column_size\":100},\"elements\":[{\"id\":\"6a6a1b04\",\"elType\":\"widget\",\"settings\":{\"editor\":\"<p><!-- wp:paragraph --><\\\/p>\\n<p>Welcome to Cielo Stays' exclusive offers page, where you unlock incredible savings on your next vacation rental experience. As a premier vacation rental management company, make your getaway both memorable and affordable. Explore our curated selection of coupon codes below and start planning your dream vacation without breaking the bank.<\\\/p>\\n<p><!-- \\\/wp:paragraph --><!-- wp:paragraph --><\\\/p>\\n<p>Discover unbeatable discounts on a wide range of vacation rentals, from charming condos to luxurious villas. Whether you're craving a serene retreat in the mountains or a sun-soaked escape by the sea, Cielo Stays has the perfect accommodation for every occasion.<\\\/p>\\n<p><!-- \\\/wp:paragraph --><!-- wp:paragraph --><\\\/p>\\n<p>Our coupon codes provide you with maximum value, allowing you to enjoy all the comforts of home while exploring exciting destinations around the world. Simply apply the code at checkout to enjoy exclusive savings on your booking.<\\\/p>\\n<p><!-- \\\/wp:paragraph --><!-- wp:paragraph --><\\\/p>\\n<p>With Cielo Stays, your satisfaction is our top priority. That's why we're constantly updating our coupon codes to offer you the best possible deals. Be sure to check back regularly for the latest discounts and promotions, and make the most of your vacation budget.<\\\/p>\\n<p><!-- \\\/wp:paragraph --><!-- wp:paragraph --><\\\/p>\\n<p>Ready to embark on your next adventure? Browse our current coupon codes below and start saving on your next vacation rental with Cielo Stays. Don't miss out on these incredible savings \\u2013 book today and make your dream vacation a reality!<\\\/p>\\n<p><!-- \\\/wp:paragraph --><!-- wp:table {\\\"hasFixedLayout\\\":false,\\\"align\\\":\\\"center\\\",\\\"className\\\":\\\"is-style-stripes\\\",\\\"style\\\":{\\\"spacing\\\":{\\\"padding\\\":{\\\"top\\\":\\\"0\\\",\\\"bottom\\\":\\\"0\\\",\\\"left\\\":\\\"var:preset|spacing|80\\\",\\\"right\\\":\\\"var:preset|spacing|80\\\"}}},\\\"borderColor\\\":\\\"black\\\"} --><\\\/p>\\n<figure class=\\\"wp-block-table aligncenter is-style-stripes\\\" style=\\\"padding: 0 var(--wp--preset--spacing--80) 0 var(--wp--preset--spacing--80);\\\">\\n<table class=\\\"has-border-color has-black-border-color\\\">\\n<thead>\\n<tr>\\n<th>Code<\\\/th>\\n<th>Valid From..<\\\/th>\\n<th class=\\\"has-text-align-center\\\" data-align=\\\"center\\\">Valid To<\\\/th>\\n<th>Travel from..<\\\/th>\\n<th>Travel To..<\\\/th>\\n<th>Min stay<\\\/th>\\n<th>Max stay<\\\/th>\\n<th>Discount*<\\\/th>\\n<th>Coupons Available<\\\/th>\\n<\\\/tr>\\n<\\\/thead>\\n<tbody>\\n<tr>\\n<td>WB2025<\\\/td>\\n<td>01\\\/04\\\/2025<\\\/td>\\n<td class=\\\"has-text-align-center\\\" data-align=\\\"center\\\">12\\\/31\\\/2025<\\\/td>\\n<td>01\\\/04\\\/2024<\\\/td>\\n<td>12\\\/31\\\/2026<\\\/td>\\n<td>3<\\\/td>\\n<td>180<\\\/td>\\n<td>8%<\\\/td>\\n<td>&nbsp;<\\\/td>\\n<\\\/tr>\\n<\\\/tbody>\\n<\\\/table>\\n<figcaption class=\\\"wp-element-caption\\\">By using a discount code your reservation becomes non-refundable.<br>Discount is applied on accomodation fare only. <p><\\\/p>\\n<p>Terms, booking and travel dates apply.<\\\/p><\\\/figcaption>\\n<\\\/figure>\\n<p><!-- \\\/wp:table --><!-- wp:html --><\\\/p>\\n<div data-mooform-id=\\\"73875a85-f490-477f-ab92-7fd5e857da3d\\\">&nbsp;<\\\/div>\\n<p><!-- \\\/wp:html --><\\\/p>\"},\"elements\":[],\"widgetType\":\"text-editor\"}],\"isInner\":false}],\"isInner\":false}]"],"_elementor_controls_usage":["a:3:{s:11:\"text-editor\";a:3:{s:5:\"count\";i:1;s:15:\"control_percent\";i:0;s:8:\"controls\";a:1:{s:7:\"content\";a:1:{s:14:\"section_editor\";a:1:{s:6:\"editor\";i:1;}}}}s:6:\"column\";a:3:{s:5:\"count\";i:1;s:15:\"control_percent\";i:0;s:8:\"controls\";a:0:{}}s:7:\"section\";a:3:{s:5:\"count\";i:1;s:15:\"control_percent\";i:0;s:8:\"controls\";a:0:{}}}"],"_elementor_page_assets":["a:0:{}"]},"uagb_featured_image_src":{"full":["https:\/\/cielostays.com\/wp-content\/uploads\/2024\/02\/portrait-of-a-confident-young-businesswoman-workin-2022-09-14-04-03-26-utc.webp",809,809,false],"thumbnail":["https:\/\/cielostays.com\/wp-content\/uploads\/2024\/02\/portrait-of-a-confident-young-businesswoman-workin-2022-09-14-04-03-26-utc-150x150.webp",150,150,true],"medium":["https:\/\/cielostays.com\/wp-content\/uploads\/2024\/02\/portrait-of-a-confident-young-businesswoman-workin-2022-09-14-04-03-26-utc-300x300.webp",300,300,true],"medium_large":["https:\/\/cielostays.com\/wp-content\/uploads\/2024\/02\/portrait-of-a-confident-young-businesswoman-workin-2022-09-14-04-03-26-utc-768x768.webp",768,768,true],"large":["https:\/\/cielostays.com\/wp-content\/uploads\/2024\/02\/portrait-of-a-confident-young-businesswoman-workin-2022-09-14-04-03-26-utc.webp",809,809,false],"1536x1536":["https:\/\/cielostays.com\/wp-content\/uploads\/2024\/02\/portrait-of-a-confident-young-businesswoman-workin-2022-09-14-04-03-26-utc.webp",809,809,false],"2048x2048":["https:\/\/cielostays.com\/wp-content\/uploads\/2024\/02\/portrait-of-a-confident-young-businesswoman-workin-2022-09-14-04-03-26-utc.webp",809,809,false],"trp-custom-language-flag":["https:\/\/cielostays.com\/wp-content\/uploads\/2024\/02\/portrait-of-a-confident-young-businesswoman-workin-2022-09-14-04-03-26-utc-12x12.webp",12,12,true],"gamipress-points":["https:\/\/cielostays.com\/wp-content\/uploads\/2024\/02\/portrait-of-a-confident-young-businesswoman-workin-2022-09-14-04-03-26-utc.webp",100,100,false],"gamipress-achievement":["https:\/\/cielostays.com\/wp-content\/uploads\/2024\/02\/portrait-of-a-confident-young-businesswoman-workin-2022-09-14-04-03-26-utc.webp",100,100,false],"gamipress-rank":["https:\/\/cielostays.com\/wp-content\/uploads\/2024\/02\/portrait-of-a-confident-young-businesswoman-workin-2022-09-14-04-03-26-utc.webp",100,100,false],"woocommerce_thumbnail":["https:\/\/cielostays.com\/wp-content\/uploads\/2024\/02\/portrait-of-a-confident-young-businesswoman-workin-2022-09-14-04-03-26-utc-200x200.webp",200,200,true],"woocommerce_single":["https:\/\/cielostays.com\/wp-content\/uploads\/2024\/02\/portrait-of-a-confident-young-businesswoman-workin-2022-09-14-04-03-26-utc-600x600.webp",600,600,true],"woocommerce_gallery_thumbnail":["https:\/\/cielostays.com\/wp-content\/uploads\/2024\/02\/portrait-of-a-confident-young-businesswoman-workin-2022-09-14-04-03-26-utc-100x100.webp",100,100,true]},"uagb_author_info":{"display_name":"Jose Miori","author_link":"https:\/\/cielostays.com\/es\/author\/josemiori\/"},"uagb_comment_info":0,"uagb_excerpt":"Our coupon codes provide you with maximum value, allowing you to enjoy all the comforts of home while exploring exciting destinations around the world. Simply apply the code at checkout to enjoy exclusive savings on your booking. ith Cielo Stays, your satisfaction is our top priority. That&#8217;s why we&#8217;re constantly updating our coupon codes to&hellip;","_links":{"self":[{"href":"https:\/\/cielostays.com\/es\/wp-json\/wp\/v2\/pages\/6432","targetHints":{"allow":["GET"]}}],"collection":[{"href":"https:\/\/cielostays.com\/es\/wp-json\/wp\/v2\/pages"}],"about":[{"href":"https:\/\/cielostays.com\/es\/wp-json\/wp\/v2\/types\/page"}],"author":[{"embeddable":true,"href":"https:\/\/cielostays.com\/es\/wp-json\/wp\/v2\/users\/4"}],"replies":[{"embeddable":true,"href":"https:\/\/cielostays.com\/es\/wp-json\/wp\/v2\/comments?post=6432"}],"version-history":[{"count":9,"href":"https:\/\/cielostays.com\/es\/wp-json\/wp\/v2\/pages\/6432\/revisions"}],"predecessor-version":[{"id":11428,"href":"https:\/\/cielostays.com\/es\/wp-json\/wp\/v2\/pages\/6432\/revisions\/11428"}],"wp:featuredmedia":[{"embeddable":true,"href":"https:\/\/cielostays.com\/es\/wp-json\/wp\/v2\/media\/5875"}],"wp:attachment":[{"href":"https:\/\/cielostays.com\/es\/wp-json\/wp\/v2\/media?parent=6432"}],"curies":[{"name":"wp","href":"https:\/\/api.w.org\/{rel}","templated":true}]}}