{"id":6351,"date":"2024-04-19T02:22:19","date_gmt":"2024-04-19T06:22:19","guid":{"rendered":"https:\/\/cielostays.com\/?page_id=6351"},"modified":"2025-05-30T22:15:12","modified_gmt":"2025-05-31T02:15:12","slug":"ch-condominios-de-lujo-estudios-en-la-playa","status":"publish","type":"page","link":"https:\/\/cielostays.com\/es\/ch-luxury-condos-studios-on-the-beach\/","title":{"rendered":"CH Condominios y estudios de lujo en la playa"},"content":{"rendered":"<p>CH Luxury Condos &amp; Studios On The Beach es el nombre que usamos para presentar las propiedades que administramos en el <a href=\"https:\/\/cielostays.com\/es\/2022\/12\/costa-hollywood-resort\/\">Costa Hollywood Playa Resort<\/a>. Cielo Stays ofrece condominios y estudios de alquiler vacacional desde finales de 2017. Tambi\u00e9n hay un hotel en el edificio. El hotel pas\u00f3 por 3 operadores hoteleros, mientras Cielo Stays ofreci\u00f3 un servicio continuo a nuestros fieles hu\u00e9spedes.  <\/p>\n\n\n\n<h2 class=\"wp-block-heading has-medium-font-size\">Comodidades<\/h2>\n\n\n\n<p>Ofrecemos varias comodidades a nuestros hu\u00e9spedes de CH Luxury Condos &amp; Studios On The Beach:<\/p>\n\n\n\n<ol class=\"wp-block-list\">\n<li>Gimnasio de \u00faltima generaci\u00f3n<\/li>\n\n\n\n<li>Piscina y bar en la azotea<\/li>\n\n\n\n<li>Clases de yoga<\/li>\n\n\n\n<li>Tumbonas en la azotea<\/li>\n\n\n\n<li>Dos sillas de playa de cortes\u00eda.<\/li>\n<\/ol>\n\n\n\n<figure class=\"wp-block-image size-large is-style-rounded\"><img loading=\"lazy\" decoding=\"async\" width=\"1024\" height=\"683\" src=\"https:\/\/cielostays.com\/wp-content\/uploads\/2024\/03\/CH-Bcom-1024x683.webp\" alt=\"CH Condominios y estudios de lujo en la playa\" class=\"wp-image-6291\" srcset=\"https:\/\/cielostays.com\/wp-content\/uploads\/2024\/03\/CH-Bcom-1024x683.webp 1024w, https:\/\/cielostays.com\/wp-content\/uploads\/2024\/03\/CH-Bcom-600x400.webp 600w, https:\/\/cielostays.com\/wp-content\/uploads\/2024\/03\/CH-Bcom-300x200.webp 300w, https:\/\/cielostays.com\/wp-content\/uploads\/2024\/03\/CH-Bcom-768x512.webp 768w, https:\/\/cielostays.com\/wp-content\/uploads\/2024\/03\/CH-Bcom-1536x1024.webp 1536w, https:\/\/cielostays.com\/wp-content\/uploads\/2024\/03\/CH-Bcom.webp 1920w, https:\/\/cielostays.com\/wp-content\/uploads\/2024\/03\/CH-Bcom-18x12.webp 18w\" sizes=\"auto, (max-width: 1024px) 100vw, 1024px\" \/><\/figure>\n\n\n\n<p>En el Costa Hollywood Beach Resort, la limpieza la realiza el actual operador del hotel debido a restricciones de construcci\u00f3n. Cielo Stays es el \u00fanico operador del edificio con inspectores en el lugar. Nuestro inspector que supervisa la limpieza de calidad limitada que brinda el operador del hotel.  <\/p>\n\n\n\n<p>Nuestras tarifas en el Costa Hollywood Beach Resort no incluyen el servicio de limpieza diario. Puede ponerse en contacto con nuestro equipo para organizar la limpieza durante su estad\u00eda por un costo asequible.<\/p>\n\n\n\n<p>Por favor contacte a nuestro <a href=\"tel:+18508124356\">numero de atencion al cliente<\/a>r si necesita servicio.  <\/p>\n\n\n\n<p>Tenga en cuenta que hay algunas tarifas que no est\u00e1n incluidas en la tarifa que pagar\u00e1. Consulte las tarifas actuales de CH Luxury Condos &amp; Studios On The Beach y Costa Hollywood Beach Resort <a href=\"https:\/\/kb.cielostays.com\">aqu\u00ed<\/a><\/p>\n\n\n\n<p>El personal de recepci\u00f3n es del hotel y no puede ayudar.<\/p>\n\n\n\n<p>Puedes reservar directamente y ahorrar en tu <a href=\"https:\/\/cielostays.com\/es\/categoria\/balnearios\/costa-de-hollywood\/\" data-type=\"category\" data-id=\"42\">Habitaci\u00f3n CH Luxury Condos &amp; Studios On The Beach en cielostays.com<\/a>. Porque no cobramos comisiones ni honorarios.<\/p>\n\n\n\n<h2 class=\"wp-block-heading\">Detalles de CH Luxury Condos &amp; Studios<\/h2>\n\n\n\n<p><strong>Ubicaci\u00f3n:<\/strong> Ubicado a lo largo de la pintoresca costa, ofrecemos una experiencia de vida frente al mar incomparable.<\/p>\n\n\n\n<p><strong>Dise\u00f1o:<\/strong> Los condominios y estudios est\u00e1n meticulosamente dise\u00f1ados con una combinaci\u00f3n de arquitectura moderna y est\u00e9tica costera, con amplias ventanas que enmarcan impresionantes vistas al oc\u00e9ano.<\/p>\n\n\n\n<p><strong>Comodidades:<\/strong> Los residentes pueden disfrutar de una variedad de comodidades exclusivas, como acceso a la playa, piscina en la azotea con vista al mar, gimnasio bien equipado y hermosos jardines.<\/p>\n\n\n\n<p><strong>Interior:<\/strong> Los interiores est\u00e1n elaborados con materiales de alta calidad y acabados de dise\u00f1o, creando un ambiente de lujo y confort. Los dise\u00f1os de planta abierta maximizan el espacio y la luz natural, mientras que los balcones o terrazas privados en la mayor\u00eda de las unidades ofrecen espacios serenos al aire libre.<\/p>\n\n\n\n<p><strong>Comunidad:<\/strong> CH Luxury Condos &amp; Studios fomenta una atm\u00f3sfera comunitaria vibrante, con espacios sociales como salones, \u00e1reas de barbacoa y espacios para eventos para reuniones y entretenimiento.<\/p>\n\n\n\n<p>El complejo est\u00e1 ubicado a pasos del Hollywood Broadwalk en Florida. Es una zona costera vibrante e ic\u00f3nica conocida por su atm\u00f3sfera relajada, belleza esc\u00e9nica y opciones de entretenimiento animadas. Aqu\u00ed tienes una descripci\u00f3n para que tengas una buena idea de c\u00f3mo es: <\/p>\n\n\n\n<h2 class=\"wp-block-heading\">CH Luxury Condos &amp; Studios est\u00e1 en The Broadwalk<\/h2>\n\n\n\n<figure class=\"wp-block-image size-large\"><img loading=\"lazy\" decoding=\"async\" width=\"1024\" height=\"683\" src=\"https:\/\/cielostays.com\/wp-content\/uploads\/2024\/04\/B27I0929-1024x683.webp\" alt=\"El paseo mar\u00edtimo de Hollywood\" class=\"wp-image-6354\" srcset=\"https:\/\/cielostays.com\/wp-content\/uploads\/2024\/04\/B27I0929-1024x683.webp 1024w, https:\/\/cielostays.com\/wp-content\/uploads\/2024\/04\/B27I0929-scaled-600x400.webp 600w, https:\/\/cielostays.com\/wp-content\/uploads\/2024\/04\/B27I0929-300x200.webp 300w, https:\/\/cielostays.com\/wp-content\/uploads\/2024\/04\/B27I0929-768x512.webp 768w, https:\/\/cielostays.com\/wp-content\/uploads\/2024\/04\/B27I0929-1536x1024.webp 1536w, https:\/\/cielostays.com\/wp-content\/uploads\/2024\/04\/B27I0929-scaled.webp 1920w, https:\/\/cielostays.com\/wp-content\/uploads\/2024\/04\/B27I0929-18x12.webp 18w\" sizes=\"auto, (max-width: 1024px) 100vw, 1024px\" \/><\/figure>\n\n\n\n<p> es un pintoresco paseo mar\u00edtimo de 2,5 millas a lo largo de la costa atl\u00e1ntica.<\/p>\n\n\n\n<p><strong>Belleza esc\u00e9nica:<\/strong> Broadwalk es famoso por sus pr\u00edstinas playas de arena, aguas cristalinas y impresionantes vistas del oc\u00e9ano. Las palmeras se alinean en el camino, brindando sombra y un ambiente tropical.<\/p>\n\n\n\n<p><strong>Actividades:<\/strong> El barrio ofrece una gran cantidad de actividades tanto para residentes como para visitantes. Puede disfrutar de tranquilos paseos o paseos en bicicleta por Broadwalk, darse un refrescante chapuz\u00f3n en el oc\u00e9ano o simplemente relajarse en las playas de arena.<\/p>\n\n\n\n<p><strong>Comida:<\/strong> Uno de los aspectos m\u00e1s destacados del Hollywood Broadwalk es su variada escena culinaria. Encontrar\u00e1 una amplia variedad de restaurantes, cafeter\u00edas y bares que ofrecen de todo, desde mariscos frescos y cocina internacional hasta refrigerios informales junto a la playa y bebidas refrescantes.<\/p>\n\n\n\n<p><strong>Entretenimiento:<\/strong> El Broadwalk est\u00e1 repleto de opciones de entretenimiento. A menudo se llevan a cabo actuaciones de m\u00fasica en vivo, artistas callejeros y eventos culturales, lo que crea un ambiente animado y festivo. Tambi\u00e9n podr\u00e1s encontrar tiendas que venden ropa de playa, souvenirs y artesan\u00edas locales \u00fanicas.<\/p>\n\n\n\n<p><strong>Ideal para familias:<\/strong> El vecindario es ideal para familias, con \u00e1reas de juegos infantiles, \u00e1reas de p\u00edcnic y \u00e1reas designadas para nadar, lo que garantiza que todos, incluidos los ni\u00f1os, puedan pasar un buen rato en la playa.<\/p>\n\n\n\n<p><strong>Eventos comunitarios:<\/strong> A lo largo del a\u00f1o, Hollywood Broadwalk alberga diversos eventos como conciertos, festivales de arte y noches de cine junto a la playa, fomentando un sentido de comunidad y camarader\u00eda entre residentes y visitantes.<\/p>\n\n\n\n<h2 class=\"wp-block-heading has-medium-font-size\">C\u00f3mo llegar aqu\u00ed:<\/h2>\n\n\n\n<p>Cuando se trata de volar a Hollywood, Florida, tiene algunas opciones excelentes seg\u00fan su ubicaci\u00f3n, presupuesto y aerol\u00edneas preferidas. Estas son algunas de las mejores opciones:<\/p>\n\n\n\n<ol class=\"wp-block-list\">\n<li><strong>Aeropuerto Internacional de Fort Lauderdale-Hollywood (FLL):<\/strong> Este aeropuerto es el aeropuerto principal m\u00e1s cercano a Hollywood, Florida, ubicado a poca distancia en autom\u00f3vil. Ofrece una amplia gama de vuelos nacionales e internacionales, lo que la convierte en una opci\u00f3n conveniente para los viajeros. Aerol\u00edneas como Southwest, JetBlue, Delta, American Airlines y Spirit Airlines operan vuelos frecuentes desde y hacia FLL.<\/li>\n\n\n\n<li><strong>Aeropuerto Internacional de Miami (MIA):<\/strong> Si bien no est\u00e1 tan cerca de Hollywood como FLL, el Aeropuerto Internacional de Miami es un centro importante con amplias opciones de vuelos nacionales e internacionales. Est\u00e1 a unos 30-40 minutos en coche desde Hollywood, dependiendo del tr\u00e1fico. Muchas aerol\u00edneas importantes, incluidas American Airlines, Delta, United y aerol\u00edneas internacionales, prestan servicios en MIA.<\/li>\n\n\n\n<li><strong>Aeropuerto Internacional de Palm Beach (PBI):<\/strong> Ubicado al norte de Hollywood, el Aeropuerto Internacional de Palm Beach es otra opci\u00f3n para los viajeros. Sirve a varias aerol\u00edneas como American Airlines, Delta, JetBlue, Southwest y United Airlines, y ofrece vuelos nacionales y algunos internacionales.<\/li>\n<\/ol>\n\n\n\n<p><strong>\u00a1Llegue con estilo y comodidad con el servicio de recogida en el aeropuerto de Larry&#039;s Limo!<\/strong><\/p>\n\n\n\n<p>\u00bfEst\u00e1 buscando una experiencia de recogida en el aeropuerto lujosa y sin complicaciones? No busque m\u00e1s, nuestra asociaci\u00f3n exclusiva con Larry&#039;s Limo, reconocida por sus servicios de transporte de primer nivel. P\u00f3ngase en contacto con nuestro equipo para programar su recogida por un precio exclusivo y conozca y salude dentro.<\/p>\n\n\n\n<p><strong>\u00bfPor qu\u00e9 elegir la limusina de Larry?<\/strong><\/p>\n\n\n\n<ol class=\"wp-block-list\">\n<li><strong>Profesionalismo:<\/strong> Larry&#039;s Limo cuenta con un equipo de choferes profesionales y experimentados que priorizan su seguridad, comodidad y puntualidad.<\/li>\n\n\n\n<li><strong>Flota de lujo:<\/strong> Viaje con estilo con la impresionante flota de veh\u00edculos de lujo de Larry, que incluye elegantes sedanes, espaciosos SUV y elegantes limusinas, que garantizan un viaje c\u00f3modo y elegante.<\/li>\n\n\n\n<li><strong>Eficiencia:<\/strong> D\u00edgale adi\u00f3s a las largas colas de taxis o a los retrasos en los viajes compartidos. Larry&#039;s Limo ofrece servicios de recogida en el aeropuerto r\u00e1pidos y eficientes, adaptados a su horario de vuelo.<\/li>\n\n\n\n<li><strong>Servicio personalizado:<\/strong> Experimente la atenci\u00f3n personalizada y el trato VIP del equipo de Larry&#039;s Limo, que atienden sus preferencias y necesidades espec\u00edficas.<\/li>\n<\/ol>","protected":false},"excerpt":{"rendered":"<p>CH Luxury Condos &amp; Studios On The Beach is the name we use to present the properties we manage at the Costa Hollywood Beach Resort. Cielo Stays operates offer vacation rental condos and studios since late 2017. There is also a hotel on the building. The hotel passed through 3 hotel operators, while Cielo Stays [&hellip;]<\/p>\n","protected":false},"author":4,"featured_media":6291,"parent":0,"menu_order":0,"comment_status":"closed","ping_status":"closed","template":"","meta":{"_uag_custom_page_level_css":"","_swt_meta_header_display":false,"_swt_meta_footer_display":false,"_swt_meta_site_title_display":false,"_swt_meta_sticky_header":false,"_swt_meta_transparent_header":false,"footnotes":""},"class_list":["post-6351","page","type-page","status-publish","has-post-thumbnail","hentry"],"yoast_head":"<!-- This site is optimized with the Yoast SEO Premium plugin v27.3 (Yoast SEO v27.3) - https:\/\/yoast.com\/product\/yoast-seo-premium-wordpress\/ -->\n<title>CH Luxury Condos &amp; Studios On The Beach - Cielo Stays<\/title>\n<meta name=\"description\" content=\"Get into the exclusive world of the Costa Hollywood Beach Resort with Cielo Stays. Our brand name CH Luxury Condos &amp; Studios On The Beach\" \/>\n<meta name=\"robots\" content=\"index, follow, max-snippet:-1, max-image-preview:large, max-video-preview:-1\" \/>\n<link rel=\"canonical\" href=\"https:\/\/cielostays.com\/es\/ch-condominios-de-lujo-estudios-en-la-playa\/\" \/>\n<meta property=\"og:locale\" content=\"es_ES\" \/>\n<meta property=\"og:type\" content=\"article\" \/>\n<meta property=\"og:title\" content=\"CH Luxury Condos &amp; Studios On The Beach - Cielo Stays\" \/>\n<meta property=\"og:description\" content=\"Get into the exclusive world of the Costa Hollywood Beach Resort with Cielo Stays. Our brand name CH Luxury Condos &amp; Studios On The Beach\" \/>\n<meta property=\"og:url\" content=\"https:\/\/cielostays.com\/es\/ch-condominios-de-lujo-estudios-en-la-playa\/\" \/>\n<meta property=\"og:site_name\" content=\"Cielo Stays\" \/>\n<meta property=\"article:publisher\" content=\"https:\/\/facebook.com\/cielostays\" \/>\n<meta property=\"article:modified_time\" content=\"2025-05-31T02:15:12+00:00\" \/>\n<meta property=\"og:image\" content=\"https:\/\/cielostays.com\/wp-content\/uploads\/2024\/03\/CH-Bcom.webp\" \/>\n\t<meta property=\"og:image:width\" content=\"1920\" \/>\n\t<meta property=\"og:image:height\" content=\"1280\" \/>\n\t<meta property=\"og:image:type\" content=\"image\/webp\" \/>\n<meta name=\"twitter:card\" content=\"summary_large_image\" \/>\n<meta name=\"twitter:site\" content=\"@cielostays\" \/>\n<meta name=\"twitter:label1\" content=\"Tiempo de lectura\" \/>\n\t<meta name=\"twitter:data1\" content=\"5 minutos\" \/>\n<script type=\"application\/ld+json\" class=\"yoast-schema-graph\">{\"@context\":\"https:\\\/\\\/schema.org\",\"@graph\":[{\"@type\":\"WebPage\",\"@id\":\"https:\\\/\\\/cielostays.com\\\/ch-luxury-condos-studios-on-the-beach\\\/\",\"url\":\"https:\\\/\\\/cielostays.com\\\/ch-luxury-condos-studios-on-the-beach\\\/\",\"name\":\"CH Luxury Condos &amp; Studios On The Beach - Cielo Stays\",\"isPartOf\":{\"@id\":\"https:\\\/\\\/cielostays.com\\\/#website\"},\"primaryImageOfPage\":{\"@id\":\"https:\\\/\\\/cielostays.com\\\/ch-luxury-condos-studios-on-the-beach\\\/#primaryimage\"},\"image\":{\"@id\":\"https:\\\/\\\/cielostays.com\\\/ch-luxury-condos-studios-on-the-beach\\\/#primaryimage\"},\"thumbnailUrl\":\"https:\\\/\\\/cielostays.com\\\/wp-content\\\/uploads\\\/2024\\\/03\\\/CH-Bcom.webp\",\"datePublished\":\"2024-04-19T06:22:19+00:00\",\"dateModified\":\"2025-05-31T02:15:12+00:00\",\"description\":\"Get into the exclusive world of the Costa Hollywood Beach Resort with Cielo Stays. Our brand name CH Luxury Condos & Studios On The Beach\",\"inLanguage\":\"es-AR\",\"potentialAction\":[{\"@type\":\"ReadAction\",\"target\":[\"https:\\\/\\\/cielostays.com\\\/ch-luxury-condos-studios-on-the-beach\\\/\"]}]},{\"@type\":\"ImageObject\",\"inLanguage\":\"es-AR\",\"@id\":\"https:\\\/\\\/cielostays.com\\\/ch-luxury-condos-studios-on-the-beach\\\/#primaryimage\",\"url\":\"https:\\\/\\\/cielostays.com\\\/wp-content\\\/uploads\\\/2024\\\/03\\\/CH-Bcom.webp\",\"contentUrl\":\"https:\\\/\\\/cielostays.com\\\/wp-content\\\/uploads\\\/2024\\\/03\\\/CH-Bcom.webp\",\"width\":1920,\"height\":1280,\"caption\":\"CH Luxury Condos & Studios on the beach\"},{\"@type\":\"WebSite\",\"@id\":\"https:\\\/\\\/cielostays.com\\\/#website\",\"url\":\"https:\\\/\\\/cielostays.com\\\/\",\"name\":\"Cielo Stays\",\"description\":\"Your Partner In Paradise\",\"publisher\":{\"@id\":\"https:\\\/\\\/cielostays.com\\\/#organization\"},\"potentialAction\":[{\"@type\":\"SearchAction\",\"target\":{\"@type\":\"EntryPoint\",\"urlTemplate\":\"https:\\\/\\\/cielostays.com\\\/?s={search_term_string}\"},\"query-input\":{\"@type\":\"PropertyValueSpecification\",\"valueRequired\":true,\"valueName\":\"search_term_string\"}}],\"inLanguage\":\"es-AR\"},{\"@type\":\"Organization\",\"@id\":\"https:\\\/\\\/cielostays.com\\\/#organization\",\"name\":\"Cielo Stays\",\"url\":\"https:\\\/\\\/cielostays.com\\\/\",\"logo\":{\"@type\":\"ImageObject\",\"inLanguage\":\"es-AR\",\"@id\":\"https:\\\/\\\/cielostays.com\\\/#\\\/schema\\\/logo\\\/image\\\/\",\"url\":\"https:\\\/\\\/cielostays.com\\\/wp-content\\\/uploads\\\/2022\\\/05\\\/logoForPage-1-1.webp\",\"contentUrl\":\"https:\\\/\\\/cielostays.com\\\/wp-content\\\/uploads\\\/2022\\\/05\\\/logoForPage-1-1.webp\",\"width\":222,\"height\":55,\"caption\":\"Cielo Stays\"},\"image\":{\"@id\":\"https:\\\/\\\/cielostays.com\\\/#\\\/schema\\\/logo\\\/image\\\/\"},\"sameAs\":[\"https:\\\/\\\/facebook.com\\\/cielostays\",\"https:\\\/\\\/x.com\\\/cielostays\",\"https:\\\/\\\/instagram.com\\\/cielostays\"]}]}<\/script>\n<!-- \/ Yoast SEO Premium plugin. -->","yoast_head_json":{"title":"Condominios y estudios de lujo en la playa de CH - Cielo Stays","description":"Ad\u00e9ntrese en el mundo exclusivo de Costa Hollywood Beach Resort con Cielo Stays. Nuestra marca CH Luxury Condos &amp; Studios On The Beach","robots":{"index":"index","follow":"follow","max-snippet":"max-snippet:-1","max-image-preview":"max-image-preview:large","max-video-preview":"max-video-preview:-1"},"canonical":"https:\/\/cielostays.com\/es\/ch-condominios-de-lujo-estudios-en-la-playa\/","og_locale":"es_ES","og_type":"article","og_title":"CH Luxury Condos &amp; Studios On The Beach - Cielo Stays","og_description":"Get into the exclusive world of the Costa Hollywood Beach Resort with Cielo Stays. Our brand name CH Luxury Condos & Studios On The Beach","og_url":"https:\/\/cielostays.com\/es\/ch-condominios-de-lujo-estudios-en-la-playa\/","og_site_name":"Cielo Stays","article_publisher":"https:\/\/facebook.com\/cielostays","article_modified_time":"2025-05-31T02:15:12+00:00","og_image":[{"width":1920,"height":1280,"url":"https:\/\/cielostays.com\/wp-content\/uploads\/2024\/03\/CH-Bcom.webp","type":"image\/webp"}],"twitter_card":"summary_large_image","twitter_site":"@cielostays","twitter_misc":{"Tiempo de lectura":"5 minutos"},"schema":{"@context":"https:\/\/schema.org","@graph":[{"@type":"WebPage","@id":"https:\/\/cielostays.com\/ch-luxury-condos-studios-on-the-beach\/","url":"https:\/\/cielostays.com\/ch-luxury-condos-studios-on-the-beach\/","name":"Condominios y estudios de lujo en la playa de CH - Cielo Stays","isPartOf":{"@id":"https:\/\/cielostays.com\/#website"},"primaryImageOfPage":{"@id":"https:\/\/cielostays.com\/ch-luxury-condos-studios-on-the-beach\/#primaryimage"},"image":{"@id":"https:\/\/cielostays.com\/ch-luxury-condos-studios-on-the-beach\/#primaryimage"},"thumbnailUrl":"https:\/\/cielostays.com\/wp-content\/uploads\/2024\/03\/CH-Bcom.webp","datePublished":"2024-04-19T06:22:19+00:00","dateModified":"2025-05-31T02:15:12+00:00","description":"Ad\u00e9ntrese en el mundo exclusivo de Costa Hollywood Beach Resort con Cielo Stays. Nuestra marca CH Luxury Condos &amp; Studios On The Beach","inLanguage":"es-AR","potentialAction":[{"@type":"ReadAction","target":["https:\/\/cielostays.com\/ch-luxury-condos-studios-on-the-beach\/"]}]},{"@type":"ImageObject","inLanguage":"es-AR","@id":"https:\/\/cielostays.com\/ch-luxury-condos-studios-on-the-beach\/#primaryimage","url":"https:\/\/cielostays.com\/wp-content\/uploads\/2024\/03\/CH-Bcom.webp","contentUrl":"https:\/\/cielostays.com\/wp-content\/uploads\/2024\/03\/CH-Bcom.webp","width":1920,"height":1280,"caption":"CH Luxury Condos & Studios on the beach"},{"@type":"WebSite","@id":"https:\/\/cielostays.com\/#website","url":"https:\/\/cielostays.com\/","name":"Cielo Estancias","description":"Tu socio en el para\u00edso","publisher":{"@id":"https:\/\/cielostays.com\/#organization"},"potentialAction":[{"@type":"SearchAction","target":{"@type":"EntryPoint","urlTemplate":"https:\/\/cielostays.com\/?s={search_term_string}"},"query-input":{"@type":"PropertyValueSpecification","valueRequired":true,"valueName":"search_term_string"}}],"inLanguage":"es-AR"},{"@type":"Organization","@id":"https:\/\/cielostays.com\/#organization","name":"Cielo Estancias","url":"https:\/\/cielostays.com\/","logo":{"@type":"ImageObject","inLanguage":"es-AR","@id":"https:\/\/cielostays.com\/#\/schema\/logo\/image\/","url":"https:\/\/cielostays.com\/wp-content\/uploads\/2022\/05\/logoForPage-1-1.webp","contentUrl":"https:\/\/cielostays.com\/wp-content\/uploads\/2022\/05\/logoForPage-1-1.webp","width":222,"height":55,"caption":"Cielo Stays"},"image":{"@id":"https:\/\/cielostays.com\/#\/schema\/logo\/image\/"},"sameAs":["https:\/\/facebook.com\/cielostays","https:\/\/x.com\/cielostays","https:\/\/instagram.com\/cielostays"]}]}},"spectra_custom_meta":{"_edit_lock":["1748657714:4"],"_edit_last":["4"],"hefo_before":["0"],"hefo_after":["0"],"use_as_listing":[""],"_yoast_wpseo_focuskw":["CH Luxury Condos & Studios"],"_yoast_wpseo_metadesc":["Get into the exclusive world of the Costa Hollywood Beach Resort with Cielo Stays. Our brand name CH Luxury Condos & Studios On The Beach"],"_yoast_wpseo_linkdex":["83"],"_yoast_wpseo_content_score":["60"],"_yoast_wpseo_is_cornerstone":["1"],"_yoast_wpseo_estimated-reading-time-minutes":["5"],"_yoast_wpseo_wordproof_timestamp":[""],"_thumbnail_id":["6291"],"rank_math_internal_links_processed":["1"],"_trp_automatically_translated_slug_es_AR":["ch-condominios-de-lujo-estudios-en-la-playa"],"_trp_automatically_translated_slug_fr_CA":["ch-condos-de-luxe-studios-sur-la-plage"],"_trp_automatically_translated_slug_de_DE":["ch-luxus-eigentumswohnungen-studios-am-strand"],"_trp_automatically_translated_slug_nl_NL":["ch-luxe-appartementen-studios-aan-het-strand"],"_yoast_indexnow_last_ping":["1741608182"],"_elementor_page_assets":["a:0:{}"],"um_content_restriction":["a:8:{s:26:\"_um_custom_access_settings\";b:0;s:14:\"_um_accessible\";i:0;s:28:\"_um_access_hide_from_queries\";b:0;s:19:\"_um_noaccess_action\";i:0;s:30:\"_um_restrict_by_custom_message\";i:0;s:27:\"_um_restrict_custom_message\";s:0:\"\";s:19:\"_um_access_redirect\";i:0;s:23:\"_um_access_redirect_url\";s:0:\"\";}"]},"uagb_featured_image_src":{"full":["https:\/\/cielostays.com\/wp-content\/uploads\/2024\/03\/CH-Bcom.webp",1920,1280,false],"thumbnail":["https:\/\/cielostays.com\/wp-content\/uploads\/2024\/03\/CH-Bcom-150x150.webp",150,150,true],"medium":["https:\/\/cielostays.com\/wp-content\/uploads\/2024\/03\/CH-Bcom-300x200.webp",300,200,true],"medium_large":["https:\/\/cielostays.com\/wp-content\/uploads\/2024\/03\/CH-Bcom-768x512.webp",768,512,true],"large":["https:\/\/cielostays.com\/wp-content\/uploads\/2024\/03\/CH-Bcom-1024x683.webp",1024,683,true],"1536x1536":["https:\/\/cielostays.com\/wp-content\/uploads\/2024\/03\/CH-Bcom-1536x1024.webp",1536,1024,true],"2048x2048":["https:\/\/cielostays.com\/wp-content\/uploads\/2024\/03\/CH-Bcom-2048x1365.webp",1920,1280,true],"trp-custom-language-flag":["https:\/\/cielostays.com\/wp-content\/uploads\/2024\/03\/CH-Bcom-18x12.webp",18,12,true],"gamipress-points":["https:\/\/cielostays.com\/wp-content\/uploads\/2024\/03\/CH-Bcom.webp",100,67,false],"gamipress-achievement":["https:\/\/cielostays.com\/wp-content\/uploads\/2024\/03\/CH-Bcom.webp",100,67,false],"gamipress-rank":["https:\/\/cielostays.com\/wp-content\/uploads\/2024\/03\/CH-Bcom.webp",100,67,false],"woocommerce_thumbnail":["https:\/\/cielostays.com\/wp-content\/uploads\/2024\/03\/CH-Bcom-200x200.webp",200,200,true],"woocommerce_single":["https:\/\/cielostays.com\/wp-content\/uploads\/2024\/03\/CH-Bcom-600x400.webp",600,400,true],"woocommerce_gallery_thumbnail":["https:\/\/cielostays.com\/wp-content\/uploads\/2024\/03\/CH-Bcom-100x100.webp",100,100,true]},"uagb_author_info":{"display_name":"Jose Miori","author_link":"https:\/\/cielostays.com\/es\/author\/josemiori\/"},"uagb_comment_info":0,"uagb_excerpt":"CH Luxury Condos &amp; Studios On The Beach is the name we use to present the properties we manage at the Costa Hollywood Beach Resort. Cielo Stays operates offer vacation rental condos and studios since late 2017. There is also a hotel on the building. The hotel passed through 3 hotel operators, while Cielo Stays&hellip;","_links":{"self":[{"href":"https:\/\/cielostays.com\/es\/wp-json\/wp\/v2\/pages\/6351","targetHints":{"allow":["GET"]}}],"collection":[{"href":"https:\/\/cielostays.com\/es\/wp-json\/wp\/v2\/pages"}],"about":[{"href":"https:\/\/cielostays.com\/es\/wp-json\/wp\/v2\/types\/page"}],"author":[{"embeddable":true,"href":"https:\/\/cielostays.com\/es\/wp-json\/wp\/v2\/users\/4"}],"replies":[{"embeddable":true,"href":"https:\/\/cielostays.com\/es\/wp-json\/wp\/v2\/comments?post=6351"}],"version-history":[{"count":3,"href":"https:\/\/cielostays.com\/es\/wp-json\/wp\/v2\/pages\/6351\/revisions"}],"predecessor-version":[{"id":10634,"href":"https:\/\/cielostays.com\/es\/wp-json\/wp\/v2\/pages\/6351\/revisions\/10634"}],"wp:featuredmedia":[{"embeddable":true,"href":"https:\/\/cielostays.com\/es\/wp-json\/wp\/v2\/media\/6291"}],"wp:attachment":[{"href":"https:\/\/cielostays.com\/es\/wp-json\/wp\/v2\/media?parent=6351"}],"curies":[{"name":"wp","href":"https:\/\/api.w.org\/{rel}","templated":true}]}}