{"id":5733,"date":"2024-01-28T07:49:03","date_gmt":"2024-01-28T12:49:03","guid":{"rendered":"https:\/\/cielostays.com\/?page_id=5733"},"modified":"2025-03-10T08:22:38","modified_gmt":"2025-03-10T12:22:38","slug":"descuento-para-veteranos-y-militares","status":"publish","type":"page","link":"https:\/\/cielostays.com\/es\/veterans-discount-and-military-discount\/","title":{"rendered":"Mejor descuento para veteranos\/descuento militar"},"content":{"rendered":"<p>Al embarcarnos en un viaje de gratitud y honor, en Cielo Stays estamos orgullosos de extender nuestro m\u00e1s sincero agradecimiento a los valientes hombres y mujeres que han servido y sirven en el ej\u00e9rcito. Como muestra de nuestro profundo respeto por su sacrificio y compromiso, nos complace presentarle nuestro descuento exclusivo para veteranos y militares, un gesto sincero para expresar nuestra gratitud y hacer que sus merecidos momentos de relajaci\u00f3n sean a\u00fan m\u00e1s memorables.<\/p>\n\n\n\n<div class=\"wp-block-columns is-layout-flex wp-container-core-columns-is-layout-28f84493 wp-block-columns-is-layout-flex\">\n<div class=\"wp-block-column is-layout-flow wp-block-column-is-layout-flow\" style=\"flex-basis:33.33%\">\n<div class=\"wp-block-uagb-image uagb-block-f108fb34 wp-block-uagb-image--layout-default wp-block-uagb-image--effect-zoomin wp-block-uagb-image--align-none\"><figure class=\"wp-block-uagb-image__figure\"><img decoding=\"async\" srcset=\"https:\/\/cielostays.com\/wp-content\/uploads\/2024\/01\/samuel-branch-ZPVisr0s_hQ-unsplash-1024x576.webp ,https:\/\/cielostays.com\/wp-content\/uploads\/2024\/01\/samuel-branch-ZPVisr0s_hQ-unsplash-scaled.webp 780w, https:\/\/cielostays.com\/wp-content\/uploads\/2024\/01\/samuel-branch-ZPVisr0s_hQ-unsplash-scaled.webp 360w\" sizes=\"auto, (max-width: 480px) 150px\" src=\"https:\/\/cielostays.com\/wp-content\/uploads\/2024\/01\/samuel-branch-ZPVisr0s_hQ-unsplash-1024x576.webp\" alt=\"descuento para veteranos y militares en las estancias cielo\" class=\"uag-image-5737\" width=\"537\" height=\"210\" title=\"\" loading=\"lazy\"\/><\/figure><\/div>\n<\/div>\n\n\n\n<div class=\"wp-block-column is-layout-flow wp-block-column-is-layout-flow\" style=\"flex-basis:66.66%\">\n<p>En <em>Cielo Estancias<\/em>, creemos en reconocer el valor de quienes han dedicado su vida a proteger nuestra libertad. Nuestro descuento para veteranos y militares es un testimonio de nuestro compromiso inquebrantable de honrar su servicio ofreciendo ahorros exclusivos en nuestros alojamientos premium. Es nuestra peque\u00f1a manera de agradecer a los h\u00e9roes que han salvaguardado desinteresadamente nuestra naci\u00f3n.<\/p>\n<\/div>\n<\/div>\n\n\n\n<p>Imag\u00ednese sumergirse en un mundo de lujo, donde su bienestar es nuestra m\u00e1xima prioridad. Nuestra diversa gama de alojamiento satisface todas sus necesidades, ya sea que est\u00e9 planeando unas vacaciones familiares, una escapada rom\u00e1ntica o un retiro en solitario. Desde tranquilos complejos tur\u00edsticos frente al mar hasta sofisticadas escapadas a la ciudad, nuestras propiedades ofrecen un santuario donde podr\u00e1 relajarse y recargar energ\u00edas. Con nuestro descuento para veteranos y militares, nuestro objetivo es hacer que estos momentos de serenidad no solo sean accesibles sino tambi\u00e9n m\u00e1s asequibles para quienes han servido.<\/p>\n\n\n\n<p>Nuestro compromiso de honrar a los veteranos y al personal militar va m\u00e1s all\u00e1 de las tarifas con descuento. Es un compromiso de brindar una experiencia de hospitalidad incomparable, reconociendo las necesidades \u00fanicas de quienes se han sacrificado por nuestro pa\u00eds. Al realizar la reserva, no solo desbloquear\u00e1 ahorros exclusivos, sino que tambi\u00e9n obtendr\u00e1 acceso a una variedad de beneficios como check-in prioritario y muchos m\u00e1s.<\/p>\n\n\n\n<p>Para empezar, el proceso de reserva se simplifica para garantizar su comodidad, con nuestro dedicado equipo de atenci\u00f3n al cliente listo para ayudarle en cada paso del camino. Nuestras propiedades son cuidadosamente elegidas para brindar una combinaci\u00f3n de comodidad y sofisticaci\u00f3n, ofreci\u00e9ndole un ambiente donde pueda sentirse a gusto. El descuento para veteranos y militares se extiende m\u00e1s all\u00e1 de la tarifa de la habitaci\u00f3n y abarca beneficios adicionales como servicios de cortes\u00eda, check-in prioritario y reconocimiento especial durante su estad\u00eda.<\/p>\n\n\n\n<p>Entendemos que la vida militar conlleva sus propios desaf\u00edos y su bienestar es de suma importancia para nosotros. Nuestras propiedades est\u00e1n equipadas con instalaciones de \u00faltima generaci\u00f3n, que incluyen gimnasios, servicios de spa y actividades recreativas, para garantizar que pueda relajarse y rejuvenecer durante su estancia con nosotros. Nuestro objetivo es crear un ambiente donde realmente puedas saborear los momentos de relajaci\u00f3n que te has ganado.<\/p>\n\n\n\n<p>Adem\u00e1s de los beneficios tangibles, el Descuento para Veteranos y Militares en Cielo Stays es una invitaci\u00f3n a ser parte de una comunidad que reconoce y celebra su servicio. <\/p>\n\n\n\n<p>En conclusi\u00f3n, en Cielo Stays, nos sentimos honrados de extender nuestro m\u00e1s sincero agradecimiento a los veteranos y al personal militar que se han sacrificado por un bien mayor. Nuestro descuento exclusivo para veteranos y militares es m\u00e1s que un simple beneficio monetario; es un gesto de agradecimiento, un compromiso con una hospitalidad excepcional y una invitaci\u00f3n a ser parte de una comunidad que valora y reconoce su servicio. Reserve su estad\u00eda con nosotros y perm\u00edtanos ser parte de su viaje, un viaje donde su relajaci\u00f3n es nuestra prioridad y su servicio se celebra con el respeto y el honor que merece.<\/p>\n\n\n\n<p><strong><em>Comun\u00edquese con nuestro equipo para obtener el \u00faltimo cup\u00f3n para veteranos o miembros de la fuerza activa.<\/em><\/strong><\/p>\n\n\n\n<p>Foto por <a href=\"https:\/\/unsplash.com\/@sbranch?utm_content=creditCopyText&amp;utm_medium=referral&amp;utm_source=unsplash\" target=\"_blank\" rel=\"noreferrer noopener nofollow\">Samuel Rama<\/a> en <a href=\"https:\/\/unsplash.com\/photos\/closeup-photo-of-usa-flag-ZPVisr0s_hQ?utm_content=creditCopyText&amp;utm_medium=referral&amp;utm_source=unsplash\" target=\"_blank\" rel=\"noreferrer noopener nofollow\">desempaquetar<\/a><\/p>","protected":false},"excerpt":{"rendered":"<p>Embarking on a journey of gratitude and honor, we at Cielo Stays are proud to extend our heartfelt appreciation to the brave men and women who have served and serve in the military. As a token of our deep respect for your sacrifice and commitment, we are thrilled to introduce our exclusive Veteran and Military [&hellip;]<\/p>\n","protected":false},"author":4,"featured_media":5737,"parent":0,"menu_order":0,"comment_status":"closed","ping_status":"closed","template":"","meta":{"_uag_custom_page_level_css":"","_swt_meta_header_display":false,"_swt_meta_footer_display":false,"_swt_meta_site_title_display":false,"_swt_meta_sticky_header":false,"_swt_meta_transparent_header":false,"footnotes":""},"class_list":["post-5733","page","type-page","status-publish","has-post-thumbnail","hentry"],"yoast_head":"<!-- This site is optimized with the Yoast SEO Premium plugin v27.3 (Yoast SEO v27.3) - https:\/\/yoast.com\/product\/yoast-seo-premium-wordpress\/ -->\n<title>Best Veterans Discount\/Military Discount - Cielo Stays<\/title>\n<meta name=\"robots\" content=\"index, follow, max-snippet:-1, max-image-preview:large, max-video-preview:-1\" \/>\n<link rel=\"canonical\" href=\"https:\/\/cielostays.com\/es\/descuento-para-veteranos-y-militares\/\" \/>\n<meta property=\"og:locale\" content=\"es_ES\" \/>\n<meta property=\"og:type\" content=\"article\" \/>\n<meta property=\"og:title\" content=\"Best Veterans Discount\/Military Discount - Cielo Stays\" \/>\n<meta property=\"og:description\" content=\"Embarking on a journey of gratitude and honor, we at Cielo Stays are proud to extend our heartfelt appreciation to the brave men and women who have served and serve in the military. As a token of our deep respect for your sacrifice and commitment, we are thrilled to introduce our exclusive Veteran and Military [&hellip;]\" \/>\n<meta property=\"og:url\" content=\"https:\/\/cielostays.com\/es\/descuento-para-veteranos-y-militares\/\" \/>\n<meta property=\"og:site_name\" content=\"Cielo Stays\" \/>\n<meta property=\"article:publisher\" content=\"https:\/\/facebook.com\/cielostays\" \/>\n<meta property=\"article:modified_time\" content=\"2025-03-10T12:22:38+00:00\" \/>\n<meta property=\"og:image\" content=\"https:\/\/cielostays.com\/wp-content\/uploads\/2024\/01\/samuel-branch-ZPVisr0s_hQ-unsplash-scaled.webp\" \/>\n\t<meta property=\"og:image:width\" content=\"1920\" \/>\n\t<meta property=\"og:image:height\" content=\"1080\" \/>\n\t<meta property=\"og:image:type\" content=\"image\/webp\" \/>\n<meta name=\"twitter:card\" content=\"summary_large_image\" \/>\n<meta name=\"twitter:site\" content=\"@cielostays\" \/>\n<meta name=\"twitter:label1\" content=\"Tiempo de lectura\" \/>\n\t<meta name=\"twitter:data1\" content=\"3 minutos\" \/>\n<script type=\"application\/ld+json\" class=\"yoast-schema-graph\">{\"@context\":\"https:\\\/\\\/schema.org\",\"@graph\":[{\"@type\":\"WebPage\",\"@id\":\"https:\\\/\\\/cielostays.com\\\/veterans-discount-and-military-discount\\\/\",\"url\":\"https:\\\/\\\/cielostays.com\\\/veterans-discount-and-military-discount\\\/\",\"name\":\"Best Veterans Discount\\\/Military Discount - Cielo Stays\",\"isPartOf\":{\"@id\":\"https:\\\/\\\/cielostays.com\\\/#website\"},\"primaryImageOfPage\":{\"@id\":\"https:\\\/\\\/cielostays.com\\\/veterans-discount-and-military-discount\\\/#primaryimage\"},\"image\":{\"@id\":\"https:\\\/\\\/cielostays.com\\\/veterans-discount-and-military-discount\\\/#primaryimage\"},\"thumbnailUrl\":\"https:\\\/\\\/cielostays.com\\\/wp-content\\\/uploads\\\/2024\\\/01\\\/samuel-branch-ZPVisr0s_hQ-unsplash-scaled.webp\",\"datePublished\":\"2024-01-28T12:49:03+00:00\",\"dateModified\":\"2025-03-10T12:22:38+00:00\",\"inLanguage\":\"es-AR\",\"potentialAction\":[{\"@type\":\"ReadAction\",\"target\":[\"https:\\\/\\\/cielostays.com\\\/veterans-discount-and-military-discount\\\/\"]}]},{\"@type\":\"ImageObject\",\"inLanguage\":\"es-AR\",\"@id\":\"https:\\\/\\\/cielostays.com\\\/veterans-discount-and-military-discount\\\/#primaryimage\",\"url\":\"https:\\\/\\\/cielostays.com\\\/wp-content\\\/uploads\\\/2024\\\/01\\\/samuel-branch-ZPVisr0s_hQ-unsplash-scaled.webp\",\"contentUrl\":\"https:\\\/\\\/cielostays.com\\\/wp-content\\\/uploads\\\/2024\\\/01\\\/samuel-branch-ZPVisr0s_hQ-unsplash-scaled.webp\",\"width\":1920,\"height\":1080,\"caption\":\"veteran discount and military discount at cielo stays\"},{\"@type\":\"WebSite\",\"@id\":\"https:\\\/\\\/cielostays.com\\\/#website\",\"url\":\"https:\\\/\\\/cielostays.com\\\/\",\"name\":\"Cielo Stays\",\"description\":\"Your Partner In Paradise\",\"publisher\":{\"@id\":\"https:\\\/\\\/cielostays.com\\\/#organization\"},\"potentialAction\":[{\"@type\":\"SearchAction\",\"target\":{\"@type\":\"EntryPoint\",\"urlTemplate\":\"https:\\\/\\\/cielostays.com\\\/?s={search_term_string}\"},\"query-input\":{\"@type\":\"PropertyValueSpecification\",\"valueRequired\":true,\"valueName\":\"search_term_string\"}}],\"inLanguage\":\"es-AR\"},{\"@type\":\"Organization\",\"@id\":\"https:\\\/\\\/cielostays.com\\\/#organization\",\"name\":\"Cielo Stays\",\"url\":\"https:\\\/\\\/cielostays.com\\\/\",\"logo\":{\"@type\":\"ImageObject\",\"inLanguage\":\"es-AR\",\"@id\":\"https:\\\/\\\/cielostays.com\\\/#\\\/schema\\\/logo\\\/image\\\/\",\"url\":\"https:\\\/\\\/cielostays.com\\\/wp-content\\\/uploads\\\/2022\\\/05\\\/logoForPage-1-1.webp\",\"contentUrl\":\"https:\\\/\\\/cielostays.com\\\/wp-content\\\/uploads\\\/2022\\\/05\\\/logoForPage-1-1.webp\",\"width\":222,\"height\":55,\"caption\":\"Cielo Stays\"},\"image\":{\"@id\":\"https:\\\/\\\/cielostays.com\\\/#\\\/schema\\\/logo\\\/image\\\/\"},\"sameAs\":[\"https:\\\/\\\/facebook.com\\\/cielostays\",\"https:\\\/\\\/x.com\\\/cielostays\",\"https:\\\/\\\/instagram.com\\\/cielostays\"]}]}<\/script>\n<!-- \/ Yoast SEO Premium plugin. -->","yoast_head_json":{"title":"Mejor descuento para veteranos\/Descuento militar - Cielo Stays","robots":{"index":"index","follow":"follow","max-snippet":"max-snippet:-1","max-image-preview":"max-image-preview:large","max-video-preview":"max-video-preview:-1"},"canonical":"https:\/\/cielostays.com\/es\/descuento-para-veteranos-y-militares\/","og_locale":"es_ES","og_type":"article","og_title":"Best Veterans Discount\/Military Discount - Cielo Stays","og_description":"Embarking on a journey of gratitude and honor, we at Cielo Stays are proud to extend our heartfelt appreciation to the brave men and women who have served and serve in the military. As a token of our deep respect for your sacrifice and commitment, we are thrilled to introduce our exclusive Veteran and Military [&hellip;]","og_url":"https:\/\/cielostays.com\/es\/descuento-para-veteranos-y-militares\/","og_site_name":"Cielo Stays","article_publisher":"https:\/\/facebook.com\/cielostays","article_modified_time":"2025-03-10T12:22:38+00:00","og_image":[{"width":1920,"height":1080,"url":"https:\/\/cielostays.com\/wp-content\/uploads\/2024\/01\/samuel-branch-ZPVisr0s_hQ-unsplash-scaled.webp","type":"image\/webp"}],"twitter_card":"summary_large_image","twitter_site":"@cielostays","twitter_misc":{"Tiempo de lectura":"3 minutos"},"schema":{"@context":"https:\/\/schema.org","@graph":[{"@type":"WebPage","@id":"https:\/\/cielostays.com\/veterans-discount-and-military-discount\/","url":"https:\/\/cielostays.com\/veterans-discount-and-military-discount\/","name":"Mejor descuento para veteranos\/Descuento militar - Cielo Stays","isPartOf":{"@id":"https:\/\/cielostays.com\/#website"},"primaryImageOfPage":{"@id":"https:\/\/cielostays.com\/veterans-discount-and-military-discount\/#primaryimage"},"image":{"@id":"https:\/\/cielostays.com\/veterans-discount-and-military-discount\/#primaryimage"},"thumbnailUrl":"https:\/\/cielostays.com\/wp-content\/uploads\/2024\/01\/samuel-branch-ZPVisr0s_hQ-unsplash-scaled.webp","datePublished":"2024-01-28T12:49:03+00:00","dateModified":"2025-03-10T12:22:38+00:00","inLanguage":"es-AR","potentialAction":[{"@type":"ReadAction","target":["https:\/\/cielostays.com\/veterans-discount-and-military-discount\/"]}]},{"@type":"ImageObject","inLanguage":"es-AR","@id":"https:\/\/cielostays.com\/veterans-discount-and-military-discount\/#primaryimage","url":"https:\/\/cielostays.com\/wp-content\/uploads\/2024\/01\/samuel-branch-ZPVisr0s_hQ-unsplash-scaled.webp","contentUrl":"https:\/\/cielostays.com\/wp-content\/uploads\/2024\/01\/samuel-branch-ZPVisr0s_hQ-unsplash-scaled.webp","width":1920,"height":1080,"caption":"veteran discount and military discount at cielo stays"},{"@type":"WebSite","@id":"https:\/\/cielostays.com\/#website","url":"https:\/\/cielostays.com\/","name":"Cielo Estancias","description":"Tu socio en el para\u00edso","publisher":{"@id":"https:\/\/cielostays.com\/#organization"},"potentialAction":[{"@type":"SearchAction","target":{"@type":"EntryPoint","urlTemplate":"https:\/\/cielostays.com\/?s={search_term_string}"},"query-input":{"@type":"PropertyValueSpecification","valueRequired":true,"valueName":"search_term_string"}}],"inLanguage":"es-AR"},{"@type":"Organization","@id":"https:\/\/cielostays.com\/#organization","name":"Cielo Estancias","url":"https:\/\/cielostays.com\/","logo":{"@type":"ImageObject","inLanguage":"es-AR","@id":"https:\/\/cielostays.com\/#\/schema\/logo\/image\/","url":"https:\/\/cielostays.com\/wp-content\/uploads\/2022\/05\/logoForPage-1-1.webp","contentUrl":"https:\/\/cielostays.com\/wp-content\/uploads\/2022\/05\/logoForPage-1-1.webp","width":222,"height":55,"caption":"Cielo Stays"},"image":{"@id":"https:\/\/cielostays.com\/#\/schema\/logo\/image\/"},"sameAs":["https:\/\/facebook.com\/cielostays","https:\/\/x.com\/cielostays","https:\/\/instagram.com\/cielostays"]}]}},"spectra_custom_meta":{"rank_math_internal_links_processed":["1"],"rank_math_seo_score":["73"],"rank_math_focus_keyword":["Military Discount,Veterans discount"],"rank_math_description":["Our Veteran Discount and  Military Discount are our heartfelt appreciation to the brave men and women who have served and serve."],"hefo_before":["0"],"hefo_after":["0"],"use_as_listing":[""],"_thumbnail_id":["5737"],"_dp_original":["5728"],"_edit_lock":["1706449594:20"],"_edit_last":["20"],"_uag_css_file_name":["uag-css-5733.css"],"_yoast_indexnow_last_ping":["1741609354"],"_elementor_page_assets":["a:0:{}"]},"uagb_featured_image_src":{"full":["https:\/\/cielostays.com\/wp-content\/uploads\/2024\/01\/samuel-branch-ZPVisr0s_hQ-unsplash-scaled.webp",1920,1080,false],"thumbnail":["https:\/\/cielostays.com\/wp-content\/uploads\/2024\/01\/samuel-branch-ZPVisr0s_hQ-unsplash-150x150.webp",150,150,true],"medium":["https:\/\/cielostays.com\/wp-content\/uploads\/2024\/01\/samuel-branch-ZPVisr0s_hQ-unsplash-300x169.webp",300,169,true],"medium_large":["https:\/\/cielostays.com\/wp-content\/uploads\/2024\/01\/samuel-branch-ZPVisr0s_hQ-unsplash-768x432.webp",768,432,true],"large":["https:\/\/cielostays.com\/wp-content\/uploads\/2024\/01\/samuel-branch-ZPVisr0s_hQ-unsplash-1024x576.webp",1024,576,true],"1536x1536":["https:\/\/cielostays.com\/wp-content\/uploads\/2024\/01\/samuel-branch-ZPVisr0s_hQ-unsplash-1536x864.webp",1536,864,true],"2048x2048":["https:\/\/cielostays.com\/wp-content\/uploads\/2024\/01\/samuel-branch-ZPVisr0s_hQ-unsplash-2048x1152.webp",1920,1080,true],"trp-custom-language-flag":["https:\/\/cielostays.com\/wp-content\/uploads\/2024\/01\/samuel-branch-ZPVisr0s_hQ-unsplash-18x10.webp",18,10,true],"gamipress-points":["https:\/\/cielostays.com\/wp-content\/uploads\/2024\/01\/samuel-branch-ZPVisr0s_hQ-unsplash-scaled.webp",100,56,false],"gamipress-achievement":["https:\/\/cielostays.com\/wp-content\/uploads\/2024\/01\/samuel-branch-ZPVisr0s_hQ-unsplash-scaled.webp",100,56,false],"gamipress-rank":["https:\/\/cielostays.com\/wp-content\/uploads\/2024\/01\/samuel-branch-ZPVisr0s_hQ-unsplash-scaled.webp",100,56,false],"woocommerce_thumbnail":["https:\/\/cielostays.com\/wp-content\/uploads\/2024\/01\/samuel-branch-ZPVisr0s_hQ-unsplash-scaled-200x200.webp",200,200,true],"woocommerce_single":["https:\/\/cielostays.com\/wp-content\/uploads\/2024\/01\/samuel-branch-ZPVisr0s_hQ-unsplash-scaled-600x338.webp",600,338,true],"woocommerce_gallery_thumbnail":["https:\/\/cielostays.com\/wp-content\/uploads\/2024\/01\/samuel-branch-ZPVisr0s_hQ-unsplash-scaled-100x100.webp",100,100,true]},"uagb_author_info":{"display_name":"Jose Miori","author_link":"https:\/\/cielostays.com\/es\/author\/josemiori\/"},"uagb_comment_info":0,"uagb_excerpt":"Embarking on a journey of gratitude and honor, we at Cielo Stays are proud to extend our heartfelt appreciation to the brave men and women who have served and serve in the military. As a token of our deep respect for your sacrifice and commitment, we are thrilled to introduce our exclusive Veteran and Military&hellip;","_links":{"self":[{"href":"https:\/\/cielostays.com\/es\/wp-json\/wp\/v2\/pages\/5733","targetHints":{"allow":["GET"]}}],"collection":[{"href":"https:\/\/cielostays.com\/es\/wp-json\/wp\/v2\/pages"}],"about":[{"href":"https:\/\/cielostays.com\/es\/wp-json\/wp\/v2\/types\/page"}],"author":[{"embeddable":true,"href":"https:\/\/cielostays.com\/es\/wp-json\/wp\/v2\/users\/4"}],"replies":[{"embeddable":true,"href":"https:\/\/cielostays.com\/es\/wp-json\/wp\/v2\/comments?post=5733"}],"version-history":[{"count":2,"href":"https:\/\/cielostays.com\/es\/wp-json\/wp\/v2\/pages\/5733\/revisions"}],"predecessor-version":[{"id":9772,"href":"https:\/\/cielostays.com\/es\/wp-json\/wp\/v2\/pages\/5733\/revisions\/9772"}],"wp:featuredmedia":[{"embeddable":true,"href":"https:\/\/cielostays.com\/es\/wp-json\/wp\/v2\/media\/5737"}],"wp:attachment":[{"href":"https:\/\/cielostays.com\/es\/wp-json\/wp\/v2\/media?parent=5733"}],"curies":[{"name":"wp","href":"https:\/\/api.w.org\/{rel}","templated":true}]}}