{"id":5152,"date":"2023-07-24T07:39:17","date_gmt":"2023-07-24T11:39:17","guid":{"rendered":"https:\/\/cielostays.com\/?page_id=5152"},"modified":"2023-07-24T07:39:18","modified_gmt":"2023-07-24T11:39:18","slug":"declaracion-de-accesibilidad","status":"publish","type":"page","link":"https:\/\/cielostays.com\/es\/accessibility-statement\/","title":{"rendered":"Declaraci\u00f3n de accesibilidad"},"content":{"rendered":"<p class=\"has-text-align-center\">Actualizado: julio de 2023.<\/p>\n\n\n\n<p>General<strong>www.cielostays.com<\/strong>&nbsp;se esfuerza por garantizar que sus servicios sean accesibles para personas con discapacidad.&nbsp;<strong>www.cielostays.com<\/strong>&nbsp;ha invertido una cantidad significativa de recursos para ayudar a garantizar que su sitio web sea m\u00e1s f\u00e1cil de usar y m\u00e1s accesible para las personas con discapacidades, con la firme convicci\u00f3n de que&nbsp;<a href=\"https:\/\/userway.org\/\">accesibilidad del sitio web<\/a>&nbsp;esfuerzos ayuden a todos los usuarios y que toda persona tenga derecho a vivir con dignidad, igualdad, comodidad e independencia.<\/p>\n\n\n\n<p>Accesibilidad en www.cielostays.com<strong>www.cielostays.com<\/strong>&nbsp;hace que UserWay&nbsp;<a href=\"https:\/\/userway.org\/\">Accesibilidad web<\/a>&nbsp;Widget disponible que funciona con un servidor de accesibilidad dedicado. El software permite&nbsp;<strong>www.cielostays.com<\/strong>&nbsp;para mejorar su cumplimiento de las Pautas de Accesibilidad al Contenido Web (WCAG 2.1).<\/p>\n\n\n\n<p>Habilitando el men\u00fa de accesibilidad&nbsp;<strong>www.cielostays.com<\/strong>&nbsp;El men\u00fa de accesibilidad se puede habilitar haciendo clic en el icono del men\u00fa de accesibilidad que aparece en la esquina de la p\u00e1gina. Despu\u00e9s de activar el men\u00fa de accesibilidad, espere un momento hasta que se cargue por completo.<\/p>\n\n\n\n<p>Descargo de responsabilidad<strong>www.cielostays.com<\/strong>&nbsp;contin\u00faa sus esfuerzos para mejorar constantemente la accesibilidad de su sitio y servicios en la creencia de que es nuestra obligaci\u00f3n moral colectiva permitir un uso fluido, accesible y sin obst\u00e1culos tambi\u00e9n para aquellos de nosotros con discapacidades.<\/p>\n\n\n\n<p>En un esfuerzo continuo por mejorar y solucionar continuamente los problemas de accesibilidad, tambi\u00e9n escaneamos peri\u00f3dicamente&nbsp;<strong>www.cielostays.com<\/strong>&nbsp;con UserWay&nbsp;<a href=\"https:\/\/userway.org\/scanner\">Esc\u00e1ner de accesibilidad<\/a>&nbsp;para identificar y solucionar todas las posibles barreras de accesibilidad en nuestro sitio. A pesar de nuestros esfuerzos por hacer que todas las p\u00e1ginas y el contenido de&nbsp;<strong>www.cielostays.com<\/strong>&nbsp;Totalmente accesible, es posible que algunos contenidos a\u00fan no se hayan adaptado completamente a los est\u00e1ndares de accesibilidad m\u00e1s estrictos. Esto puede deberse a no haber encontrado o identificado la soluci\u00f3n tecnol\u00f3gica m\u00e1s adecuada.<\/p>\n\n\n\n<p>Aqu\u00ed para ustedSi tiene dificultades con alg\u00fan contenido en&nbsp;<strong>www.cielostays.com<\/strong>&nbsp;o necesita ayuda con cualquier parte de nuestro sitio, comun\u00edquese con nosotros durante el horario comercial normal como se detalla a continuaci\u00f3n y estaremos encantados de ayudarle.<\/p>\n\n\n\n<p>Cont\u00e1ctenos Si desea informar un problema de accesibilidad, tiene alguna pregunta o necesita ayuda, comun\u00edquese con&nbsp;<strong>www.cielostays.com<\/strong>&nbsp;Atenci\u00f3n al cliente de la siguiente manera:<\/p>\n\n\n\n<p>Correo electr\u00f3nico:&nbsp;<a href=\"mailto:hello@wordpress-1101375-3858882.cloudwaysapps.com\">hello@wordpress-1101375-3858882.cloudwaysapps.com<\/a><\/p>","protected":false},"excerpt":{"rendered":"<p>Updated:&nbsp;July&nbsp;2023. Generalwww.cielostays.com&nbsp;strives to ensure that its services are accessible to people with disabilities.&nbsp;www.cielostays.com&nbsp;has invested a significant amount of resources to help ensure that its website is made easier to use and more accessible for people with disabilities, with the strong belief that&nbsp;website accessibility&nbsp;efforts assist all users and that every person has the right to live [&hellip;]<\/p>\n","protected":false},"author":4,"featured_media":0,"parent":0,"menu_order":0,"comment_status":"closed","ping_status":"closed","template":"","meta":{"_uag_custom_page_level_css":"","_swt_meta_header_display":false,"_swt_meta_footer_display":false,"_swt_meta_site_title_display":false,"_swt_meta_sticky_header":false,"_swt_meta_transparent_header":false,"footnotes":""},"class_list":["post-5152","page","type-page","status-publish","hentry"],"yoast_head":"<!-- This site is optimized with the Yoast SEO Premium plugin v27.3 (Yoast SEO v27.3) - https:\/\/yoast.com\/product\/yoast-seo-premium-wordpress\/ -->\n<title>Accessibility Statement - Cielo Stays<\/title>\n<meta name=\"robots\" content=\"index, follow, max-snippet:-1, max-image-preview:large, max-video-preview:-1\" \/>\n<link rel=\"canonical\" href=\"https:\/\/cielostays.com\/es\/declaracion-de-accesibilidad\/\" \/>\n<meta property=\"og:locale\" content=\"es_ES\" \/>\n<meta property=\"og:type\" content=\"article\" \/>\n<meta property=\"og:title\" content=\"Accessibility Statement - Cielo Stays\" \/>\n<meta property=\"og:description\" content=\"Updated:&nbsp;July&nbsp;2023. Generalwww.cielostays.com&nbsp;strives to ensure that its services are accessible to people with disabilities.&nbsp;www.cielostays.com&nbsp;has invested a significant amount of resources to help ensure that its website is made easier to use and more accessible for people with disabilities, with the strong belief that&nbsp;website accessibility&nbsp;efforts assist all users and that every person has the right to live [&hellip;]\" \/>\n<meta property=\"og:url\" content=\"https:\/\/cielostays.com\/es\/declaracion-de-accesibilidad\/\" \/>\n<meta property=\"og:site_name\" content=\"Cielo Stays\" \/>\n<meta property=\"article:publisher\" content=\"https:\/\/facebook.com\/cielostays\" \/>\n<meta property=\"article:modified_time\" content=\"2023-07-24T11:39:18+00:00\" \/>\n<meta property=\"og:image\" content=\"https:\/\/cielostays.com\/wp-content\/uploads\/2022\/12\/20221212_094649-1.webp\" \/>\n\t<meta property=\"og:image:width\" content=\"1000\" \/>\n\t<meta property=\"og:image:height\" content=\"750\" \/>\n\t<meta property=\"og:image:type\" content=\"image\/webp\" \/>\n<meta name=\"twitter:card\" content=\"summary_large_image\" \/>\n<meta name=\"twitter:site\" content=\"@cielostays\" \/>\n<meta name=\"twitter:label1\" content=\"Tiempo de lectura\" \/>\n\t<meta name=\"twitter:data1\" content=\"2 minutos\" \/>\n<script type=\"application\/ld+json\" class=\"yoast-schema-graph\">{\"@context\":\"https:\\\/\\\/schema.org\",\"@graph\":[{\"@type\":\"WebPage\",\"@id\":\"https:\\\/\\\/cielostays.com\\\/accessibility-statement\\\/\",\"url\":\"https:\\\/\\\/cielostays.com\\\/accessibility-statement\\\/\",\"name\":\"Accessibility Statement - Cielo Stays\",\"isPartOf\":{\"@id\":\"https:\\\/\\\/cielostays.com\\\/#website\"},\"datePublished\":\"2023-07-24T11:39:17+00:00\",\"dateModified\":\"2023-07-24T11:39:18+00:00\",\"inLanguage\":\"es-AR\",\"potentialAction\":[{\"@type\":\"ReadAction\",\"target\":[\"https:\\\/\\\/cielostays.com\\\/accessibility-statement\\\/\"]}]},{\"@type\":\"WebSite\",\"@id\":\"https:\\\/\\\/cielostays.com\\\/#website\",\"url\":\"https:\\\/\\\/cielostays.com\\\/\",\"name\":\"Cielo Stays\",\"description\":\"Your Partner In Paradise\",\"publisher\":{\"@id\":\"https:\\\/\\\/cielostays.com\\\/#organization\"},\"potentialAction\":[{\"@type\":\"SearchAction\",\"target\":{\"@type\":\"EntryPoint\",\"urlTemplate\":\"https:\\\/\\\/cielostays.com\\\/?s={search_term_string}\"},\"query-input\":{\"@type\":\"PropertyValueSpecification\",\"valueRequired\":true,\"valueName\":\"search_term_string\"}}],\"inLanguage\":\"es-AR\"},{\"@type\":\"Organization\",\"@id\":\"https:\\\/\\\/cielostays.com\\\/#organization\",\"name\":\"Cielo Stays\",\"url\":\"https:\\\/\\\/cielostays.com\\\/\",\"logo\":{\"@type\":\"ImageObject\",\"inLanguage\":\"es-AR\",\"@id\":\"https:\\\/\\\/cielostays.com\\\/#\\\/schema\\\/logo\\\/image\\\/\",\"url\":\"https:\\\/\\\/cielostays.com\\\/wp-content\\\/uploads\\\/2022\\\/05\\\/logoForPage-1-1.webp\",\"contentUrl\":\"https:\\\/\\\/cielostays.com\\\/wp-content\\\/uploads\\\/2022\\\/05\\\/logoForPage-1-1.webp\",\"width\":222,\"height\":55,\"caption\":\"Cielo Stays\"},\"image\":{\"@id\":\"https:\\\/\\\/cielostays.com\\\/#\\\/schema\\\/logo\\\/image\\\/\"},\"sameAs\":[\"https:\\\/\\\/facebook.com\\\/cielostays\",\"https:\\\/\\\/x.com\\\/cielostays\",\"https:\\\/\\\/instagram.com\\\/cielostays\"]}]}<\/script>\n<!-- \/ Yoast SEO Premium plugin. -->","yoast_head_json":{"title":"Declaraci\u00f3n de accesibilidad - Estancias Cielo","robots":{"index":"index","follow":"follow","max-snippet":"max-snippet:-1","max-image-preview":"max-image-preview:large","max-video-preview":"max-video-preview:-1"},"canonical":"https:\/\/cielostays.com\/es\/declaracion-de-accesibilidad\/","og_locale":"es_ES","og_type":"article","og_title":"Accessibility Statement - Cielo Stays","og_description":"Updated:&nbsp;July&nbsp;2023. Generalwww.cielostays.com&nbsp;strives to ensure that its services are accessible to people with disabilities.&nbsp;www.cielostays.com&nbsp;has invested a significant amount of resources to help ensure that its website is made easier to use and more accessible for people with disabilities, with the strong belief that&nbsp;website accessibility&nbsp;efforts assist all users and that every person has the right to live [&hellip;]","og_url":"https:\/\/cielostays.com\/es\/declaracion-de-accesibilidad\/","og_site_name":"Cielo Stays","article_publisher":"https:\/\/facebook.com\/cielostays","article_modified_time":"2023-07-24T11:39:18+00:00","og_image":[{"width":1000,"height":750,"url":"https:\/\/cielostays.com\/wp-content\/uploads\/2022\/12\/20221212_094649-1.webp","type":"image\/webp"}],"twitter_card":"summary_large_image","twitter_site":"@cielostays","twitter_misc":{"Tiempo de lectura":"2 minutos"},"schema":{"@context":"https:\/\/schema.org","@graph":[{"@type":"WebPage","@id":"https:\/\/cielostays.com\/accessibility-statement\/","url":"https:\/\/cielostays.com\/accessibility-statement\/","name":"Declaraci\u00f3n de accesibilidad - Estancias Cielo","isPartOf":{"@id":"https:\/\/cielostays.com\/#website"},"datePublished":"2023-07-24T11:39:17+00:00","dateModified":"2023-07-24T11:39:18+00:00","inLanguage":"es-AR","potentialAction":[{"@type":"ReadAction","target":["https:\/\/cielostays.com\/accessibility-statement\/"]}]},{"@type":"WebSite","@id":"https:\/\/cielostays.com\/#website","url":"https:\/\/cielostays.com\/","name":"Cielo Estancias","description":"Tu socio en el para\u00edso","publisher":{"@id":"https:\/\/cielostays.com\/#organization"},"potentialAction":[{"@type":"SearchAction","target":{"@type":"EntryPoint","urlTemplate":"https:\/\/cielostays.com\/?s={search_term_string}"},"query-input":{"@type":"PropertyValueSpecification","valueRequired":true,"valueName":"search_term_string"}}],"inLanguage":"es-AR"},{"@type":"Organization","@id":"https:\/\/cielostays.com\/#organization","name":"Cielo Estancias","url":"https:\/\/cielostays.com\/","logo":{"@type":"ImageObject","inLanguage":"es-AR","@id":"https:\/\/cielostays.com\/#\/schema\/logo\/image\/","url":"https:\/\/cielostays.com\/wp-content\/uploads\/2022\/05\/logoForPage-1-1.webp","contentUrl":"https:\/\/cielostays.com\/wp-content\/uploads\/2022\/05\/logoForPage-1-1.webp","width":222,"height":55,"caption":"Cielo Stays"},"image":{"@id":"https:\/\/cielostays.com\/#\/schema\/logo\/image\/"},"sameAs":["https:\/\/facebook.com\/cielostays","https:\/\/x.com\/cielostays","https:\/\/instagram.com\/cielostays"]}]}},"spectra_custom_meta":{"_edit_lock":["1748657522:4"],"rank_math_seo_score":["10"],"rank_math_internal_links_processed":["1"],"_edit_last":["4"],"hefo_before":["0"],"hefo_after":["0"],"rank_math_analytic_object_id":["530"],"_uag_css_file_name":["uag-css-5152.css"],"_elementor_page_assets":["a:0:{}"]},"uagb_featured_image_src":{"full":false,"thumbnail":false,"medium":false,"medium_large":false,"large":false,"1536x1536":false,"2048x2048":false,"trp-custom-language-flag":false,"gamipress-points":false,"gamipress-achievement":false,"gamipress-rank":false,"woocommerce_thumbnail":false,"woocommerce_single":false,"woocommerce_gallery_thumbnail":false},"uagb_author_info":{"display_name":"Jose Miori","author_link":"https:\/\/cielostays.com\/es\/author\/josemiori\/"},"uagb_comment_info":0,"uagb_excerpt":"Updated:&nbsp;July&nbsp;2023. Generalwww.cielostays.com&nbsp;strives to ensure that its services are accessible to people with disabilities.&nbsp;www.cielostays.com&nbsp;has invested a significant amount of resources to help ensure that its website is made easier to use and more accessible for people with disabilities, with the strong belief that&nbsp;website accessibility&nbsp;efforts assist all users and that every person has the right to live&hellip;","_links":{"self":[{"href":"https:\/\/cielostays.com\/es\/wp-json\/wp\/v2\/pages\/5152","targetHints":{"allow":["GET"]}}],"collection":[{"href":"https:\/\/cielostays.com\/es\/wp-json\/wp\/v2\/pages"}],"about":[{"href":"https:\/\/cielostays.com\/es\/wp-json\/wp\/v2\/types\/page"}],"author":[{"embeddable":true,"href":"https:\/\/cielostays.com\/es\/wp-json\/wp\/v2\/users\/4"}],"replies":[{"embeddable":true,"href":"https:\/\/cielostays.com\/es\/wp-json\/wp\/v2\/comments?post=5152"}],"version-history":[{"count":0,"href":"https:\/\/cielostays.com\/es\/wp-json\/wp\/v2\/pages\/5152\/revisions"}],"wp:attachment":[{"href":"https:\/\/cielostays.com\/es\/wp-json\/wp\/v2\/media?parent=5152"}],"curies":[{"name":"wp","href":"https:\/\/api.w.org\/{rel}","templated":true}]}}