{"id":6351,"date":"2024-04-19T02:22:19","date_gmt":"2024-04-19T06:22:19","guid":{"rendered":"https:\/\/cielostays.com\/?page_id=6351"},"modified":"2025-05-30T22:15:12","modified_gmt":"2025-05-31T02:15:12","slug":"ch-luxus-eigentumswohnungen-studios-am-strand","status":"publish","type":"page","link":"https:\/\/cielostays.com\/de\/ch-luxury-condos-studios-on-the-beach\/","title":{"rendered":"CH Luxus-Eigentumswohnungen und Studios am Strand"},"content":{"rendered":"<p>CH Luxury Condos &amp; Studios On The Beach ist der Name, unter dem wir die Immobilien pr\u00e4sentieren, die wir verwalten am <a href=\"https:\/\/cielostays.com\/de\/2022\/12\/costa-hollywood-resort\/\">Costa Hollywood Strandresort<\/a>. Cielo Stays bietet seit Ende 2017 Ferienwohnungen und Studios an. Im Geb\u00e4ude befindet sich auch ein Hotel. Das Hotel hatte drei verschiedene Betreiber, w\u00e4hrend Cielo Stays seinen treuen G\u00e4sten einen kontinuierlichen Service bot.  <\/p>\n\n\n\n<h2 class=\"wp-block-heading has-medium-font-size\">Ausstattung<\/h2>\n\n\n\n<p>Wir bieten unseren G\u00e4sten von CH Luxury Condos &amp; Studios On The Beach zahlreiche Annehmlichkeiten:<\/p>\n\n\n\n<ol class=\"wp-block-list\">\n<li>Modernes Fitnessstudio<\/li>\n\n\n\n<li>Pool und Bar auf dem Dach<\/li>\n\n\n\n<li>Yoga-Kurse<\/li>\n\n\n\n<li>Sonnenliegen auf dem Dach<\/li>\n\n\n\n<li>Zwei kostenlose Strandst\u00fchle<\/li>\n<\/ol>\n\n\n\n<figure class=\"wp-block-image size-large is-style-rounded\"><img loading=\"lazy\" decoding=\"async\" width=\"1024\" height=\"683\" src=\"https:\/\/cielostays.com\/wp-content\/uploads\/2024\/03\/CH-Bcom-1024x683.webp\" alt=\"CH Luxus-Eigentumswohnungen und Studios am Strand\" class=\"wp-image-6291\" srcset=\"https:\/\/cielostays.com\/wp-content\/uploads\/2024\/03\/CH-Bcom-1024x683.webp 1024w, https:\/\/cielostays.com\/wp-content\/uploads\/2024\/03\/CH-Bcom-600x400.webp 600w, https:\/\/cielostays.com\/wp-content\/uploads\/2024\/03\/CH-Bcom-300x200.webp 300w, https:\/\/cielostays.com\/wp-content\/uploads\/2024\/03\/CH-Bcom-768x512.webp 768w, https:\/\/cielostays.com\/wp-content\/uploads\/2024\/03\/CH-Bcom-1536x1024.webp 1536w, https:\/\/cielostays.com\/wp-content\/uploads\/2024\/03\/CH-Bcom.webp 1920w, https:\/\/cielostays.com\/wp-content\/uploads\/2024\/03\/CH-Bcom-18x12.webp 18w\" sizes=\"auto, (max-width: 1024px) 100vw, 1024px\" \/><\/figure>\n\n\n\n<p>Im Costa Hollywood Beach Resort wird die Reinigung aufgrund von Geb\u00e4udebeschr\u00e4nkungen vom aktuellen Hotelbetreiber durchgef\u00fchrt. Cielo Stays ist der einzige Betreiber des Geb\u00e4udes mit Inspektoren vor Ort. Unser Inspektor \u00fcberwacht die Reinigung in begrenzter Qualit\u00e4t, die der Hotelbetreiber anbietet.  <\/p>\n\n\n\n<p>Unsere Preise im Costa Hollywood Beach Resort beinhalten keine t\u00e4gliche Zimmerreinigung. Sie k\u00f6nnen unser Team kontaktieren, um eine Reinigung w\u00e4hrend Ihres Aufenthalts zu einem erschwinglichen Preis zu vereinbaren.<\/p>\n\n\n\n<p>Bitte kontaktieren Sie unseren <a href=\"tel:+18508124356\">Kundenservicenummer<\/a>oder wenn Sie einen Service ben\u00f6tigen.  <\/p>\n\n\n\n<p>Bitte beachten Sie, dass einige Geb\u00fchren nicht im Preis enthalten sind. Pr\u00fcfen Sie die aktuellen Geb\u00fchren f\u00fcr CH Luxury Condos &amp; Studios On The Beach und das Costa Hollywood Beach Resort. <a href=\"https:\/\/kb.cielostays.com\">hier<\/a><\/p>\n\n\n\n<p>Das Personal an der Rezeption ist vom Hotel und kann Ihnen nicht weiterhelfen.<\/p>\n\n\n\n<p>Buchen Sie direkt und sparen Sie bei Ihrer <a href=\"https:\/\/cielostays.com\/de\/kategorie\/erholungsorte\/costa-hollywood\/\" data-type=\"category\" data-id=\"42\">CH Luxury Condos &amp; Studios On The Beach-Zimmer bei cielostays.com<\/a>. Denn wir verlangen keine Provisionen oder Geb\u00fchren.<\/p>\n\n\n\n<h2 class=\"wp-block-heading\">CH Luxury Condos &amp; Studios Einzelheiten<\/h2>\n\n\n\n<p><strong>Standort:<\/strong> Eingebettet in die malerische K\u00fcste bieten wir ein unvergleichliches Wohnerlebnis am Strand.<\/p>\n\n\n\n<p><strong>Design:<\/strong> Die Eigentumswohnungen und Studios sind sorgf\u00e4ltig in einer Mischung aus moderner Architektur und K\u00fcsten\u00e4sthetik gestaltet und verf\u00fcgen \u00fcber gro\u00dfe Fenster, die einen atemberaubenden Blick auf das Meer bieten.<\/p>\n\n\n\n<p><strong>Ausstattung:<\/strong> Den Bewohnern steht eine Reihe erstklassiger Annehmlichkeiten zur Verf\u00fcgung, darunter Zugang zum Strand, ein Pool auf dem Dach mit Meerblick, ein gut ausgestattetes Fitnesscenter und wundersch\u00f6n angelegte G\u00e4rten.<\/p>\n\n\n\n<p><strong>Innere:<\/strong> Die Innenr\u00e4ume sind mit hochwertigen Materialien und Designer-Oberfl\u00e4chen ausgestattet und schaffen ein Ambiente von Luxus und Komfort. Offene Grundrisse maximieren Platz und nat\u00fcrliches Licht, w\u00e4hrend private Balkone oder Terrassen in den meisten Einheiten ruhige Wohnbereiche im Freien bieten.<\/p>\n\n\n\n<p><strong>Gemeinschaft:<\/strong> CH Luxury Condos &amp; Studios f\u00f6rdern eine lebendige Gemeinschaftsatmosph\u00e4re mit Gemeinschaftsr\u00e4umen wie Lounges, Grillbereichen und Veranstaltungsr\u00e4umen f\u00fcr Zusammenk\u00fcnfte und Unterhaltung.<\/p>\n\n\n\n<p>Das Resort liegt nur wenige Schritte vom Hollywood Broadwalk in Florida entfernt. Es ist eine lebendige und ikonische K\u00fcstenregion, die f\u00fcr ihre entspannte Atmosph\u00e4re, ihre landschaftliche Sch\u00f6nheit und ihre lebhaften Unterhaltungsm\u00f6glichkeiten bekannt ist. Hier ist eine Beschreibung, die Ihnen einen guten Eindruck davon vermittelt, wie es ist: <\/p>\n\n\n\n<h2 class=\"wp-block-heading\">CH Luxury Condos &amp; Studios liegt am Broadwalk<\/h2>\n\n\n\n<figure class=\"wp-block-image size-large\"><img loading=\"lazy\" decoding=\"async\" width=\"1024\" height=\"683\" src=\"https:\/\/cielostays.com\/wp-content\/uploads\/2024\/04\/B27I0929-1024x683.webp\" alt=\"Der Hollywood Broadwalk\" class=\"wp-image-6354\" srcset=\"https:\/\/cielostays.com\/wp-content\/uploads\/2024\/04\/B27I0929-1024x683.webp 1024w, https:\/\/cielostays.com\/wp-content\/uploads\/2024\/04\/B27I0929-scaled-600x400.webp 600w, https:\/\/cielostays.com\/wp-content\/uploads\/2024\/04\/B27I0929-300x200.webp 300w, https:\/\/cielostays.com\/wp-content\/uploads\/2024\/04\/B27I0929-768x512.webp 768w, https:\/\/cielostays.com\/wp-content\/uploads\/2024\/04\/B27I0929-1536x1024.webp 1536w, https:\/\/cielostays.com\/wp-content\/uploads\/2024\/04\/B27I0929-scaled.webp 1920w, https:\/\/cielostays.com\/wp-content\/uploads\/2024\/04\/B27I0929-18x12.webp 18w\" sizes=\"auto, (max-width: 1024px) 100vw, 1024px\" \/><\/figure>\n\n\n\n<p> ist eine malerische, vier Kilometer lange Strandpromenade entlang der Atlantikk\u00fcste.<\/p>\n\n\n\n<p><strong>Landschaftliche Sch\u00f6nheit:<\/strong> Der Broadwalk ist f\u00fcr seine unber\u00fchrten Sandstr\u00e4nde, das klare blaue Wasser und die atemberaubende Aussicht auf das Meer bekannt. Palmen s\u00e4umen den Weg und spenden Schatten und eine tropische Atmosph\u00e4re.<\/p>\n\n\n\n<p><strong>Aktivit\u00e4ten:<\/strong> Das Viertel bietet eine F\u00fclle von Aktivit\u00e4ten f\u00fcr Anwohner und Besucher. Sie k\u00f6nnen gem\u00fctliche Spazierg\u00e4nge oder Radtouren entlang des Broadwalk unternehmen, ein erfrischendes Bad im Meer nehmen oder einfach an den Sandstr\u00e4nden entspannen.<\/p>\n\n\n\n<p><strong>Essen:<\/strong> Eines der Highlights des Hollywood Boulevards ist seine vielf\u00e4ltige kulinarische Szene. Hier finden Sie eine gro\u00dfe Auswahl an Restaurants, Caf\u00e9s und Bars, die alles von frischen Meeresfr\u00fcchten und internationaler K\u00fcche bis hin zu zwanglosen Snacks am Strand und erfrischenden Getr\u00e4nken anbieten.<\/p>\n\n\n\n<p><strong>Unterhaltung:<\/strong> Auf dem Broadwalk wimmelt es von Unterhaltungsm\u00f6glichkeiten. Es finden h\u00e4ufig Live-Musik-Auftritte, Stra\u00dfenk\u00fcnstler und kulturelle Veranstaltungen statt, die eine lebendige und festliche Atmosph\u00e4re schaffen. Sie finden hier auch Gesch\u00e4fte, die Strandbekleidung, Souvenirs und einzigartiges lokales Kunsthandwerk verkaufen.<\/p>\n\n\n\n<p><strong>Familienfreundlich:<\/strong> Die Nachbarschaft ist familienfreundlich und bietet Spielpl\u00e4tze, Picknickbereiche und ausgewiesene Badebereiche, sodass jeder, auch Kinder, eine tolle Zeit am Strand verbringen kann.<\/p>\n\n\n\n<p><strong>Gemeinschaftsereignisse:<\/strong> Das ganze Jahr \u00fcber finden auf dem Hollywood Broadwalk verschiedene Veranstaltungen wie Konzerte, Kunstfestivals und Filmabende am Strand statt, die das Gemeinschaftsgef\u00fchl und die Kameradschaft unter den Einheimischen und Besuchern f\u00f6rdern.<\/p>\n\n\n\n<h2 class=\"wp-block-heading has-medium-font-size\">Hier her kommen:<\/h2>\n\n\n\n<p>Wenn Sie nach Hollywood, Florida, fliegen m\u00f6chten, stehen Ihnen je nach Standort, Budget und bevorzugter Fluggesellschaft einige hervorragende Optionen zur Verf\u00fcgung. Hier sind einige der besten Optionen:<\/p>\n\n\n\n<ol class=\"wp-block-list\">\n<li><strong>Internationaler Flughafen Fort Lauderdale-Hollywood (FLL):<\/strong> Dieser Flughafen ist der n\u00e4chstgelegene Gro\u00dfflughafen zu Hollywood, Florida, und liegt nur eine kurze Autofahrt entfernt. Er bietet eine gro\u00dfe Auswahl an Inlands- und Auslandsfl\u00fcgen und ist daher eine bequeme Wahl f\u00fcr Reisende. Fluggesellschaften wie Southwest, JetBlue, Delta, American Airlines und Spirit Airlines bieten regelm\u00e4\u00dfige Fl\u00fcge von und nach FLL an.<\/li>\n\n\n\n<li><strong>Miami Internationaler Flughafen (MIA):<\/strong> Der Miami International Airport liegt zwar nicht so nah an Hollywood wie FLL, ist aber ein wichtiger Knotenpunkt mit zahlreichen Inlands- und Auslandsfl\u00fcgen. Je nach Verkehr ist er etwa 30 bis 40 Minuten mit dem Auto von Hollywood entfernt. Viele gro\u00dfe Fluggesellschaften, darunter American Airlines, Delta, United und internationale Fluggesellschaften, fliegen MIA an.<\/li>\n\n\n\n<li><strong>Internationaler Flughafen Palm Beach (PBI):<\/strong> Der n\u00f6rdlich von Hollywood gelegene Palm Beach International Airport ist eine weitere Option f\u00fcr Reisende. Er wird von mehreren Fluggesellschaften wie American Airlines, Delta, JetBlue, Southwest und United Airlines angeflogen und bietet Inlandsfl\u00fcge sowie einige internationale Fl\u00fcge an.<\/li>\n<\/ol>\n\n\n\n<p><strong>Kommen Sie mit Larry&#039;s Limo-Abholservice vom Flughafen mit Stil und Komfort an!<\/strong><\/p>\n\n\n\n<p>Suchen Sie nach einem stressfreien und luxuri\u00f6sen Abholerlebnis vom Flughafen? Dann sind Sie bei unserer exklusiven Partnerschaft mit Larry&#039;s Limo genau richtig, das f\u00fcr seine erstklassigen Transportdienste bekannt ist. Kontaktieren Sie unser Team, um Ihre Abholung zu einem exklusiven Preis und mit Meet &amp; Greet im Inneren zu vereinbaren.<\/p>\n\n\n\n<p><strong>Warum sollten Sie sich f\u00fcr Larry&#039;s Limo entscheiden?<\/strong><\/p>\n\n\n\n<ol class=\"wp-block-list\">\n<li><strong>Professionalit\u00e4t:<\/strong> Larry&#039;s Limo verf\u00fcgt \u00fcber ein Team professioneller und erfahrener Chauffeure, f\u00fcr die Ihre Sicherheit, Ihr Komfort und Ihre P\u00fcnktlichkeit an erster Stelle stehen.<\/li>\n\n\n\n<li><strong>Luxuri\u00f6se Flotte:<\/strong> Reisen Sie mit Stil mit Larrys beeindruckender Flotte an Luxusfahrzeugen, darunter schnittige Limousinen, ger\u00e4umige SUVs und elegante Limousinen, die eine komfortable und stilvolle Fahrt garantieren.<\/li>\n\n\n\n<li><strong>Effizienz:<\/strong> Keine langen Wartezeiten in Taxist\u00e4nden oder Verz\u00f6gerungen bei Mitfahrgelegenheiten mehr. Larry&#039;s Limo bietet einen schnellen und effizienten Abholservice vom Flughafen, der auf Ihren Flugplan abgestimmt ist.<\/li>\n\n\n\n<li><strong>Personalisierter Service:<\/strong> Erleben Sie pers\u00f6nliche Aufmerksamkeit und VIP-Behandlung vom Larry&#039;s Limo-Team, das auf Ihre speziellen Vorlieben und Bed\u00fcrfnisse eingeht.<\/li>\n<\/ol>","protected":false},"excerpt":{"rendered":"<p>CH Luxury Condos &amp; Studios On The Beach is the name we use to present the properties we manage at the Costa Hollywood Beach Resort. Cielo Stays operates offer vacation rental condos and studios since late 2017. There is also a hotel on the building. The hotel passed through 3 hotel operators, while Cielo Stays [&hellip;]<\/p>\n","protected":false},"author":4,"featured_media":6291,"parent":0,"menu_order":0,"comment_status":"closed","ping_status":"closed","template":"","meta":{"_uag_custom_page_level_css":"","_swt_meta_header_display":false,"_swt_meta_footer_display":false,"_swt_meta_site_title_display":false,"_swt_meta_sticky_header":false,"_swt_meta_transparent_header":false,"footnotes":""},"class_list":["post-6351","page","type-page","status-publish","has-post-thumbnail","hentry"],"yoast_head":"<!-- This site is optimized with the Yoast SEO Premium plugin v27.3 (Yoast SEO v27.3) - https:\/\/yoast.com\/product\/yoast-seo-premium-wordpress\/ -->\n<title>CH Luxury Condos &amp; Studios On The Beach - Cielo Stays<\/title>\n<meta name=\"description\" content=\"Get into the exclusive world of the Costa Hollywood Beach Resort with Cielo Stays. Our brand name CH Luxury Condos &amp; Studios On The Beach\" \/>\n<meta name=\"robots\" content=\"index, follow, max-snippet:-1, max-image-preview:large, max-video-preview:-1\" \/>\n<link rel=\"canonical\" href=\"https:\/\/cielostays.com\/de\/ch-luxus-eigentumswohnungen-studios-am-strand\/\" \/>\n<meta property=\"og:locale\" content=\"de_DE\" \/>\n<meta property=\"og:type\" content=\"article\" \/>\n<meta property=\"og:title\" content=\"CH Luxury Condos &amp; Studios On The Beach - Cielo Stays\" \/>\n<meta property=\"og:description\" content=\"Get into the exclusive world of the Costa Hollywood Beach Resort with Cielo Stays. Our brand name CH Luxury Condos &amp; Studios On The Beach\" \/>\n<meta property=\"og:url\" content=\"https:\/\/cielostays.com\/de\/ch-luxus-eigentumswohnungen-studios-am-strand\/\" \/>\n<meta property=\"og:site_name\" content=\"Cielo Stays\" \/>\n<meta property=\"article:publisher\" content=\"https:\/\/facebook.com\/cielostays\" \/>\n<meta property=\"article:modified_time\" content=\"2025-05-31T02:15:12+00:00\" \/>\n<meta property=\"og:image\" content=\"https:\/\/cielostays.com\/wp-content\/uploads\/2024\/03\/CH-Bcom.webp\" \/>\n\t<meta property=\"og:image:width\" content=\"1920\" \/>\n\t<meta property=\"og:image:height\" content=\"1280\" \/>\n\t<meta property=\"og:image:type\" content=\"image\/webp\" \/>\n<meta name=\"twitter:card\" content=\"summary_large_image\" \/>\n<meta name=\"twitter:site\" content=\"@cielostays\" \/>\n<meta name=\"twitter:label1\" content=\"Gesch\u00e4tzte Lesezeit\" \/>\n\t<meta name=\"twitter:data1\" content=\"5\u00a0Minuten\" \/>\n<script type=\"application\/ld+json\" class=\"yoast-schema-graph\">{\"@context\":\"https:\\\/\\\/schema.org\",\"@graph\":[{\"@type\":\"WebPage\",\"@id\":\"https:\\\/\\\/cielostays.com\\\/ch-luxury-condos-studios-on-the-beach\\\/\",\"url\":\"https:\\\/\\\/cielostays.com\\\/ch-luxury-condos-studios-on-the-beach\\\/\",\"name\":\"CH Luxury Condos &amp; Studios On The Beach - Cielo Stays\",\"isPartOf\":{\"@id\":\"https:\\\/\\\/cielostays.com\\\/#website\"},\"primaryImageOfPage\":{\"@id\":\"https:\\\/\\\/cielostays.com\\\/ch-luxury-condos-studios-on-the-beach\\\/#primaryimage\"},\"image\":{\"@id\":\"https:\\\/\\\/cielostays.com\\\/ch-luxury-condos-studios-on-the-beach\\\/#primaryimage\"},\"thumbnailUrl\":\"https:\\\/\\\/cielostays.com\\\/wp-content\\\/uploads\\\/2024\\\/03\\\/CH-Bcom.webp\",\"datePublished\":\"2024-04-19T06:22:19+00:00\",\"dateModified\":\"2025-05-31T02:15:12+00:00\",\"description\":\"Get into the exclusive world of the Costa Hollywood Beach Resort with Cielo Stays. Our brand name CH Luxury Condos & Studios On The Beach\",\"inLanguage\":\"de\",\"potentialAction\":[{\"@type\":\"ReadAction\",\"target\":[\"https:\\\/\\\/cielostays.com\\\/ch-luxury-condos-studios-on-the-beach\\\/\"]}]},{\"@type\":\"ImageObject\",\"inLanguage\":\"de\",\"@id\":\"https:\\\/\\\/cielostays.com\\\/ch-luxury-condos-studios-on-the-beach\\\/#primaryimage\",\"url\":\"https:\\\/\\\/cielostays.com\\\/wp-content\\\/uploads\\\/2024\\\/03\\\/CH-Bcom.webp\",\"contentUrl\":\"https:\\\/\\\/cielostays.com\\\/wp-content\\\/uploads\\\/2024\\\/03\\\/CH-Bcom.webp\",\"width\":1920,\"height\":1280,\"caption\":\"CH Luxury Condos & Studios on the beach\"},{\"@type\":\"WebSite\",\"@id\":\"https:\\\/\\\/cielostays.com\\\/#website\",\"url\":\"https:\\\/\\\/cielostays.com\\\/\",\"name\":\"Cielo Stays\",\"description\":\"Your Partner In Paradise\",\"publisher\":{\"@id\":\"https:\\\/\\\/cielostays.com\\\/#organization\"},\"potentialAction\":[{\"@type\":\"SearchAction\",\"target\":{\"@type\":\"EntryPoint\",\"urlTemplate\":\"https:\\\/\\\/cielostays.com\\\/?s={search_term_string}\"},\"query-input\":{\"@type\":\"PropertyValueSpecification\",\"valueRequired\":true,\"valueName\":\"search_term_string\"}}],\"inLanguage\":\"de\"},{\"@type\":\"Organization\",\"@id\":\"https:\\\/\\\/cielostays.com\\\/#organization\",\"name\":\"Cielo Stays\",\"url\":\"https:\\\/\\\/cielostays.com\\\/\",\"logo\":{\"@type\":\"ImageObject\",\"inLanguage\":\"de\",\"@id\":\"https:\\\/\\\/cielostays.com\\\/#\\\/schema\\\/logo\\\/image\\\/\",\"url\":\"https:\\\/\\\/cielostays.com\\\/wp-content\\\/uploads\\\/2022\\\/05\\\/logoForPage-1-1.webp\",\"contentUrl\":\"https:\\\/\\\/cielostays.com\\\/wp-content\\\/uploads\\\/2022\\\/05\\\/logoForPage-1-1.webp\",\"width\":222,\"height\":55,\"caption\":\"Cielo Stays\"},\"image\":{\"@id\":\"https:\\\/\\\/cielostays.com\\\/#\\\/schema\\\/logo\\\/image\\\/\"},\"sameAs\":[\"https:\\\/\\\/facebook.com\\\/cielostays\",\"https:\\\/\\\/x.com\\\/cielostays\",\"https:\\\/\\\/instagram.com\\\/cielostays\"]}]}<\/script>\n<!-- \/ Yoast SEO Premium plugin. -->","yoast_head_json":{"title":"CH Luxus-Eigentumswohnungen und Studios am Strand - Cielo Stays","description":"Tauchen Sie mit Cielo Stays in die exklusive Welt des Costa Hollywood Beach Resort ein. Unser Markenname CH Luxury Condos &amp; Studios On The Beach","robots":{"index":"index","follow":"follow","max-snippet":"max-snippet:-1","max-image-preview":"max-image-preview:large","max-video-preview":"max-video-preview:-1"},"canonical":"https:\/\/cielostays.com\/de\/ch-luxus-eigentumswohnungen-studios-am-strand\/","og_locale":"de_DE","og_type":"article","og_title":"CH Luxury Condos &amp; Studios On The Beach - Cielo Stays","og_description":"Get into the exclusive world of the Costa Hollywood Beach Resort with Cielo Stays. Our brand name CH Luxury Condos & Studios On The Beach","og_url":"https:\/\/cielostays.com\/de\/ch-luxus-eigentumswohnungen-studios-am-strand\/","og_site_name":"Cielo Stays","article_publisher":"https:\/\/facebook.com\/cielostays","article_modified_time":"2025-05-31T02:15:12+00:00","og_image":[{"width":1920,"height":1280,"url":"https:\/\/cielostays.com\/wp-content\/uploads\/2024\/03\/CH-Bcom.webp","type":"image\/webp"}],"twitter_card":"summary_large_image","twitter_site":"@cielostays","twitter_misc":{"Gesch\u00e4tzte Lesezeit":"5\u00a0Minuten"},"schema":{"@context":"https:\/\/schema.org","@graph":[{"@type":"WebPage","@id":"https:\/\/cielostays.com\/ch-luxury-condos-studios-on-the-beach\/","url":"https:\/\/cielostays.com\/ch-luxury-condos-studios-on-the-beach\/","name":"CH Luxus-Eigentumswohnungen und Studios am Strand - Cielo Stays","isPartOf":{"@id":"https:\/\/cielostays.com\/#website"},"primaryImageOfPage":{"@id":"https:\/\/cielostays.com\/ch-luxury-condos-studios-on-the-beach\/#primaryimage"},"image":{"@id":"https:\/\/cielostays.com\/ch-luxury-condos-studios-on-the-beach\/#primaryimage"},"thumbnailUrl":"https:\/\/cielostays.com\/wp-content\/uploads\/2024\/03\/CH-Bcom.webp","datePublished":"2024-04-19T06:22:19+00:00","dateModified":"2025-05-31T02:15:12+00:00","description":"Tauchen Sie mit Cielo Stays in die exklusive Welt des Costa Hollywood Beach Resort ein. Unser Markenname CH Luxury Condos &amp; Studios On The Beach","inLanguage":"de","potentialAction":[{"@type":"ReadAction","target":["https:\/\/cielostays.com\/ch-luxury-condos-studios-on-the-beach\/"]}]},{"@type":"ImageObject","inLanguage":"de","@id":"https:\/\/cielostays.com\/ch-luxury-condos-studios-on-the-beach\/#primaryimage","url":"https:\/\/cielostays.com\/wp-content\/uploads\/2024\/03\/CH-Bcom.webp","contentUrl":"https:\/\/cielostays.com\/wp-content\/uploads\/2024\/03\/CH-Bcom.webp","width":1920,"height":1280,"caption":"CH Luxury Condos & Studios on the beach"},{"@type":"WebSite","@id":"https:\/\/cielostays.com\/#website","url":"https:\/\/cielostays.com\/","name":"Cielo bleibt","description":"Ihr Partner im Paradies","publisher":{"@id":"https:\/\/cielostays.com\/#organization"},"potentialAction":[{"@type":"SearchAction","target":{"@type":"EntryPoint","urlTemplate":"https:\/\/cielostays.com\/?s={search_term_string}"},"query-input":{"@type":"PropertyValueSpecification","valueRequired":true,"valueName":"search_term_string"}}],"inLanguage":"de"},{"@type":"Organization","@id":"https:\/\/cielostays.com\/#organization","name":"Cielo bleibt","url":"https:\/\/cielostays.com\/","logo":{"@type":"ImageObject","inLanguage":"de","@id":"https:\/\/cielostays.com\/#\/schema\/logo\/image\/","url":"https:\/\/cielostays.com\/wp-content\/uploads\/2022\/05\/logoForPage-1-1.webp","contentUrl":"https:\/\/cielostays.com\/wp-content\/uploads\/2022\/05\/logoForPage-1-1.webp","width":222,"height":55,"caption":"Cielo Stays"},"image":{"@id":"https:\/\/cielostays.com\/#\/schema\/logo\/image\/"},"sameAs":["https:\/\/facebook.com\/cielostays","https:\/\/x.com\/cielostays","https:\/\/instagram.com\/cielostays"]}]}},"spectra_custom_meta":{"_edit_lock":["1748657714:4"],"_edit_last":["4"],"hefo_before":["0"],"hefo_after":["0"],"use_as_listing":[""],"_yoast_wpseo_focuskw":["CH Luxury Condos & Studios"],"_yoast_wpseo_metadesc":["Get into the exclusive world of the Costa Hollywood Beach Resort with Cielo Stays. Our brand name CH Luxury Condos & Studios On The Beach"],"_yoast_wpseo_linkdex":["83"],"_yoast_wpseo_content_score":["60"],"_yoast_wpseo_is_cornerstone":["1"],"_yoast_wpseo_estimated-reading-time-minutes":["5"],"_yoast_wpseo_wordproof_timestamp":[""],"_thumbnail_id":["6291"],"rank_math_internal_links_processed":["1"],"_trp_automatically_translated_slug_es_AR":["ch-condominios-de-lujo-estudios-en-la-playa"],"_trp_automatically_translated_slug_fr_CA":["ch-condos-de-luxe-studios-sur-la-plage"],"_trp_automatically_translated_slug_de_DE":["ch-luxus-eigentumswohnungen-studios-am-strand"],"_trp_automatically_translated_slug_nl_NL":["ch-luxe-appartementen-studios-aan-het-strand"],"_yoast_indexnow_last_ping":["1741608182"],"_elementor_page_assets":["a:0:{}"],"um_content_restriction":["a:8:{s:26:\"_um_custom_access_settings\";b:0;s:14:\"_um_accessible\";i:0;s:28:\"_um_access_hide_from_queries\";b:0;s:19:\"_um_noaccess_action\";i:0;s:30:\"_um_restrict_by_custom_message\";i:0;s:27:\"_um_restrict_custom_message\";s:0:\"\";s:19:\"_um_access_redirect\";i:0;s:23:\"_um_access_redirect_url\";s:0:\"\";}"]},"uagb_featured_image_src":{"full":["https:\/\/cielostays.com\/wp-content\/uploads\/2024\/03\/CH-Bcom.webp",1920,1280,false],"thumbnail":["https:\/\/cielostays.com\/wp-content\/uploads\/2024\/03\/CH-Bcom-150x150.webp",150,150,true],"medium":["https:\/\/cielostays.com\/wp-content\/uploads\/2024\/03\/CH-Bcom-300x200.webp",300,200,true],"medium_large":["https:\/\/cielostays.com\/wp-content\/uploads\/2024\/03\/CH-Bcom-768x512.webp",768,512,true],"large":["https:\/\/cielostays.com\/wp-content\/uploads\/2024\/03\/CH-Bcom-1024x683.webp",1024,683,true],"1536x1536":["https:\/\/cielostays.com\/wp-content\/uploads\/2024\/03\/CH-Bcom-1536x1024.webp",1536,1024,true],"2048x2048":["https:\/\/cielostays.com\/wp-content\/uploads\/2024\/03\/CH-Bcom-2048x1365.webp",1920,1280,true],"trp-custom-language-flag":["https:\/\/cielostays.com\/wp-content\/uploads\/2024\/03\/CH-Bcom-18x12.webp",18,12,true],"gamipress-points":["https:\/\/cielostays.com\/wp-content\/uploads\/2024\/03\/CH-Bcom.webp",100,67,false],"gamipress-achievement":["https:\/\/cielostays.com\/wp-content\/uploads\/2024\/03\/CH-Bcom.webp",100,67,false],"gamipress-rank":["https:\/\/cielostays.com\/wp-content\/uploads\/2024\/03\/CH-Bcom.webp",100,67,false],"woocommerce_thumbnail":["https:\/\/cielostays.com\/wp-content\/uploads\/2024\/03\/CH-Bcom-200x200.webp",200,200,true],"woocommerce_single":["https:\/\/cielostays.com\/wp-content\/uploads\/2024\/03\/CH-Bcom-600x400.webp",600,400,true],"woocommerce_gallery_thumbnail":["https:\/\/cielostays.com\/wp-content\/uploads\/2024\/03\/CH-Bcom-100x100.webp",100,100,true]},"uagb_author_info":{"display_name":"Jose Miori","author_link":"https:\/\/cielostays.com\/de\/author\/josemiori\/"},"uagb_comment_info":0,"uagb_excerpt":"CH Luxury Condos &amp; Studios On The Beach is the name we use to present the properties we manage at the Costa Hollywood Beach Resort. Cielo Stays operates offer vacation rental condos and studios since late 2017. There is also a hotel on the building. The hotel passed through 3 hotel operators, while Cielo Stays&hellip;","_links":{"self":[{"href":"https:\/\/cielostays.com\/de\/wp-json\/wp\/v2\/pages\/6351","targetHints":{"allow":["GET"]}}],"collection":[{"href":"https:\/\/cielostays.com\/de\/wp-json\/wp\/v2\/pages"}],"about":[{"href":"https:\/\/cielostays.com\/de\/wp-json\/wp\/v2\/types\/page"}],"author":[{"embeddable":true,"href":"https:\/\/cielostays.com\/de\/wp-json\/wp\/v2\/users\/4"}],"replies":[{"embeddable":true,"href":"https:\/\/cielostays.com\/de\/wp-json\/wp\/v2\/comments?post=6351"}],"version-history":[{"count":3,"href":"https:\/\/cielostays.com\/de\/wp-json\/wp\/v2\/pages\/6351\/revisions"}],"predecessor-version":[{"id":10634,"href":"https:\/\/cielostays.com\/de\/wp-json\/wp\/v2\/pages\/6351\/revisions\/10634"}],"wp:featuredmedia":[{"embeddable":true,"href":"https:\/\/cielostays.com\/de\/wp-json\/wp\/v2\/media\/6291"}],"wp:attachment":[{"href":"https:\/\/cielostays.com\/de\/wp-json\/wp\/v2\/media?parent=6351"}],"curies":[{"name":"wp","href":"https:\/\/api.w.org\/{rel}","templated":true}]}}