{"id":5152,"date":"2023-07-24T07:39:17","date_gmt":"2023-07-24T11:39:17","guid":{"rendered":"https:\/\/cielostays.com\/?page_id=5152"},"modified":"2023-07-24T07:39:18","modified_gmt":"2023-07-24T11:39:18","slug":"zuganglichkeitserklarung","status":"publish","type":"page","link":"https:\/\/cielostays.com\/de\/accessibility-statement\/","title":{"rendered":"Erkl\u00e4rung zur Barrierefreiheit"},"content":{"rendered":"<p class=\"has-text-align-center\">Aktualisiert: Juli 2023.<\/p>\n\n\n\n<p>Allgemein<strong>www.cielostays.com<\/strong>&nbsp;ist bestrebt, sicherzustellen, dass seine Dienstleistungen f\u00fcr Menschen mit Behinderungen zug\u00e4nglich sind.&nbsp;<strong>www.cielostays.com<\/strong>&nbsp;hat eine betr\u00e4chtliche Menge an Ressourcen investiert, um sicherzustellen, dass seine Website f\u00fcr Menschen mit Behinderungen benutzerfreundlicher und zug\u00e4nglicher wird, in der festen \u00dcberzeugung, dass dies der Fall ist&nbsp;<a href=\"https:\/\/userway.org\/\">Barrierefreiheit der Website<\/a>&nbsp;Die Bem\u00fchungen dienen allen Nutzern und sorgen daf\u00fcr, dass jeder Mensch das Recht hat, in W\u00fcrde, Gleichheit, Komfort und Unabh\u00e4ngigkeit zu leben.<\/p>\n\n\n\n<p>Barrierefreiheit auf www.cielostays.com<strong>www.cielostays.com<\/strong>&nbsp;macht UserWay&#039;s&nbsp;<a href=\"https:\/\/userway.org\/\">Barrierefreiheit im Internet<\/a>&nbsp;Widget verf\u00fcgbar, das von einem dedizierten Barrierefreiheitsserver betrieben wird. Die Software erlaubt&nbsp;<strong>www.cielostays.com<\/strong>&nbsp;um die Einhaltung der Web Content Accessibility Guidelines (WCAG 2.1) zu verbessern.<\/p>\n\n\n\n<p>Aktivieren des Barrierefreiheitsmen\u00fcs&nbsp;<strong>www.cielostays.com<\/strong>&nbsp;Sie k\u00f6nnen das Barrierefreiheitsmen\u00fc aktivieren, indem Sie auf das Symbol f\u00fcr das Barrierefreiheitsmen\u00fc klicken, das in der Ecke der Seite angezeigt wird. Nachdem Sie das Barrierefreiheitsmen\u00fc aufgerufen haben, warten Sie bitte einen Moment, bis das Barrierefreiheitsmen\u00fc vollst\u00e4ndig geladen ist.<\/p>\n\n\n\n<p>Haftungsausschluss<strong>www.cielostays.com<\/strong>&nbsp;setzt seine Bem\u00fchungen fort, die Zug\u00e4nglichkeit seiner Website und Dienste st\u00e4ndig zu verbessern, in der \u00dcberzeugung, dass es unsere kollektive moralische Verpflichtung ist, auch Menschen mit Behinderungen eine nahtlose, zug\u00e4ngliche und ungehinderte Nutzung zu erm\u00f6glichen.<\/p>\n\n\n\n<p>Im st\u00e4ndigen Bem\u00fchen, Barrierefreiheitsprobleme kontinuierlich zu verbessern und zu beheben, f\u00fchren wir auch regelm\u00e4\u00dfige Scans durch&nbsp;<strong>www.cielostays.com<\/strong>&nbsp;mit UserWay&#039;s&nbsp;<a href=\"https:\/\/userway.org\/scanner\">Barrierefreiheitsscanner<\/a>&nbsp;um jede m\u00f6gliche Barrierefreiheit auf unserer Website zu identifizieren und zu beheben. Trotz unserer Bem\u00fchungen, alle Seiten und Inhalte auf&nbsp;<strong>www.cielostays.com<\/strong>&nbsp;Vollst\u00e4ndig barrierefrei, einige Inhalte wurden m\u00f6glicherweise noch nicht vollst\u00e4ndig an die strengsten Barrierefreiheitsstandards angepasst. Dies kann darauf zur\u00fcckzuf\u00fchren sein, dass nicht die am besten geeignete technologische L\u00f6sung gefunden oder identifiziert wurde.<\/p>\n\n\n\n<p>Hier f\u00fcr Sie, wenn Sie Probleme mit Inhalten haben&nbsp;<strong>www.cielostays.com<\/strong>&nbsp;oder Hilfe zu irgendeinem Teil unserer Website ben\u00f6tigen, kontaktieren Sie uns bitte w\u00e4hrend der unten aufgef\u00fchrten normalen Gesch\u00e4ftszeiten und wir helfen Ihnen gerne weiter.<\/p>\n\n\n\n<p>Kontaktieren Sie unsWenn Sie ein Problem mit der Barrierefreiheit melden m\u00f6chten, Fragen haben oder Hilfe ben\u00f6tigen, wenden Sie sich bitte an&nbsp;<strong>www.cielostays.com<\/strong>&nbsp;Kundensupport wie folgt:<\/p>\n\n\n\n<p>Email:&nbsp;<a href=\"mailto:hello@wordpress-1101375-3858882.cloudwaysapps.com\">hello@wordpress-1101375-3858882.cloudwaysapps.com<\/a><\/p>","protected":false},"excerpt":{"rendered":"<p>Updated:&nbsp;July&nbsp;2023. Generalwww.cielostays.com&nbsp;strives to ensure that its services are accessible to people with disabilities.&nbsp;www.cielostays.com&nbsp;has invested a significant amount of resources to help ensure that its website is made easier to use and more accessible for people with disabilities, with the strong belief that&nbsp;website accessibility&nbsp;efforts assist all users and that every person has the right to live [&hellip;]<\/p>\n","protected":false},"author":4,"featured_media":0,"parent":0,"menu_order":0,"comment_status":"closed","ping_status":"closed","template":"","meta":{"_uag_custom_page_level_css":"","_swt_meta_header_display":false,"_swt_meta_footer_display":false,"_swt_meta_site_title_display":false,"_swt_meta_sticky_header":false,"_swt_meta_transparent_header":false,"footnotes":""},"class_list":["post-5152","page","type-page","status-publish","hentry"],"yoast_head":"<!-- This site is optimized with the Yoast SEO Premium plugin v27.3 (Yoast SEO v27.3) - https:\/\/yoast.com\/product\/yoast-seo-premium-wordpress\/ -->\n<title>Accessibility Statement - Cielo Stays<\/title>\n<meta name=\"robots\" content=\"index, follow, max-snippet:-1, max-image-preview:large, max-video-preview:-1\" \/>\n<link rel=\"canonical\" href=\"https:\/\/cielostays.com\/de\/zuganglichkeitserklarung\/\" \/>\n<meta property=\"og:locale\" content=\"de_DE\" \/>\n<meta property=\"og:type\" content=\"article\" \/>\n<meta property=\"og:title\" content=\"Accessibility Statement - Cielo Stays\" \/>\n<meta property=\"og:description\" content=\"Updated:&nbsp;July&nbsp;2023. Generalwww.cielostays.com&nbsp;strives to ensure that its services are accessible to people with disabilities.&nbsp;www.cielostays.com&nbsp;has invested a significant amount of resources to help ensure that its website is made easier to use and more accessible for people with disabilities, with the strong belief that&nbsp;website accessibility&nbsp;efforts assist all users and that every person has the right to live [&hellip;]\" \/>\n<meta property=\"og:url\" content=\"https:\/\/cielostays.com\/de\/zuganglichkeitserklarung\/\" \/>\n<meta property=\"og:site_name\" content=\"Cielo Stays\" \/>\n<meta property=\"article:publisher\" content=\"https:\/\/facebook.com\/cielostays\" \/>\n<meta property=\"article:modified_time\" content=\"2023-07-24T11:39:18+00:00\" \/>\n<meta property=\"og:image\" content=\"https:\/\/cielostays.com\/wp-content\/uploads\/2022\/12\/20221212_094649-1.webp\" \/>\n\t<meta property=\"og:image:width\" content=\"1000\" \/>\n\t<meta property=\"og:image:height\" content=\"750\" \/>\n\t<meta property=\"og:image:type\" content=\"image\/webp\" \/>\n<meta name=\"twitter:card\" content=\"summary_large_image\" \/>\n<meta name=\"twitter:site\" content=\"@cielostays\" \/>\n<meta name=\"twitter:label1\" content=\"Gesch\u00e4tzte Lesezeit\" \/>\n\t<meta name=\"twitter:data1\" content=\"2\u00a0Minuten\" \/>\n<script type=\"application\/ld+json\" class=\"yoast-schema-graph\">{\"@context\":\"https:\\\/\\\/schema.org\",\"@graph\":[{\"@type\":\"WebPage\",\"@id\":\"https:\\\/\\\/cielostays.com\\\/accessibility-statement\\\/\",\"url\":\"https:\\\/\\\/cielostays.com\\\/accessibility-statement\\\/\",\"name\":\"Accessibility Statement - Cielo Stays\",\"isPartOf\":{\"@id\":\"https:\\\/\\\/cielostays.com\\\/#website\"},\"datePublished\":\"2023-07-24T11:39:17+00:00\",\"dateModified\":\"2023-07-24T11:39:18+00:00\",\"inLanguage\":\"de\",\"potentialAction\":[{\"@type\":\"ReadAction\",\"target\":[\"https:\\\/\\\/cielostays.com\\\/accessibility-statement\\\/\"]}]},{\"@type\":\"WebSite\",\"@id\":\"https:\\\/\\\/cielostays.com\\\/#website\",\"url\":\"https:\\\/\\\/cielostays.com\\\/\",\"name\":\"Cielo Stays\",\"description\":\"Your Partner In Paradise\",\"publisher\":{\"@id\":\"https:\\\/\\\/cielostays.com\\\/#organization\"},\"potentialAction\":[{\"@type\":\"SearchAction\",\"target\":{\"@type\":\"EntryPoint\",\"urlTemplate\":\"https:\\\/\\\/cielostays.com\\\/?s={search_term_string}\"},\"query-input\":{\"@type\":\"PropertyValueSpecification\",\"valueRequired\":true,\"valueName\":\"search_term_string\"}}],\"inLanguage\":\"de\"},{\"@type\":\"Organization\",\"@id\":\"https:\\\/\\\/cielostays.com\\\/#organization\",\"name\":\"Cielo Stays\",\"url\":\"https:\\\/\\\/cielostays.com\\\/\",\"logo\":{\"@type\":\"ImageObject\",\"inLanguage\":\"de\",\"@id\":\"https:\\\/\\\/cielostays.com\\\/#\\\/schema\\\/logo\\\/image\\\/\",\"url\":\"https:\\\/\\\/cielostays.com\\\/wp-content\\\/uploads\\\/2022\\\/05\\\/logoForPage-1-1.webp\",\"contentUrl\":\"https:\\\/\\\/cielostays.com\\\/wp-content\\\/uploads\\\/2022\\\/05\\\/logoForPage-1-1.webp\",\"width\":222,\"height\":55,\"caption\":\"Cielo Stays\"},\"image\":{\"@id\":\"https:\\\/\\\/cielostays.com\\\/#\\\/schema\\\/logo\\\/image\\\/\"},\"sameAs\":[\"https:\\\/\\\/facebook.com\\\/cielostays\",\"https:\\\/\\\/x.com\\\/cielostays\",\"https:\\\/\\\/instagram.com\\\/cielostays\"]}]}<\/script>\n<!-- \/ Yoast SEO Premium plugin. -->","yoast_head_json":{"title":"Erkl\u00e4rung zur Zug\u00e4nglichkeit - Cielo Stays","robots":{"index":"index","follow":"follow","max-snippet":"max-snippet:-1","max-image-preview":"max-image-preview:large","max-video-preview":"max-video-preview:-1"},"canonical":"https:\/\/cielostays.com\/de\/zuganglichkeitserklarung\/","og_locale":"de_DE","og_type":"article","og_title":"Accessibility Statement - Cielo Stays","og_description":"Updated:&nbsp;July&nbsp;2023. Generalwww.cielostays.com&nbsp;strives to ensure that its services are accessible to people with disabilities.&nbsp;www.cielostays.com&nbsp;has invested a significant amount of resources to help ensure that its website is made easier to use and more accessible for people with disabilities, with the strong belief that&nbsp;website accessibility&nbsp;efforts assist all users and that every person has the right to live [&hellip;]","og_url":"https:\/\/cielostays.com\/de\/zuganglichkeitserklarung\/","og_site_name":"Cielo Stays","article_publisher":"https:\/\/facebook.com\/cielostays","article_modified_time":"2023-07-24T11:39:18+00:00","og_image":[{"width":1000,"height":750,"url":"https:\/\/cielostays.com\/wp-content\/uploads\/2022\/12\/20221212_094649-1.webp","type":"image\/webp"}],"twitter_card":"summary_large_image","twitter_site":"@cielostays","twitter_misc":{"Gesch\u00e4tzte Lesezeit":"2\u00a0Minuten"},"schema":{"@context":"https:\/\/schema.org","@graph":[{"@type":"WebPage","@id":"https:\/\/cielostays.com\/accessibility-statement\/","url":"https:\/\/cielostays.com\/accessibility-statement\/","name":"Erkl\u00e4rung zur Zug\u00e4nglichkeit - Cielo Stays","isPartOf":{"@id":"https:\/\/cielostays.com\/#website"},"datePublished":"2023-07-24T11:39:17+00:00","dateModified":"2023-07-24T11:39:18+00:00","inLanguage":"de","potentialAction":[{"@type":"ReadAction","target":["https:\/\/cielostays.com\/accessibility-statement\/"]}]},{"@type":"WebSite","@id":"https:\/\/cielostays.com\/#website","url":"https:\/\/cielostays.com\/","name":"Cielo bleibt","description":"Ihr Partner im Paradies","publisher":{"@id":"https:\/\/cielostays.com\/#organization"},"potentialAction":[{"@type":"SearchAction","target":{"@type":"EntryPoint","urlTemplate":"https:\/\/cielostays.com\/?s={search_term_string}"},"query-input":{"@type":"PropertyValueSpecification","valueRequired":true,"valueName":"search_term_string"}}],"inLanguage":"de"},{"@type":"Organization","@id":"https:\/\/cielostays.com\/#organization","name":"Cielo bleibt","url":"https:\/\/cielostays.com\/","logo":{"@type":"ImageObject","inLanguage":"de","@id":"https:\/\/cielostays.com\/#\/schema\/logo\/image\/","url":"https:\/\/cielostays.com\/wp-content\/uploads\/2022\/05\/logoForPage-1-1.webp","contentUrl":"https:\/\/cielostays.com\/wp-content\/uploads\/2022\/05\/logoForPage-1-1.webp","width":222,"height":55,"caption":"Cielo Stays"},"image":{"@id":"https:\/\/cielostays.com\/#\/schema\/logo\/image\/"},"sameAs":["https:\/\/facebook.com\/cielostays","https:\/\/x.com\/cielostays","https:\/\/instagram.com\/cielostays"]}]}},"spectra_custom_meta":{"_edit_lock":["1748657522:4"],"rank_math_seo_score":["10"],"rank_math_internal_links_processed":["1"],"_edit_last":["4"],"hefo_before":["0"],"hefo_after":["0"],"rank_math_analytic_object_id":["530"],"_uag_css_file_name":["uag-css-5152.css"],"_elementor_page_assets":["a:0:{}"]},"uagb_featured_image_src":{"full":false,"thumbnail":false,"medium":false,"medium_large":false,"large":false,"1536x1536":false,"2048x2048":false,"trp-custom-language-flag":false,"gamipress-points":false,"gamipress-achievement":false,"gamipress-rank":false,"woocommerce_thumbnail":false,"woocommerce_single":false,"woocommerce_gallery_thumbnail":false},"uagb_author_info":{"display_name":"Jose Miori","author_link":"https:\/\/cielostays.com\/de\/author\/josemiori\/"},"uagb_comment_info":0,"uagb_excerpt":"Updated:&nbsp;July&nbsp;2023. Generalwww.cielostays.com&nbsp;strives to ensure that its services are accessible to people with disabilities.&nbsp;www.cielostays.com&nbsp;has invested a significant amount of resources to help ensure that its website is made easier to use and more accessible for people with disabilities, with the strong belief that&nbsp;website accessibility&nbsp;efforts assist all users and that every person has the right to live&hellip;","_links":{"self":[{"href":"https:\/\/cielostays.com\/de\/wp-json\/wp\/v2\/pages\/5152","targetHints":{"allow":["GET"]}}],"collection":[{"href":"https:\/\/cielostays.com\/de\/wp-json\/wp\/v2\/pages"}],"about":[{"href":"https:\/\/cielostays.com\/de\/wp-json\/wp\/v2\/types\/page"}],"author":[{"embeddable":true,"href":"https:\/\/cielostays.com\/de\/wp-json\/wp\/v2\/users\/4"}],"replies":[{"embeddable":true,"href":"https:\/\/cielostays.com\/de\/wp-json\/wp\/v2\/comments?post=5152"}],"version-history":[{"count":0,"href":"https:\/\/cielostays.com\/de\/wp-json\/wp\/v2\/pages\/5152\/revisions"}],"wp:attachment":[{"href":"https:\/\/cielostays.com\/de\/wp-json\/wp\/v2\/media?parent=5152"}],"curies":[{"name":"wp","href":"https:\/\/api.w.org\/{rel}","templated":true}]}}